{"id":9,"date":"2023-12-10T23:04:22","date_gmt":"2023-12-10T23:04:22","guid":{"rendered":"https:\/\/crazytimecasino.in\/?page_id=9"},"modified":"2023-12-27T11:24:44","modified_gmt":"2023-12-27T11:24:44","slug":"strategies","status":"publish","type":"page","link":"https:\/\/crazytimecasino.in\/tr\/strategies\/","title":{"rendered":"Crazy Time Stratejilerini Uzmanla\u015fmak: Zafer \u0130htimallerinizi Art\u0131r\u0131n"},"content":{"rendered":"<h2>Crazy Time&#8217;da Etkili Stratejiler ve Taktiklerle Nas\u0131l Kazan\u0131l\u0131r?<\/h2>\n<p>Crazy Time&#8217;in heyecan dolu oyununda ba\u015far\u0131 elde etmenize yard\u0131mc\u0131 olacak stratejileri ve taktikleri ke\u015ffedin. \u00c7evrimi\u00e7i casinolarda Crazy Time sadece e\u011flence de\u011fil, burada ger\u00e7ek para da s\u00f6z konusu. Etkili bir oyun, belirli stratejileri takip etmeyi i\u00e7erir.<\/p>\n<p>Unutulmamal\u0131d\u0131r ki Crazy Time&#8217;da yanl\u0131\u015f bahisler nedeniyle fon kaybetme riski her zaman vard\u0131r. Bu, oyuncular\u0131n yanl\u0131\u015f sekt\u00f6rleri se\u00e7tiklerinde meydana gelir. Baz\u0131 durumlarda, b\u00fcy\u00fck bahisler yapma cazibesi artar ve risk alarak Crazy Time sekt\u00f6r\u00fcne odaklanabilirsiniz. Bu anlarda kay\u0131plar ka\u00e7\u0131n\u0131lmazd\u0131r. Amac\u0131m\u0131z, duygusal ve finansal sorunlardan ka\u00e7\u0131nman\u0131za yard\u0131mc\u0131 olacak, Crazy Time&#8217;da istikrarl\u0131 bir gelir sa\u011flayacak stratejileri ve taktikleri sunmakt\u0131r.<\/p>\n<p>Peki, nas\u0131l kazan\u0131rs\u0131n\u0131z? \u00c7evrimi\u00e7i slot Crazy Time&#8217;da ger\u00e7ek kazan\u00e7lar nas\u0131l elde edilir? Birka\u00e7 yakla\u015f\u0131m\u0131m\u0131z var ve tercih size ait.<\/p>\n<p>Sizi hat\u0131rlatal\u0131m ki \u00e7evrimi\u00e7i casinoda Crazy Time&#8217;da birden fazla alana bahis yapmak avantajl\u0131d\u0131r. Bu, riskleri azalt\u0131r ve potansiyel kazan\u00e7lar\u0131 maksimize eder.<\/p>\n<h2>Crazy Time&#8217;da &#8220;Dikkat &#8211; Ba\u015far\u0131ya Giden Yol&#8221; Stratejisi<\/h2>\n<p>Bu, sakin bir yakla\u015f\u0131m\u0131 tercih edenler i\u00e7in m\u00fckemmel olan ilk strateji se\u00e7ene\u011fidir. Temel hedef, kazanc\u0131n\u0131z\u0131 ad\u0131m ad\u0131m art\u0131rmakt\u0131r. An\u0131nda zengin olmayabilirsiniz, ancak yat\u0131r\u0131m\u0131n\u0131z\u0131 istikrarl\u0131 bir \u015fekilde art\u0131rabilirsiniz.<\/p>\n<p>Temel sekt\u00f6rler x1, x2 ve x5&#8217;e d\u00fc\u015fme olas\u0131l\u0131klar\u0131n\u0131 art\u0131rmak, \u00e7\u00fcnk\u00fc bunlar\u0131n toplam olas\u0131l\u0131\u011f\u0131 %75&#8217;i a\u015fmaktad\u0131r. Bu, minimum bahisinizi iki veya \u00fc\u00e7 oyunda geri kazanma \u015fans\u0131n\u0131z oldu\u011fu anlam\u0131na gelir.<\/p>\n<p>Ard\u0131ndan, tahta \u00fczerinde bir sekt\u00f6r \u00e7arpan\u0131 belirir. Bu \u00e7arpan sayesinde oyun bakiyenizi \u00f6nemli \u00f6l\u00e7\u00fcde art\u0131rabilecek \u00f6nemli bir miktar kazanabilirsiniz. \u00d6rne\u011fin, x2 sekt\u00f6r\u00fcne 200 dolarl\u0131k bir bahis yapmak, sekt\u00f6r \u00e7arpan\u0131 ile x7&#8217;ye \u00e7\u0131karak bahsinize x14 ekler.<\/p>\n<p>Bu, \u00f6zellikle x2 bahsinin oyun bakiyenizi \u00f6nemli \u00f6l\u00e7\u00fcde iyile\u015ftirebilece\u011fi Crazy Time&#8217;daki bahisler i\u00e7in m\u00fckemmel bir sonu\u00e7tur, zaman ve dikkat gerektiren bu strateji, minimum riskle Crazy Time oyunundan maksimum keyif alman\u0131z\u0131 sa\u011flar.<\/p>\n<h2>Crazy Time&#8217;da &#8220;Risk Maliyeti Hakl\u0131 \u00c7\u0131kar&#8221; Stratejisi<\/h2>\n<p>Bu stratejinin amac\u0131 m\u00fcmk\u00fcn olan en fazla alanda kazan\u00e7 elde etmektir.<\/p>\n<p>Hepsine ayn\u0131 anda minimum bahislerle ba\u015flay\u0131n. Bu stratejiyi \u00e7evrimi\u00e7i casinoda kullanacak kadar b\u00fcy\u00fck bir bakiyeniz oldu\u011fundan emin olun. K\u00fc\u00e7\u00fck kazan\u00e7lar potansiyel \u00f6nemli kay\u0131plar\u0131 dengeleyecektir. Bu strateji, bonus oyunlar\u0131n\u0131 tetikleme \u015fans\u0131n\u0131 art\u0131rmay\u0131 ama\u00e7lar, \u00e7\u00fcnk\u00fc bonus seviyeleri yat\u0131r\u0131mlar\u0131n tamam\u0131n\u0131 kar\u015f\u0131layabilen x25000&#8217;e kadar \u00e7arpanlar biriktirebilir. D\u00fcr\u00fcst olmak gerekirse, bu, \u00f6ncekine g\u00f6re daha riskli bir stratejidir, ancak potansiyel kazan\u00e7lar \u00f6nemli \u00f6l\u00e7\u00fcde daha y\u00fcksektir.<\/p>\n<h2>Crazy Time&#8217;da &#8220;Cesur \u015eans\u0131 Yan\u0131nda Getirir&#8221; Stratejisi<\/h2>\n<p>Crazy Time&#8217;da kazanmak \u00fc\u00e7\u00fcnc\u00fc ba\u015far\u0131l\u0131 y\u00f6ntemdir. \u00c7evrimi\u00e7i Crazy Time d\u00fcnyas\u0131na dald\u0131\u011f\u0131n\u0131zda risk almal\u0131 ve \u015fans\u0131n sizden yana olmas\u0131n\u0131 ummal\u0131s\u0131n\u0131z. Bakiyenize g\u00fcveniyorsan\u0131z ve risk almaktan korkmuyorsan\u0131z, bu se\u00e7enek size uygundur.<\/p>\n<p>Bonus oyunlara b\u00fcy\u00fck miktarda bahis yap\u0131n ve b\u00fcy\u00fck miktarlarla oynamadan \u00f6nce k\u00fc\u00e7\u00fck bahislere harcama yapmay\u0131n. Bahsinizi birka\u00e7 kez art\u0131r\u0131n. S\u00fcrekli olarak favori Crazy Time sekt\u00f6r\u00fcne yakla\u015f\u0131n.<\/p>\n<p>Crazy Time sekt\u00f6r \u00e7ekili\u015finde, kendi sezgilerinize dayanarak kazanma \u015fans\u0131n\u0131z\u0131 art\u0131rma f\u0131rsat\u0131n\u0131z bulunmaktad\u0131r.<\/p>\n","protected":false},"excerpt":{"rendered":"<p>Crazy Time&#8217;da Etkili Stratejiler ve Taktiklerle Nas\u0131l Kazan\u0131l\u0131r? Crazy Time&#8217;in heyecan dolu oyununda ba\u015far\u0131 elde etmenize yard\u0131mc\u0131 olacak stratejileri ve taktikleri ke\u015ffedin. \u00c7evrimi\u00e7i casinolarda Crazy Time sadece e\u011flence de\u011fil, burada ger\u00e7ek para da s\u00f6z konusu. Etkili bir oyun, belirli stratejileri takip etmeyi i\u00e7erir. Unutulmamal\u0131d\u0131r ki Crazy Time&#8217;da yanl\u0131\u015f bahisler nedeniyle fon kaybetme riski her zaman [&hellip;]<\/p>\n","protected":false},"author":1,"featured_media":0,"parent":0,"menu_order":0,"comment_status":"closed","ping_status":"closed","template":"","meta":{"footnotes":""},"class_list":["post-9","page","type-page","status-publish","hentry"],"yoast_head":"<!-- This site is optimized with the Yoast SEO plugin v27.2 - https:\/\/yoast.com\/product\/yoast-seo-wordpress\/ -->\n<title>\u0422\u0430\u0458\u043d\u0435 \u0443\u0441\u043f\u0435\u0445\u0430: \u0415\u0444\u0438\u043a\u0430\u0441\u043d\u0435 \u0441\u0442\u0440\u0430\u0442\u0435\u0433\u0438\u0458\u0435 \u0437\u0430 \u0438\u0433\u0440\u0430\u045a\u0435 Crazy Time<\/title>\n<meta name=\"description\" content=\"Crazy Time \u015fans oyununda zaferin inceliklerini \u00f6\u011frenin. \u015eans\u0131n\u0131z\u0131 art\u0131r\u0131n ve \u00f6nemli kazan\u00e7lar\u0131n tad\u0131n\u0131 \u00e7\u0131kar\u0131n.\" \/>\n<meta name=\"robots\" content=\"index, follow, max-snippet:-1, max-image-preview:large, max-video-preview:-1\" \/>\n<link rel=\"canonical\" href=\"https:\/\/crazytimecasino.in\/tr\/strategies\/\" \/>\n<meta property=\"og:locale\" content=\"tr_TR\" \/>\n<meta property=\"og:locale:alternate\" content=\"en_US\" \/>\n<meta property=\"og:locale:alternate\" content=\"ru_RU\" \/>\n<meta property=\"og:locale:alternate\" content=\"pt_PT\" \/>\n<meta property=\"og:locale:alternate\" content=\"es_ES\" \/>\n<meta property=\"og:locale:alternate\" content=\"ro_RO\" \/>\n<meta property=\"og:locale:alternate\" content=\"sr_RS\" \/>\n<meta property=\"og:locale:alternate\" content=\"bg_BG\" \/>\n<meta property=\"og:locale:alternate\" content=\"hu_HU\" \/>\n<meta property=\"og:locale:alternate\" content=\"pl_PL\" \/>\n<meta property=\"og:locale:alternate\" content=\"el\" \/>\n<meta property=\"og:type\" content=\"article\" \/>\n<meta property=\"og:title\" content=\"\u0422\u0430\u0458\u043d\u0435 \u0443\u0441\u043f\u0435\u0445\u0430: \u0415\u0444\u0438\u043a\u0430\u0441\u043d\u0435 \u0441\u0442\u0440\u0430\u0442\u0435\u0433\u0438\u0458\u0435 \u0437\u0430 \u0438\u0433\u0440\u0430\u045a\u0435 Crazy Time\" \/>\n<meta property=\"og:description\" content=\"\u041e\u0432\u043b\u0430\u0434\u0430\u0458\u0442\u0435 \u0442\u0430\u0458\u043d\u0430\u043c\u0430 \u0441\u0442\u0440\u0430\u0442\u0435\u0433\u0438\u0458\u0430 \u0437\u0430 \u043f\u043e\u0431\u0435\u0434\u0443 \u0443 \u0430\u0437\u0430\u0440\u0442\u043d\u043e\u0458 \u0438\u0433\u0440\u0438, Crazy Time. \u041f\u043e\u0432\u0435\u045b\u0430\u0458\u0442\u0435 \u0441\u0432\u043e\u0458\u0435 \u0448\u0430\u043d\u0441\u0435 \u0438 \u0443\u0436\u0438\u0432\u0430\u0458\u0442\u0435 \u0443 \u0437\u043d\u0430\u0447\u0430\u0458\u043d\u0438\u043c \u0434\u043e\u0431\u0438\u0442\u0446\u0438\u043c\u0430.\" \/>\n<meta property=\"og:url\" content=\"https:\/\/crazytimecasino.in\/tr\/strategies\/\" \/>\n<meta property=\"og:site_name\" content=\"Crazy Time\" \/>\n<meta property=\"article:modified_time\" content=\"2023-12-27T11:24:44+00:00\" \/>\n<meta name=\"twitter:card\" content=\"summary_large_image\" \/>\n<meta name=\"twitter:label1\" content=\"Tahmini okuma s\u00fcresi\" \/>\n\t<meta name=\"twitter:data1\" content=\"24 dakika\" \/>\n<script type=\"application\/ld+json\" class=\"yoast-schema-graph\">{\"@context\":\"https:\/\/schema.org\",\"@graph\":[{\"@type\":\"WebPage\",\"@id\":\"https:\/\/crazytimecasino.in\/sr\/strategies\/\",\"url\":\"https:\/\/crazytimecasino.in\/sr\/strategies\/\",\"name\":\"\u0422\u0430\u0458\u043d\u0435 \u0443\u0441\u043f\u0435\u0445\u0430: \u0415\u0444\u0438\u043a\u0430\u0441\u043d\u0435 \u0441\u0442\u0440\u0430\u0442\u0435\u0433\u0438\u0458\u0435 \u0437\u0430 \u0438\u0433\u0440\u0430\u045a\u0435 Crazy Time\",\"isPartOf\":{\"@id\":\"https:\/\/crazytimecasino.in\/#website\"},\"datePublished\":\"2023-12-10T23:04:22+00:00\",\"dateModified\":\"2023-12-27T11:24:44+00:00\",\"description\":\"\u041e\u0432\u043b\u0430\u0434\u0430\u0458\u0442\u0435 \u0442\u0430\u0458\u043d\u0430\u043c\u0430 \u0441\u0442\u0440\u0430\u0442\u0435\u0433\u0438\u0458\u0430 \u0437\u0430 \u043f\u043e\u0431\u0435\u0434\u0443 \u0443 \u0430\u0437\u0430\u0440\u0442\u043d\u043e\u0458 \u0438\u0433\u0440\u0438, Crazy Time. \u041f\u043e\u0432\u0435\u045b\u0430\u0458\u0442\u0435 \u0441\u0432\u043e\u0458\u0435 \u0448\u0430\u043d\u0441\u0435 \u0438 \u0443\u0436\u0438\u0432\u0430\u0458\u0442\u0435 \u0443 \u0437\u043d\u0430\u0447\u0430\u0458\u043d\u0438\u043c \u0434\u043e\u0431\u0438\u0442\u0446\u0438\u043c\u0430.\",\"breadcrumb\":{\"@id\":\"https:\/\/crazytimecasino.in\/sr\/strategies\/#breadcrumb\"},\"inLanguage\":\"tr-TR\",\"potentialAction\":[{\"@type\":\"ReadAction\",\"target\":[\"https:\/\/crazytimecasino.in\/sr\/strategies\/\"]}]},{\"@type\":\"BreadcrumbList\",\"@id\":\"https:\/\/crazytimecasino.in\/sr\/strategies\/#breadcrumb\",\"itemListElement\":[{\"@type\":\"ListItem\",\"position\":1,\"name\":\"Home\",\"item\":\"https:\/\/crazytimecasino.in\/\"},{\"@type\":\"ListItem\",\"position\":2,\"name\":\"\u0423\u043f\u0440\u0430\u0432\u0459\u0430\u045a\u0435 \u0441\u0442\u0440\u0430\u0442\u0435\u0433\u0438\u0458\u0430\u043c\u0430 \u0443 Crazy Time: \u041f\u043e\u0432\u0435\u045b\u0430\u0458\u0442\u0435 \u0448\u0430\u043d\u0441\u0435 \u0437\u0430 \u043f\u043e\u0431\u0435\u0434\u0443\"}]},{\"@type\":\"WebSite\",\"@id\":\"https:\/\/crazytimecasino.in\/#website\",\"url\":\"https:\/\/crazytimecasino.in\/\",\"name\":\"Crazy Time\",\"description\":\"\",\"publisher\":{\"@id\":\"https:\/\/crazytimecasino.in\/#organization\"},\"potentialAction\":[{\"@type\":\"SearchAction\",\"target\":{\"@type\":\"EntryPoint\",\"urlTemplate\":\"https:\/\/crazytimecasino.in\/?s={search_term_string}\"},\"query-input\":{\"@type\":\"PropertyValueSpecification\",\"valueRequired\":true,\"valueName\":\"search_term_string\"}}],\"inLanguage\":\"tr-TR\"},{\"@type\":\"Organization\",\"@id\":\"https:\/\/crazytimecasino.in\/#organization\",\"name\":\"Crazy Time\",\"url\":\"https:\/\/crazytimecasino.in\/\",\"logo\":{\"@type\":\"ImageObject\",\"inLanguage\":\"tr-TR\",\"@id\":\"https:\/\/crazytimecasino.in\/#\/schema\/logo\/image\/\",\"url\":\"https:\/\/crazytimecasino.in\/wp-content\/uploads\/cropped-crazy-time-logo.webp\",\"contentUrl\":\"https:\/\/crazytimecasino.in\/wp-content\/uploads\/cropped-crazy-time-logo.webp\",\"width\":114,\"height\":88,\"caption\":\"Crazy Time\"},\"image\":{\"@id\":\"https:\/\/crazytimecasino.in\/#\/schema\/logo\/image\/\"}}]}<\/script>\n<!-- \/ Yoast SEO plugin. -->","yoast_head_json":{"title":"\u0422\u0430\u0458\u043d\u0435 \u0443\u0441\u043f\u0435\u0445\u0430: \u0415\u0444\u0438\u043a\u0430\u0441\u043d\u0435 \u0441\u0442\u0440\u0430\u0442\u0435\u0433\u0438\u0458\u0435 \u0437\u0430 \u0438\u0433\u0440\u0430\u045a\u0435 Crazy Time","description":"Crazy Time \u015fans oyununda zaferin inceliklerini \u00f6\u011frenin. \u015eans\u0131n\u0131z\u0131 art\u0131r\u0131n ve \u00f6nemli kazan\u00e7lar\u0131n tad\u0131n\u0131 \u00e7\u0131kar\u0131n.","robots":{"index":"index","follow":"follow","max-snippet":"max-snippet:-1","max-image-preview":"max-image-preview:large","max-video-preview":"max-video-preview:-1"},"canonical":"https:\/\/crazytimecasino.in\/tr\/strategies\/","og_locale":"tr_TR","og_type":"article","og_title":"\u0422\u0430\u0458\u043d\u0435 \u0443\u0441\u043f\u0435\u0445\u0430: \u0415\u0444\u0438\u043a\u0430\u0441\u043d\u0435 \u0441\u0442\u0440\u0430\u0442\u0435\u0433\u0438\u0458\u0435 \u0437\u0430 \u0438\u0433\u0440\u0430\u045a\u0435 Crazy Time","og_description":"\u041e\u0432\u043b\u0430\u0434\u0430\u0458\u0442\u0435 \u0442\u0430\u0458\u043d\u0430\u043c\u0430 \u0441\u0442\u0440\u0430\u0442\u0435\u0433\u0438\u0458\u0430 \u0437\u0430 \u043f\u043e\u0431\u0435\u0434\u0443 \u0443 \u0430\u0437\u0430\u0440\u0442\u043d\u043e\u0458 \u0438\u0433\u0440\u0438, Crazy Time. \u041f\u043e\u0432\u0435\u045b\u0430\u0458\u0442\u0435 \u0441\u0432\u043e\u0458\u0435 \u0448\u0430\u043d\u0441\u0435 \u0438 \u0443\u0436\u0438\u0432\u0430\u0458\u0442\u0435 \u0443 \u0437\u043d\u0430\u0447\u0430\u0458\u043d\u0438\u043c \u0434\u043e\u0431\u0438\u0442\u0446\u0438\u043c\u0430.","og_url":"https:\/\/crazytimecasino.in\/tr\/strategies\/","og_site_name":"Crazy Time","article_modified_time":"2023-12-27T11:24:44+00:00","twitter_card":"summary_large_image","twitter_misc":{"Tahmini okuma s\u00fcresi":"24 dakika"},"schema":{"@context":"https:\/\/schema.org","@graph":[{"@type":"WebPage","@id":"https:\/\/crazytimecasino.in\/sr\/strategies\/","url":"https:\/\/crazytimecasino.in\/sr\/strategies\/","name":"\u0422\u0430\u0458\u043d\u0435 \u0443\u0441\u043f\u0435\u0445\u0430: \u0415\u0444\u0438\u043a\u0430\u0441\u043d\u0435 \u0441\u0442\u0440\u0430\u0442\u0435\u0433\u0438\u0458\u0435 \u0437\u0430 \u0438\u0433\u0440\u0430\u045a\u0435 Crazy Time","isPartOf":{"@id":"https:\/\/crazytimecasino.in\/#website"},"datePublished":"2023-12-10T23:04:22+00:00","dateModified":"2023-12-27T11:24:44+00:00","description":"\u041e\u0432\u043b\u0430\u0434\u0430\u0458\u0442\u0435 \u0442\u0430\u0458\u043d\u0430\u043c\u0430 \u0441\u0442\u0440\u0430\u0442\u0435\u0433\u0438\u0458\u0430 \u0437\u0430 \u043f\u043e\u0431\u0435\u0434\u0443 \u0443 \u0430\u0437\u0430\u0440\u0442\u043d\u043e\u0458 \u0438\u0433\u0440\u0438, Crazy Time. \u041f\u043e\u0432\u0435\u045b\u0430\u0458\u0442\u0435 \u0441\u0432\u043e\u0458\u0435 \u0448\u0430\u043d\u0441\u0435 \u0438 \u0443\u0436\u0438\u0432\u0430\u0458\u0442\u0435 \u0443 \u0437\u043d\u0430\u0447\u0430\u0458\u043d\u0438\u043c \u0434\u043e\u0431\u0438\u0442\u0446\u0438\u043c\u0430.","breadcrumb":{"@id":"https:\/\/crazytimecasino.in\/sr\/strategies\/#breadcrumb"},"inLanguage":"tr-TR","potentialAction":[{"@type":"ReadAction","target":["https:\/\/crazytimecasino.in\/sr\/strategies\/"]}]},{"@type":"BreadcrumbList","@id":"https:\/\/crazytimecasino.in\/sr\/strategies\/#breadcrumb","itemListElement":[{"@type":"ListItem","position":1,"name":"Home","item":"https:\/\/crazytimecasino.in\/"},{"@type":"ListItem","position":2,"name":"\u0423\u043f\u0440\u0430\u0432\u0459\u0430\u045a\u0435 \u0441\u0442\u0440\u0430\u0442\u0435\u0433\u0438\u0458\u0430\u043c\u0430 \u0443 Crazy Time: \u041f\u043e\u0432\u0435\u045b\u0430\u0458\u0442\u0435 \u0448\u0430\u043d\u0441\u0435 \u0437\u0430 \u043f\u043e\u0431\u0435\u0434\u0443"}]},{"@type":"WebSite","@id":"https:\/\/crazytimecasino.in\/#website","url":"https:\/\/crazytimecasino.in\/","name":"Crazy Time","description":"","publisher":{"@id":"https:\/\/crazytimecasino.in\/#organization"},"potentialAction":[{"@type":"SearchAction","target":{"@type":"EntryPoint","urlTemplate":"https:\/\/crazytimecasino.in\/?s={search_term_string}"},"query-input":{"@type":"PropertyValueSpecification","valueRequired":true,"valueName":"search_term_string"}}],"inLanguage":"tr-TR"},{"@type":"Organization","@id":"https:\/\/crazytimecasino.in\/#organization","name":"Crazy Time","url":"https:\/\/crazytimecasino.in\/","logo":{"@type":"ImageObject","inLanguage":"tr-TR","@id":"https:\/\/crazytimecasino.in\/#\/schema\/logo\/image\/","url":"https:\/\/crazytimecasino.in\/wp-content\/uploads\/cropped-crazy-time-logo.webp","contentUrl":"https:\/\/crazytimecasino.in\/wp-content\/uploads\/cropped-crazy-time-logo.webp","width":114,"height":88,"caption":"Crazy Time"},"image":{"@id":"https:\/\/crazytimecasino.in\/#\/schema\/logo\/image\/"}}]}},"_links":{"self":[{"href":"https:\/\/crazytimecasino.in\/tr\/wp-json\/wp\/v2\/pages\/9","targetHints":{"allow":["GET"]}}],"collection":[{"href":"https:\/\/crazytimecasino.in\/tr\/wp-json\/wp\/v2\/pages"}],"about":[{"href":"https:\/\/crazytimecasino.in\/tr\/wp-json\/wp\/v2\/types\/page"}],"author":[{"embeddable":true,"href":"https:\/\/crazytimecasino.in\/tr\/wp-json\/wp\/v2\/users\/1"}],"replies":[{"embeddable":true,"href":"https:\/\/crazytimecasino.in\/tr\/wp-json\/wp\/v2\/comments?post=9"}],"version-history":[{"count":26,"href":"https:\/\/crazytimecasino.in\/tr\/wp-json\/wp\/v2\/pages\/9\/revisions"}],"predecessor-version":[{"id":164,"href":"https:\/\/crazytimecasino.in\/tr\/wp-json\/wp\/v2\/pages\/9\/revisions\/164"}],"wp:attachment":[{"href":"https:\/\/crazytimecasino.in\/tr\/wp-json\/wp\/v2\/media?parent=9"}],"curies":[{"name":"wp","href":"https:\/\/api.w.org\/{rel}","templated":true}]}}