{"id":5,"date":"2023-12-10T22:19:51","date_gmt":"2023-12-10T22:19:51","guid":{"rendered":"https:\/\/crazytimecasino.in\/?page_id=5"},"modified":"2023-12-27T11:23:33","modified_gmt":"2023-12-27T11:23:33","slug":"crazy-time","status":"publish","type":"page","link":"https:\/\/crazytimecasino.in\/tr\/","title":{"rendered":"Crazy Time: Heyecanl\u0131 Kumar Oyunlar\u0131na Giden Yolunuz"},"content":{"rendered":"<p>Crazy Time, sadece bir \u00e7evrimi\u00e7i oyun de\u011fil; ayn\u0131 zamanda bir oyun \u015fovu ve tekerlek \u015feklindeki tan\u0131d\u0131k d\u00f6ner \u00e7arka benzeyen pop\u00fcler bir \u015fans oyunudur. 54 sekt\u00f6rden olu\u015fan b\u00fcy\u00fck dikey bir tekerlek, bir krupiye rehberli\u011finde d\u00f6ner. Oyuncunun g\u00f6revi, tekerle\u011fin d\u00f6n\u00fc\u015f\u00fcn\u00fcn sonunda nerede duraca\u011f\u0131n\u0131 tahmin etmektir. Burada karma\u015f\u0131k bilgisayar taraf\u0131ndan olu\u015fturulmu\u015f algoritmalar yok. Sadece rastlant\u0131 ve \u015fans!<\/p>\n<p>Crazy Time oyunu, her y\u0131l \u00e7e\u015fitli \u00e7evrimi\u00e7i casinolardaki en pop\u00fcler slotlar\u0131n listesine girmeyi ba\u015faran efsanevi bir \u015fans oyunudur ve d\u00fcnya genelinde milyonlarca oyuncunun kalbini cezbetmektedir.<\/p>\n<p>Ayr\u0131ca, en \u00fcstte bir video slot bulunmaktad\u0131r ve belirli bonuslar\u0131 alma f\u0131rsat\u0131 sunar. Crazy Time&#8217;da oyun, bir krupiye taraf\u0131ndan y\u00f6netilir, ger\u00e7ek bir casinonun benzersiz bir atmosferini yarat\u0131r.<\/p>\n<p>Crazy Time slotu, potansiyel olarak b\u00fcy\u00fck kazan\u00e7lar sa\u011flayan \u00e7e\u015fitli bonus b\u00f6lgeleri ile dikkat \u00e7eker.<\/p>\n<h2>Crazy Time Oyunu Kurallar\u0131:<\/h2>\n<p>T\u00fcm tambur sekiz gruba ayr\u0131lm\u0131\u015ft\u0131r.<\/p>\n<p>Bu sekiz grup, kazan\u00e7 \u00e7arpanlar\u0131n\u0131 (x1, x2, x5, x10) temsil eder ve geri kalan\u0131 Cash Hunt, Pachinko, Coin Flip ve Crazy Time gibi mini oyunlar\u0131 temsil eder.<\/p>\n<p>Bahisler, bireysel h\u00fccrelere, t\u00fcm h\u00fccrelere veya belirli olanlara yerle\u015ftirilebilir. Her h\u00fccre i\u00e7in bahis miktar\u0131 ayr\u0131 ayr\u0131 ayarlanabilir. D\u00fczenli \u00e7arpanlara sahip sekt\u00f6rler, \u00f6rne\u011fin x1 &#8211; 21, x2 &#8211; 14, x5 &#8211; 7, x10 &#8211; 4, daha y\u00fcksek bir \u00e7\u0131kma \u015fans\u0131na sahiptir.<\/p>\n<p>Oyun ba\u015f\u0131nda krupiye bahis yapar ve oyuncular bahislerini yerle\u015ftirdikten sonra tambur d\u00f6ner.<\/p>\n<p>Video slotu ayn\u0131 anda d\u00f6nmeye ba\u015flar. Rastgele bir sekt\u00f6re, bir say\u0131 veya bonus oyunu olmas\u0131 fark etmeksizin bir \u00e7arpan ekler. \u00c7arpan, spin sonras\u0131nda sekt\u00f6r ve \u00e7arpan\u0131n yatay olarak e\u015fle\u015fmesi durumunda etkinle\u015ftirilir; aksi takdirde tur, bir bonus olmadan devam eder.<br \/>\nBir sonraki ad\u0131m, tamburu durdurmakt\u0131r. Bahsi do\u011fru tahmin eden oyuncu kazan\u0131r.<\/p>\n<p>Oyun ekran\u0131n\u0131n sa\u011f alt k\u00f6\u015fesinde, oynanm\u0131\u015f t\u00fcm sekt\u00f6rlerin ge\u00e7mi\u015fini g\u00f6rebilirsiniz. Kurallar\u0131 okumadan ve bahis yapmadan Crazy Time oyununu g\u00f6zlemleyebilirsiniz, \u00e7evrimi\u00e7i oyunlar\u0131n \u00f6zelliklerini daha iyi anlaman\u0131z i\u00e7in bir f\u0131rsat sunar. Crazy Time oyununun bir demo s\u00fcr\u00fcm\u00fc olmad\u0131\u011f\u0131ndan, bu, kurallar\u0131n\u0131 \u00f6\u011frenmek yerine oyunun tad\u0131n\u0131 \u00e7\u0131karman\u0131n m\u00fckemmel bir yoludur.<\/p>\n<h2>Crazy Time Slotundaki Bonus Oyunlar:<\/h2>\n<p>Crazy Time slotundaki bonus oyunlar, oyunun heyecan\u0131n\u0131 artt\u0131r\u0131r. \u0130\u015fte her birinin a\u00e7\u0131klamas\u0131:<\/p>\n<h2>Cash Hunt<\/h2>\n<p>Cash Hunt, rastgele se\u00e7ilmi\u015f \u00e7arpanlarla dolu bir alan\u0131 i\u00e7eren bir mini oyundur. Oyuncu, belirlenen s\u00fcre i\u00e7inde bir h\u00fccre se\u00e7melidir, ard\u0131ndan son kazan\u00e7 miktar\u0131n\u0131 g\u00f6steren bir sinyal duyulur.<\/p>\n<h2>Pachinko<\/h2>\n<p>Pachinko, alt k\u0131s\u0131mda \u00e7ok \u00e7e\u015fitli \u00e7ivilerle bir ekran\u0131 i\u00e7eren bir ekran sunar. Krupiye bir top f\u0131rlat\u0131r ve bu s\u00fcre\u00e7te nihai kazanc\u0131 belirler. Maksimum \u00e7arpan de\u011feri x10,000&#8217;dir.<\/p>\n<h2>Coin Flip<\/h2>\n<p>Coin Flip, bir madeni para atma oyununu an\u0131msat\u0131r. Ekran\u0131n \u00fcst\u00fcnde mavi ve k\u0131rm\u0131z\u0131 iki daire g\u00f6r\u00fcnt\u00fclenir. Her dairede rastgele se\u00e7ilmi\u015f bir kazan\u00e7 \u00e7arpan\u0131 g\u00f6sterilir. Krupiye renkli bir \u00e7ipi f\u0131rlat\u0131r ve sonu\u00e7, nereye d\u00fc\u015ft\u00fc\u011f\u00fcne ba\u011fl\u0131 olarak belirlenir. Kullan\u0131labilecek maksimum \u00e7arpan 100&#8217;d\u00fcr.<\/p>\n<h2>Crazy Time<\/h2>\n<p>Crazy Time \u00e7ekildi\u011finde, krupiye daha b\u00fcy\u00fck bir tekerlek olan ba\u015fka bir odaya ge\u00e7er. Oyuncu, davulun \u00fcst\u00fcndeki \u00fc\u00e7 i\u015faretten birini se\u00e7meli ve m\u00fcmk\u00fcn oldu\u011funca \u00e7ok say\u0131da \u00e7arpan\u0131 yakalamal\u0131d\u0131r. Crazy Time mini oyununun maksimum bonusu x20,000&#8217;dir.<\/p>\n<p><strong>Video slotunu unutmay\u0131n &#8211; e\u011fer \u00f6nceki bonus oyunlar\u0131ndan birine bir \u00e7arpan d\u00fc\u015ft\u00fcyse, kazan\u00e7lar oyunun de\u011ferine ba\u011fl\u0131 olarak artacakt\u0131r. \u00c7evrimi\u00e7i Crazy Time slotu, son derece b\u00fcy\u00fck \u00f6d\u00fcller kazanma \u015fans\u0131 sunar.<\/strong><\/p>\n<h2>Crazy Time Hakk\u0131nda Bilgi:<\/h2>\n<p>Crazy Time \u00e7evrimi\u00e7i oyunuyla ilgili size faydal\u0131 olabilecek baz\u0131 \u00f6nemli detaylar \u015funlard\u0131r:<\/p>\n<h3>Kazan\u00e7 Potansiyeli:<\/h3>\n<p>Video slotu kazanc\u0131n\u0131z\u0131 en fazla x50&#8217;ye kadar \u00e7arpanland\u0131rabilir.<\/p>\n<p>Her bir bahis i\u00e7in \u00e7arpanlanabilen maksimum miktar, Double\/Triple \u00f6zelliklerini i\u00e7eren Crazy Time bonus oyununda x20,000&#8217;e ula\u015f\u0131r.<\/p>\n<h3>Bahis Aral\u0131\u011f\u0131:<\/h3>\n<p>Bahisler, oyunculara bahis boyutlar\u0131n\u0131 se\u00e7me konusunda esneklik sa\u011flayan 5 sent ile 50 dolar aras\u0131nda de\u011fi\u015fir.<\/p>\n<h3>Kazan\u00e7 Potansiyeli:<\/h3>\n<p>Bir oyuncunun kazanc\u0131, bahislerini en fazla be\u015f y\u00fcz kat\u0131na kadar \u00e7arpanland\u0131rma olas\u0131l\u0131\u011f\u0131 en y\u00fcksek olan kazan\u00e7 potansiyeli sunar.<\/p>\n<h3>Oyun \u00d6zellikleri:<\/h3>\n<p>Crazy Time, bir canl\u0131 krupiyeli sanal bir casinodur. Sunucu tamburu \u00e7evirir ve oyuncular sekt\u00f6rlere bahis yapar. Do\u011fru tahminde bulunan kazan\u0131r.<\/p>\n<p>Oyunda \u00e7e\u015fitli stratejiler uygulanabilir. B\u00fcy\u00fck \u00e7arpanlar tambura d\u00fc\u015ft\u00fc\u011f\u00fcnde kazan\u00e7lar \u00f6nemli \u00f6l\u00e7\u00fcde artabilir.<\/p>\n<h3>Ek \u00d6zellikler:<\/h3>\n<ul>\n<li>Krupiye ve di\u011fer oyuncularla ileti\u015fim kurabilece\u011finiz bir sohbet bulunmaktad\u0131r.<\/li>\n<li>Crazy Time&#8217;daki kazan\u00e7lar, di\u011fer oyunlardan veya slotlardan daha b\u00fcy\u00fck olabilir.<\/li>\n<li>Her spin \u00f6ncesi bir bahis yerle\u015ftirebilir veya bir mini oyuna kat\u0131labilirsiniz.<\/li>\n<li>Oyuncular, giderleri kar\u015f\u0131lamak i\u00e7in her sekt\u00f6re bahis yapabilir.<\/li>\n<li>Oyun, casino tarz\u0131 atmosferi ile benzersiz bir ortam yarat\u0131r.<\/li>\n<li>Crazy Time&#8217;un geri \u00f6deme y\u00fczdesi y\u00fcksektir ve 95.08%&#8217;dir.<\/li>\n<\/ul>\n","protected":false},"excerpt":{"rendered":"<p>Crazy Time, sadece bir \u00e7evrimi\u00e7i oyun de\u011fil; ayn\u0131 zamanda bir oyun \u015fovu ve tekerlek \u015feklindeki tan\u0131d\u0131k d\u00f6ner \u00e7arka benzeyen pop\u00fcler bir \u015fans oyunudur. 54 sekt\u00f6rden olu\u015fan b\u00fcy\u00fck dikey bir tekerlek, bir krupiye rehberli\u011finde d\u00f6ner. Oyuncunun g\u00f6revi, tekerle\u011fin d\u00f6n\u00fc\u015f\u00fcn\u00fcn sonunda nerede duraca\u011f\u0131n\u0131 tahmin etmektir. Burada karma\u015f\u0131k bilgisayar taraf\u0131ndan olu\u015fturulmu\u015f algoritmalar yok. Sadece rastlant\u0131 ve \u015fans! Crazy [&hellip;]<\/p>\n","protected":false},"author":1,"featured_media":0,"parent":0,"menu_order":0,"comment_status":"closed","ping_status":"closed","template":"","meta":{"footnotes":""},"class_list":["post-5","page","type-page","status-publish","hentry"],"yoast_head":"<!-- This site is optimized with the Yoast SEO plugin v27.2 - https:\/\/yoast.com\/product\/yoast-seo-wordpress\/ -->\n<title>Crazy Time D\u00fcnyas\u0131na Dal\u0131n: Heyecan Verici Oyunlar ve Kazan\u00e7lar<\/title>\n<meta name=\"description\" content=\"Crazy Time&#039;\u0131n heyecan dolu d\u00fcnyas\u0131n\u0131 ke\u015ffedin - e\u015fsiz bonuslar ve bir\u00e7ok heyecan verici f\u0131rsatla dolu bir oyun g\u00f6sterisi.\" \/>\n<meta name=\"robots\" content=\"index, follow, max-snippet:-1, max-image-preview:large, max-video-preview:-1\" \/>\n<link rel=\"canonical\" href=\"https:\/\/crazytimecasino.in\/tr\/\" \/>\n<meta property=\"og:locale\" content=\"tr_TR\" \/>\n<meta property=\"og:locale:alternate\" content=\"en_US\" \/>\n<meta property=\"og:locale:alternate\" content=\"ru_RU\" \/>\n<meta property=\"og:locale:alternate\" content=\"pt_PT\" \/>\n<meta property=\"og:locale:alternate\" content=\"es_ES\" \/>\n<meta property=\"og:locale:alternate\" content=\"ro_RO\" \/>\n<meta property=\"og:locale:alternate\" content=\"sr_RS\" \/>\n<meta property=\"og:locale:alternate\" content=\"bg_BG\" \/>\n<meta property=\"og:locale:alternate\" content=\"hu_HU\" \/>\n<meta property=\"og:locale:alternate\" content=\"pl_PL\" \/>\n<meta property=\"og:locale:alternate\" content=\"el\" \/>\n<meta property=\"og:type\" content=\"article\" \/>\n<meta property=\"og:title\" content=\"Crazy Time D\u00fcnyas\u0131na Dal\u0131n: Heyecan Verici Oyunlar ve Kazan\u00e7lar\" \/>\n<meta property=\"og:description\" content=\"Crazy Time&#039;\u0131n heyecan dolu d\u00fcnyas\u0131n\u0131 ke\u015ffedin - e\u015fsiz bonuslar ve bir\u00e7ok heyecan verici f\u0131rsatla dolu bir oyun g\u00f6sterisi.\" \/>\n<meta property=\"og:url\" content=\"https:\/\/crazytimecasino.in\/tr\/\" \/>\n<meta property=\"og:site_name\" content=\"Crazy Time\" \/>\n<meta property=\"article:modified_time\" content=\"2023-12-27T11:23:33+00:00\" \/>\n<meta name=\"twitter:card\" content=\"summary_large_image\" \/>\n<meta name=\"twitter:label1\" content=\"Tahmini okuma s\u00fcresi\" \/>\n\t<meta name=\"twitter:data1\" content=\"35 dakika\" \/>\n<script type=\"application\/ld+json\" class=\"yoast-schema-graph\">{\"@context\":\"https:\/\/schema.org\",\"@graph\":[{\"@type\":\"WebPage\",\"@id\":\"https:\/\/crazytimecasino.in\/\",\"url\":\"https:\/\/crazytimecasino.in\/\",\"name\":\"Crazy Time D\u00fcnyas\u0131na Dal\u0131n: Heyecan Verici Oyunlar ve Kazan\u00e7lar\",\"isPartOf\":{\"@id\":\"https:\/\/crazytimecasino.in\/#website\"},\"datePublished\":\"2023-12-10T22:19:51+00:00\",\"dateModified\":\"2023-12-27T11:23:33+00:00\",\"description\":\"Crazy Time'\u0131n heyecan dolu d\u00fcnyas\u0131n\u0131 ke\u015ffedin - e\u015fsiz bonuslar ve bir\u00e7ok heyecan verici f\u0131rsatla dolu bir oyun g\u00f6sterisi.\",\"breadcrumb\":{\"@id\":\"https:\/\/crazytimecasino.in\/#breadcrumb\"},\"inLanguage\":\"tr-TR\",\"potentialAction\":[{\"@type\":\"ReadAction\",\"target\":[\"https:\/\/crazytimecasino.in\/\"]}]},{\"@type\":\"BreadcrumbList\",\"@id\":\"https:\/\/crazytimecasino.in\/#breadcrumb\",\"itemListElement\":[{\"@type\":\"ListItem\",\"position\":1,\"name\":\"Home\",\"item\":\"https:\/\/crazytimecasino.in\/\"},{\"@type\":\"ListItem\",\"position\":2,\"name\":\"Crazy Time: Heyecanl\u0131 Kumar Oyunlar\u0131na Giden Yolunuz\"}]},{\"@type\":\"WebSite\",\"@id\":\"https:\/\/crazytimecasino.in\/#website\",\"url\":\"https:\/\/crazytimecasino.in\/\",\"name\":\"Crazy Time\",\"description\":\"\",\"publisher\":{\"@id\":\"https:\/\/crazytimecasino.in\/#organization\"},\"potentialAction\":[{\"@type\":\"SearchAction\",\"target\":{\"@type\":\"EntryPoint\",\"urlTemplate\":\"https:\/\/crazytimecasino.in\/?s={search_term_string}\"},\"query-input\":{\"@type\":\"PropertyValueSpecification\",\"valueRequired\":true,\"valueName\":\"search_term_string\"}}],\"inLanguage\":\"tr-TR\"},{\"@type\":\"Organization\",\"@id\":\"https:\/\/crazytimecasino.in\/#organization\",\"name\":\"Crazy Time\",\"url\":\"https:\/\/crazytimecasino.in\/\",\"logo\":{\"@type\":\"ImageObject\",\"inLanguage\":\"tr-TR\",\"@id\":\"https:\/\/crazytimecasino.in\/#\/schema\/logo\/image\/\",\"url\":\"https:\/\/crazytimecasino.in\/wp-content\/uploads\/cropped-crazy-time-logo.webp\",\"contentUrl\":\"https:\/\/crazytimecasino.in\/wp-content\/uploads\/cropped-crazy-time-logo.webp\",\"width\":114,\"height\":88,\"caption\":\"Crazy Time\"},\"image\":{\"@id\":\"https:\/\/crazytimecasino.in\/#\/schema\/logo\/image\/\"}}]}<\/script>\n<!-- \/ Yoast SEO plugin. -->","yoast_head_json":{"title":"Crazy Time D\u00fcnyas\u0131na Dal\u0131n: Heyecan Verici Oyunlar ve Kazan\u00e7lar","description":"Crazy Time'\u0131n heyecan dolu d\u00fcnyas\u0131n\u0131 ke\u015ffedin - e\u015fsiz bonuslar ve bir\u00e7ok heyecan verici f\u0131rsatla dolu bir oyun g\u00f6sterisi.","robots":{"index":"index","follow":"follow","max-snippet":"max-snippet:-1","max-image-preview":"max-image-preview:large","max-video-preview":"max-video-preview:-1"},"canonical":"https:\/\/crazytimecasino.in\/tr\/","og_locale":"tr_TR","og_type":"article","og_title":"Crazy Time D\u00fcnyas\u0131na Dal\u0131n: Heyecan Verici Oyunlar ve Kazan\u00e7lar","og_description":"Crazy Time'\u0131n heyecan dolu d\u00fcnyas\u0131n\u0131 ke\u015ffedin - e\u015fsiz bonuslar ve bir\u00e7ok heyecan verici f\u0131rsatla dolu bir oyun g\u00f6sterisi.","og_url":"https:\/\/crazytimecasino.in\/tr\/","og_site_name":"Crazy Time","article_modified_time":"2023-12-27T11:23:33+00:00","twitter_card":"summary_large_image","twitter_misc":{"Tahmini okuma s\u00fcresi":"35 dakika"},"schema":{"@context":"https:\/\/schema.org","@graph":[{"@type":"WebPage","@id":"https:\/\/crazytimecasino.in\/","url":"https:\/\/crazytimecasino.in\/","name":"Crazy Time D\u00fcnyas\u0131na Dal\u0131n: Heyecan Verici Oyunlar ve Kazan\u00e7lar","isPartOf":{"@id":"https:\/\/crazytimecasino.in\/#website"},"datePublished":"2023-12-10T22:19:51+00:00","dateModified":"2023-12-27T11:23:33+00:00","description":"Crazy Time'\u0131n heyecan dolu d\u00fcnyas\u0131n\u0131 ke\u015ffedin - e\u015fsiz bonuslar ve bir\u00e7ok heyecan verici f\u0131rsatla dolu bir oyun g\u00f6sterisi.","breadcrumb":{"@id":"https:\/\/crazytimecasino.in\/#breadcrumb"},"inLanguage":"tr-TR","potentialAction":[{"@type":"ReadAction","target":["https:\/\/crazytimecasino.in\/"]}]},{"@type":"BreadcrumbList","@id":"https:\/\/crazytimecasino.in\/#breadcrumb","itemListElement":[{"@type":"ListItem","position":1,"name":"Home","item":"https:\/\/crazytimecasino.in\/"},{"@type":"ListItem","position":2,"name":"Crazy Time: Heyecanl\u0131 Kumar Oyunlar\u0131na Giden Yolunuz"}]},{"@type":"WebSite","@id":"https:\/\/crazytimecasino.in\/#website","url":"https:\/\/crazytimecasino.in\/","name":"Crazy Time","description":"","publisher":{"@id":"https:\/\/crazytimecasino.in\/#organization"},"potentialAction":[{"@type":"SearchAction","target":{"@type":"EntryPoint","urlTemplate":"https:\/\/crazytimecasino.in\/?s={search_term_string}"},"query-input":{"@type":"PropertyValueSpecification","valueRequired":true,"valueName":"search_term_string"}}],"inLanguage":"tr-TR"},{"@type":"Organization","@id":"https:\/\/crazytimecasino.in\/#organization","name":"Crazy Time","url":"https:\/\/crazytimecasino.in\/","logo":{"@type":"ImageObject","inLanguage":"tr-TR","@id":"https:\/\/crazytimecasino.in\/#\/schema\/logo\/image\/","url":"https:\/\/crazytimecasino.in\/wp-content\/uploads\/cropped-crazy-time-logo.webp","contentUrl":"https:\/\/crazytimecasino.in\/wp-content\/uploads\/cropped-crazy-time-logo.webp","width":114,"height":88,"caption":"Crazy Time"},"image":{"@id":"https:\/\/crazytimecasino.in\/#\/schema\/logo\/image\/"}}]}},"_links":{"self":[{"href":"https:\/\/crazytimecasino.in\/tr\/wp-json\/wp\/v2\/pages\/5","targetHints":{"allow":["GET"]}}],"collection":[{"href":"https:\/\/crazytimecasino.in\/tr\/wp-json\/wp\/v2\/pages"}],"about":[{"href":"https:\/\/crazytimecasino.in\/tr\/wp-json\/wp\/v2\/types\/page"}],"author":[{"embeddable":true,"href":"https:\/\/crazytimecasino.in\/tr\/wp-json\/wp\/v2\/users\/1"}],"replies":[{"embeddable":true,"href":"https:\/\/crazytimecasino.in\/tr\/wp-json\/wp\/v2\/comments?post=5"}],"version-history":[{"count":32,"href":"https:\/\/crazytimecasino.in\/tr\/wp-json\/wp\/v2\/pages\/5\/revisions"}],"predecessor-version":[{"id":160,"href":"https:\/\/crazytimecasino.in\/tr\/wp-json\/wp\/v2\/pages\/5\/revisions\/160"}],"wp:attachment":[{"href":"https:\/\/crazytimecasino.in\/tr\/wp-json\/wp\/v2\/media?parent=5"}],"curies":[{"name":"wp","href":"https:\/\/api.w.org\/{rel}","templated":true}]}}