{"id":28,"date":"2023-12-14T23:23:57","date_gmt":"2023-12-14T23:23:57","guid":{"rendered":"https:\/\/crazytimecasino.in\/?page_id=28"},"modified":"2023-12-27T11:25:55","modified_gmt":"2023-12-27T11:25:55","slug":"play-crazy-time-online","status":"publish","type":"page","link":"https:\/\/crazytimecasino.in\/tr\/play-crazy-time-online\/","title":{"rendered":"Online casinoda oynay\u0131n ve e\u011flence ve f\u0131rsatlar d\u00fcnyas\u0131na dal\u0131n!"},"content":{"rendered":"<p>Modern e\u011flence d\u00fcnyas\u0131nda, \u00e7evrimi\u00e7i casinolar heyecan verici bir deneyim ve ger\u00e7ek kazan\u00e7 f\u0131rsatlar\u0131 arayanlar i\u00e7in ger\u00e7ek bir odak noktas\u0131 haline gelmi\u015ftir. En heyecan verici ve pop\u00fcler se\u00e7eneklerden biri, Crazy Time adl\u0131 \u00e7evrimi\u00e7i casino oyunudur. Bu makalede, neden \u00e7evrimi\u00e7i bir casinoda kaydolmaya de\u011fer oldu\u011funu, Crazy Time&#8217;\u0131 \u00fccretsiz nas\u0131l oynayaca\u011f\u0131n\u0131z\u0131 ve para yat\u0131rma ve \u00e7ekme ad\u0131mlar\u0131n\u0131 size anlataca\u011f\u0131z.<\/p>\n<h2>Neden \u00c7evrimi\u00e7i Bir Casinoda Kaydolmal\u0131s\u0131n\u0131z?<\/h2>\n<h3>E\u011flence ve Adrenalin:<\/h3>\n<p>\u00c7evrimi\u00e7i bir casinoda \u015fans ve adrenalin dolu heyecan verici bir d\u00fcnyaya dalacaks\u0131n\u0131z. Yeni duygular ve heyecan arayanlar i\u00e7in m\u00fckemmel bir yerdir.<\/p>\n<h3>Geni\u015f Oyun \u00c7e\u015fitlili\u011fi:<\/h3>\n<p>\u00c7evrimi\u00e7i casinolar, geleneksel slot makinelerinden etkileyici masa oyunlar\u0131na kadar geni\u015f bir oyun yelpazesine eri\u015fim sa\u011flar. Tad\u0131n\u0131za ve tercihlerinize uygun oyunlar\u0131 se\u00e7ebilirsiniz.<\/p>\n<h3>Ger\u00e7ek Para Kazanma \u015eans\u0131:<\/h3>\n<p>\u00c7evrimi\u00e7i casinolar, ger\u00e7ek para kazanma benzersiz bir f\u0131rsat sunar, ve Crazy Time oyunu, ciddi kazan\u00e7lar arayanlar i\u00e7in m\u00fckemmel bir se\u00e7enektir.<\/p>\n<h2>\u00dccretsiz Crazy Time Oynama<\/h2>\n<h3>Neden Crazy Time?<\/h3>\n<p>Crazy Time sadece bir slot de\u011fil, canl\u0131 bir sunucu, etkile\u015fimli unsurlar ve heyecan verici anlarla tam bir \u015fovdur. Evden ayr\u0131lmadan ger\u00e7ek bir casinonun atmosferini ya\u015fayabilirsiniz.<\/p>\n<h3>\u00dccretsiz Oyun Modu:<\/h3>\n<p>Bir\u00e7ok \u00e7evrimi\u00e7i casino, Crazy Time&#8217;\u0131 demo modunda tamamen \u00fccretsiz oynama f\u0131rsat\u0131 sunar. Bu, ger\u00e7ek bahisler yapmadan \u00f6nce oyunu tan\u0131man\u0131n m\u00fckemmel bir \u015fans\u0131d\u0131r.<\/p>\n<h2>Kay\u0131t ve Para Yat\u0131rma<\/h2>\n<ul>\n<li>Ad\u0131m 1: Siteye Kay\u0131t:<\/li>\n<\/ul>\n<p>Ba\u015flamak i\u00e7in se\u00e7ti\u011finiz \u00e7evrimi\u00e7i casinonun web sitesine kaydolman\u0131z gerekiyor. Gerekli bilgileri sa\u011flayarak basit bir kay\u0131t formunu doldurun.<\/p>\n<ul>\n<li>Ad\u0131m 2: Hesap Onay\u0131:<\/li>\n<\/ul>\n<p>Kay\u0131ttan sonra hesab\u0131n\u0131z\u0131, kay\u0131tl\u0131 e-posta adresinizde alaca\u011f\u0131n\u0131z e-postadaki ba\u011flant\u0131ya t\u0131klayarak onaylay\u0131n.<\/p>\n<ul>\n<li>Ad\u0131m 3: Para Yat\u0131rma:<\/li>\n<\/ul>\n<p>Hesab\u0131n\u0131z\u0131 onaylad\u0131ktan sonra &#8220;Kasiyer&#8221; b\u00f6l\u00fcm\u00fcne gidin ve fon yat\u0131rmak i\u00e7in uygun bir y\u00f6ntem se\u00e7in. \u00c7o\u011fu \u00e7evrimi\u00e7i casino, kredi kartlar\u0131ndan elektronik c\u00fczdanlara kadar \u00e7e\u015fitli se\u00e7enekler sunar.<\/p>\n<h2>\u00c7ekim Y\u00f6ntemi<\/h2>\n<p>Ba\u015far\u0131l\u0131 bir oyun ve kazan\u00e7tan sonra hak etti\u011finiz paray\u0131 \u00e7ekmek isteyeceksiniz. \u0130\u015fte nas\u0131l yap\u0131l\u0131r:<\/p>\n<ol>\n<li><strong>\u00c7ekim Y\u00f6ntemi Se\u00e7imi:\u00a0<\/strong>&#8220;Kasiyer&#8221; b\u00f6l\u00fcm\u00fcne gidin ve &#8220;\u00c7ekim&#8221; se\u00e7ene\u011fini se\u00e7in. Burada size uygun bir y\u00f6ntem se\u00e7ebilirsiniz.<\/li>\n<li><strong>Kimlik Onay\u0131: <\/strong>G\u00fcvenlik \u00e7evrimi\u00e7i casinolar i\u00e7in bir \u00f6nceliktir. \u0130lk \u00e7ekimden \u00f6nce kimli\u011finizi do\u011frulamak i\u00e7in belgeler sa\u011flaman\u0131z gerekebilir.<\/li>\n<li><strong>Transferi Bekleme:\u00a0<\/strong>\u00c7ekim talebinizi onaylad\u0131ktan sonra paran\u0131n hesab\u0131n\u0131za transfer edilmesini bekleyin. Transfer s\u00fcresi se\u00e7ilen y\u00f6nteme ba\u011fl\u0131 olarak de\u011fi\u015febilir.<\/li>\n<\/ol>\n<h2>Sonu\u00e7<\/h2>\n<p>\u00c7evrimi\u00e7i casinoda oynamak heyecan verici bir deneyimdir ve size sadece e\u011flence de\u011fil, ayn\u0131 zamanda ger\u00e7ek kazan\u00e7lar da getirebilir. \u00c7evrimi\u00e7i bir casinoda kaydolmak ve Crazy Time oynamak, \u015fansa dalmak i\u00e7in m\u00fckemmel bir yoldur. Kay\u0131t, oyun ve para \u00e7ekme konusundaki \u00f6nerilerimizi takip edin ve \u015fans her zaman sizinle olsun!<\/p>\n","protected":false},"excerpt":{"rendered":"<p>Modern e\u011flence d\u00fcnyas\u0131nda, \u00e7evrimi\u00e7i casinolar heyecan verici bir deneyim ve ger\u00e7ek kazan\u00e7 f\u0131rsatlar\u0131 arayanlar i\u00e7in ger\u00e7ek bir odak noktas\u0131 haline gelmi\u015ftir. En heyecan verici ve pop\u00fcler se\u00e7eneklerden biri, Crazy Time adl\u0131 \u00e7evrimi\u00e7i casino oyunudur. Bu makalede, neden \u00e7evrimi\u00e7i bir casinoda kaydolmaya de\u011fer oldu\u011funu, Crazy Time&#8217;\u0131 \u00fccretsiz nas\u0131l oynayaca\u011f\u0131n\u0131z\u0131 ve para yat\u0131rma ve \u00e7ekme ad\u0131mlar\u0131n\u0131 size [&hellip;]<\/p>\n","protected":false},"author":1,"featured_media":0,"parent":0,"menu_order":0,"comment_status":"closed","ping_status":"closed","template":"","meta":{"footnotes":""},"class_list":["post-28","page","type-page","status-publish","hentry"],"yoast_head":"<!-- This site is optimized with the Yoast SEO plugin v27.2 - https:\/\/yoast.com\/product\/yoast-seo-wordpress\/ -->\n<title>\u041d\u0430\u0447\u043d\u0438\u0442\u0435 \u0438\u0433\u0440\u0430\u0442\u044c \u0432 Crazy Time: \u0412\u0430\u0448 \u043f\u0443\u0442\u044c \u043a \u0430\u0437\u0430\u0440\u0442\u043d\u043e\u043c\u0443 \u0432\u0435\u0441\u0435\u043b\u044c\u044e<\/title>\n<meta name=\"description\" content=\"Kaydolun, bir depozit yap\u0131n ve Crazy Time&#039;da heyecan verici oyunlar\u0131n d\u00fcnyas\u0131na dalarak \u00f6nemli kazan\u00e7 \u015fanslar\u0131n\u0131z\u0131 deneyimleyin.\" \/>\n<meta name=\"robots\" content=\"index, follow, max-snippet:-1, max-image-preview:large, max-video-preview:-1\" \/>\n<link rel=\"canonical\" href=\"https:\/\/crazytimecasino.in\/tr\/play-crazy-time-online\/\" \/>\n<meta property=\"og:locale\" content=\"tr_TR\" \/>\n<meta property=\"og:locale:alternate\" content=\"en_US\" \/>\n<meta property=\"og:locale:alternate\" content=\"ru_RU\" \/>\n<meta property=\"og:locale:alternate\" content=\"pt_PT\" \/>\n<meta property=\"og:locale:alternate\" content=\"es_ES\" \/>\n<meta property=\"og:locale:alternate\" content=\"ro_RO\" \/>\n<meta property=\"og:locale:alternate\" content=\"sr_RS\" \/>\n<meta property=\"og:locale:alternate\" content=\"bg_BG\" \/>\n<meta property=\"og:locale:alternate\" content=\"hu_HU\" \/>\n<meta property=\"og:locale:alternate\" content=\"pl_PL\" \/>\n<meta property=\"og:locale:alternate\" content=\"el\" \/>\n<meta property=\"og:type\" content=\"article\" \/>\n<meta property=\"og:title\" content=\"\u041d\u0430\u0447\u043d\u0438\u0442\u0435 \u0438\u0433\u0440\u0430\u0442\u044c \u0432 Crazy Time: \u0412\u0430\u0448 \u043f\u0443\u0442\u044c \u043a \u0430\u0437\u0430\u0440\u0442\u043d\u043e\u043c\u0443 \u0432\u0435\u0441\u0435\u043b\u044c\u044e\" \/>\n<meta property=\"og:description\" content=\"\u0417\u0430\u0440\u0435\u0433\u0438\u0441\u0442\u0440\u0438\u0440\u0443\u0439\u0442\u0435\u0441\u044c, \u0432\u043d\u0435\u0441\u0438\u0442\u0435 \u0434\u0435\u043f\u043e\u0437\u0438\u0442 \u0438 \u043e\u043a\u0443\u043d\u0438\u0442\u0435\u0441\u044c \u0432 \u043c\u0438\u0440 \u0443\u0432\u043b\u0435\u043a\u0430\u0442\u0435\u043b\u044c\u043d\u044b\u0445 \u0438\u0433\u0440 \u0441 \u0432\u043e\u0437\u043c\u043e\u0436\u043d\u043e\u0441\u0442\u044c\u044e \u043a\u0440\u0443\u043f\u043d\u044b\u0445 \u0432\u044b\u0438\u0433\u0440\u044b\u0448\u0435\u0439 \u0432 Crazy Time.\" \/>\n<meta property=\"og:url\" content=\"https:\/\/crazytimecasino.in\/tr\/play-crazy-time-online\/\" \/>\n<meta property=\"og:site_name\" content=\"Crazy Time\" \/>\n<meta property=\"article:modified_time\" content=\"2023-12-27T11:25:55+00:00\" \/>\n<meta name=\"twitter:card\" content=\"summary_large_image\" \/>\n<meta name=\"twitter:label1\" content=\"Tahmini okuma s\u00fcresi\" \/>\n\t<meta name=\"twitter:data1\" content=\"20 dakika\" \/>\n<script type=\"application\/ld+json\" class=\"yoast-schema-graph\">{\"@context\":\"https:\/\/schema.org\",\"@graph\":[{\"@type\":\"WebPage\",\"@id\":\"https:\/\/crazytimecasino.in\/play-crazy-time-online\/\",\"url\":\"https:\/\/crazytimecasino.in\/play-crazy-time-online\/\",\"name\":\"\u041d\u0430\u0447\u043d\u0438\u0442\u0435 \u0438\u0433\u0440\u0430\u0442\u044c \u0432 Crazy Time: \u0412\u0430\u0448 \u043f\u0443\u0442\u044c \u043a \u0430\u0437\u0430\u0440\u0442\u043d\u043e\u043c\u0443 \u0432\u0435\u0441\u0435\u043b\u044c\u044e\",\"isPartOf\":{\"@id\":\"https:\/\/crazytimecasino.in\/#website\"},\"datePublished\":\"2023-12-14T23:23:57+00:00\",\"dateModified\":\"2023-12-27T11:25:55+00:00\",\"description\":\"\u0417\u0430\u0440\u0435\u0433\u0438\u0441\u0442\u0440\u0438\u0440\u0443\u0439\u0442\u0435\u0441\u044c, \u0432\u043d\u0435\u0441\u0438\u0442\u0435 \u0434\u0435\u043f\u043e\u0437\u0438\u0442 \u0438 \u043e\u043a\u0443\u043d\u0438\u0442\u0435\u0441\u044c \u0432 \u043c\u0438\u0440 \u0443\u0432\u043b\u0435\u043a\u0430\u0442\u0435\u043b\u044c\u043d\u044b\u0445 \u0438\u0433\u0440 \u0441 \u0432\u043e\u0437\u043c\u043e\u0436\u043d\u043e\u0441\u0442\u044c\u044e \u043a\u0440\u0443\u043f\u043d\u044b\u0445 \u0432\u044b\u0438\u0433\u0440\u044b\u0448\u0435\u0439 \u0432 Crazy Time.\",\"breadcrumb\":{\"@id\":\"https:\/\/crazytimecasino.in\/play-crazy-time-online\/#breadcrumb\"},\"inLanguage\":\"tr-TR\",\"potentialAction\":[{\"@type\":\"ReadAction\",\"target\":[\"https:\/\/crazytimecasino.in\/play-crazy-time-online\/\"]}]},{\"@type\":\"BreadcrumbList\",\"@id\":\"https:\/\/crazytimecasino.in\/play-crazy-time-online\/#breadcrumb\",\"itemListElement\":[{\"@type\":\"ListItem\",\"position\":1,\"name\":\"Home\",\"item\":\"https:\/\/crazytimecasino.in\/\"},{\"@type\":\"ListItem\",\"position\":2,\"name\":\"\u0418\u0433\u0440\u0430\u0439 \u0432 \u043e\u043d\u043b\u0430\u0439\u043d \u043a\u0430\u0437\u0438\u043d\u043e \u0438 \u043f\u043e\u0433\u0440\u0443\u0437\u0438\u0441\u044c \u0432 \u043c\u0438\u0440 \u0440\u0430\u0437\u0432\u043b\u0435\u0447\u0435\u043d\u0438\u0439 \u0438 \u0432\u043e\u0437\u043c\u043e\u0436\u043d\u043e\u0441\u0442\u0435\u0439!\"}]},{\"@type\":\"WebSite\",\"@id\":\"https:\/\/crazytimecasino.in\/#website\",\"url\":\"https:\/\/crazytimecasino.in\/\",\"name\":\"Crazy Time\",\"description\":\"\",\"publisher\":{\"@id\":\"https:\/\/crazytimecasino.in\/#organization\"},\"potentialAction\":[{\"@type\":\"SearchAction\",\"target\":{\"@type\":\"EntryPoint\",\"urlTemplate\":\"https:\/\/crazytimecasino.in\/?s={search_term_string}\"},\"query-input\":{\"@type\":\"PropertyValueSpecification\",\"valueRequired\":true,\"valueName\":\"search_term_string\"}}],\"inLanguage\":\"tr-TR\"},{\"@type\":\"Organization\",\"@id\":\"https:\/\/crazytimecasino.in\/#organization\",\"name\":\"Crazy Time\",\"url\":\"https:\/\/crazytimecasino.in\/\",\"logo\":{\"@type\":\"ImageObject\",\"inLanguage\":\"tr-TR\",\"@id\":\"https:\/\/crazytimecasino.in\/#\/schema\/logo\/image\/\",\"url\":\"https:\/\/crazytimecasino.in\/wp-content\/uploads\/cropped-crazy-time-logo.webp\",\"contentUrl\":\"https:\/\/crazytimecasino.in\/wp-content\/uploads\/cropped-crazy-time-logo.webp\",\"width\":114,\"height\":88,\"caption\":\"Crazy Time\"},\"image\":{\"@id\":\"https:\/\/crazytimecasino.in\/#\/schema\/logo\/image\/\"}}]}<\/script>\n<!-- \/ Yoast SEO plugin. -->","yoast_head_json":{"title":"\u041d\u0430\u0447\u043d\u0438\u0442\u0435 \u0438\u0433\u0440\u0430\u0442\u044c \u0432 Crazy Time: \u0412\u0430\u0448 \u043f\u0443\u0442\u044c \u043a \u0430\u0437\u0430\u0440\u0442\u043d\u043e\u043c\u0443 \u0432\u0435\u0441\u0435\u043b\u044c\u044e","description":"Kaydolun, bir depozit yap\u0131n ve Crazy Time'da heyecan verici oyunlar\u0131n d\u00fcnyas\u0131na dalarak \u00f6nemli kazan\u00e7 \u015fanslar\u0131n\u0131z\u0131 deneyimleyin.","robots":{"index":"index","follow":"follow","max-snippet":"max-snippet:-1","max-image-preview":"max-image-preview:large","max-video-preview":"max-video-preview:-1"},"canonical":"https:\/\/crazytimecasino.in\/tr\/play-crazy-time-online\/","og_locale":"tr_TR","og_type":"article","og_title":"\u041d\u0430\u0447\u043d\u0438\u0442\u0435 \u0438\u0433\u0440\u0430\u0442\u044c \u0432 Crazy Time: \u0412\u0430\u0448 \u043f\u0443\u0442\u044c \u043a \u0430\u0437\u0430\u0440\u0442\u043d\u043e\u043c\u0443 \u0432\u0435\u0441\u0435\u043b\u044c\u044e","og_description":"\u0417\u0430\u0440\u0435\u0433\u0438\u0441\u0442\u0440\u0438\u0440\u0443\u0439\u0442\u0435\u0441\u044c, \u0432\u043d\u0435\u0441\u0438\u0442\u0435 \u0434\u0435\u043f\u043e\u0437\u0438\u0442 \u0438 \u043e\u043a\u0443\u043d\u0438\u0442\u0435\u0441\u044c \u0432 \u043c\u0438\u0440 \u0443\u0432\u043b\u0435\u043a\u0430\u0442\u0435\u043b\u044c\u043d\u044b\u0445 \u0438\u0433\u0440 \u0441 \u0432\u043e\u0437\u043c\u043e\u0436\u043d\u043e\u0441\u0442\u044c\u044e \u043a\u0440\u0443\u043f\u043d\u044b\u0445 \u0432\u044b\u0438\u0433\u0440\u044b\u0448\u0435\u0439 \u0432 Crazy Time.","og_url":"https:\/\/crazytimecasino.in\/tr\/play-crazy-time-online\/","og_site_name":"Crazy Time","article_modified_time":"2023-12-27T11:25:55+00:00","twitter_card":"summary_large_image","twitter_misc":{"Tahmini okuma s\u00fcresi":"20 dakika"},"schema":{"@context":"https:\/\/schema.org","@graph":[{"@type":"WebPage","@id":"https:\/\/crazytimecasino.in\/play-crazy-time-online\/","url":"https:\/\/crazytimecasino.in\/play-crazy-time-online\/","name":"\u041d\u0430\u0447\u043d\u0438\u0442\u0435 \u0438\u0433\u0440\u0430\u0442\u044c \u0432 Crazy Time: \u0412\u0430\u0448 \u043f\u0443\u0442\u044c \u043a \u0430\u0437\u0430\u0440\u0442\u043d\u043e\u043c\u0443 \u0432\u0435\u0441\u0435\u043b\u044c\u044e","isPartOf":{"@id":"https:\/\/crazytimecasino.in\/#website"},"datePublished":"2023-12-14T23:23:57+00:00","dateModified":"2023-12-27T11:25:55+00:00","description":"\u0417\u0430\u0440\u0435\u0433\u0438\u0441\u0442\u0440\u0438\u0440\u0443\u0439\u0442\u0435\u0441\u044c, \u0432\u043d\u0435\u0441\u0438\u0442\u0435 \u0434\u0435\u043f\u043e\u0437\u0438\u0442 \u0438 \u043e\u043a\u0443\u043d\u0438\u0442\u0435\u0441\u044c \u0432 \u043c\u0438\u0440 \u0443\u0432\u043b\u0435\u043a\u0430\u0442\u0435\u043b\u044c\u043d\u044b\u0445 \u0438\u0433\u0440 \u0441 \u0432\u043e\u0437\u043c\u043e\u0436\u043d\u043e\u0441\u0442\u044c\u044e \u043a\u0440\u0443\u043f\u043d\u044b\u0445 \u0432\u044b\u0438\u0433\u0440\u044b\u0448\u0435\u0439 \u0432 Crazy Time.","breadcrumb":{"@id":"https:\/\/crazytimecasino.in\/play-crazy-time-online\/#breadcrumb"},"inLanguage":"tr-TR","potentialAction":[{"@type":"ReadAction","target":["https:\/\/crazytimecasino.in\/play-crazy-time-online\/"]}]},{"@type":"BreadcrumbList","@id":"https:\/\/crazytimecasino.in\/play-crazy-time-online\/#breadcrumb","itemListElement":[{"@type":"ListItem","position":1,"name":"Home","item":"https:\/\/crazytimecasino.in\/"},{"@type":"ListItem","position":2,"name":"\u0418\u0433\u0440\u0430\u0439 \u0432 \u043e\u043d\u043b\u0430\u0439\u043d \u043a\u0430\u0437\u0438\u043d\u043e \u0438 \u043f\u043e\u0433\u0440\u0443\u0437\u0438\u0441\u044c \u0432 \u043c\u0438\u0440 \u0440\u0430\u0437\u0432\u043b\u0435\u0447\u0435\u043d\u0438\u0439 \u0438 \u0432\u043e\u0437\u043c\u043e\u0436\u043d\u043e\u0441\u0442\u0435\u0439!"}]},{"@type":"WebSite","@id":"https:\/\/crazytimecasino.in\/#website","url":"https:\/\/crazytimecasino.in\/","name":"Crazy Time","description":"","publisher":{"@id":"https:\/\/crazytimecasino.in\/#organization"},"potentialAction":[{"@type":"SearchAction","target":{"@type":"EntryPoint","urlTemplate":"https:\/\/crazytimecasino.in\/?s={search_term_string}"},"query-input":{"@type":"PropertyValueSpecification","valueRequired":true,"valueName":"search_term_string"}}],"inLanguage":"tr-TR"},{"@type":"Organization","@id":"https:\/\/crazytimecasino.in\/#organization","name":"Crazy Time","url":"https:\/\/crazytimecasino.in\/","logo":{"@type":"ImageObject","inLanguage":"tr-TR","@id":"https:\/\/crazytimecasino.in\/#\/schema\/logo\/image\/","url":"https:\/\/crazytimecasino.in\/wp-content\/uploads\/cropped-crazy-time-logo.webp","contentUrl":"https:\/\/crazytimecasino.in\/wp-content\/uploads\/cropped-crazy-time-logo.webp","width":114,"height":88,"caption":"Crazy Time"},"image":{"@id":"https:\/\/crazytimecasino.in\/#\/schema\/logo\/image\/"}}]}},"_links":{"self":[{"href":"https:\/\/crazytimecasino.in\/tr\/wp-json\/wp\/v2\/pages\/28","targetHints":{"allow":["GET"]}}],"collection":[{"href":"https:\/\/crazytimecasino.in\/tr\/wp-json\/wp\/v2\/pages"}],"about":[{"href":"https:\/\/crazytimecasino.in\/tr\/wp-json\/wp\/v2\/types\/page"}],"author":[{"embeddable":true,"href":"https:\/\/crazytimecasino.in\/tr\/wp-json\/wp\/v2\/users\/1"}],"replies":[{"embeddable":true,"href":"https:\/\/crazytimecasino.in\/tr\/wp-json\/wp\/v2\/comments?post=28"}],"version-history":[{"count":28,"href":"https:\/\/crazytimecasino.in\/tr\/wp-json\/wp\/v2\/pages\/28\/revisions"}],"predecessor-version":[{"id":168,"href":"https:\/\/crazytimecasino.in\/tr\/wp-json\/wp\/v2\/pages\/28\/revisions\/168"}],"wp:attachment":[{"href":"https:\/\/crazytimecasino.in\/tr\/wp-json\/wp\/v2\/media?parent=28"}],"curies":[{"name":"wp","href":"https:\/\/api.w.org\/{rel}","templated":true}]}}