{"id":13,"date":"2023-12-10T23:36:07","date_gmt":"2023-12-10T23:36:07","guid":{"rendered":"https:\/\/crazytimecasino.in\/?page_id=13"},"modified":"2023-12-27T11:27:27","modified_gmt":"2023-12-27T11:27:27","slug":"reviews","status":"publish","type":"page","link":"https:\/\/crazytimecasino.in\/tr\/reviews\/","title":{"rendered":"Oyuncu Duygular\u0131: Crazy Time D\u00fcnyas\u0131ndaki Hikayenizi Payla\u015f\u0131n!"},"content":{"rendered":"<h3>\u0130nceleme: Online Casinoda Crazy Time Oyunu<\/h3>\n<p>Bir arkada\u015f\u0131m Crazy Time slot oyunundan bahsetti. Uzun zamand\u0131r \u00e7e\u015fitli oyunlar oynuyorum, ancak bu ger\u00e7ek bir online casinoda ilk deneyimimdi. \u0130lk ba\u015fta inanmad\u0131m, ancak burada ger\u00e7ekten bir krupiye ve sohbet var. \u00c7o\u011fu param\u0131 hemen kazanmad\u0131m, ancak bir \u015fans\u0131m\u0131 denedim ve Pachinko&#8217;ya bahis yapt\u0131m. Sonunda, 5 dolarl\u0131k bir bahisle 600 dolar getirdi. Sana da tavsiye ederim, arkada\u015flar.<\/p>\n<p>Arkadiy, 28 ya\u015f\u0131nda<\/p>\n<h3>\u0130nceleme: Crazy Time Ger\u00e7ekten Para Kazand\u0131r\u0131yor<\/h3>\n<p>Arkada\u015flar enstit\u00fcde \u00e7iftler halinde oynuyordu. Paran\u0131n kazan\u0131lmas\u0131na pek inanmad\u0131m, ama ben de oynamaya ba\u015flad\u0131m. Her \u015feye birden bahis yapmaya \u00e7al\u0131\u015farak \u00e7ok para kazand\u0131m. Siz de denemenizi \u00f6neririm.<\/p>\n<p>Nikolay, 18 ya\u015f\u0131nda<\/p>\n<h3>\u0130nceleme: En Etkili Para Kazanma Oyunu &#8211; Crazy Time<\/h3>\n<p>Her zaman bir kumarhaneyi ziyaret etmek istedim, ama f\u0131rsat\u0131m olmad\u0131. Oyun krupiyeleri var ve onlarla sohbet etme olana\u011f\u0131, evde bir kadeh \u015farap i\u00e7erken \u00f6zellikle ho\u015f. Ger\u00e7ek bir kumarhanedeymi\u015f gibi! Kaybedilen bahislerle bile 20 ila 30 dolar aras\u0131 kazan\u0131yordum. Para kazanmak isteyenler i\u00e7in Crazy Time en iyi se\u00e7enek olacak ve atmosfere dalman\u0131z\u0131 \u00f6neririm.<\/p>\n<p>Oleg, 44 ya\u015f\u0131nda<\/p>\n<h3>\u0130nceleme: \u0130ki Ayd\u0131r Crazy Time Oynuyorum ve \u015eimdiye Kadar \u0130yi Gidiyor<\/h3>\n<p>\u0130ki ayd\u0131r Crazy Time oynuyorum. Bir arkada\u015f\u0131m, \u00f6nce kazand\u0131\u011f\u0131n\u0131, sonra kaybetti\u011fini s\u00f6yledi. Ve nas\u0131l oynanaca\u011f\u0131n\u0131 anlad\u0131\u011f\u0131nda her \u015fey yoluna girdi. Maksimum kazan\u00e7 bir seferde 1500 dolar oldu. Herkese unutulmaz bir zaman ge\u00e7irmelerini tavsiye ederim!<\/p>\n<p>Mikhail, 38 ya\u015f\u0131nda<\/p>\n<h3>\u0130nceleme: Crazy Time&#8217;da Genellikle T\u00fcm Alanlara Bahis Yap\u0131yorum<\/h3>\n<p>Bir meslekta\u015f\u0131m Crazy Time oynuyordu ve bana g\u00f6sterdi. Ben de ondan ilk kez Crazy Time&#8217;\u0131 duydum. Ger\u00e7ekten b\u00fcy\u00fck kazanabilirsiniz, bu y\u00fczden her \u015feye bahis yap\u0131n. Bu \u015fekilde her g\u00fcn 100 ila 300 dolar aras\u0131 kazan\u00e7 elde ettim. Kazanc\u0131m\u0131 \u00e7ektim, \u00e7ekim h\u0131z\u0131 m\u00fckemmel, her \u015fey iyi. Herkese Crazy Time oynamay\u0131 tavsiye ederim.<\/p>\n<p>Andrey, 22 ya\u015f\u0131nda<\/p>\n<h3>Her ne kadar kumar\u0131 pek sevmesem de, Crazy Time&#8217;\u0131 be\u011fendim.<\/h3>\n<p>Her ne kadar kumar\u0131 pek sevmesem de, Crazy Time bana rahatlamama ve hatta bo\u015fanmadan sonra gelirimi art\u0131rmama yard\u0131mc\u0131 oldu. Tavsiyeleri i\u00e7in kay\u0131npederime minnettar\u0131m. Crazy Time&#8217;da oynamak i\u00e7in bir\u00e7ok yol var ve herkesin kendi stratejisi var. Oyun stratejime ba\u011fl\u0131 olarak bir ay i\u00e7inde 1200 dolar kazand\u0131m.<\/p>\n<p>Victor, 34 ya\u015f\u0131nda<\/p>\n<h3>\u0130nceleme: Crazy Time&#8217;daki Kumarhane Hissini Be\u011fendim<\/h3>\n<p>Crazy Time&#8217;da kumarhane hissini be\u011fendim ve kazan\u00e7lardan \u015fa\u015f\u0131rd\u0131m. Herhangi bir \u00e7aba harcamadan ayl\u0131k 3000 ila 5000 dolar ekstra kazanmak \u00e7ok g\u00fczel. Herkese Crazy Time oynamay\u0131 tavsiye ederim.<\/p>\n<p>Victoria, 32 ya\u015f\u0131nda<\/p>\n<h3>\u0130nceleme: Crazy Time Yuvas\u0131ndan \u0130yi Bir Kar Kazan\u0131yorum<\/h3>\n<p>Bir arkada\u015f\u0131m Crazy Time&#8217;\u0131 \u00f6nerdi ve uzun s\u00fcre tavsiyelerde bulundu. Oynamaya \u00e7al\u0131\u015ft\u0131m ve ba\u011f\u0131ml\u0131 oldum. \u0130lk ba\u015fta kazan\u00e7lar sadece bahislerle e\u015fitti, ancak oynamay\u0131 \u00f6\u011frendi\u011fimde Crazy Time&#8217;dan iyi para kazanmaya ba\u015flad\u0131m. Zaten yar\u0131m y\u0131lda 4000 dolar \u00e7ektim. Her kumar oyuncusuna Crazy Time&#8217;\u0131 tavsiye ediyorum.<\/p>\n<p>Oleg, 29 ya\u015f\u0131nda<\/p>\n","protected":false},"excerpt":{"rendered":"<p>\u0130nceleme: Online Casinoda Crazy Time Oyunu Bir arkada\u015f\u0131m Crazy Time slot oyunundan bahsetti. Uzun zamand\u0131r \u00e7e\u015fitli oyunlar oynuyorum, ancak bu ger\u00e7ek bir online casinoda ilk deneyimimdi. \u0130lk ba\u015fta inanmad\u0131m, ancak burada ger\u00e7ekten bir krupiye ve sohbet var. \u00c7o\u011fu param\u0131 hemen kazanmad\u0131m, ancak bir \u015fans\u0131m\u0131 denedim ve Pachinko&#8217;ya bahis yapt\u0131m. Sonunda, 5 dolarl\u0131k bir bahisle 600 [&hellip;]<\/p>\n","protected":false},"author":1,"featured_media":0,"parent":0,"menu_order":0,"comment_status":"closed","ping_status":"closed","template":"","meta":{"footnotes":""},"class_list":["post-13","page","type-page","status-publish","hentry"],"yoast_head":"<!-- This site is optimized with the Yoast SEO plugin v27.2 - https:\/\/yoast.com\/product\/yoast-seo-wordpress\/ -->\n<title>Ger\u00e7ek Oyuncu Hikayeleri: Crazy Time \u0130zlenimleri<\/title>\n<meta name=\"description\" content=\"Oyuncu de\u011ferlendirmelerini okuyun, kendi deneyimlerinizi payla\u015f\u0131n ve Crazy Time&#039;\u0131n neden milyonlar\u0131n kalbini kazand\u0131\u011f\u0131n\u0131 ke\u015ffedin.\" \/>\n<meta name=\"robots\" content=\"index, follow, max-snippet:-1, max-image-preview:large, max-video-preview:-1\" \/>\n<link rel=\"canonical\" href=\"https:\/\/crazytimecasino.in\/tr\/reviews\/\" \/>\n<meta property=\"og:locale\" content=\"tr_TR\" \/>\n<meta property=\"og:locale:alternate\" content=\"en_US\" \/>\n<meta property=\"og:locale:alternate\" content=\"ru_RU\" \/>\n<meta property=\"og:locale:alternate\" content=\"pt_PT\" \/>\n<meta property=\"og:locale:alternate\" content=\"es_ES\" \/>\n<meta property=\"og:locale:alternate\" content=\"ro_RO\" \/>\n<meta property=\"og:locale:alternate\" content=\"sr_RS\" \/>\n<meta property=\"og:locale:alternate\" content=\"bg_BG\" \/>\n<meta property=\"og:locale:alternate\" content=\"hu_HU\" \/>\n<meta property=\"og:locale:alternate\" content=\"pl_PL\" \/>\n<meta property=\"og:locale:alternate\" content=\"el\" \/>\n<meta property=\"og:type\" content=\"article\" \/>\n<meta property=\"og:title\" content=\"Ger\u00e7ek Oyuncu Hikayeleri: Crazy Time \u0130zlenimleri\" \/>\n<meta property=\"og:description\" content=\"Oyuncu de\u011ferlendirmelerini okuyun, kendi deneyimlerinizi payla\u015f\u0131n ve Crazy Time&#039;\u0131n neden milyonlar\u0131n kalbini kazand\u0131\u011f\u0131n\u0131 ke\u015ffedin.\" \/>\n<meta property=\"og:url\" content=\"https:\/\/crazytimecasino.in\/tr\/reviews\/\" \/>\n<meta property=\"og:site_name\" content=\"Crazy Time\" \/>\n<meta property=\"article:modified_time\" content=\"2023-12-27T11:27:27+00:00\" \/>\n<meta name=\"twitter:card\" content=\"summary_large_image\" \/>\n<meta name=\"twitter:label1\" content=\"Tahmini okuma s\u00fcresi\" \/>\n\t<meta name=\"twitter:data1\" content=\"32 dakika\" \/>\n<script type=\"application\/ld+json\" class=\"yoast-schema-graph\">{\"@context\":\"https:\/\/schema.org\",\"@graph\":[{\"@type\":\"WebPage\",\"@id\":\"https:\/\/crazytimecasino.in\/tr\/reviews\/\",\"url\":\"https:\/\/crazytimecasino.in\/tr\/reviews\/\",\"name\":\"Ger\u00e7ek Oyuncu Hikayeleri: Crazy Time \u0130zlenimleri\",\"isPartOf\":{\"@id\":\"https:\/\/crazytimecasino.in\/#website\"},\"datePublished\":\"2023-12-10T23:36:07+00:00\",\"dateModified\":\"2023-12-27T11:27:27+00:00\",\"description\":\"Oyuncu de\u011ferlendirmelerini okuyun, kendi deneyimlerinizi payla\u015f\u0131n ve Crazy Time'\u0131n neden milyonlar\u0131n kalbini kazand\u0131\u011f\u0131n\u0131 ke\u015ffedin.\",\"breadcrumb\":{\"@id\":\"https:\/\/crazytimecasino.in\/tr\/reviews\/#breadcrumb\"},\"inLanguage\":\"tr-TR\",\"potentialAction\":[{\"@type\":\"ReadAction\",\"target\":[\"https:\/\/crazytimecasino.in\/tr\/reviews\/\"]}]},{\"@type\":\"BreadcrumbList\",\"@id\":\"https:\/\/crazytimecasino.in\/tr\/reviews\/#breadcrumb\",\"itemListElement\":[{\"@type\":\"ListItem\",\"position\":1,\"name\":\"Home\",\"item\":\"https:\/\/crazytimecasino.in\/\"},{\"@type\":\"ListItem\",\"position\":2,\"name\":\"Oyuncu Duygular\u0131: Crazy Time D\u00fcnyas\u0131ndaki Hikayenizi Payla\u015f\u0131n!\"}]},{\"@type\":\"WebSite\",\"@id\":\"https:\/\/crazytimecasino.in\/#website\",\"url\":\"https:\/\/crazytimecasino.in\/\",\"name\":\"Crazy Time\",\"description\":\"\",\"publisher\":{\"@id\":\"https:\/\/crazytimecasino.in\/#organization\"},\"potentialAction\":[{\"@type\":\"SearchAction\",\"target\":{\"@type\":\"EntryPoint\",\"urlTemplate\":\"https:\/\/crazytimecasino.in\/?s={search_term_string}\"},\"query-input\":{\"@type\":\"PropertyValueSpecification\",\"valueRequired\":true,\"valueName\":\"search_term_string\"}}],\"inLanguage\":\"tr-TR\"},{\"@type\":\"Organization\",\"@id\":\"https:\/\/crazytimecasino.in\/#organization\",\"name\":\"Crazy Time\",\"url\":\"https:\/\/crazytimecasino.in\/\",\"logo\":{\"@type\":\"ImageObject\",\"inLanguage\":\"tr-TR\",\"@id\":\"https:\/\/crazytimecasino.in\/#\/schema\/logo\/image\/\",\"url\":\"https:\/\/crazytimecasino.in\/wp-content\/uploads\/cropped-crazy-time-logo.webp\",\"contentUrl\":\"https:\/\/crazytimecasino.in\/wp-content\/uploads\/cropped-crazy-time-logo.webp\",\"width\":114,\"height\":88,\"caption\":\"Crazy Time\"},\"image\":{\"@id\":\"https:\/\/crazytimecasino.in\/#\/schema\/logo\/image\/\"}}]}<\/script>\n<!-- \/ Yoast SEO plugin. -->","yoast_head_json":{"title":"Ger\u00e7ek Oyuncu Hikayeleri: Crazy Time \u0130zlenimleri","description":"Oyuncu de\u011ferlendirmelerini okuyun, kendi deneyimlerinizi payla\u015f\u0131n ve Crazy Time'\u0131n neden milyonlar\u0131n kalbini kazand\u0131\u011f\u0131n\u0131 ke\u015ffedin.","robots":{"index":"index","follow":"follow","max-snippet":"max-snippet:-1","max-image-preview":"max-image-preview:large","max-video-preview":"max-video-preview:-1"},"canonical":"https:\/\/crazytimecasino.in\/tr\/reviews\/","og_locale":"tr_TR","og_type":"article","og_title":"Ger\u00e7ek Oyuncu Hikayeleri: Crazy Time \u0130zlenimleri","og_description":"Oyuncu de\u011ferlendirmelerini okuyun, kendi deneyimlerinizi payla\u015f\u0131n ve Crazy Time'\u0131n neden milyonlar\u0131n kalbini kazand\u0131\u011f\u0131n\u0131 ke\u015ffedin.","og_url":"https:\/\/crazytimecasino.in\/tr\/reviews\/","og_site_name":"Crazy Time","article_modified_time":"2023-12-27T11:27:27+00:00","twitter_card":"summary_large_image","twitter_misc":{"Tahmini okuma s\u00fcresi":"32 dakika"},"schema":{"@context":"https:\/\/schema.org","@graph":[{"@type":"WebPage","@id":"https:\/\/crazytimecasino.in\/tr\/reviews\/","url":"https:\/\/crazytimecasino.in\/tr\/reviews\/","name":"Ger\u00e7ek Oyuncu Hikayeleri: Crazy Time \u0130zlenimleri","isPartOf":{"@id":"https:\/\/crazytimecasino.in\/#website"},"datePublished":"2023-12-10T23:36:07+00:00","dateModified":"2023-12-27T11:27:27+00:00","description":"Oyuncu de\u011ferlendirmelerini okuyun, kendi deneyimlerinizi payla\u015f\u0131n ve Crazy Time'\u0131n neden milyonlar\u0131n kalbini kazand\u0131\u011f\u0131n\u0131 ke\u015ffedin.","breadcrumb":{"@id":"https:\/\/crazytimecasino.in\/tr\/reviews\/#breadcrumb"},"inLanguage":"tr-TR","potentialAction":[{"@type":"ReadAction","target":["https:\/\/crazytimecasino.in\/tr\/reviews\/"]}]},{"@type":"BreadcrumbList","@id":"https:\/\/crazytimecasino.in\/tr\/reviews\/#breadcrumb","itemListElement":[{"@type":"ListItem","position":1,"name":"Home","item":"https:\/\/crazytimecasino.in\/"},{"@type":"ListItem","position":2,"name":"Oyuncu Duygular\u0131: Crazy Time D\u00fcnyas\u0131ndaki Hikayenizi Payla\u015f\u0131n!"}]},{"@type":"WebSite","@id":"https:\/\/crazytimecasino.in\/#website","url":"https:\/\/crazytimecasino.in\/","name":"Crazy Time","description":"","publisher":{"@id":"https:\/\/crazytimecasino.in\/#organization"},"potentialAction":[{"@type":"SearchAction","target":{"@type":"EntryPoint","urlTemplate":"https:\/\/crazytimecasino.in\/?s={search_term_string}"},"query-input":{"@type":"PropertyValueSpecification","valueRequired":true,"valueName":"search_term_string"}}],"inLanguage":"tr-TR"},{"@type":"Organization","@id":"https:\/\/crazytimecasino.in\/#organization","name":"Crazy Time","url":"https:\/\/crazytimecasino.in\/","logo":{"@type":"ImageObject","inLanguage":"tr-TR","@id":"https:\/\/crazytimecasino.in\/#\/schema\/logo\/image\/","url":"https:\/\/crazytimecasino.in\/wp-content\/uploads\/cropped-crazy-time-logo.webp","contentUrl":"https:\/\/crazytimecasino.in\/wp-content\/uploads\/cropped-crazy-time-logo.webp","width":114,"height":88,"caption":"Crazy Time"},"image":{"@id":"https:\/\/crazytimecasino.in\/#\/schema\/logo\/image\/"}}]}},"_links":{"self":[{"href":"https:\/\/crazytimecasino.in\/tr\/wp-json\/wp\/v2\/pages\/13","targetHints":{"allow":["GET"]}}],"collection":[{"href":"https:\/\/crazytimecasino.in\/tr\/wp-json\/wp\/v2\/pages"}],"about":[{"href":"https:\/\/crazytimecasino.in\/tr\/wp-json\/wp\/v2\/types\/page"}],"author":[{"embeddable":true,"href":"https:\/\/crazytimecasino.in\/tr\/wp-json\/wp\/v2\/users\/1"}],"replies":[{"embeddable":true,"href":"https:\/\/crazytimecasino.in\/tr\/wp-json\/wp\/v2\/comments?post=13"}],"version-history":[{"count":25,"href":"https:\/\/crazytimecasino.in\/tr\/wp-json\/wp\/v2\/pages\/13\/revisions"}],"predecessor-version":[{"id":172,"href":"https:\/\/crazytimecasino.in\/tr\/wp-json\/wp\/v2\/pages\/13\/revisions\/172"}],"wp:attachment":[{"href":"https:\/\/crazytimecasino.in\/tr\/wp-json\/wp\/v2\/media?parent=13"}],"curies":[{"name":"wp","href":"https:\/\/api.w.org\/{rel}","templated":true}]}}