{"id":11,"date":"2023-12-10T23:08:12","date_gmt":"2023-12-10T23:08:12","guid":{"rendered":"https:\/\/crazytimecasino.in\/?page_id=11"},"modified":"2023-12-27T11:21:52","modified_gmt":"2023-12-27T11:21:52","slug":"faq","status":"publish","type":"page","link":"https:\/\/crazytimecasino.in\/tr\/faq\/","title":{"rendered":"Crazy Time Hakk\u0131nda S\u0131k\u00e7a Sorulan Sorular\u0131n Yan\u0131tlar\u0131: A\u00e7\u0131klamalar ve \u0130pu\u00e7lar\u0131"},"content":{"rendered":"<h3>Crazy Time&#8217;da minimum bahis ne kadar?<\/h3>\n<p>Crazy Time&#8217;da minimum bahis 10 sent ve maksimum bahis 1000 dolard\u0131r.<\/p>\n<h3>Crazy Time oyununda sohbet var m\u0131?<\/h3>\n<p>Evet, oyun sunucusu ve di\u011fer oyuncularla ileti\u015fim kurabilirsiniz. Ancak, Crazy Time sohbetinde d\u00fczg\u00fcnl\u00fck kurallar\u0131na uyunuz.<\/p>\n<h3>Oyun aray\u00fcz\u00fcnde istatistikler nas\u0131l g\u00f6r\u00fcn\u00fcyor?<\/h3>\n<p>\u0130statistikler b\u00f6l\u00fcm\u00fc, oyunun son rauntlar\u0131ndaki kazan\u00e7 sonu\u00e7lar\u0131n\u0131 g\u00f6sterir.<\/p>\n<h3>Oyun numaras\u0131 ne anlama geliyor?<\/h3>\n<p>Her Crazy Time raundunun kendi oyun numaras\u0131 vard\u0131r. \u00d6rne\u011fin, #10 numaras\u0131 saat 21:10&#8217;da. Bu numara, oyunun Greenwich Mean Time&#8217;daki saat ve dakikalar\u0131n\u0131 g\u00f6sterir. Belirli bir rauntla ilgili m\u00fc\u015fteri deste\u011fiyle ileti\u015fim kurmak istiyorsan\u0131z bu oyun numaras\u0131n\u0131 kullan\u0131n.<\/p>\n<h3>Crazy Time&#8217;da \u00e7oklu oyun modu nedir?<\/h3>\n<p>Tek bir oyunla s\u0131n\u0131rl\u0131 kalmak istemiyorsan\u0131z, ayn\u0131 anda birden \u00e7ok masada oynayabilirsiniz.<\/p>\n<h3>Crazy Time&#8217;da otomatik oyun modu var m\u0131?<\/h3>\n<p>Evet, otomatik oyun m\u00fcmk\u00fcnd\u00fcr. Otomatik oyun, belirli bir say\u0131da oyun raundu boyunca se\u00e7ilen bahisi veya bahisleri tekrarlaman\u0131za olanak tan\u0131r. Bahisleri bahis gridine yerle\u015ftirin ve oyunu ba\u015flatmak i\u00e7in &#8220;Otomatik Oyun&#8221; d\u00fc\u011fmesine t\u0131klay\u0131n.<\/p>\n","protected":false},"excerpt":{"rendered":"<p>Crazy Time&#8217;da minimum bahis ne kadar? Crazy Time&#8217;da minimum bahis 10 sent ve maksimum bahis 1000 dolard\u0131r. Crazy Time oyununda sohbet var m\u0131? Evet, oyun sunucusu ve di\u011fer oyuncularla ileti\u015fim kurabilirsiniz. Ancak, Crazy Time sohbetinde d\u00fczg\u00fcnl\u00fck kurallar\u0131na uyunuz. Oyun aray\u00fcz\u00fcnde istatistikler nas\u0131l g\u00f6r\u00fcn\u00fcyor? \u0130statistikler b\u00f6l\u00fcm\u00fc, oyunun son rauntlar\u0131ndaki kazan\u00e7 sonu\u00e7lar\u0131n\u0131 g\u00f6sterir. Oyun numaras\u0131 ne anlama [&hellip;]<\/p>\n","protected":false},"author":1,"featured_media":0,"parent":0,"menu_order":0,"comment_status":"closed","ping_status":"closed","template":"","meta":{"footnotes":""},"class_list":["post-11","page","type-page","status-publish","hentry"],"yoast_head":"<!-- This site is optimized with the Yoast SEO plugin v27.2 - https:\/\/yoast.com\/product\/yoast-seo-wordpress\/ -->\n<title>\u0427\u0435\u0441\u0442\u0430 \u043f\u0438\u0442\u0430\u045a\u0430 \u043e Crazy Time: \u041e\u0434\u0433\u043e\u0432\u043e\u0440\u0438 \u043d\u0430 \u0432\u0430\u0448\u0430 \u043f\u0438\u0442\u0430\u045a\u0430 \u043e \u0438\u0433\u0440\u0438<\/title>\n<meta name=\"description\" content=\"Crazy Time sorular\u0131n\u0131za yan\u0131t bulmak kolay. Kumar d\u00fcnyas\u0131n\u0131n heyecan verici sular\u0131nda ba\u015far\u0131l\u0131 bir dal\u0131\u015f i\u00e7in a\u00e7\u0131klamalar ve ipu\u00e7lar\u0131.\" \/>\n<meta name=\"robots\" content=\"index, follow, max-snippet:-1, max-image-preview:large, max-video-preview:-1\" \/>\n<link rel=\"canonical\" href=\"https:\/\/crazytimecasino.in\/tr\/faq\/\" \/>\n<meta property=\"og:locale\" content=\"tr_TR\" \/>\n<meta property=\"og:locale:alternate\" content=\"en_US\" \/>\n<meta property=\"og:locale:alternate\" content=\"ru_RU\" \/>\n<meta property=\"og:locale:alternate\" content=\"pt_PT\" \/>\n<meta property=\"og:locale:alternate\" content=\"es_ES\" \/>\n<meta property=\"og:locale:alternate\" content=\"ro_RO\" \/>\n<meta property=\"og:locale:alternate\" content=\"sr_RS\" \/>\n<meta property=\"og:locale:alternate\" content=\"bg_BG\" \/>\n<meta property=\"og:locale:alternate\" content=\"hu_HU\" \/>\n<meta property=\"og:locale:alternate\" content=\"pl_PL\" \/>\n<meta property=\"og:locale:alternate\" content=\"el\" \/>\n<meta property=\"og:type\" content=\"article\" \/>\n<meta property=\"og:title\" content=\"\u0427\u0435\u0441\u0442\u0430 \u043f\u0438\u0442\u0430\u045a\u0430 \u043e Crazy Time: \u041e\u0434\u0433\u043e\u0432\u043e\u0440\u0438 \u043d\u0430 \u0432\u0430\u0448\u0430 \u043f\u0438\u0442\u0430\u045a\u0430 \u043e \u0438\u0433\u0440\u0438\" \/>\n<meta property=\"og:description\" content=\"\u041f\u0440\u0430\u0448\u0430\u045a\u0430 \u043e Crazy Time \u043b\u0430\u043a\u043e \u045b\u0435\u0442\u0435 \u043d\u0430\u045b\u0438 \u043e\u0434\u0433\u043e\u0432\u043e\u0440\u0435. \u041e\u0431\u0458\u0430\u0448\u045a\u0435\u045a\u0430 \u0438 \u0441\u0430\u0432\u0435\u0442\u0438 \u0437\u0430 \u0443\u0441\u043f\u0435\u0448\u043d\u043e \u0443\u043f\u0443\u0448\u0442\u0430\u045a\u0435 \u0443 \u0443\u0437\u0431\u0443\u0434\u0459\u0438\u0432\u0438 \u0441\u0432\u0435\u0442 \u0430\u0437\u0430\u0440\u0442\u043d\u0438\u0445 \u0438\u0433\u0430\u0440\u0430.\" \/>\n<meta property=\"og:url\" content=\"https:\/\/crazytimecasino.in\/tr\/faq\/\" \/>\n<meta property=\"og:site_name\" content=\"Crazy Time\" \/>\n<meta property=\"article:modified_time\" content=\"2023-12-27T11:21:52+00:00\" \/>\n<meta name=\"twitter:card\" content=\"summary_large_image\" \/>\n<meta name=\"twitter:label1\" content=\"Tahmini okuma s\u00fcresi\" \/>\n\t<meta name=\"twitter:data1\" content=\"8 dakika\" \/>\n<script type=\"application\/ld+json\" class=\"yoast-schema-graph\">{\"@context\":\"https:\/\/schema.org\",\"@graph\":[{\"@type\":\"WebPage\",\"@id\":\"https:\/\/crazytimecasino.in\/sr\/faq\/\",\"url\":\"https:\/\/crazytimecasino.in\/sr\/faq\/\",\"name\":\"\u0427\u0435\u0441\u0442\u0430 \u043f\u0438\u0442\u0430\u045a\u0430 \u043e Crazy Time: \u041e\u0434\u0433\u043e\u0432\u043e\u0440\u0438 \u043d\u0430 \u0432\u0430\u0448\u0430 \u043f\u0438\u0442\u0430\u045a\u0430 \u043e \u0438\u0433\u0440\u0438\",\"isPartOf\":{\"@id\":\"https:\/\/crazytimecasino.in\/#website\"},\"datePublished\":\"2023-12-10T23:08:12+00:00\",\"dateModified\":\"2023-12-27T11:21:52+00:00\",\"description\":\"\u041f\u0440\u0430\u0448\u0430\u045a\u0430 \u043e Crazy Time \u043b\u0430\u043a\u043e \u045b\u0435\u0442\u0435 \u043d\u0430\u045b\u0438 \u043e\u0434\u0433\u043e\u0432\u043e\u0440\u0435. \u041e\u0431\u0458\u0430\u0448\u045a\u0435\u045a\u0430 \u0438 \u0441\u0430\u0432\u0435\u0442\u0438 \u0437\u0430 \u0443\u0441\u043f\u0435\u0448\u043d\u043e \u0443\u043f\u0443\u0448\u0442\u0430\u045a\u0435 \u0443 \u0443\u0437\u0431\u0443\u0434\u0459\u0438\u0432\u0438 \u0441\u0432\u0435\u0442 \u0430\u0437\u0430\u0440\u0442\u043d\u0438\u0445 \u0438\u0433\u0430\u0440\u0430.\",\"breadcrumb\":{\"@id\":\"https:\/\/crazytimecasino.in\/sr\/faq\/#breadcrumb\"},\"inLanguage\":\"tr-TR\",\"potentialAction\":[{\"@type\":\"ReadAction\",\"target\":[\"https:\/\/crazytimecasino.in\/sr\/faq\/\"]}]},{\"@type\":\"BreadcrumbList\",\"@id\":\"https:\/\/crazytimecasino.in\/sr\/faq\/#breadcrumb\",\"itemListElement\":[{\"@type\":\"ListItem\",\"position\":1,\"name\":\"Home\",\"item\":\"https:\/\/crazytimecasino.in\/\"},{\"@type\":\"ListItem\",\"position\":2,\"name\":\"\u041e\u0434\u0433\u043e\u0432\u043e\u0440\u0438 \u043d\u0430 \u0447\u0435\u0441\u0442\u043e \u043f\u043e\u0441\u0442\u0430\u0432\u0459\u0430\u043d\u0430 \u043f\u0438\u0442\u0430\u045a\u0430 \u043e Crazy Time: \u041f\u043e\u0458\u0430\u0448\u045a\u0435\u045a\u0430 \u0438 \u0421\u0430\u0432\u0435\u0442\u0438\"}]},{\"@type\":\"WebSite\",\"@id\":\"https:\/\/crazytimecasino.in\/#website\",\"url\":\"https:\/\/crazytimecasino.in\/\",\"name\":\"Crazy Time\",\"description\":\"\",\"publisher\":{\"@id\":\"https:\/\/crazytimecasino.in\/#organization\"},\"potentialAction\":[{\"@type\":\"SearchAction\",\"target\":{\"@type\":\"EntryPoint\",\"urlTemplate\":\"https:\/\/crazytimecasino.in\/?s={search_term_string}\"},\"query-input\":{\"@type\":\"PropertyValueSpecification\",\"valueRequired\":true,\"valueName\":\"search_term_string\"}}],\"inLanguage\":\"tr-TR\"},{\"@type\":\"Organization\",\"@id\":\"https:\/\/crazytimecasino.in\/#organization\",\"name\":\"Crazy Time\",\"url\":\"https:\/\/crazytimecasino.in\/\",\"logo\":{\"@type\":\"ImageObject\",\"inLanguage\":\"tr-TR\",\"@id\":\"https:\/\/crazytimecasino.in\/#\/schema\/logo\/image\/\",\"url\":\"https:\/\/crazytimecasino.in\/wp-content\/uploads\/cropped-crazy-time-logo.webp\",\"contentUrl\":\"https:\/\/crazytimecasino.in\/wp-content\/uploads\/cropped-crazy-time-logo.webp\",\"width\":114,\"height\":88,\"caption\":\"Crazy Time\"},\"image\":{\"@id\":\"https:\/\/crazytimecasino.in\/#\/schema\/logo\/image\/\"}}]}<\/script>\n<!-- \/ Yoast SEO plugin. -->","yoast_head_json":{"title":"\u0427\u0435\u0441\u0442\u0430 \u043f\u0438\u0442\u0430\u045a\u0430 \u043e Crazy Time: \u041e\u0434\u0433\u043e\u0432\u043e\u0440\u0438 \u043d\u0430 \u0432\u0430\u0448\u0430 \u043f\u0438\u0442\u0430\u045a\u0430 \u043e \u0438\u0433\u0440\u0438","description":"Crazy Time sorular\u0131n\u0131za yan\u0131t bulmak kolay. Kumar d\u00fcnyas\u0131n\u0131n heyecan verici sular\u0131nda ba\u015far\u0131l\u0131 bir dal\u0131\u015f i\u00e7in a\u00e7\u0131klamalar ve ipu\u00e7lar\u0131.","robots":{"index":"index","follow":"follow","max-snippet":"max-snippet:-1","max-image-preview":"max-image-preview:large","max-video-preview":"max-video-preview:-1"},"canonical":"https:\/\/crazytimecasino.in\/tr\/faq\/","og_locale":"tr_TR","og_type":"article","og_title":"\u0427\u0435\u0441\u0442\u0430 \u043f\u0438\u0442\u0430\u045a\u0430 \u043e Crazy Time: \u041e\u0434\u0433\u043e\u0432\u043e\u0440\u0438 \u043d\u0430 \u0432\u0430\u0448\u0430 \u043f\u0438\u0442\u0430\u045a\u0430 \u043e \u0438\u0433\u0440\u0438","og_description":"\u041f\u0440\u0430\u0448\u0430\u045a\u0430 \u043e Crazy Time \u043b\u0430\u043a\u043e \u045b\u0435\u0442\u0435 \u043d\u0430\u045b\u0438 \u043e\u0434\u0433\u043e\u0432\u043e\u0440\u0435. \u041e\u0431\u0458\u0430\u0448\u045a\u0435\u045a\u0430 \u0438 \u0441\u0430\u0432\u0435\u0442\u0438 \u0437\u0430 \u0443\u0441\u043f\u0435\u0448\u043d\u043e \u0443\u043f\u0443\u0448\u0442\u0430\u045a\u0435 \u0443 \u0443\u0437\u0431\u0443\u0434\u0459\u0438\u0432\u0438 \u0441\u0432\u0435\u0442 \u0430\u0437\u0430\u0440\u0442\u043d\u0438\u0445 \u0438\u0433\u0430\u0440\u0430.","og_url":"https:\/\/crazytimecasino.in\/tr\/faq\/","og_site_name":"Crazy Time","article_modified_time":"2023-12-27T11:21:52+00:00","twitter_card":"summary_large_image","twitter_misc":{"Tahmini okuma s\u00fcresi":"8 dakika"},"schema":{"@context":"https:\/\/schema.org","@graph":[{"@type":"WebPage","@id":"https:\/\/crazytimecasino.in\/sr\/faq\/","url":"https:\/\/crazytimecasino.in\/sr\/faq\/","name":"\u0427\u0435\u0441\u0442\u0430 \u043f\u0438\u0442\u0430\u045a\u0430 \u043e Crazy Time: \u041e\u0434\u0433\u043e\u0432\u043e\u0440\u0438 \u043d\u0430 \u0432\u0430\u0448\u0430 \u043f\u0438\u0442\u0430\u045a\u0430 \u043e \u0438\u0433\u0440\u0438","isPartOf":{"@id":"https:\/\/crazytimecasino.in\/#website"},"datePublished":"2023-12-10T23:08:12+00:00","dateModified":"2023-12-27T11:21:52+00:00","description":"\u041f\u0440\u0430\u0448\u0430\u045a\u0430 \u043e Crazy Time \u043b\u0430\u043a\u043e \u045b\u0435\u0442\u0435 \u043d\u0430\u045b\u0438 \u043e\u0434\u0433\u043e\u0432\u043e\u0440\u0435. \u041e\u0431\u0458\u0430\u0448\u045a\u0435\u045a\u0430 \u0438 \u0441\u0430\u0432\u0435\u0442\u0438 \u0437\u0430 \u0443\u0441\u043f\u0435\u0448\u043d\u043e \u0443\u043f\u0443\u0448\u0442\u0430\u045a\u0435 \u0443 \u0443\u0437\u0431\u0443\u0434\u0459\u0438\u0432\u0438 \u0441\u0432\u0435\u0442 \u0430\u0437\u0430\u0440\u0442\u043d\u0438\u0445 \u0438\u0433\u0430\u0440\u0430.","breadcrumb":{"@id":"https:\/\/crazytimecasino.in\/sr\/faq\/#breadcrumb"},"inLanguage":"tr-TR","potentialAction":[{"@type":"ReadAction","target":["https:\/\/crazytimecasino.in\/sr\/faq\/"]}]},{"@type":"BreadcrumbList","@id":"https:\/\/crazytimecasino.in\/sr\/faq\/#breadcrumb","itemListElement":[{"@type":"ListItem","position":1,"name":"Home","item":"https:\/\/crazytimecasino.in\/"},{"@type":"ListItem","position":2,"name":"\u041e\u0434\u0433\u043e\u0432\u043e\u0440\u0438 \u043d\u0430 \u0447\u0435\u0441\u0442\u043e \u043f\u043e\u0441\u0442\u0430\u0432\u0459\u0430\u043d\u0430 \u043f\u0438\u0442\u0430\u045a\u0430 \u043e Crazy Time: \u041f\u043e\u0458\u0430\u0448\u045a\u0435\u045a\u0430 \u0438 \u0421\u0430\u0432\u0435\u0442\u0438"}]},{"@type":"WebSite","@id":"https:\/\/crazytimecasino.in\/#website","url":"https:\/\/crazytimecasino.in\/","name":"Crazy Time","description":"","publisher":{"@id":"https:\/\/crazytimecasino.in\/#organization"},"potentialAction":[{"@type":"SearchAction","target":{"@type":"EntryPoint","urlTemplate":"https:\/\/crazytimecasino.in\/?s={search_term_string}"},"query-input":{"@type":"PropertyValueSpecification","valueRequired":true,"valueName":"search_term_string"}}],"inLanguage":"tr-TR"},{"@type":"Organization","@id":"https:\/\/crazytimecasino.in\/#organization","name":"Crazy Time","url":"https:\/\/crazytimecasino.in\/","logo":{"@type":"ImageObject","inLanguage":"tr-TR","@id":"https:\/\/crazytimecasino.in\/#\/schema\/logo\/image\/","url":"https:\/\/crazytimecasino.in\/wp-content\/uploads\/cropped-crazy-time-logo.webp","contentUrl":"https:\/\/crazytimecasino.in\/wp-content\/uploads\/cropped-crazy-time-logo.webp","width":114,"height":88,"caption":"Crazy Time"},"image":{"@id":"https:\/\/crazytimecasino.in\/#\/schema\/logo\/image\/"}}]}},"_links":{"self":[{"href":"https:\/\/crazytimecasino.in\/tr\/wp-json\/wp\/v2\/pages\/11","targetHints":{"allow":["GET"]}}],"collection":[{"href":"https:\/\/crazytimecasino.in\/tr\/wp-json\/wp\/v2\/pages"}],"about":[{"href":"https:\/\/crazytimecasino.in\/tr\/wp-json\/wp\/v2\/types\/page"}],"author":[{"embeddable":true,"href":"https:\/\/crazytimecasino.in\/tr\/wp-json\/wp\/v2\/users\/1"}],"replies":[{"embeddable":true,"href":"https:\/\/crazytimecasino.in\/tr\/wp-json\/wp\/v2\/comments?post=11"}],"version-history":[{"count":28,"href":"https:\/\/crazytimecasino.in\/tr\/wp-json\/wp\/v2\/pages\/11\/revisions"}],"predecessor-version":[{"id":156,"href":"https:\/\/crazytimecasino.in\/tr\/wp-json\/wp\/v2\/pages\/11\/revisions\/156"}],"wp:attachment":[{"href":"https:\/\/crazytimecasino.in\/tr\/wp-json\/wp\/v2\/media?parent=11"}],"curies":[{"name":"wp","href":"https:\/\/api.w.org\/{rel}","templated":true}]}}