{"id":9,"date":"2023-12-10T23:04:22","date_gmt":"2023-12-10T23:04:22","guid":{"rendered":"https:\/\/crazytimecasino.in\/?page_id=9"},"modified":"2023-12-27T11:24:44","modified_gmt":"2023-12-27T11:24:44","slug":"strategies","status":"publish","type":"page","link":"https:\/\/crazytimecasino.in\/ro\/strategies\/","title":{"rendered":"St\u0103p\u00e2nirea strategiilor pentru Crazy Time: Cre\u0219te\u021bi-v\u0103 \u0219ansele de victorie"},"content":{"rendered":"<h2>Cum s\u0103 c\u00e2\u0219tigi \u00een Crazy Time folosind strategii \u0219i tactici eficiente?<\/h2>\n<p>Haidem s\u0103 explor\u0103m strategii \u0219i tactici care te vor ajuta s\u0103 ob\u021bii succes \u00een fascinanta joc Crazy Time. Crazy Time \u00een cazinourile online nu este doar distrac\u021bie; aici se afl\u0103 bani reali. Un joc eficient implic\u0103 urmarea anumitor strategii.<\/p>\n<p>Este crucial s\u0103-\u021bi aminte\u0219ti c\u0103 \u00een Crazy Time, exist\u0103 \u00eentotdeauna riscul de a pierde fonduri din cauza pariurilor incorecte. Acest lucru se \u00eent\u00e2mpl\u0103 atunci c\u00e2nd juc\u0103torii aleg sectoarele gre\u0219ite. Uneori, tenta\u021bia de a face pariuri substan\u021biale cre\u0219te, iar tu ai putea decide s\u0103 ri\u0219ti, concentr\u00e2ndu-te pe sectorul Crazy Time. \u00cen astfel de momente, pierderile sunt inevitabile. Scopul nostru este s\u0103-\u021bi furniz\u0103m strategii \u0219i tactici care te vor ajuta s\u0103 evi\u021bi c\u0103derile emo\u021bionale \u0219i financiare, asigur\u00e2ndu-\u021bi un venit stabil \u00een Crazy Time.<\/p>\n<p>Deci, cum c\u00e2\u0219tigi? Cum ob\u021bii c\u00e2\u0219tiguri reale juc\u00e2nd slotul online Crazy Time? Avem c\u00e2teva abord\u0103ri, iar alegerea \u00ee\u021bi apar\u021bine.<\/p>\n<p>S\u0103-\u021bi reamintim c\u0103 \u00een cazinoul online Crazy Time, este avantajos s\u0103 plasezi pariuri pe mai multe zone. Acest lucru reduce riscurile \u0219i asigur\u0103 c\u00e2\u0219tiguri poten\u021biale maxime.<\/p>\n<h2>Strategia &#8222;Pruden\u021ba &#8211; Calea c\u0103tre Succes&#8221; \u00een Crazy Time<\/h2>\n<p>Aceasta este prima op\u021biune de strategie, perfect\u0103 pentru cei care prefer\u0103 o abordare lini\u0219tit\u0103 f\u0103r\u0103 stres inutil. Scopul principal este o cre\u0219tere gradual\u0103 a c\u00e2\u0219tigurilor pas cu pas. Poate nu te \u00eembog\u0103\u021be\u0219ti instantaneu, dar po\u021bi construi constant depozitul.<\/p>\n<p>Ideea este de a cre\u0219te probabilitatea de a ateriza pe sectoare simple x1, x2 \u0219i x5, deoarece probabilitatea lor combinat\u0103 dep\u0103\u0219e\u0219te 75%. Acest lucru \u00eenseamn\u0103 c\u0103 exist\u0103 \u0219ansa de a recupera pariul minim \u00een dou\u0103 din trei jocuri.<\/p>\n<p>Dup\u0103 aceea, apare un multiplicator de sector pe tabl\u0103. Datorit\u0103 acestui multiplicator, po\u021bi c\u00e2\u0219tiga o sum\u0103 semnificativ\u0103, cresc\u00e2nd \u00een mod semnificativ soldul jocului. De exemplu, plasarea unui pariu de 200 de dolari pe sectorul x2 duce la o cre\u0219tere la x7 cu multiplicatorul de sector, oferind \u00een final x14 pentru pariu.<\/p>\n<p>Acesta este un rezultat excelent pentru pariurile \u00eentr-un cazinou online, \u00een special \u00een Crazy Time, unde un pariu obi\u0219nuit x2 poate \u00eembun\u0103t\u0103\u021bi semnificativ soldul jocului.<\/p>\n<p>Cu toate c\u0103 necesit\u0103 timp \u0219i pruden\u021b\u0103, aceast\u0103 strategie asigur\u0103 maximum de pl\u0103cere din jocul Crazy Time cu riscuri minime.<\/p>\n<h2>Strategia &#8222;Riscul Justific\u0103 Costurile&#8221; \u00een Crazy Time<\/h2>\n<p>Scopul acestei strategii este de a maximiza c\u00e2\u0219tigurile \u00een c\u00e2t mai multe sectoare posibil.<\/p>\n<p>\u00cencepe cu pariuri minime pe toate odat\u0103. Asigur\u0103-te c\u0103 fondurile tale sunt suficient de mari pentru a utiliza aceast\u0103 strategie \u00een cazinoul online. Merit\u0103 men\u021bionat c\u0103 c\u00e2\u0219tigurile mici vor compensa eventualele pierderi semnificative. Aceast\u0103 strategie \u00ee\u0219i propune s\u0103 creasc\u0103 num\u0103rul de pariuri, cresc\u00e2nd \u0219ansele declan\u0219\u0103rii unui joc bonus. Acest lucru se realizeaz\u0103 pentru c\u0103 nivelele bonus pot acumula multiplicatori p\u00e2n\u0103 la x25000, compens\u00e2nd toate investi\u021biile p\u00e2n\u0103 la acest nivel. Sincer, aceasta este o strategie mai riscula\u021b\u0103 dec\u00e2t cea anterioar\u0103, dar c\u00e2\u0219tigurile poten\u021biale sunt semnificativ mai mari.<\/p>\n<h2>Strategia &#8222;Norocul Favorizeaz\u0103 Curajo\u0219ii&#8221; \u00een Crazy Time<\/h2>\n<p>C\u00e2\u0219tigarea \u00een Crazy Time este a treia metod\u0103 de succes. Imers\u00e2ndu-te \u00een lumea Crazy Time online, trebuie s\u0103 iei riscuri \u0219i s\u0103 sper\u0103m c\u0103 norocul este de partea ta. Dac\u0103 ai \u00eencredere \u00een soldul t\u0103u \u0219i nu \u00ee\u021bi este team\u0103 s\u0103 iei riscuri, aceast\u0103 op\u021biune este pentru tine.<\/p>\n<p>Pariaz\u0103 semnificativ pe jocurile bonus f\u0103r\u0103 a cheltui bani pe pariuri mici \u00eenainte de a juca sume mari. Cre\u0219te-\u021bi pariul de mai multe ori. Apropie-te continuu de sectorul Crazy Time preferat.<\/p>\n<p>Este remarcabil faptul c\u0103 \u00een tragerile sectorului Crazy Time \u00een sine, ai oportunitatea de a alege unul dintre cele trei semnale, cresc\u00e2nd \u0219ansele tale de c\u00e2\u0219tig \u00een func\u021bie de intui\u021bia ta.<\/p>\n","protected":false},"excerpt":{"rendered":"<p>Cum s\u0103 c\u00e2\u0219tigi \u00een Crazy Time folosind strategii \u0219i tactici eficiente? Haidem s\u0103 explor\u0103m strategii \u0219i tactici care te vor ajuta s\u0103 ob\u021bii succes \u00een fascinanta joc Crazy Time. Crazy Time \u00een cazinourile online nu este doar distrac\u021bie; aici se afl\u0103 bani reali. Un joc eficient implic\u0103 urmarea anumitor strategii. Este crucial s\u0103-\u021bi aminte\u0219ti c\u0103 [&hellip;]<\/p>\n","protected":false},"author":1,"featured_media":0,"parent":0,"menu_order":0,"comment_status":"closed","ping_status":"closed","template":"","meta":{"footnotes":""},"class_list":["post-9","page","type-page","status-publish","hentry"],"yoast_head":"<!-- This site is optimized with the Yoast SEO plugin v27.2 - https:\/\/yoast.com\/product\/yoast-seo-wordpress\/ -->\n<title>\u0422\u0430\u0458\u043d\u0435 \u0443\u0441\u043f\u0435\u0445\u0430: \u0415\u0444\u0438\u043a\u0430\u0441\u043d\u0435 \u0441\u0442\u0440\u0430\u0442\u0435\u0433\u0438\u0458\u0435 \u0437\u0430 \u0438\u0433\u0440\u0430\u045a\u0435 Crazy Time<\/title>\n<meta name=\"description\" content=\"St\u0103p\u00e2ni\u021bi subtilit\u0103\u021bile strategiilor pentru victorie \u00een jocul de noroc, Crazy Time. Cre\u0219te\u021bi-v\u0103 \u0219ansele \u0219i savura\u021bi c\u00e2\u0219tiguri semnificative.\" \/>\n<meta name=\"robots\" content=\"index, follow, max-snippet:-1, max-image-preview:large, max-video-preview:-1\" \/>\n<link rel=\"canonical\" href=\"https:\/\/crazytimecasino.in\/ro\/strategies\/\" \/>\n<meta property=\"og:locale\" content=\"ro_RO\" \/>\n<meta property=\"og:locale:alternate\" content=\"en_US\" \/>\n<meta property=\"og:locale:alternate\" content=\"ru_RU\" \/>\n<meta property=\"og:locale:alternate\" content=\"pt_PT\" \/>\n<meta property=\"og:locale:alternate\" content=\"es_ES\" \/>\n<meta property=\"og:locale:alternate\" content=\"sr_RS\" \/>\n<meta property=\"og:locale:alternate\" content=\"bg_BG\" \/>\n<meta property=\"og:locale:alternate\" content=\"hu_HU\" \/>\n<meta property=\"og:locale:alternate\" content=\"pl_PL\" \/>\n<meta property=\"og:locale:alternate\" content=\"el\" \/>\n<meta property=\"og:locale:alternate\" content=\"tr_TR\" \/>\n<meta property=\"og:type\" content=\"article\" \/>\n<meta property=\"og:title\" content=\"\u0422\u0430\u0458\u043d\u0435 \u0443\u0441\u043f\u0435\u0445\u0430: \u0415\u0444\u0438\u043a\u0430\u0441\u043d\u0435 \u0441\u0442\u0440\u0430\u0442\u0435\u0433\u0438\u0458\u0435 \u0437\u0430 \u0438\u0433\u0440\u0430\u045a\u0435 Crazy Time\" \/>\n<meta property=\"og:description\" content=\"\u041e\u0432\u043b\u0430\u0434\u0430\u0458\u0442\u0435 \u0442\u0430\u0458\u043d\u0430\u043c\u0430 \u0441\u0442\u0440\u0430\u0442\u0435\u0433\u0438\u0458\u0430 \u0437\u0430 \u043f\u043e\u0431\u0435\u0434\u0443 \u0443 \u0430\u0437\u0430\u0440\u0442\u043d\u043e\u0458 \u0438\u0433\u0440\u0438, Crazy Time. \u041f\u043e\u0432\u0435\u045b\u0430\u0458\u0442\u0435 \u0441\u0432\u043e\u0458\u0435 \u0448\u0430\u043d\u0441\u0435 \u0438 \u0443\u0436\u0438\u0432\u0430\u0458\u0442\u0435 \u0443 \u0437\u043d\u0430\u0447\u0430\u0458\u043d\u0438\u043c \u0434\u043e\u0431\u0438\u0442\u0446\u0438\u043c\u0430.\" \/>\n<meta property=\"og:url\" content=\"https:\/\/crazytimecasino.in\/ro\/strategies\/\" \/>\n<meta property=\"og:site_name\" content=\"Crazy Time\" \/>\n<meta property=\"article:modified_time\" content=\"2023-12-27T11:24:44+00:00\" \/>\n<meta name=\"twitter:card\" content=\"summary_large_image\" \/>\n<meta name=\"twitter:label1\" content=\"Timp estimat pentru citire\" \/>\n\t<meta name=\"twitter:data1\" content=\"24 de minute\" \/>\n<script type=\"application\/ld+json\" class=\"yoast-schema-graph\">{\"@context\":\"https:\/\/schema.org\",\"@graph\":[{\"@type\":\"WebPage\",\"@id\":\"https:\/\/crazytimecasino.in\/sr\/strategies\/\",\"url\":\"https:\/\/crazytimecasino.in\/sr\/strategies\/\",\"name\":\"\u0422\u0430\u0458\u043d\u0435 \u0443\u0441\u043f\u0435\u0445\u0430: \u0415\u0444\u0438\u043a\u0430\u0441\u043d\u0435 \u0441\u0442\u0440\u0430\u0442\u0435\u0433\u0438\u0458\u0435 \u0437\u0430 \u0438\u0433\u0440\u0430\u045a\u0435 Crazy Time\",\"isPartOf\":{\"@id\":\"https:\/\/crazytimecasino.in\/#website\"},\"datePublished\":\"2023-12-10T23:04:22+00:00\",\"dateModified\":\"2023-12-27T11:24:44+00:00\",\"description\":\"\u041e\u0432\u043b\u0430\u0434\u0430\u0458\u0442\u0435 \u0442\u0430\u0458\u043d\u0430\u043c\u0430 \u0441\u0442\u0440\u0430\u0442\u0435\u0433\u0438\u0458\u0430 \u0437\u0430 \u043f\u043e\u0431\u0435\u0434\u0443 \u0443 \u0430\u0437\u0430\u0440\u0442\u043d\u043e\u0458 \u0438\u0433\u0440\u0438, Crazy Time. \u041f\u043e\u0432\u0435\u045b\u0430\u0458\u0442\u0435 \u0441\u0432\u043e\u0458\u0435 \u0448\u0430\u043d\u0441\u0435 \u0438 \u0443\u0436\u0438\u0432\u0430\u0458\u0442\u0435 \u0443 \u0437\u043d\u0430\u0447\u0430\u0458\u043d\u0438\u043c \u0434\u043e\u0431\u0438\u0442\u0446\u0438\u043c\u0430.\",\"breadcrumb\":{\"@id\":\"https:\/\/crazytimecasino.in\/sr\/strategies\/#breadcrumb\"},\"inLanguage\":\"ro-RO\",\"potentialAction\":[{\"@type\":\"ReadAction\",\"target\":[\"https:\/\/crazytimecasino.in\/sr\/strategies\/\"]}]},{\"@type\":\"BreadcrumbList\",\"@id\":\"https:\/\/crazytimecasino.in\/sr\/strategies\/#breadcrumb\",\"itemListElement\":[{\"@type\":\"ListItem\",\"position\":1,\"name\":\"Home\",\"item\":\"https:\/\/crazytimecasino.in\/\"},{\"@type\":\"ListItem\",\"position\":2,\"name\":\"\u0423\u043f\u0440\u0430\u0432\u0459\u0430\u045a\u0435 \u0441\u0442\u0440\u0430\u0442\u0435\u0433\u0438\u0458\u0430\u043c\u0430 \u0443 Crazy Time: \u041f\u043e\u0432\u0435\u045b\u0430\u0458\u0442\u0435 \u0448\u0430\u043d\u0441\u0435 \u0437\u0430 \u043f\u043e\u0431\u0435\u0434\u0443\"}]},{\"@type\":\"WebSite\",\"@id\":\"https:\/\/crazytimecasino.in\/#website\",\"url\":\"https:\/\/crazytimecasino.in\/\",\"name\":\"Crazy Time\",\"description\":\"\",\"publisher\":{\"@id\":\"https:\/\/crazytimecasino.in\/#organization\"},\"potentialAction\":[{\"@type\":\"SearchAction\",\"target\":{\"@type\":\"EntryPoint\",\"urlTemplate\":\"https:\/\/crazytimecasino.in\/?s={search_term_string}\"},\"query-input\":{\"@type\":\"PropertyValueSpecification\",\"valueRequired\":true,\"valueName\":\"search_term_string\"}}],\"inLanguage\":\"ro-RO\"},{\"@type\":\"Organization\",\"@id\":\"https:\/\/crazytimecasino.in\/#organization\",\"name\":\"Crazy Time\",\"url\":\"https:\/\/crazytimecasino.in\/\",\"logo\":{\"@type\":\"ImageObject\",\"inLanguage\":\"ro-RO\",\"@id\":\"https:\/\/crazytimecasino.in\/#\/schema\/logo\/image\/\",\"url\":\"https:\/\/crazytimecasino.in\/wp-content\/uploads\/cropped-crazy-time-logo.webp\",\"contentUrl\":\"https:\/\/crazytimecasino.in\/wp-content\/uploads\/cropped-crazy-time-logo.webp\",\"width\":114,\"height\":88,\"caption\":\"Crazy Time\"},\"image\":{\"@id\":\"https:\/\/crazytimecasino.in\/#\/schema\/logo\/image\/\"}}]}<\/script>\n<!-- \/ Yoast SEO plugin. -->","yoast_head_json":{"title":"\u0422\u0430\u0458\u043d\u0435 \u0443\u0441\u043f\u0435\u0445\u0430: \u0415\u0444\u0438\u043a\u0430\u0441\u043d\u0435 \u0441\u0442\u0440\u0430\u0442\u0435\u0433\u0438\u0458\u0435 \u0437\u0430 \u0438\u0433\u0440\u0430\u045a\u0435 Crazy Time","description":"St\u0103p\u00e2ni\u021bi subtilit\u0103\u021bile strategiilor pentru victorie \u00een jocul de noroc, Crazy Time. Cre\u0219te\u021bi-v\u0103 \u0219ansele \u0219i savura\u021bi c\u00e2\u0219tiguri semnificative.","robots":{"index":"index","follow":"follow","max-snippet":"max-snippet:-1","max-image-preview":"max-image-preview:large","max-video-preview":"max-video-preview:-1"},"canonical":"https:\/\/crazytimecasino.in\/ro\/strategies\/","og_locale":"ro_RO","og_type":"article","og_title":"\u0422\u0430\u0458\u043d\u0435 \u0443\u0441\u043f\u0435\u0445\u0430: \u0415\u0444\u0438\u043a\u0430\u0441\u043d\u0435 \u0441\u0442\u0440\u0430\u0442\u0435\u0433\u0438\u0458\u0435 \u0437\u0430 \u0438\u0433\u0440\u0430\u045a\u0435 Crazy Time","og_description":"\u041e\u0432\u043b\u0430\u0434\u0430\u0458\u0442\u0435 \u0442\u0430\u0458\u043d\u0430\u043c\u0430 \u0441\u0442\u0440\u0430\u0442\u0435\u0433\u0438\u0458\u0430 \u0437\u0430 \u043f\u043e\u0431\u0435\u0434\u0443 \u0443 \u0430\u0437\u0430\u0440\u0442\u043d\u043e\u0458 \u0438\u0433\u0440\u0438, Crazy Time. \u041f\u043e\u0432\u0435\u045b\u0430\u0458\u0442\u0435 \u0441\u0432\u043e\u0458\u0435 \u0448\u0430\u043d\u0441\u0435 \u0438 \u0443\u0436\u0438\u0432\u0430\u0458\u0442\u0435 \u0443 \u0437\u043d\u0430\u0447\u0430\u0458\u043d\u0438\u043c \u0434\u043e\u0431\u0438\u0442\u0446\u0438\u043c\u0430.","og_url":"https:\/\/crazytimecasino.in\/ro\/strategies\/","og_site_name":"Crazy Time","article_modified_time":"2023-12-27T11:24:44+00:00","twitter_card":"summary_large_image","twitter_misc":{"Timp estimat pentru citire":"24 de minute"},"schema":{"@context":"https:\/\/schema.org","@graph":[{"@type":"WebPage","@id":"https:\/\/crazytimecasino.in\/sr\/strategies\/","url":"https:\/\/crazytimecasino.in\/sr\/strategies\/","name":"\u0422\u0430\u0458\u043d\u0435 \u0443\u0441\u043f\u0435\u0445\u0430: \u0415\u0444\u0438\u043a\u0430\u0441\u043d\u0435 \u0441\u0442\u0440\u0430\u0442\u0435\u0433\u0438\u0458\u0435 \u0437\u0430 \u0438\u0433\u0440\u0430\u045a\u0435 Crazy Time","isPartOf":{"@id":"https:\/\/crazytimecasino.in\/#website"},"datePublished":"2023-12-10T23:04:22+00:00","dateModified":"2023-12-27T11:24:44+00:00","description":"\u041e\u0432\u043b\u0430\u0434\u0430\u0458\u0442\u0435 \u0442\u0430\u0458\u043d\u0430\u043c\u0430 \u0441\u0442\u0440\u0430\u0442\u0435\u0433\u0438\u0458\u0430 \u0437\u0430 \u043f\u043e\u0431\u0435\u0434\u0443 \u0443 \u0430\u0437\u0430\u0440\u0442\u043d\u043e\u0458 \u0438\u0433\u0440\u0438, Crazy Time. \u041f\u043e\u0432\u0435\u045b\u0430\u0458\u0442\u0435 \u0441\u0432\u043e\u0458\u0435 \u0448\u0430\u043d\u0441\u0435 \u0438 \u0443\u0436\u0438\u0432\u0430\u0458\u0442\u0435 \u0443 \u0437\u043d\u0430\u0447\u0430\u0458\u043d\u0438\u043c \u0434\u043e\u0431\u0438\u0442\u0446\u0438\u043c\u0430.","breadcrumb":{"@id":"https:\/\/crazytimecasino.in\/sr\/strategies\/#breadcrumb"},"inLanguage":"ro-RO","potentialAction":[{"@type":"ReadAction","target":["https:\/\/crazytimecasino.in\/sr\/strategies\/"]}]},{"@type":"BreadcrumbList","@id":"https:\/\/crazytimecasino.in\/sr\/strategies\/#breadcrumb","itemListElement":[{"@type":"ListItem","position":1,"name":"Home","item":"https:\/\/crazytimecasino.in\/"},{"@type":"ListItem","position":2,"name":"\u0423\u043f\u0440\u0430\u0432\u0459\u0430\u045a\u0435 \u0441\u0442\u0440\u0430\u0442\u0435\u0433\u0438\u0458\u0430\u043c\u0430 \u0443 Crazy Time: \u041f\u043e\u0432\u0435\u045b\u0430\u0458\u0442\u0435 \u0448\u0430\u043d\u0441\u0435 \u0437\u0430 \u043f\u043e\u0431\u0435\u0434\u0443"}]},{"@type":"WebSite","@id":"https:\/\/crazytimecasino.in\/#website","url":"https:\/\/crazytimecasino.in\/","name":"Crazy Time","description":"","publisher":{"@id":"https:\/\/crazytimecasino.in\/#organization"},"potentialAction":[{"@type":"SearchAction","target":{"@type":"EntryPoint","urlTemplate":"https:\/\/crazytimecasino.in\/?s={search_term_string}"},"query-input":{"@type":"PropertyValueSpecification","valueRequired":true,"valueName":"search_term_string"}}],"inLanguage":"ro-RO"},{"@type":"Organization","@id":"https:\/\/crazytimecasino.in\/#organization","name":"Crazy Time","url":"https:\/\/crazytimecasino.in\/","logo":{"@type":"ImageObject","inLanguage":"ro-RO","@id":"https:\/\/crazytimecasino.in\/#\/schema\/logo\/image\/","url":"https:\/\/crazytimecasino.in\/wp-content\/uploads\/cropped-crazy-time-logo.webp","contentUrl":"https:\/\/crazytimecasino.in\/wp-content\/uploads\/cropped-crazy-time-logo.webp","width":114,"height":88,"caption":"Crazy Time"},"image":{"@id":"https:\/\/crazytimecasino.in\/#\/schema\/logo\/image\/"}}]}},"_links":{"self":[{"href":"https:\/\/crazytimecasino.in\/ro\/wp-json\/wp\/v2\/pages\/9","targetHints":{"allow":["GET"]}}],"collection":[{"href":"https:\/\/crazytimecasino.in\/ro\/wp-json\/wp\/v2\/pages"}],"about":[{"href":"https:\/\/crazytimecasino.in\/ro\/wp-json\/wp\/v2\/types\/page"}],"author":[{"embeddable":true,"href":"https:\/\/crazytimecasino.in\/ro\/wp-json\/wp\/v2\/users\/1"}],"replies":[{"embeddable":true,"href":"https:\/\/crazytimecasino.in\/ro\/wp-json\/wp\/v2\/comments?post=9"}],"version-history":[{"count":26,"href":"https:\/\/crazytimecasino.in\/ro\/wp-json\/wp\/v2\/pages\/9\/revisions"}],"predecessor-version":[{"id":164,"href":"https:\/\/crazytimecasino.in\/ro\/wp-json\/wp\/v2\/pages\/9\/revisions\/164"}],"wp:attachment":[{"href":"https:\/\/crazytimecasino.in\/ro\/wp-json\/wp\/v2\/media?parent=9"}],"curies":[{"name":"wp","href":"https:\/\/api.w.org\/{rel}","templated":true}]}}