{"id":5,"date":"2023-12-10T22:19:51","date_gmt":"2023-12-10T22:19:51","guid":{"rendered":"https:\/\/crazytimecasino.in\/?page_id=5"},"modified":"2023-12-27T11:23:33","modified_gmt":"2023-12-27T11:23:33","slug":"crazy-time","status":"publish","type":"page","link":"https:\/\/crazytimecasino.in\/ro\/","title":{"rendered":"Crazy Time: Drumul t\u0103u c\u0103tre jocurile de noroc palpitante"},"content":{"rendered":"<p>Crazy Time nu este doar un joc online; este un \u00eentreg spectacol \u0219i un joc de noroc popular cu o roat\u0103 a norocului, asem\u0103n\u0103toare cu roata de rulet\u0103 familiar\u0103. O roat\u0103 vertical\u0103 mare cu 54 de sectoare se rote\u0219te sub \u00eendrumarea unui dealer. Sarcina juc\u0103torului este s\u0103 prevad\u0103 unde se va opri roata la sf\u00e2r\u0219itul rotirii. Nu exist\u0103 aici algoritmi complicati crea\u021bi de computer. Doar aleatoriu \u0219i noroc!<\/p>\n<p>Jocul Crazy Time este o legend\u0103 \u00een divertismentul jocurilor de noroc, ajung\u00e2nd pe lista celor mai populare sloturi \u00een diferite cazinouri online \u00een fiecare an, captiv\u00e2nd inimile a milioane de juc\u0103tori din \u00eentreaga lume.<\/p>\n<p>\u00cen plus, exist\u0103 \u0219i un slot video \u00een partea de sus, oferind oportunitatea de a primi bonusuri specifice. \u00cen Crazy Time, jocul este moderat de un dealer, cre\u00e2nd o atmosfer\u0103 unic\u0103 de cazino real.<\/p>\n<p>Slotul Crazy Time se remarc\u0103 prin diverse zone bonus, reprezent\u00e2nd mini-jocuri separate cu c\u00e2\u0219tiguri poten\u021bial uria\u0219e.<\/p>\n<h2>Reguli ale Jocului Crazy Time:<\/h2>\n<p>\u00centregul tambur este \u00eemp\u0103r\u021bit \u00een opt grupuri.<\/p>\n<p>Aceste opt grupuri reprezint\u0103 multiplicatori de c\u00e2\u0219tig (x1, x2, x5, x10), iar celelalte reprezint\u0103 mini-jocuri precum Cash Hunt, Pachinko, Coin Flip \u0219i Crazy Time.<\/p>\n<p>Se pot plasa pariuri pe celule individuale, toate celulele sau unele specifice. Suma pariului poate fi ajustat\u0103 separat pentru fiecare celul\u0103. Sectoarele cu multiplicatori obi\u0219nui\u021bi, de exemplu, x1 &#8211; 21, x2 &#8211; 14, x5 &#8211; 7, x10 &#8211; 4, au o \u0219ans\u0103 mai mare de a ateriza.<\/p>\n<p>La \u00eenceputul jocului, dealerul plaseaz\u0103 pariurile, iar tamburul este \u00eenv\u00e2rtit dup\u0103 ce juc\u0103torii \u0219i-au plasat pariurile.<\/p>\n<p>Slotul video \u00eencepe s\u0103 se \u00eenv\u00e2rt\u0103 simultan. Adaug\u0103 un multiplicator la un sector aleatoriu, fie c\u0103 este vorba de un num\u0103r sau de un joc bonus. Multiplicatorul este activat dac\u0103 sectorul \u0219i multiplicatorul se potrivesc orizontal dup\u0103 \u00eenv\u00e2rtire; \u00een caz contrar, runda continu\u0103 f\u0103r\u0103 bonus.<br \/>\nUrm\u0103torul pas este s\u0103 opre\u0219ti tamburul. Juc\u0103torul a c\u0103rui pariu a fost corect c\u00e2\u0219tig\u0103.<\/p>\n<p>\u00cen col\u021bul din dreapta jos al ecranului de joc, po\u021bi vedea istoricul tuturor sectoarelor care au fost jucate. Po\u021bi urm\u0103ri jocul Crazy Time f\u0103r\u0103 a plasa pariuri \u0219i f\u0103r\u0103 a citi regulile, av\u00e2nd astfel oportunitatea de a \u00een\u021belege mai bine caracteristicile jocurilor online. Deoarece o versiune demo a jocului Crazy Time nu este disponibil\u0103, aceasta este o modalitate excelent\u0103 de a te bucura de joc \u00een loc s\u0103 studiezi regulile.<\/p>\n<h2>Jocuri Bonus \u00een Slotul Crazy Time:<\/h2>\n<p>Jocurile bonus \u00een slotul Crazy Time adaug\u0103 un element captivant la joc. Iat\u0103 o descriere a fiec\u0103ruia:<\/p>\n<h3>Cash Hunt<\/h3>\n<p>Cash Hunt este un mini-joc format dintr-un c\u00e2mp de 108 celule cu multiplicatori selecta\u021bi \u00een mod aleatoriu. Juc\u0103torul trebuie s\u0103 aleag\u0103 o celul\u0103 \u00eentr-un timp alocat, dup\u0103 care sun\u0103 un semnal, indic\u00e2nd suma final\u0103 c\u00e2\u0219tigat\u0103.<\/p>\n<h3>Pachinko<\/h3>\n<p>Pachinko prezint\u0103 o ecran cu un zid de numeroase dibluri, cu 16 valori reprezentate \u00een partea de jos ca multiplicatori. Dealerul lanseaz\u0103 o minge, determin\u00e2nd c\u00e2\u0219tigul final \u00een proces. Valoarea maxim\u0103 a multiplicatorului este x10,000.<\/p>\n<h3>Coin Flip<\/h3>\n<p>Coin Flip seam\u0103n\u0103 cu un joc de aruncare a monedei. Pe ecran sunt afi\u0219ate dou\u0103 cercuri, albastru \u0219i ro\u0219u. \u00cen fiecare cerc este afi\u0219at un multiplicator de c\u00e2\u0219tig selectat \u00een mod aleatoriu. Dealerul lanseaz\u0103 un cip colorat, iar rezultatul este determinat de partea pe care aterizeaz\u0103. Multiplicarea maxim\u0103 care poate fi utilizat\u0103 este 100.<\/p>\n<h3>Crazy Time<\/h3>\n<p>C\u00e2nd este desenat Crazy Time, dealerul se mut\u0103 \u00eentr-o alt\u0103 camer\u0103 cu o roat\u0103 \u0219i mai mare. Juc\u0103torul trebuie s\u0103 aleag\u0103 unul dintre cele trei marcaje din partea de sus a tamburului \u0219i s\u0103 prind\u0103 de mai multe ori multiplicatorii. Mini-jocul Crazy Time are un bonus maxim de x20,000.<\/p>\n<p><strong>Nu uita de slotul video &#8211; dac\u0103 un multiplicator a aterizat \u00eenainte \u00eentr-unul dintre jocurile bonus, c\u00e2\u0219tigurile vor cre\u0219te \u00een func\u021bie de denomina\u021bia jocului. Slotul online Crazy Time ofer\u0103 \u0219ansa de a c\u00e2\u0219tiga premii extrem de mari.<\/strong><\/p>\n<h2>Informa\u021bii despre Crazy Time:<\/h2>\n<p>Iat\u0103 c\u00e2teva detalii importante despre jocul online Crazy Time care vor fi utile dac\u0103 decizi s\u0103 \u00ee\u021bi \u00eencerci norocul cu pariuri reale \u00eentr-un cazino online:<\/p>\n<h3>Poten\u021bialul de C\u00e2\u0219tig:<\/h3>\n<p>Slotul video \u00ee\u021bi poate multiplica c\u00e2\u0219tigurile p\u00e2n\u0103 la x50 cel mult.<\/p>\n<p>Suma maxim\u0103 care poate fi multiplicat\u0103 per pariu ajunge la x20,000 \u00een jocul bonus Crazy Time, care include func\u021biile Double\/Triple.<\/p>\n<h3>Intervalul de Pariuri:<\/h3>\n<p>Pariurile variaz\u0103 de la 5 cen\u021bi la 50 de dolari, oferind juc\u0103torilor flexibilitate \u00een alegerea dimensiunii pariului lor.<br \/>\nPoten\u021bial de C\u00e2\u0219tig:<\/p>\n<p>Un juc\u0103tor are cel mai mare poten\u021bial de a c\u00e2\u0219tiga p\u00e2n\u0103 la de cinci sute de ori pariul s\u0103u, oferind poten\u021bial pentru c\u00e2\u0219tiguri semnificative.<\/p>\n<h2>Caracteristici ale Jocului:<\/h2>\n<p>Crazy Time este un cazino virtual cu un dealer live. Gazda \u00eenv\u00e2rte tamburul, iar juc\u0103torii plaseaz\u0103 pariuri pe sectoare. Cei care ghicesc corect sectorul c\u00e2\u0219tig\u0103.<\/p>\n<p>\u00cen joc pot fi aplicate diverse strategii. C\u00e2\u0219tigurile pot cre\u0219te semnificativ dac\u0103 pe tambur aterizeaz\u0103 multiplicatori mari.<\/p>\n<h3>Caracteristici Suplimentare:<\/h3>\n<ul>\n<li>Exist\u0103 un chat \u00een care po\u021bi comunica cu dealerul \u0219i ceilal\u021bi juc\u0103tori.<\/li>\n<li>C\u00e2\u0219tigurile \u00een Crazy Time pot fi mai mari dec\u00e2t \u00een alte jocuri sau sloturi.<\/li>\n<li>\u00cenainte de fiecare rotire, po\u021bi plasa un pariu sau participa la un mini-joc.<\/li>\n<li>Juc\u0103torii pot paria pe fiecare sector pentru a compensa cheltuielile pe pariuri.<\/li>\n<li>Jocul creeaz\u0103 o atmosfer\u0103 unic\u0103 datorit\u0103 stilului s\u0103u de cazino.<\/li>\n<li>Crazy Time are un procent de returnare la juc\u0103tor ridicat de 95.08%.<\/li>\n<\/ul>\n","protected":false},"excerpt":{"rendered":"<p>Crazy Time nu este doar un joc online; este un \u00eentreg spectacol \u0219i un joc de noroc popular cu o roat\u0103 a norocului, asem\u0103n\u0103toare cu roata de rulet\u0103 familiar\u0103. O roat\u0103 vertical\u0103 mare cu 54 de sectoare se rote\u0219te sub \u00eendrumarea unui dealer. Sarcina juc\u0103torului este s\u0103 prevad\u0103 unde se va opri roata la sf\u00e2r\u0219itul [&hellip;]<\/p>\n","protected":false},"author":1,"featured_media":0,"parent":0,"menu_order":0,"comment_status":"closed","ping_status":"closed","template":"","meta":{"footnotes":""},"class_list":["post-5","page","type-page","status-publish","hentry"],"yoast_head":"<!-- This site is optimized with the Yoast SEO plugin v27.2 - https:\/\/yoast.com\/product\/yoast-seo-wordpress\/ -->\n<title>Crazy Time D\u00fcnyas\u0131na Dal\u0131n: Heyecan Verici Oyunlar ve Kazan\u00e7lar<\/title>\n<meta name=\"description\" content=\"Descoperi\u021bi lumea palpitant\u0103 a Crazy Time - un spectacol de jocuri cu bonusuri unice \u0219i o mul\u021bime de oportunit\u0103\u021bi interesante.\" \/>\n<meta name=\"robots\" content=\"index, follow, max-snippet:-1, max-image-preview:large, max-video-preview:-1\" \/>\n<link rel=\"canonical\" href=\"https:\/\/crazytimecasino.in\/ro\/\" \/>\n<meta property=\"og:locale\" content=\"ro_RO\" \/>\n<meta property=\"og:locale:alternate\" content=\"en_US\" \/>\n<meta property=\"og:locale:alternate\" content=\"ru_RU\" \/>\n<meta property=\"og:locale:alternate\" content=\"pt_PT\" \/>\n<meta property=\"og:locale:alternate\" content=\"es_ES\" \/>\n<meta property=\"og:locale:alternate\" content=\"sr_RS\" \/>\n<meta property=\"og:locale:alternate\" content=\"bg_BG\" \/>\n<meta property=\"og:locale:alternate\" content=\"hu_HU\" \/>\n<meta property=\"og:locale:alternate\" content=\"pl_PL\" \/>\n<meta property=\"og:locale:alternate\" content=\"el\" \/>\n<meta property=\"og:locale:alternate\" content=\"tr_TR\" \/>\n<meta property=\"og:type\" content=\"article\" \/>\n<meta property=\"og:title\" content=\"Crazy Time D\u00fcnyas\u0131na Dal\u0131n: Heyecan Verici Oyunlar ve Kazan\u00e7lar\" \/>\n<meta property=\"og:description\" content=\"Crazy Time&#039;\u0131n heyecan dolu d\u00fcnyas\u0131n\u0131 ke\u015ffedin - e\u015fsiz bonuslar ve bir\u00e7ok heyecan verici f\u0131rsatla dolu bir oyun g\u00f6sterisi.\" \/>\n<meta property=\"og:url\" content=\"https:\/\/crazytimecasino.in\/ro\/\" \/>\n<meta property=\"og:site_name\" content=\"Crazy Time\" \/>\n<meta property=\"article:modified_time\" content=\"2023-12-27T11:23:33+00:00\" \/>\n<meta name=\"twitter:card\" content=\"summary_large_image\" \/>\n<meta name=\"twitter:label1\" content=\"Timp estimat pentru citire\" \/>\n\t<meta name=\"twitter:data1\" content=\"35 de minute\" \/>\n<script type=\"application\/ld+json\" class=\"yoast-schema-graph\">{\"@context\":\"https:\/\/schema.org\",\"@graph\":[{\"@type\":\"WebPage\",\"@id\":\"https:\/\/crazytimecasino.in\/\",\"url\":\"https:\/\/crazytimecasino.in\/\",\"name\":\"Crazy Time D\u00fcnyas\u0131na Dal\u0131n: Heyecan Verici Oyunlar ve Kazan\u00e7lar\",\"isPartOf\":{\"@id\":\"https:\/\/crazytimecasino.in\/#website\"},\"datePublished\":\"2023-12-10T22:19:51+00:00\",\"dateModified\":\"2023-12-27T11:23:33+00:00\",\"description\":\"Crazy Time'\u0131n heyecan dolu d\u00fcnyas\u0131n\u0131 ke\u015ffedin - e\u015fsiz bonuslar ve bir\u00e7ok heyecan verici f\u0131rsatla dolu bir oyun g\u00f6sterisi.\",\"breadcrumb\":{\"@id\":\"https:\/\/crazytimecasino.in\/#breadcrumb\"},\"inLanguage\":\"ro-RO\",\"potentialAction\":[{\"@type\":\"ReadAction\",\"target\":[\"https:\/\/crazytimecasino.in\/\"]}]},{\"@type\":\"BreadcrumbList\",\"@id\":\"https:\/\/crazytimecasino.in\/#breadcrumb\",\"itemListElement\":[{\"@type\":\"ListItem\",\"position\":1,\"name\":\"Home\",\"item\":\"https:\/\/crazytimecasino.in\/\"},{\"@type\":\"ListItem\",\"position\":2,\"name\":\"Crazy Time: Heyecanl\u0131 Kumar Oyunlar\u0131na Giden Yolunuz\"}]},{\"@type\":\"WebSite\",\"@id\":\"https:\/\/crazytimecasino.in\/#website\",\"url\":\"https:\/\/crazytimecasino.in\/\",\"name\":\"Crazy Time\",\"description\":\"\",\"publisher\":{\"@id\":\"https:\/\/crazytimecasino.in\/#organization\"},\"potentialAction\":[{\"@type\":\"SearchAction\",\"target\":{\"@type\":\"EntryPoint\",\"urlTemplate\":\"https:\/\/crazytimecasino.in\/?s={search_term_string}\"},\"query-input\":{\"@type\":\"PropertyValueSpecification\",\"valueRequired\":true,\"valueName\":\"search_term_string\"}}],\"inLanguage\":\"ro-RO\"},{\"@type\":\"Organization\",\"@id\":\"https:\/\/crazytimecasino.in\/#organization\",\"name\":\"Crazy Time\",\"url\":\"https:\/\/crazytimecasino.in\/\",\"logo\":{\"@type\":\"ImageObject\",\"inLanguage\":\"ro-RO\",\"@id\":\"https:\/\/crazytimecasino.in\/#\/schema\/logo\/image\/\",\"url\":\"https:\/\/crazytimecasino.in\/wp-content\/uploads\/cropped-crazy-time-logo.webp\",\"contentUrl\":\"https:\/\/crazytimecasino.in\/wp-content\/uploads\/cropped-crazy-time-logo.webp\",\"width\":114,\"height\":88,\"caption\":\"Crazy Time\"},\"image\":{\"@id\":\"https:\/\/crazytimecasino.in\/#\/schema\/logo\/image\/\"}}]}<\/script>\n<!-- \/ Yoast SEO plugin. -->","yoast_head_json":{"title":"Crazy Time D\u00fcnyas\u0131na Dal\u0131n: Heyecan Verici Oyunlar ve Kazan\u00e7lar","description":"Descoperi\u021bi lumea palpitant\u0103 a Crazy Time - un spectacol de jocuri cu bonusuri unice \u0219i o mul\u021bime de oportunit\u0103\u021bi interesante.","robots":{"index":"index","follow":"follow","max-snippet":"max-snippet:-1","max-image-preview":"max-image-preview:large","max-video-preview":"max-video-preview:-1"},"canonical":"https:\/\/crazytimecasino.in\/ro\/","og_locale":"ro_RO","og_type":"article","og_title":"Crazy Time D\u00fcnyas\u0131na Dal\u0131n: Heyecan Verici Oyunlar ve Kazan\u00e7lar","og_description":"Crazy Time'\u0131n heyecan dolu d\u00fcnyas\u0131n\u0131 ke\u015ffedin - e\u015fsiz bonuslar ve bir\u00e7ok heyecan verici f\u0131rsatla dolu bir oyun g\u00f6sterisi.","og_url":"https:\/\/crazytimecasino.in\/ro\/","og_site_name":"Crazy Time","article_modified_time":"2023-12-27T11:23:33+00:00","twitter_card":"summary_large_image","twitter_misc":{"Timp estimat pentru citire":"35 de minute"},"schema":{"@context":"https:\/\/schema.org","@graph":[{"@type":"WebPage","@id":"https:\/\/crazytimecasino.in\/","url":"https:\/\/crazytimecasino.in\/","name":"Crazy Time D\u00fcnyas\u0131na Dal\u0131n: Heyecan Verici Oyunlar ve Kazan\u00e7lar","isPartOf":{"@id":"https:\/\/crazytimecasino.in\/#website"},"datePublished":"2023-12-10T22:19:51+00:00","dateModified":"2023-12-27T11:23:33+00:00","description":"Crazy Time'\u0131n heyecan dolu d\u00fcnyas\u0131n\u0131 ke\u015ffedin - e\u015fsiz bonuslar ve bir\u00e7ok heyecan verici f\u0131rsatla dolu bir oyun g\u00f6sterisi.","breadcrumb":{"@id":"https:\/\/crazytimecasino.in\/#breadcrumb"},"inLanguage":"ro-RO","potentialAction":[{"@type":"ReadAction","target":["https:\/\/crazytimecasino.in\/"]}]},{"@type":"BreadcrumbList","@id":"https:\/\/crazytimecasino.in\/#breadcrumb","itemListElement":[{"@type":"ListItem","position":1,"name":"Home","item":"https:\/\/crazytimecasino.in\/"},{"@type":"ListItem","position":2,"name":"Crazy Time: Heyecanl\u0131 Kumar Oyunlar\u0131na Giden Yolunuz"}]},{"@type":"WebSite","@id":"https:\/\/crazytimecasino.in\/#website","url":"https:\/\/crazytimecasino.in\/","name":"Crazy Time","description":"","publisher":{"@id":"https:\/\/crazytimecasino.in\/#organization"},"potentialAction":[{"@type":"SearchAction","target":{"@type":"EntryPoint","urlTemplate":"https:\/\/crazytimecasino.in\/?s={search_term_string}"},"query-input":{"@type":"PropertyValueSpecification","valueRequired":true,"valueName":"search_term_string"}}],"inLanguage":"ro-RO"},{"@type":"Organization","@id":"https:\/\/crazytimecasino.in\/#organization","name":"Crazy Time","url":"https:\/\/crazytimecasino.in\/","logo":{"@type":"ImageObject","inLanguage":"ro-RO","@id":"https:\/\/crazytimecasino.in\/#\/schema\/logo\/image\/","url":"https:\/\/crazytimecasino.in\/wp-content\/uploads\/cropped-crazy-time-logo.webp","contentUrl":"https:\/\/crazytimecasino.in\/wp-content\/uploads\/cropped-crazy-time-logo.webp","width":114,"height":88,"caption":"Crazy Time"},"image":{"@id":"https:\/\/crazytimecasino.in\/#\/schema\/logo\/image\/"}}]}},"_links":{"self":[{"href":"https:\/\/crazytimecasino.in\/ro\/wp-json\/wp\/v2\/pages\/5","targetHints":{"allow":["GET"]}}],"collection":[{"href":"https:\/\/crazytimecasino.in\/ro\/wp-json\/wp\/v2\/pages"}],"about":[{"href":"https:\/\/crazytimecasino.in\/ro\/wp-json\/wp\/v2\/types\/page"}],"author":[{"embeddable":true,"href":"https:\/\/crazytimecasino.in\/ro\/wp-json\/wp\/v2\/users\/1"}],"replies":[{"embeddable":true,"href":"https:\/\/crazytimecasino.in\/ro\/wp-json\/wp\/v2\/comments?post=5"}],"version-history":[{"count":32,"href":"https:\/\/crazytimecasino.in\/ro\/wp-json\/wp\/v2\/pages\/5\/revisions"}],"predecessor-version":[{"id":160,"href":"https:\/\/crazytimecasino.in\/ro\/wp-json\/wp\/v2\/pages\/5\/revisions\/160"}],"wp:attachment":[{"href":"https:\/\/crazytimecasino.in\/ro\/wp-json\/wp\/v2\/media?parent=5"}],"curies":[{"name":"wp","href":"https:\/\/api.w.org\/{rel}","templated":true}]}}