{"id":13,"date":"2023-12-10T23:36:07","date_gmt":"2023-12-10T23:36:07","guid":{"rendered":"https:\/\/crazytimecasino.in\/?page_id=13"},"modified":"2023-12-27T11:27:27","modified_gmt":"2023-12-27T11:27:27","slug":"reviews","status":"publish","type":"page","link":"https:\/\/crazytimecasino.in\/ro\/reviews\/","title":{"rendered":"Emo\u021biile juc\u0103torului: Spune-\u021bi povestea \u00een lumea Crazy Time"},"content":{"rendered":"<h3>Recenzie: Juc\u00e2nd Crazy Time \u00eentr-un Casino Online<\/h3>\n<p>Un prieten mi-a vorbit despre slotul Crazy Time. Joc diverse jocuri de ceva timp, dar aceasta a fost prima mea experien\u021b\u0103 \u00eentr-un adev\u0103rat casino online. La \u00eenceput nu am crezut, dar exist\u0103 \u00eentr-adev\u0103r un dealer real \u0219i chat aici. Nu am f\u0103cut cea mai mare parte a banilor imediat, dar am luat un risc \u0219i am pariat pe Pachinko. \u00cen final, pariu meu a adus nici mai mult nici mai pu\u021bin de 600 de dolari cu o singur\u0103 miz\u0103 de 5 dolari. V\u0103 recomand, prieteni.<\/p>\n<p>Arkadiy, 28 de ani<\/p>\n<h3>Recenzie: Crazy Time Aduce Cu Adev\u0103rat Bani<\/h3>\n<p>Prieteni jucau \u00een perechi la institut. Nu prea am crezut \u00een a face bani, dar am \u00eenceput \u0219i eu s\u0103 joc. \u00cencerc\u00e2nd s\u0103 pariez pe tot deodat\u0103, am c\u00e2\u0219tigat mul\u021bi bani. V\u0103 sugerez s\u0103 \u00eencerca\u021bi \u0219i voi.<\/p>\n<p>Nikolay, 18 ani<\/p>\n<h3>Recenzie: Cel Mai Eficient Joc pentru Facut Bani &#8211; Crazy Time<\/h3>\n<p>Am \u00eencercat Crazy Time doar pentru c\u0103 am vrut mereu s\u0103 vizitez un cazino, dar nu am avut ocazia. Jocul are dealeri, iar posibilitatea de a comunica cu ei este deosebit de pl\u0103cut\u0103 c\u00e2nd e\u0219ti acas\u0103 cu un pahar de vin. Exact ca \u00eentr-un cazino real! Chiar \u0219i cu pariurile pierdute, c\u00e2\u0219tigam \u00eentre 20 \u0219i 30 de dolari. Pentru cei care vor s\u0103 fac\u0103 bani, Crazy Time va fi cea mai bun\u0103 op\u021biune, iar eu recomand s\u0103 v\u0103 imersa\u021bi \u00een atmosfer\u0103.<\/p>\n<p>Oleg, 44 de ani<\/p>\n<h3>Recenzie: Joc Crazy Time de Dou\u0103 Luni \u0219i P\u00e2n\u0103 Acum, Totul Este Bine<\/h3>\n<p>Joc Crazy Time de dou\u0103 luni. Un prieten a spus c\u0103 la \u00eenceput a c\u00e2\u0219tigat \u0219i apoi a pierdut. \u0218i c\u00e2nd a \u00eenv\u0103\u021bat cum s\u0103 joace, totul a mers bine. C\u00e2\u0219tigul maxim a fost de 1500 de dolari \u00eentr-un singur caz. Recomand tuturor o experien\u021b\u0103 de neuitat!<\/p>\n<p>Mikhail, 38 de ani<\/p>\n<h3>Recenzie: De Obicei Pariez pe Toate C\u00e2mpurile \u00een Crazy Time<\/h3>\n<p>Un coleg juca Crazy Time \u0219i mi l-a ar\u0103tat. Am auzit pentru prima dat\u0103 despre Crazy Time de la el. Mi-a pl\u0103cut c\u0103 puteai s\u0103 c\u00e2\u0219tigi cu adev\u0103rat mare. V\u0103 pot sf\u0103tui c\u0103 pentru a c\u00e2\u0219tiga, paria\u021bi pe tot. Astfel, am c\u00e2\u0219tigat constant \u00eentre 100 \u0219i 300 de dolari pe zi f\u0103r\u0103 efort. Am retras c\u00e2\u0219tigurile, viteza retragerii este excelent\u0103, totul este bun. Le recomand tuturor s\u0103 joace Crazy Time.<\/p>\n<p>Andrey, 22 de ani<\/p>\n<h3>Chiar dac\u0103 nu-mi place \u00een mod deosebit jocurile de noroc, mi-a pl\u0103cut Crazy Time.<\/h3>\n<p>Chiar dac\u0103 nu-mi place \u00een mod deosebit jocurile de noroc, Crazy Time m-a ajutat s\u0103 m\u0103 relaxez \u0219i chiar s\u0103-mi m\u0103resc veniturile dup\u0103 divor\u021b. \u00cei sunt recunosc\u0103tor tat\u0103lui so\u021biei mele pentru recomand\u0103ri. \u00cen Crazy Time, exist\u0103 multe moduri de a juca, iar fiecare are propria sa strategie. Am c\u00e2\u0219tigat 1200 de dolari \u00eentr-o lun\u0103 datorit\u0103 strategiei mele de joc.<\/p>\n<p>Victor, 34 de ani<\/p>\n<h3>Recenzie: Crazy Time Nu Este Doar Interesant, Ci \u0219i Fascinant<\/h3>\n<p>Crazy Time nu este doar fascinant, ci \u0219i foarte interesant. Mai mult, po\u021bi c\u00e2\u0219tiga bani buni dac\u0103 g\u00e2nde\u0219ti cu capul. C\u00e2\u0219tig 40 de dolari pentru fiecare 10 dolari.<\/p>\n<p>Alexander, 31 de ani<\/p>\n<h3>Recenzie: A Doua Mea Leaf\u0103 de la Slotul Crazy Time<\/h3>\n<p>Colegul meu mi-a ar\u0103tat acest slot online. A jucat Crazy Time \u00een ultimele trei luni. Mi-am achitat creditul auto datorit\u0103 c\u00e2\u0219tigurilor Crazy Time. Dac\u0103 dezvol\u021bi o strategie \u0219i te \u021bii de ea, po\u021bi ob\u021bine a doua leaf\u0103 \u00eentr-o lun\u0103.<\/p>\n<p>Maxim, 23 de ani<\/p>\n<h3>Recenzie: Am Scheme Reale pentru a Juca Crazy Time<\/h3>\n<p>\u00cen general, joc foarte precaut, deoarece nu-mi place s\u0103 iau riscuri \u0219i nu cred \u00een toate aceste c\u00e2\u0219tiguri. Cu toate acestea, un prieten a sugerat jocul &#8222;Crazy Time&#8221;. La \u00eenceput, doar f\u0103cea pariuri, urm\u0103rea, \u0219i apoi c\u0103uta strategii, iar la final a \u00eenceput s\u0103 c\u00e2\u0219tige consecvent. Cu toate c\u0103 nu am de g\u00e2nd s\u0103 creez o strategie, exist\u0103 planuri de lucru. Ini\u021bial pariez 5 dolari pe fiecare pariu, dar acum pariez 10 dolari, \u0219i c\u00e2\u0219tig cam 6000 pe lun\u0103.<\/p>\n<p>Alexander, 42 de ani<\/p>\n<h3>Recenzie: Slotul Crazy Time &#8211; Foarte Recomandat<\/h3>\n<p>Un prieten mi-a recomandat jocul Crazy Time. Acum joc aproape \u00een fiecare zi. A c\u00e2\u0219tiga cu Crazy Time este u\u0219or dac\u0103 \u0219tii cum s\u0103 faci asta. \u0218i apoi banii vor veni singuri.<\/p>\n<p>Denis, 34 de ani<\/p>\n<h3>Recenzie: C\u00e2\u0219tigarea \u00een Crazy Time este U\u0219oar\u0103<\/h3>\n<p>Un prieten mi-a recomandat. La \u00eenceput am crezut c\u0103 este doar o modalitate de a pierde bani, dar apoi am primit sfaturi despre cum s\u0103 plasezi pariuri mai bine \u0219i banii au \u00eenceput s\u0103 vin\u0103. Recomand Crazy Time pentru c\u0103 este u\u0219or, palpitant \u0219i interesant s\u0103 c\u00e2\u0219tigi.<\/p>\n<p>Inna, 19 ani<\/p>\n<h3>Recenzie: Crazy Time &#8211; Este un Cazino Real \u00een Direct<\/h3>\n<p>Am descoperit recent jocul Crazy Time. C\u0103utam ceva nou \u0219i interesant \u0219i am g\u0103sit un \u00eentreg cazino interactiv unde po\u021bi comunica cu dealerii, po\u021bi vorbi cu al\u021bi juc\u0103tori \u0219i po\u021bi ob\u021bine c\u00e2\u0219tiguri fabuloase. Acum juc\u0103m \u00eempreun\u0103. Ne putem l\u0103uda cu cre\u0219terea depozitului, iar acum am decis s\u0103 iau un credit ipotecar pentru c\u0103 acum pot pl\u0103ti cu Crazy Time. Vi-l recomand tuturor, deoarece toate c\u00e2\u0219tigurile mele acoper\u0103 cheltuielile cu pariurile.<\/p>\n<p>Sergey, 24 de ani<\/p>\n<h3>Recenzie: Mi-a Pl\u0103cut Sentimentul de Cazino \u00een Crazy Time<\/h3>\n<p>\u00cen Crazy Time, mi-a pl\u0103cut sentimentul de cazino, iar c\u00e2\u0219tigurile m-au surprins. A face un profit suplimentar de la 3000 la 5000 de dolari pe lun\u0103 f\u0103r\u0103 efort este foarte pl\u0103cut. Le recomand tuturor s\u0103 joace Crazy Time.<\/p>\n<p>Victoria, 32 de ani<\/p>\n<h3>Recenzie: Fac un Profit Bun din Slotul Crazy Time<\/h3>\n<p>Un prieten mi-a sugerat Crazy Time \u0219i mi-a dat sfaturi mult timp. Am \u00eencercat s\u0103 joc \u0219i m-am prins. La \u00eenceput, c\u00e2\u0219tigurile erau doar egale cu pariurile, dar c\u00e2nd am \u00eenv\u0103\u021bat s\u0103 joc, am \u00eenceput s\u0103 fac bani buni din Crazy Time. Am retras deja 4000 \u00een jum\u0103tate de an. Recomand Crazy Time tuturor juc\u0103torilor pasiona\u021bi.<\/p>\n<p>Oleg, 29 de ani<\/p>\n","protected":false},"excerpt":{"rendered":"<p>Recenzie: Juc\u00e2nd Crazy Time \u00eentr-un Casino Online Un prieten mi-a vorbit despre slotul Crazy Time. Joc diverse jocuri de ceva timp, dar aceasta a fost prima mea experien\u021b\u0103 \u00eentr-un adev\u0103rat casino online. La \u00eenceput nu am crezut, dar exist\u0103 \u00eentr-adev\u0103r un dealer real \u0219i chat aici. Nu am f\u0103cut cea mai mare parte a banilor [&hellip;]<\/p>\n","protected":false},"author":1,"featured_media":0,"parent":0,"menu_order":0,"comment_status":"closed","ping_status":"closed","template":"","meta":{"footnotes":""},"class_list":["post-13","page","type-page","status-publish","hentry"],"yoast_head":"<!-- This site is optimized with the Yoast SEO plugin v27.2 - https:\/\/yoast.com\/product\/yoast-seo-wordpress\/ -->\n<title>Ger\u00e7ek Oyuncu Hikayeleri: Crazy Time \u0130zlenimleri<\/title>\n<meta name=\"description\" content=\"Citi\u021bi recenziile juc\u0103torilor, \u00eemp\u0103rt\u0103\u0219i\u021bi propriile experien\u021be \u0219i descoperi\u021bi de ce Crazy Time c\u00e2\u0219tig\u0103 inimile a milioane de oameni.\" \/>\n<meta name=\"robots\" content=\"index, follow, max-snippet:-1, max-image-preview:large, max-video-preview:-1\" \/>\n<link rel=\"canonical\" href=\"https:\/\/crazytimecasino.in\/ro\/reviews\/\" \/>\n<meta property=\"og:locale\" content=\"ro_RO\" \/>\n<meta property=\"og:locale:alternate\" content=\"en_US\" \/>\n<meta property=\"og:locale:alternate\" content=\"ru_RU\" \/>\n<meta property=\"og:locale:alternate\" content=\"pt_PT\" \/>\n<meta property=\"og:locale:alternate\" content=\"es_ES\" \/>\n<meta property=\"og:locale:alternate\" content=\"sr_RS\" \/>\n<meta property=\"og:locale:alternate\" content=\"bg_BG\" \/>\n<meta property=\"og:locale:alternate\" content=\"hu_HU\" \/>\n<meta property=\"og:locale:alternate\" content=\"pl_PL\" \/>\n<meta property=\"og:locale:alternate\" content=\"el\" \/>\n<meta property=\"og:locale:alternate\" content=\"tr_TR\" \/>\n<meta property=\"og:type\" content=\"article\" \/>\n<meta property=\"og:title\" content=\"Ger\u00e7ek Oyuncu Hikayeleri: Crazy Time \u0130zlenimleri\" \/>\n<meta property=\"og:description\" content=\"Oyuncu de\u011ferlendirmelerini okuyun, kendi deneyimlerinizi payla\u015f\u0131n ve Crazy Time&#039;\u0131n neden milyonlar\u0131n kalbini kazand\u0131\u011f\u0131n\u0131 ke\u015ffedin.\" \/>\n<meta property=\"og:url\" content=\"https:\/\/crazytimecasino.in\/ro\/reviews\/\" \/>\n<meta property=\"og:site_name\" content=\"Crazy Time\" \/>\n<meta property=\"article:modified_time\" content=\"2023-12-27T11:27:27+00:00\" \/>\n<meta name=\"twitter:card\" content=\"summary_large_image\" \/>\n<meta name=\"twitter:label1\" content=\"Timp estimat pentru citire\" \/>\n\t<meta name=\"twitter:data1\" content=\"32 de minute\" \/>\n<script type=\"application\/ld+json\" class=\"yoast-schema-graph\">{\"@context\":\"https:\/\/schema.org\",\"@graph\":[{\"@type\":\"WebPage\",\"@id\":\"https:\/\/crazytimecasino.in\/tr\/reviews\/\",\"url\":\"https:\/\/crazytimecasino.in\/tr\/reviews\/\",\"name\":\"Ger\u00e7ek Oyuncu Hikayeleri: Crazy Time \u0130zlenimleri\",\"isPartOf\":{\"@id\":\"https:\/\/crazytimecasino.in\/#website\"},\"datePublished\":\"2023-12-10T23:36:07+00:00\",\"dateModified\":\"2023-12-27T11:27:27+00:00\",\"description\":\"Oyuncu de\u011ferlendirmelerini okuyun, kendi deneyimlerinizi payla\u015f\u0131n ve Crazy Time'\u0131n neden milyonlar\u0131n kalbini kazand\u0131\u011f\u0131n\u0131 ke\u015ffedin.\",\"breadcrumb\":{\"@id\":\"https:\/\/crazytimecasino.in\/tr\/reviews\/#breadcrumb\"},\"inLanguage\":\"ro-RO\",\"potentialAction\":[{\"@type\":\"ReadAction\",\"target\":[\"https:\/\/crazytimecasino.in\/tr\/reviews\/\"]}]},{\"@type\":\"BreadcrumbList\",\"@id\":\"https:\/\/crazytimecasino.in\/tr\/reviews\/#breadcrumb\",\"itemListElement\":[{\"@type\":\"ListItem\",\"position\":1,\"name\":\"Home\",\"item\":\"https:\/\/crazytimecasino.in\/\"},{\"@type\":\"ListItem\",\"position\":2,\"name\":\"Oyuncu Duygular\u0131: Crazy Time D\u00fcnyas\u0131ndaki Hikayenizi Payla\u015f\u0131n!\"}]},{\"@type\":\"WebSite\",\"@id\":\"https:\/\/crazytimecasino.in\/#website\",\"url\":\"https:\/\/crazytimecasino.in\/\",\"name\":\"Crazy Time\",\"description\":\"\",\"publisher\":{\"@id\":\"https:\/\/crazytimecasino.in\/#organization\"},\"potentialAction\":[{\"@type\":\"SearchAction\",\"target\":{\"@type\":\"EntryPoint\",\"urlTemplate\":\"https:\/\/crazytimecasino.in\/?s={search_term_string}\"},\"query-input\":{\"@type\":\"PropertyValueSpecification\",\"valueRequired\":true,\"valueName\":\"search_term_string\"}}],\"inLanguage\":\"ro-RO\"},{\"@type\":\"Organization\",\"@id\":\"https:\/\/crazytimecasino.in\/#organization\",\"name\":\"Crazy Time\",\"url\":\"https:\/\/crazytimecasino.in\/\",\"logo\":{\"@type\":\"ImageObject\",\"inLanguage\":\"ro-RO\",\"@id\":\"https:\/\/crazytimecasino.in\/#\/schema\/logo\/image\/\",\"url\":\"https:\/\/crazytimecasino.in\/wp-content\/uploads\/cropped-crazy-time-logo.webp\",\"contentUrl\":\"https:\/\/crazytimecasino.in\/wp-content\/uploads\/cropped-crazy-time-logo.webp\",\"width\":114,\"height\":88,\"caption\":\"Crazy Time\"},\"image\":{\"@id\":\"https:\/\/crazytimecasino.in\/#\/schema\/logo\/image\/\"}}]}<\/script>\n<!-- \/ Yoast SEO plugin. -->","yoast_head_json":{"title":"Ger\u00e7ek Oyuncu Hikayeleri: Crazy Time \u0130zlenimleri","description":"Citi\u021bi recenziile juc\u0103torilor, \u00eemp\u0103rt\u0103\u0219i\u021bi propriile experien\u021be \u0219i descoperi\u021bi de ce Crazy Time c\u00e2\u0219tig\u0103 inimile a milioane de oameni.","robots":{"index":"index","follow":"follow","max-snippet":"max-snippet:-1","max-image-preview":"max-image-preview:large","max-video-preview":"max-video-preview:-1"},"canonical":"https:\/\/crazytimecasino.in\/ro\/reviews\/","og_locale":"ro_RO","og_type":"article","og_title":"Ger\u00e7ek Oyuncu Hikayeleri: Crazy Time \u0130zlenimleri","og_description":"Oyuncu de\u011ferlendirmelerini okuyun, kendi deneyimlerinizi payla\u015f\u0131n ve Crazy Time'\u0131n neden milyonlar\u0131n kalbini kazand\u0131\u011f\u0131n\u0131 ke\u015ffedin.","og_url":"https:\/\/crazytimecasino.in\/ro\/reviews\/","og_site_name":"Crazy Time","article_modified_time":"2023-12-27T11:27:27+00:00","twitter_card":"summary_large_image","twitter_misc":{"Timp estimat pentru citire":"32 de minute"},"schema":{"@context":"https:\/\/schema.org","@graph":[{"@type":"WebPage","@id":"https:\/\/crazytimecasino.in\/tr\/reviews\/","url":"https:\/\/crazytimecasino.in\/tr\/reviews\/","name":"Ger\u00e7ek Oyuncu Hikayeleri: Crazy Time \u0130zlenimleri","isPartOf":{"@id":"https:\/\/crazytimecasino.in\/#website"},"datePublished":"2023-12-10T23:36:07+00:00","dateModified":"2023-12-27T11:27:27+00:00","description":"Oyuncu de\u011ferlendirmelerini okuyun, kendi deneyimlerinizi payla\u015f\u0131n ve Crazy Time'\u0131n neden milyonlar\u0131n kalbini kazand\u0131\u011f\u0131n\u0131 ke\u015ffedin.","breadcrumb":{"@id":"https:\/\/crazytimecasino.in\/tr\/reviews\/#breadcrumb"},"inLanguage":"ro-RO","potentialAction":[{"@type":"ReadAction","target":["https:\/\/crazytimecasino.in\/tr\/reviews\/"]}]},{"@type":"BreadcrumbList","@id":"https:\/\/crazytimecasino.in\/tr\/reviews\/#breadcrumb","itemListElement":[{"@type":"ListItem","position":1,"name":"Home","item":"https:\/\/crazytimecasino.in\/"},{"@type":"ListItem","position":2,"name":"Oyuncu Duygular\u0131: Crazy Time D\u00fcnyas\u0131ndaki Hikayenizi Payla\u015f\u0131n!"}]},{"@type":"WebSite","@id":"https:\/\/crazytimecasino.in\/#website","url":"https:\/\/crazytimecasino.in\/","name":"Crazy Time","description":"","publisher":{"@id":"https:\/\/crazytimecasino.in\/#organization"},"potentialAction":[{"@type":"SearchAction","target":{"@type":"EntryPoint","urlTemplate":"https:\/\/crazytimecasino.in\/?s={search_term_string}"},"query-input":{"@type":"PropertyValueSpecification","valueRequired":true,"valueName":"search_term_string"}}],"inLanguage":"ro-RO"},{"@type":"Organization","@id":"https:\/\/crazytimecasino.in\/#organization","name":"Crazy Time","url":"https:\/\/crazytimecasino.in\/","logo":{"@type":"ImageObject","inLanguage":"ro-RO","@id":"https:\/\/crazytimecasino.in\/#\/schema\/logo\/image\/","url":"https:\/\/crazytimecasino.in\/wp-content\/uploads\/cropped-crazy-time-logo.webp","contentUrl":"https:\/\/crazytimecasino.in\/wp-content\/uploads\/cropped-crazy-time-logo.webp","width":114,"height":88,"caption":"Crazy Time"},"image":{"@id":"https:\/\/crazytimecasino.in\/#\/schema\/logo\/image\/"}}]}},"_links":{"self":[{"href":"https:\/\/crazytimecasino.in\/ro\/wp-json\/wp\/v2\/pages\/13","targetHints":{"allow":["GET"]}}],"collection":[{"href":"https:\/\/crazytimecasino.in\/ro\/wp-json\/wp\/v2\/pages"}],"about":[{"href":"https:\/\/crazytimecasino.in\/ro\/wp-json\/wp\/v2\/types\/page"}],"author":[{"embeddable":true,"href":"https:\/\/crazytimecasino.in\/ro\/wp-json\/wp\/v2\/users\/1"}],"replies":[{"embeddable":true,"href":"https:\/\/crazytimecasino.in\/ro\/wp-json\/wp\/v2\/comments?post=13"}],"version-history":[{"count":25,"href":"https:\/\/crazytimecasino.in\/ro\/wp-json\/wp\/v2\/pages\/13\/revisions"}],"predecessor-version":[{"id":172,"href":"https:\/\/crazytimecasino.in\/ro\/wp-json\/wp\/v2\/pages\/13\/revisions\/172"}],"wp:attachment":[{"href":"https:\/\/crazytimecasino.in\/ro\/wp-json\/wp\/v2\/media?parent=13"}],"curies":[{"name":"wp","href":"https:\/\/api.w.org\/{rel}","templated":true}]}}