{"id":11,"date":"2023-12-10T23:08:12","date_gmt":"2023-12-10T23:08:12","guid":{"rendered":"https:\/\/crazytimecasino.in\/?page_id=11"},"modified":"2023-12-27T11:21:52","modified_gmt":"2023-12-27T11:21:52","slug":"faq","status":"publish","type":"page","link":"https:\/\/crazytimecasino.in\/ro\/faq\/","title":{"rendered":"R\u0103spunsuri la \u00eentreb\u0103rile frecvente despre Crazy Time: Explica\u021bii \u0219i Sfaturi"},"content":{"rendered":"<h3>Care este miza minim\u0103 \u00een jocul Crazy Time?<\/h3>\n<p>\u00cen Crazy Time, pute\u021bi plasa o miz\u0103 minim\u0103 de 10 cen\u021bi \u0219i o miz\u0103 maxim\u0103 de 1000 de dolari.<\/p>\n<h3>Exist\u0103 un chat \u00een jocul Crazy Time?<\/h3>\n<p>Da, pute\u021bi comunica cu gazda jocului \u0219i ceilal\u021bi juc\u0103tori. Cu toate acestea, v\u0103 rug\u0103m s\u0103 respecta\u021bi regulile de decen\u021b\u0103 \u00een chatul Crazy Time.<\/p>\n<h3>Cum arat\u0103 statistica \u00een interfa\u021ba de joc?<\/h3>\n<p>Sec\u021biunea de statistici afi\u0219eaz\u0103 rezultatele c\u00e2\u0219tigurilor din ultimele runde ale jocului.<\/p>\n<h3>Ce \u00eenseamn\u0103 num\u0103rul de joc?<\/h3>\n<p>Fiecare rund\u0103 de Crazy Time are propriul s\u0103u num\u0103r de joc. De exemplu, num\u0103rul #10 la 21:10. Acest num\u0103r indic\u0103 ora \u0219i minutele jocului \u00een Timpul Mediu al Greenwich-ului. Utiliza\u021bi acest num\u0103r de joc dac\u0103 dori\u021bi s\u0103 contacta\u021bi suportul pentru clien\u021bi \u00een leg\u0103tur\u0103 cu o rund\u0103 specific\u0103.<\/p>\n<h3>Care este modul de joc multiplu \u00een Crazy Time?<\/h3>\n<p>Pute\u021bi juca simultan la mai multe mese \u00eentr-o fereastr\u0103 de browser dac\u0103 nu dori\u021bi s\u0103 v\u0103 opri\u021bi doar la una singur\u0103.<\/p>\n<h3>Exist\u0103 un mod de joc automat \u00een Crazy Time?<\/h3>\n<p>Da, modul de joc automat este posibil. Auto-play v\u0103 permite s\u0103 repeta\u021bi miza sau mizele selectate pentru un anumit num\u0103r de runde de joc dup\u0103 ce a\u021bi plasat o miz\u0103. Plasa\u021bi-v\u0103 pariurile \u00een grila de pariere \u0219i ap\u0103sa\u021bi butonul &#8222;Auto-play&#8221; pentru a \u00eencepe jocul.<\/p>\n","protected":false},"excerpt":{"rendered":"<p>Care este miza minim\u0103 \u00een jocul Crazy Time? \u00cen Crazy Time, pute\u021bi plasa o miz\u0103 minim\u0103 de 10 cen\u021bi \u0219i o miz\u0103 maxim\u0103 de 1000 de dolari. Exist\u0103 un chat \u00een jocul Crazy Time? Da, pute\u021bi comunica cu gazda jocului \u0219i ceilal\u021bi juc\u0103tori. Cu toate acestea, v\u0103 rug\u0103m s\u0103 respecta\u021bi regulile de decen\u021b\u0103 \u00een chatul [&hellip;]<\/p>\n","protected":false},"author":1,"featured_media":0,"parent":0,"menu_order":0,"comment_status":"closed","ping_status":"closed","template":"","meta":{"footnotes":""},"class_list":["post-11","page","type-page","status-publish","hentry"],"yoast_head":"<!-- This site is optimized with the Yoast SEO plugin v27.2 - https:\/\/yoast.com\/product\/yoast-seo-wordpress\/ -->\n<title>\u0427\u0435\u0441\u0442\u0430 \u043f\u0438\u0442\u0430\u045a\u0430 \u043e Crazy Time: \u041e\u0434\u0433\u043e\u0432\u043e\u0440\u0438 \u043d\u0430 \u0432\u0430\u0448\u0430 \u043f\u0438\u0442\u0430\u045a\u0430 \u043e \u0438\u0433\u0440\u0438<\/title>\n<meta name=\"description\" content=\"G\u0103sirea r\u0103spunsurilor la toate \u00eentreb\u0103rile tale despre Crazy Time este u\u0219oar\u0103. Explica\u021bii \u0219i sfaturi pentru o imersiune reu\u0219it\u0103 \u00een lumea palpitant\u0103 a jocurilor de noroc.\" \/>\n<meta name=\"robots\" content=\"index, follow, max-snippet:-1, max-image-preview:large, max-video-preview:-1\" \/>\n<link rel=\"canonical\" href=\"https:\/\/crazytimecasino.in\/ro\/faq\/\" \/>\n<meta property=\"og:locale\" content=\"ro_RO\" \/>\n<meta property=\"og:locale:alternate\" content=\"en_US\" \/>\n<meta property=\"og:locale:alternate\" content=\"ru_RU\" \/>\n<meta property=\"og:locale:alternate\" content=\"pt_PT\" \/>\n<meta property=\"og:locale:alternate\" content=\"es_ES\" \/>\n<meta property=\"og:locale:alternate\" content=\"sr_RS\" \/>\n<meta property=\"og:locale:alternate\" content=\"bg_BG\" \/>\n<meta property=\"og:locale:alternate\" content=\"hu_HU\" \/>\n<meta property=\"og:locale:alternate\" content=\"pl_PL\" \/>\n<meta property=\"og:locale:alternate\" content=\"el\" \/>\n<meta property=\"og:locale:alternate\" content=\"tr_TR\" \/>\n<meta property=\"og:type\" content=\"article\" \/>\n<meta property=\"og:title\" content=\"\u0427\u0435\u0441\u0442\u0430 \u043f\u0438\u0442\u0430\u045a\u0430 \u043e Crazy Time: \u041e\u0434\u0433\u043e\u0432\u043e\u0440\u0438 \u043d\u0430 \u0432\u0430\u0448\u0430 \u043f\u0438\u0442\u0430\u045a\u0430 \u043e \u0438\u0433\u0440\u0438\" \/>\n<meta property=\"og:description\" content=\"\u041f\u0440\u0430\u0448\u0430\u045a\u0430 \u043e Crazy Time \u043b\u0430\u043a\u043e \u045b\u0435\u0442\u0435 \u043d\u0430\u045b\u0438 \u043e\u0434\u0433\u043e\u0432\u043e\u0440\u0435. \u041e\u0431\u0458\u0430\u0448\u045a\u0435\u045a\u0430 \u0438 \u0441\u0430\u0432\u0435\u0442\u0438 \u0437\u0430 \u0443\u0441\u043f\u0435\u0448\u043d\u043e \u0443\u043f\u0443\u0448\u0442\u0430\u045a\u0435 \u0443 \u0443\u0437\u0431\u0443\u0434\u0459\u0438\u0432\u0438 \u0441\u0432\u0435\u0442 \u0430\u0437\u0430\u0440\u0442\u043d\u0438\u0445 \u0438\u0433\u0430\u0440\u0430.\" \/>\n<meta property=\"og:url\" content=\"https:\/\/crazytimecasino.in\/ro\/faq\/\" \/>\n<meta property=\"og:site_name\" content=\"Crazy Time\" \/>\n<meta property=\"article:modified_time\" content=\"2023-12-27T11:21:52+00:00\" \/>\n<meta name=\"twitter:card\" content=\"summary_large_image\" \/>\n<meta name=\"twitter:label1\" content=\"Timp estimat pentru citire\" \/>\n\t<meta name=\"twitter:data1\" content=\"8 minute\" \/>\n<script type=\"application\/ld+json\" class=\"yoast-schema-graph\">{\"@context\":\"https:\/\/schema.org\",\"@graph\":[{\"@type\":\"WebPage\",\"@id\":\"https:\/\/crazytimecasino.in\/sr\/faq\/\",\"url\":\"https:\/\/crazytimecasino.in\/sr\/faq\/\",\"name\":\"\u0427\u0435\u0441\u0442\u0430 \u043f\u0438\u0442\u0430\u045a\u0430 \u043e Crazy Time: \u041e\u0434\u0433\u043e\u0432\u043e\u0440\u0438 \u043d\u0430 \u0432\u0430\u0448\u0430 \u043f\u0438\u0442\u0430\u045a\u0430 \u043e \u0438\u0433\u0440\u0438\",\"isPartOf\":{\"@id\":\"https:\/\/crazytimecasino.in\/#website\"},\"datePublished\":\"2023-12-10T23:08:12+00:00\",\"dateModified\":\"2023-12-27T11:21:52+00:00\",\"description\":\"\u041f\u0440\u0430\u0448\u0430\u045a\u0430 \u043e Crazy Time \u043b\u0430\u043a\u043e \u045b\u0435\u0442\u0435 \u043d\u0430\u045b\u0438 \u043e\u0434\u0433\u043e\u0432\u043e\u0440\u0435. \u041e\u0431\u0458\u0430\u0448\u045a\u0435\u045a\u0430 \u0438 \u0441\u0430\u0432\u0435\u0442\u0438 \u0437\u0430 \u0443\u0441\u043f\u0435\u0448\u043d\u043e \u0443\u043f\u0443\u0448\u0442\u0430\u045a\u0435 \u0443 \u0443\u0437\u0431\u0443\u0434\u0459\u0438\u0432\u0438 \u0441\u0432\u0435\u0442 \u0430\u0437\u0430\u0440\u0442\u043d\u0438\u0445 \u0438\u0433\u0430\u0440\u0430.\",\"breadcrumb\":{\"@id\":\"https:\/\/crazytimecasino.in\/sr\/faq\/#breadcrumb\"},\"inLanguage\":\"ro-RO\",\"potentialAction\":[{\"@type\":\"ReadAction\",\"target\":[\"https:\/\/crazytimecasino.in\/sr\/faq\/\"]}]},{\"@type\":\"BreadcrumbList\",\"@id\":\"https:\/\/crazytimecasino.in\/sr\/faq\/#breadcrumb\",\"itemListElement\":[{\"@type\":\"ListItem\",\"position\":1,\"name\":\"Home\",\"item\":\"https:\/\/crazytimecasino.in\/\"},{\"@type\":\"ListItem\",\"position\":2,\"name\":\"\u041e\u0434\u0433\u043e\u0432\u043e\u0440\u0438 \u043d\u0430 \u0447\u0435\u0441\u0442\u043e \u043f\u043e\u0441\u0442\u0430\u0432\u0459\u0430\u043d\u0430 \u043f\u0438\u0442\u0430\u045a\u0430 \u043e Crazy Time: \u041f\u043e\u0458\u0430\u0448\u045a\u0435\u045a\u0430 \u0438 \u0421\u0430\u0432\u0435\u0442\u0438\"}]},{\"@type\":\"WebSite\",\"@id\":\"https:\/\/crazytimecasino.in\/#website\",\"url\":\"https:\/\/crazytimecasino.in\/\",\"name\":\"Crazy Time\",\"description\":\"\",\"publisher\":{\"@id\":\"https:\/\/crazytimecasino.in\/#organization\"},\"potentialAction\":[{\"@type\":\"SearchAction\",\"target\":{\"@type\":\"EntryPoint\",\"urlTemplate\":\"https:\/\/crazytimecasino.in\/?s={search_term_string}\"},\"query-input\":{\"@type\":\"PropertyValueSpecification\",\"valueRequired\":true,\"valueName\":\"search_term_string\"}}],\"inLanguage\":\"ro-RO\"},{\"@type\":\"Organization\",\"@id\":\"https:\/\/crazytimecasino.in\/#organization\",\"name\":\"Crazy Time\",\"url\":\"https:\/\/crazytimecasino.in\/\",\"logo\":{\"@type\":\"ImageObject\",\"inLanguage\":\"ro-RO\",\"@id\":\"https:\/\/crazytimecasino.in\/#\/schema\/logo\/image\/\",\"url\":\"https:\/\/crazytimecasino.in\/wp-content\/uploads\/cropped-crazy-time-logo.webp\",\"contentUrl\":\"https:\/\/crazytimecasino.in\/wp-content\/uploads\/cropped-crazy-time-logo.webp\",\"width\":114,\"height\":88,\"caption\":\"Crazy Time\"},\"image\":{\"@id\":\"https:\/\/crazytimecasino.in\/#\/schema\/logo\/image\/\"}}]}<\/script>\n<!-- \/ Yoast SEO plugin. -->","yoast_head_json":{"title":"\u0427\u0435\u0441\u0442\u0430 \u043f\u0438\u0442\u0430\u045a\u0430 \u043e Crazy Time: \u041e\u0434\u0433\u043e\u0432\u043e\u0440\u0438 \u043d\u0430 \u0432\u0430\u0448\u0430 \u043f\u0438\u0442\u0430\u045a\u0430 \u043e \u0438\u0433\u0440\u0438","description":"G\u0103sirea r\u0103spunsurilor la toate \u00eentreb\u0103rile tale despre Crazy Time este u\u0219oar\u0103. Explica\u021bii \u0219i sfaturi pentru o imersiune reu\u0219it\u0103 \u00een lumea palpitant\u0103 a jocurilor de noroc.","robots":{"index":"index","follow":"follow","max-snippet":"max-snippet:-1","max-image-preview":"max-image-preview:large","max-video-preview":"max-video-preview:-1"},"canonical":"https:\/\/crazytimecasino.in\/ro\/faq\/","og_locale":"ro_RO","og_type":"article","og_title":"\u0427\u0435\u0441\u0442\u0430 \u043f\u0438\u0442\u0430\u045a\u0430 \u043e Crazy Time: \u041e\u0434\u0433\u043e\u0432\u043e\u0440\u0438 \u043d\u0430 \u0432\u0430\u0448\u0430 \u043f\u0438\u0442\u0430\u045a\u0430 \u043e \u0438\u0433\u0440\u0438","og_description":"\u041f\u0440\u0430\u0448\u0430\u045a\u0430 \u043e Crazy Time \u043b\u0430\u043a\u043e \u045b\u0435\u0442\u0435 \u043d\u0430\u045b\u0438 \u043e\u0434\u0433\u043e\u0432\u043e\u0440\u0435. \u041e\u0431\u0458\u0430\u0448\u045a\u0435\u045a\u0430 \u0438 \u0441\u0430\u0432\u0435\u0442\u0438 \u0437\u0430 \u0443\u0441\u043f\u0435\u0448\u043d\u043e \u0443\u043f\u0443\u0448\u0442\u0430\u045a\u0435 \u0443 \u0443\u0437\u0431\u0443\u0434\u0459\u0438\u0432\u0438 \u0441\u0432\u0435\u0442 \u0430\u0437\u0430\u0440\u0442\u043d\u0438\u0445 \u0438\u0433\u0430\u0440\u0430.","og_url":"https:\/\/crazytimecasino.in\/ro\/faq\/","og_site_name":"Crazy Time","article_modified_time":"2023-12-27T11:21:52+00:00","twitter_card":"summary_large_image","twitter_misc":{"Timp estimat pentru citire":"8 minute"},"schema":{"@context":"https:\/\/schema.org","@graph":[{"@type":"WebPage","@id":"https:\/\/crazytimecasino.in\/sr\/faq\/","url":"https:\/\/crazytimecasino.in\/sr\/faq\/","name":"\u0427\u0435\u0441\u0442\u0430 \u043f\u0438\u0442\u0430\u045a\u0430 \u043e Crazy Time: \u041e\u0434\u0433\u043e\u0432\u043e\u0440\u0438 \u043d\u0430 \u0432\u0430\u0448\u0430 \u043f\u0438\u0442\u0430\u045a\u0430 \u043e \u0438\u0433\u0440\u0438","isPartOf":{"@id":"https:\/\/crazytimecasino.in\/#website"},"datePublished":"2023-12-10T23:08:12+00:00","dateModified":"2023-12-27T11:21:52+00:00","description":"\u041f\u0440\u0430\u0448\u0430\u045a\u0430 \u043e Crazy Time \u043b\u0430\u043a\u043e \u045b\u0435\u0442\u0435 \u043d\u0430\u045b\u0438 \u043e\u0434\u0433\u043e\u0432\u043e\u0440\u0435. \u041e\u0431\u0458\u0430\u0448\u045a\u0435\u045a\u0430 \u0438 \u0441\u0430\u0432\u0435\u0442\u0438 \u0437\u0430 \u0443\u0441\u043f\u0435\u0448\u043d\u043e \u0443\u043f\u0443\u0448\u0442\u0430\u045a\u0435 \u0443 \u0443\u0437\u0431\u0443\u0434\u0459\u0438\u0432\u0438 \u0441\u0432\u0435\u0442 \u0430\u0437\u0430\u0440\u0442\u043d\u0438\u0445 \u0438\u0433\u0430\u0440\u0430.","breadcrumb":{"@id":"https:\/\/crazytimecasino.in\/sr\/faq\/#breadcrumb"},"inLanguage":"ro-RO","potentialAction":[{"@type":"ReadAction","target":["https:\/\/crazytimecasino.in\/sr\/faq\/"]}]},{"@type":"BreadcrumbList","@id":"https:\/\/crazytimecasino.in\/sr\/faq\/#breadcrumb","itemListElement":[{"@type":"ListItem","position":1,"name":"Home","item":"https:\/\/crazytimecasino.in\/"},{"@type":"ListItem","position":2,"name":"\u041e\u0434\u0433\u043e\u0432\u043e\u0440\u0438 \u043d\u0430 \u0447\u0435\u0441\u0442\u043e \u043f\u043e\u0441\u0442\u0430\u0432\u0459\u0430\u043d\u0430 \u043f\u0438\u0442\u0430\u045a\u0430 \u043e Crazy Time: \u041f\u043e\u0458\u0430\u0448\u045a\u0435\u045a\u0430 \u0438 \u0421\u0430\u0432\u0435\u0442\u0438"}]},{"@type":"WebSite","@id":"https:\/\/crazytimecasino.in\/#website","url":"https:\/\/crazytimecasino.in\/","name":"Crazy Time","description":"","publisher":{"@id":"https:\/\/crazytimecasino.in\/#organization"},"potentialAction":[{"@type":"SearchAction","target":{"@type":"EntryPoint","urlTemplate":"https:\/\/crazytimecasino.in\/?s={search_term_string}"},"query-input":{"@type":"PropertyValueSpecification","valueRequired":true,"valueName":"search_term_string"}}],"inLanguage":"ro-RO"},{"@type":"Organization","@id":"https:\/\/crazytimecasino.in\/#organization","name":"Crazy Time","url":"https:\/\/crazytimecasino.in\/","logo":{"@type":"ImageObject","inLanguage":"ro-RO","@id":"https:\/\/crazytimecasino.in\/#\/schema\/logo\/image\/","url":"https:\/\/crazytimecasino.in\/wp-content\/uploads\/cropped-crazy-time-logo.webp","contentUrl":"https:\/\/crazytimecasino.in\/wp-content\/uploads\/cropped-crazy-time-logo.webp","width":114,"height":88,"caption":"Crazy Time"},"image":{"@id":"https:\/\/crazytimecasino.in\/#\/schema\/logo\/image\/"}}]}},"_links":{"self":[{"href":"https:\/\/crazytimecasino.in\/ro\/wp-json\/wp\/v2\/pages\/11","targetHints":{"allow":["GET"]}}],"collection":[{"href":"https:\/\/crazytimecasino.in\/ro\/wp-json\/wp\/v2\/pages"}],"about":[{"href":"https:\/\/crazytimecasino.in\/ro\/wp-json\/wp\/v2\/types\/page"}],"author":[{"embeddable":true,"href":"https:\/\/crazytimecasino.in\/ro\/wp-json\/wp\/v2\/users\/1"}],"replies":[{"embeddable":true,"href":"https:\/\/crazytimecasino.in\/ro\/wp-json\/wp\/v2\/comments?post=11"}],"version-history":[{"count":28,"href":"https:\/\/crazytimecasino.in\/ro\/wp-json\/wp\/v2\/pages\/11\/revisions"}],"predecessor-version":[{"id":156,"href":"https:\/\/crazytimecasino.in\/ro\/wp-json\/wp\/v2\/pages\/11\/revisions\/156"}],"wp:attachment":[{"href":"https:\/\/crazytimecasino.in\/ro\/wp-json\/wp\/v2\/media?parent=11"}],"curies":[{"name":"wp","href":"https:\/\/api.w.org\/{rel}","templated":true}]}}