{"id":9,"date":"2023-12-10T23:04:22","date_gmt":"2023-12-10T23:04:22","guid":{"rendered":"https:\/\/crazytimecasino.in\/?page_id=9"},"modified":"2023-12-27T11:24:44","modified_gmt":"2023-12-27T11:24:44","slug":"strategies","status":"publish","type":"page","link":"https:\/\/crazytimecasino.in\/pt\/strategies\/","title":{"rendered":"Estrat\u00e9gias do Crazy Time: Aumente suas Chances de Vit\u00f3ria"},"content":{"rendered":"<h2><strong>Como Vencer no Crazy Time Usando Estrat\u00e9gias e T\u00e1ticas Eficazes?<\/strong><\/h2>\n<p>Vamos explorar estrat\u00e9gias e t\u00e1ticas que o ajudar\u00e3o a alcan\u00e7ar o sucesso no emocionante jogo Crazy Time. Crazy Time em casinos online n\u00e3o \u00e9 apenas entretenimento; aqui est\u00e1 em jogo dinheiro real. Uma jogabilidade eficaz envolve seguir estrat\u00e9gias espec\u00edficas.<\/p>\n<p>\u00c9 crucial lembrar que no Crazy Time, sempre h\u00e1 o risco de perder fundos devido a apostas incorretas. Isso acontece quando os jogadores escolhem os setores errados. \u00c0s vezes, a tenta\u00e7\u00e3o de fazer apostas substanciais aumenta, e voc\u00ea pode decidir arriscar, focando no setor Crazy Time. Em tais momentos, as perdas s\u00e3o inevit\u00e1veis. Nosso objetivo \u00e9 fornecer estrat\u00e9gias e t\u00e1ticas que o ajudar\u00e3o a evitar contratempos emocionais e financeiros, garantindo uma renda est\u00e1vel no Crazy Time.<\/p>\n<p>Ent\u00e3o, como voc\u00ea vence? Como alcan\u00e7ar ganhos reais jogando o slot online Crazy Time? Temos algumas abordagens, e a escolha \u00e9 sua.<\/p>\n<p>Vale a pena lembrar que no casino online Crazy Time, \u00e9 vantajoso fazer apostas em v\u00e1rias \u00e1reas. Isso reduz os riscos e garante ganhos potenciais m\u00e1ximos.<\/p>\n<h2>Estrat\u00e9gia &#8220;Cautela &#8211; o Caminho para o Sucesso&#8221; no Crazy Time<\/h2>\n<p>Esta \u00e9 a primeira op\u00e7\u00e3o de estrat\u00e9gia, perfeita para aqueles que preferem uma abordagem tranquila sem estresse desnecess\u00e1rio. O principal objetivo \u00e9 aumentar gradualmente os ganhos passo a passo. Voc\u00ea pode n\u00e3o ficar rico instantaneamente, mas pode construir gradualmente o seu dep\u00f3sito.<\/p>\n<p>A ideia \u00e9 aumentar a probabilidade de cair em setores simples x1, x2 e x5, j\u00e1 que a probabilidade combinada ultrapassa 75%. Isso significa que h\u00e1 uma chance de recuperar a aposta m\u00ednima em dois dos tr\u00eas jogos.<\/p>\n<p>Depois disso, um multiplicador de setor aparece no quadro. Gra\u00e7as a este multiplicador, voc\u00ea pode ganhar uma quantia significativa, impulsionando significativamente o seu saldo de jogo. Por exemplo, fazer uma aposta de $200 no setor x2 resulta em um aumento para x7 com o multiplicador de setor, dando, no final, x14 para a sua aposta.<\/p>\n<p>Este \u00e9 um excelente resultado para apostas em um casino online, especialmente no Crazy Time, onde uma aposta regular x2 pode melhorar significativamente o seu saldo de jogo.<\/p>\n<p>Apesar de exigir tempo e cautela, esta estrat\u00e9gia garante o m\u00e1ximo de prazer ao jogar Crazy Time com riscos m\u00ednimos.<\/p>\n<h2>Estrat\u00e9gia &#8220;O Risco Justifica os Custos&#8221; no Crazy Time<\/h2>\n<p>O objetivo desta estrat\u00e9gia \u00e9 maximizar os ganhos em tantos setores quanto poss\u00edvel.<\/p>\n<p>Comece com apostas m\u00ednimas em todos de uma vez. Certifique-se de que sua banca seja grande o suficiente para usar esta estrat\u00e9gia no casino online. Vale a pena notar que pequenas vit\u00f3rias compensar\u00e3o poss\u00edveis perdas significativas. Esta estrat\u00e9gia visa aumentar o n\u00famero de apostas, aumentando as chances de acionar um jogo b\u00f4nus. Isso \u00e9 alcan\u00e7ado porque os n\u00edveis de b\u00f4nus podem acumular multiplicadores de at\u00e9 x25000, compensando todos os investimentos at\u00e9 esse n\u00edvel. Francamente, esta \u00e9 uma estrat\u00e9gia mais arriscada do que a anterior, mas os ganhos potenciais s\u00e3o significativamente maiores.<\/p>\n<h2>Estrat\u00e9gia &#8220;A Fortuna Favorece os Ousados&#8221; no Crazy Time<\/h2>\n<p>Vencer no Crazy Time \u00e9 o terceiro m\u00e9todo bem-sucedido. Ao se envolver no mundo do Crazy Time online, voc\u00ea deve correr riscos e esperar que a sorte esteja do seu lado. Se voc\u00ea est\u00e1 confiante no seu saldo e n\u00e3o tem medo de correr riscos, esta op\u00e7\u00e3o \u00e9 para voc\u00ea.<\/p>\n<p>Fa\u00e7a apostas significativas em jogos b\u00f4nus sem gastar em apostas pequenas antes de jogar grandes quantias. Aumente sua aposta v\u00e1rias vezes. Aborde continuamente o setor favorito Crazy Time.<\/p>\n<p>\u00c9 interessante notar que no sorteio do setor Crazy Time em si, voc\u00ea tem a oportunidade de escolher um de tr\u00eas sinais, aumentando suas chances de ganhar com base na sua intui\u00e7\u00e3o.<\/p>\n","protected":false},"excerpt":{"rendered":"<p>Como Vencer no Crazy Time Usando Estrat\u00e9gias e T\u00e1ticas Eficazes? Vamos explorar estrat\u00e9gias e t\u00e1ticas que o ajudar\u00e3o a alcan\u00e7ar o sucesso no emocionante jogo Crazy Time. Crazy Time em casinos online n\u00e3o \u00e9 apenas entretenimento; aqui est\u00e1 em jogo dinheiro real. Uma jogabilidade eficaz envolve seguir estrat\u00e9gias espec\u00edficas. \u00c9 crucial lembrar que no Crazy [&hellip;]<\/p>\n","protected":false},"author":1,"featured_media":0,"parent":0,"menu_order":0,"comment_status":"closed","ping_status":"closed","template":"","meta":{"footnotes":""},"class_list":["post-9","page","type-page","status-publish","hentry"],"yoast_head":"<!-- This site is optimized with the Yoast SEO plugin v27.2 - https:\/\/yoast.com\/product\/yoast-seo-wordpress\/ -->\n<title>\u0422\u0430\u0458\u043d\u0435 \u0443\u0441\u043f\u0435\u0445\u0430: \u0415\u0444\u0438\u043a\u0430\u0441\u043d\u0435 \u0441\u0442\u0440\u0430\u0442\u0435\u0433\u0438\u0458\u0435 \u0437\u0430 \u0438\u0433\u0440\u0430\u045a\u0435 Crazy Time<\/title>\n<meta name=\"description\" content=\"Domine as complexidades das estrat\u00e9gias para a vit\u00f3ria no jogo de azar, Crazy Time. Aumente suas chances e aproveite ganhos significativos.\" \/>\n<meta name=\"robots\" content=\"index, follow, max-snippet:-1, max-image-preview:large, max-video-preview:-1\" \/>\n<link rel=\"canonical\" href=\"https:\/\/crazytimecasino.in\/pt\/strategies\/\" \/>\n<meta property=\"og:locale\" content=\"pt_PT\" \/>\n<meta property=\"og:locale:alternate\" content=\"en_US\" \/>\n<meta property=\"og:locale:alternate\" content=\"ru_RU\" \/>\n<meta property=\"og:locale:alternate\" content=\"es_ES\" \/>\n<meta property=\"og:locale:alternate\" content=\"ro_RO\" \/>\n<meta property=\"og:locale:alternate\" content=\"sr_RS\" \/>\n<meta property=\"og:locale:alternate\" content=\"bg_BG\" \/>\n<meta property=\"og:locale:alternate\" content=\"hu_HU\" \/>\n<meta property=\"og:locale:alternate\" content=\"pl_PL\" \/>\n<meta property=\"og:locale:alternate\" content=\"el\" \/>\n<meta property=\"og:locale:alternate\" content=\"tr_TR\" \/>\n<meta property=\"og:type\" content=\"article\" \/>\n<meta property=\"og:title\" content=\"\u0422\u0430\u0458\u043d\u0435 \u0443\u0441\u043f\u0435\u0445\u0430: \u0415\u0444\u0438\u043a\u0430\u0441\u043d\u0435 \u0441\u0442\u0440\u0430\u0442\u0435\u0433\u0438\u0458\u0435 \u0437\u0430 \u0438\u0433\u0440\u0430\u045a\u0435 Crazy Time\" \/>\n<meta property=\"og:description\" content=\"\u041e\u0432\u043b\u0430\u0434\u0430\u0458\u0442\u0435 \u0442\u0430\u0458\u043d\u0430\u043c\u0430 \u0441\u0442\u0440\u0430\u0442\u0435\u0433\u0438\u0458\u0430 \u0437\u0430 \u043f\u043e\u0431\u0435\u0434\u0443 \u0443 \u0430\u0437\u0430\u0440\u0442\u043d\u043e\u0458 \u0438\u0433\u0440\u0438, Crazy Time. \u041f\u043e\u0432\u0435\u045b\u0430\u0458\u0442\u0435 \u0441\u0432\u043e\u0458\u0435 \u0448\u0430\u043d\u0441\u0435 \u0438 \u0443\u0436\u0438\u0432\u0430\u0458\u0442\u0435 \u0443 \u0437\u043d\u0430\u0447\u0430\u0458\u043d\u0438\u043c \u0434\u043e\u0431\u0438\u0442\u0446\u0438\u043c\u0430.\" \/>\n<meta property=\"og:url\" content=\"https:\/\/crazytimecasino.in\/pt\/strategies\/\" \/>\n<meta property=\"og:site_name\" content=\"Crazy Time\" \/>\n<meta property=\"article:modified_time\" content=\"2023-12-27T11:24:44+00:00\" \/>\n<meta name=\"twitter:card\" content=\"summary_large_image\" \/>\n<meta name=\"twitter:label1\" content=\"Tempo estimado de leitura\" \/>\n\t<meta name=\"twitter:data1\" content=\"24 minutos\" \/>\n<script type=\"application\/ld+json\" class=\"yoast-schema-graph\">{\"@context\":\"https:\/\/schema.org\",\"@graph\":[{\"@type\":\"WebPage\",\"@id\":\"https:\/\/crazytimecasino.in\/sr\/strategies\/\",\"url\":\"https:\/\/crazytimecasino.in\/sr\/strategies\/\",\"name\":\"\u0422\u0430\u0458\u043d\u0435 \u0443\u0441\u043f\u0435\u0445\u0430: \u0415\u0444\u0438\u043a\u0430\u0441\u043d\u0435 \u0441\u0442\u0440\u0430\u0442\u0435\u0433\u0438\u0458\u0435 \u0437\u0430 \u0438\u0433\u0440\u0430\u045a\u0435 Crazy Time\",\"isPartOf\":{\"@id\":\"https:\/\/crazytimecasino.in\/#website\"},\"datePublished\":\"2023-12-10T23:04:22+00:00\",\"dateModified\":\"2023-12-27T11:24:44+00:00\",\"description\":\"\u041e\u0432\u043b\u0430\u0434\u0430\u0458\u0442\u0435 \u0442\u0430\u0458\u043d\u0430\u043c\u0430 \u0441\u0442\u0440\u0430\u0442\u0435\u0433\u0438\u0458\u0430 \u0437\u0430 \u043f\u043e\u0431\u0435\u0434\u0443 \u0443 \u0430\u0437\u0430\u0440\u0442\u043d\u043e\u0458 \u0438\u0433\u0440\u0438, Crazy Time. \u041f\u043e\u0432\u0435\u045b\u0430\u0458\u0442\u0435 \u0441\u0432\u043e\u0458\u0435 \u0448\u0430\u043d\u0441\u0435 \u0438 \u0443\u0436\u0438\u0432\u0430\u0458\u0442\u0435 \u0443 \u0437\u043d\u0430\u0447\u0430\u0458\u043d\u0438\u043c \u0434\u043e\u0431\u0438\u0442\u0446\u0438\u043c\u0430.\",\"breadcrumb\":{\"@id\":\"https:\/\/crazytimecasino.in\/sr\/strategies\/#breadcrumb\"},\"inLanguage\":\"pt-PT\",\"potentialAction\":[{\"@type\":\"ReadAction\",\"target\":[\"https:\/\/crazytimecasino.in\/sr\/strategies\/\"]}]},{\"@type\":\"BreadcrumbList\",\"@id\":\"https:\/\/crazytimecasino.in\/sr\/strategies\/#breadcrumb\",\"itemListElement\":[{\"@type\":\"ListItem\",\"position\":1,\"name\":\"Home\",\"item\":\"https:\/\/crazytimecasino.in\/\"},{\"@type\":\"ListItem\",\"position\":2,\"name\":\"\u0423\u043f\u0440\u0430\u0432\u0459\u0430\u045a\u0435 \u0441\u0442\u0440\u0430\u0442\u0435\u0433\u0438\u0458\u0430\u043c\u0430 \u0443 Crazy Time: \u041f\u043e\u0432\u0435\u045b\u0430\u0458\u0442\u0435 \u0448\u0430\u043d\u0441\u0435 \u0437\u0430 \u043f\u043e\u0431\u0435\u0434\u0443\"}]},{\"@type\":\"WebSite\",\"@id\":\"https:\/\/crazytimecasino.in\/#website\",\"url\":\"https:\/\/crazytimecasino.in\/\",\"name\":\"Crazy Time\",\"description\":\"\",\"publisher\":{\"@id\":\"https:\/\/crazytimecasino.in\/#organization\"},\"potentialAction\":[{\"@type\":\"SearchAction\",\"target\":{\"@type\":\"EntryPoint\",\"urlTemplate\":\"https:\/\/crazytimecasino.in\/?s={search_term_string}\"},\"query-input\":{\"@type\":\"PropertyValueSpecification\",\"valueRequired\":true,\"valueName\":\"search_term_string\"}}],\"inLanguage\":\"pt-PT\"},{\"@type\":\"Organization\",\"@id\":\"https:\/\/crazytimecasino.in\/#organization\",\"name\":\"Crazy Time\",\"url\":\"https:\/\/crazytimecasino.in\/\",\"logo\":{\"@type\":\"ImageObject\",\"inLanguage\":\"pt-PT\",\"@id\":\"https:\/\/crazytimecasino.in\/#\/schema\/logo\/image\/\",\"url\":\"https:\/\/crazytimecasino.in\/wp-content\/uploads\/cropped-crazy-time-logo.webp\",\"contentUrl\":\"https:\/\/crazytimecasino.in\/wp-content\/uploads\/cropped-crazy-time-logo.webp\",\"width\":114,\"height\":88,\"caption\":\"Crazy Time\"},\"image\":{\"@id\":\"https:\/\/crazytimecasino.in\/#\/schema\/logo\/image\/\"}}]}<\/script>\n<!-- \/ Yoast SEO plugin. -->","yoast_head_json":{"title":"\u0422\u0430\u0458\u043d\u0435 \u0443\u0441\u043f\u0435\u0445\u0430: \u0415\u0444\u0438\u043a\u0430\u0441\u043d\u0435 \u0441\u0442\u0440\u0430\u0442\u0435\u0433\u0438\u0458\u0435 \u0437\u0430 \u0438\u0433\u0440\u0430\u045a\u0435 Crazy Time","description":"Domine as complexidades das estrat\u00e9gias para a vit\u00f3ria no jogo de azar, Crazy Time. Aumente suas chances e aproveite ganhos significativos.","robots":{"index":"index","follow":"follow","max-snippet":"max-snippet:-1","max-image-preview":"max-image-preview:large","max-video-preview":"max-video-preview:-1"},"canonical":"https:\/\/crazytimecasino.in\/pt\/strategies\/","og_locale":"pt_PT","og_type":"article","og_title":"\u0422\u0430\u0458\u043d\u0435 \u0443\u0441\u043f\u0435\u0445\u0430: \u0415\u0444\u0438\u043a\u0430\u0441\u043d\u0435 \u0441\u0442\u0440\u0430\u0442\u0435\u0433\u0438\u0458\u0435 \u0437\u0430 \u0438\u0433\u0440\u0430\u045a\u0435 Crazy Time","og_description":"\u041e\u0432\u043b\u0430\u0434\u0430\u0458\u0442\u0435 \u0442\u0430\u0458\u043d\u0430\u043c\u0430 \u0441\u0442\u0440\u0430\u0442\u0435\u0433\u0438\u0458\u0430 \u0437\u0430 \u043f\u043e\u0431\u0435\u0434\u0443 \u0443 \u0430\u0437\u0430\u0440\u0442\u043d\u043e\u0458 \u0438\u0433\u0440\u0438, Crazy Time. \u041f\u043e\u0432\u0435\u045b\u0430\u0458\u0442\u0435 \u0441\u0432\u043e\u0458\u0435 \u0448\u0430\u043d\u0441\u0435 \u0438 \u0443\u0436\u0438\u0432\u0430\u0458\u0442\u0435 \u0443 \u0437\u043d\u0430\u0447\u0430\u0458\u043d\u0438\u043c \u0434\u043e\u0431\u0438\u0442\u0446\u0438\u043c\u0430.","og_url":"https:\/\/crazytimecasino.in\/pt\/strategies\/","og_site_name":"Crazy Time","article_modified_time":"2023-12-27T11:24:44+00:00","twitter_card":"summary_large_image","twitter_misc":{"Tempo estimado de leitura":"24 minutos"},"schema":{"@context":"https:\/\/schema.org","@graph":[{"@type":"WebPage","@id":"https:\/\/crazytimecasino.in\/sr\/strategies\/","url":"https:\/\/crazytimecasino.in\/sr\/strategies\/","name":"\u0422\u0430\u0458\u043d\u0435 \u0443\u0441\u043f\u0435\u0445\u0430: \u0415\u0444\u0438\u043a\u0430\u0441\u043d\u0435 \u0441\u0442\u0440\u0430\u0442\u0435\u0433\u0438\u0458\u0435 \u0437\u0430 \u0438\u0433\u0440\u0430\u045a\u0435 Crazy Time","isPartOf":{"@id":"https:\/\/crazytimecasino.in\/#website"},"datePublished":"2023-12-10T23:04:22+00:00","dateModified":"2023-12-27T11:24:44+00:00","description":"\u041e\u0432\u043b\u0430\u0434\u0430\u0458\u0442\u0435 \u0442\u0430\u0458\u043d\u0430\u043c\u0430 \u0441\u0442\u0440\u0430\u0442\u0435\u0433\u0438\u0458\u0430 \u0437\u0430 \u043f\u043e\u0431\u0435\u0434\u0443 \u0443 \u0430\u0437\u0430\u0440\u0442\u043d\u043e\u0458 \u0438\u0433\u0440\u0438, Crazy Time. \u041f\u043e\u0432\u0435\u045b\u0430\u0458\u0442\u0435 \u0441\u0432\u043e\u0458\u0435 \u0448\u0430\u043d\u0441\u0435 \u0438 \u0443\u0436\u0438\u0432\u0430\u0458\u0442\u0435 \u0443 \u0437\u043d\u0430\u0447\u0430\u0458\u043d\u0438\u043c \u0434\u043e\u0431\u0438\u0442\u0446\u0438\u043c\u0430.","breadcrumb":{"@id":"https:\/\/crazytimecasino.in\/sr\/strategies\/#breadcrumb"},"inLanguage":"pt-PT","potentialAction":[{"@type":"ReadAction","target":["https:\/\/crazytimecasino.in\/sr\/strategies\/"]}]},{"@type":"BreadcrumbList","@id":"https:\/\/crazytimecasino.in\/sr\/strategies\/#breadcrumb","itemListElement":[{"@type":"ListItem","position":1,"name":"Home","item":"https:\/\/crazytimecasino.in\/"},{"@type":"ListItem","position":2,"name":"\u0423\u043f\u0440\u0430\u0432\u0459\u0430\u045a\u0435 \u0441\u0442\u0440\u0430\u0442\u0435\u0433\u0438\u0458\u0430\u043c\u0430 \u0443 Crazy Time: \u041f\u043e\u0432\u0435\u045b\u0430\u0458\u0442\u0435 \u0448\u0430\u043d\u0441\u0435 \u0437\u0430 \u043f\u043e\u0431\u0435\u0434\u0443"}]},{"@type":"WebSite","@id":"https:\/\/crazytimecasino.in\/#website","url":"https:\/\/crazytimecasino.in\/","name":"Crazy Time","description":"","publisher":{"@id":"https:\/\/crazytimecasino.in\/#organization"},"potentialAction":[{"@type":"SearchAction","target":{"@type":"EntryPoint","urlTemplate":"https:\/\/crazytimecasino.in\/?s={search_term_string}"},"query-input":{"@type":"PropertyValueSpecification","valueRequired":true,"valueName":"search_term_string"}}],"inLanguage":"pt-PT"},{"@type":"Organization","@id":"https:\/\/crazytimecasino.in\/#organization","name":"Crazy Time","url":"https:\/\/crazytimecasino.in\/","logo":{"@type":"ImageObject","inLanguage":"pt-PT","@id":"https:\/\/crazytimecasino.in\/#\/schema\/logo\/image\/","url":"https:\/\/crazytimecasino.in\/wp-content\/uploads\/cropped-crazy-time-logo.webp","contentUrl":"https:\/\/crazytimecasino.in\/wp-content\/uploads\/cropped-crazy-time-logo.webp","width":114,"height":88,"caption":"Crazy Time"},"image":{"@id":"https:\/\/crazytimecasino.in\/#\/schema\/logo\/image\/"}}]}},"_links":{"self":[{"href":"https:\/\/crazytimecasino.in\/pt\/wp-json\/wp\/v2\/pages\/9","targetHints":{"allow":["GET"]}}],"collection":[{"href":"https:\/\/crazytimecasino.in\/pt\/wp-json\/wp\/v2\/pages"}],"about":[{"href":"https:\/\/crazytimecasino.in\/pt\/wp-json\/wp\/v2\/types\/page"}],"author":[{"embeddable":true,"href":"https:\/\/crazytimecasino.in\/pt\/wp-json\/wp\/v2\/users\/1"}],"replies":[{"embeddable":true,"href":"https:\/\/crazytimecasino.in\/pt\/wp-json\/wp\/v2\/comments?post=9"}],"version-history":[{"count":26,"href":"https:\/\/crazytimecasino.in\/pt\/wp-json\/wp\/v2\/pages\/9\/revisions"}],"predecessor-version":[{"id":164,"href":"https:\/\/crazytimecasino.in\/pt\/wp-json\/wp\/v2\/pages\/9\/revisions\/164"}],"wp:attachment":[{"href":"https:\/\/crazytimecasino.in\/pt\/wp-json\/wp\/v2\/media?parent=9"}],"curies":[{"name":"wp","href":"https:\/\/api.w.org\/{rel}","templated":true}]}}