{"id":5,"date":"2023-12-10T22:19:51","date_gmt":"2023-12-10T22:19:51","guid":{"rendered":"https:\/\/crazytimecasino.in\/?page_id=5"},"modified":"2023-12-27T11:23:33","modified_gmt":"2023-12-27T11:23:33","slug":"crazy-time","status":"publish","type":"page","link":"https:\/\/crazytimecasino.in\/pt\/","title":{"rendered":"Crazy Time: Seu Caminho para o Jogo Emocionante"},"content":{"rendered":"<p>Crazy Time n\u00e3o \u00e9 apenas um jogo online; \u00e9 um show de jogos completo e um jogo de azar popular com uma roda da fortuna, lembrando a conhecida roda girat\u00f3ria. Uma grande roda vertical com 54 setores gira sob a orienta\u00e7\u00e3o de um crupi\u00ea. A tarefa do jogador \u00e9 prever onde a roda vai parar no final do giro. N\u00e3o h\u00e1 algoritmos complexos criados por computadores aqui. Apenas aleatoriedade e sorte!<\/p>\n<p>O jogo Crazy Time \u00e9 um entretenimento lend\u00e1rio de apostas, figurando na lista dos ca\u00e7a-n\u00edqueis mais populares em v\u00e1rios cassinos online todos os anos, cativando os cora\u00e7\u00f5es de milh\u00f5es de jogadores em todo o mundo.<\/p>\n<p>Al\u00e9m disso, h\u00e1 um v\u00eddeo slot no topo, oferecendo a oportunidade de receber b\u00f4nus espec\u00edficos. No Crazy Time, o jogo \u00e9 conduzido por um crupi\u00ea, criando uma atmosfera \u00fanica de um cassino real.<\/p>\n<p>O ca\u00e7a-n\u00edqueis Crazy Time se destaca com v\u00e1rias zonas de b\u00f4nus, representando mini-jogos separados com ganhos potencialmente enormes.<\/p>\n<h2>Regras do Jogo Crazy Time:<\/h2>\n<p>O tambor inteiro \u00e9 dividido em oito grupos.<\/p>\n<p>Esses oito grupos representam multiplicadores de vit\u00f3ria (x1, x2, x5, x10), e os demais representam mini-jogos como Cash Hunt, Pachinko, Coin Flip e Crazy Time.<\/p>\n<p>As apostas podem ser feitas em c\u00e9lulas individuais, em todas as c\u00e9lulas ou em c\u00e9lulas espec\u00edficas. O valor da aposta pode ser ajustado separadamente para cada c\u00e9lula. Setores com multiplicadores regulares, por exemplo, x1 &#8211; 21, x2 &#8211; 14, x5 &#8211; 7, x10 &#8211; 4, t\u00eam uma maior chance de serem selecionados.<\/p>\n<p>No in\u00edcio do jogo, o crupi\u00ea faz as apostas, e o tambor \u00e9 girado depois que os jogadores fizeram suas apostas.<\/p>\n<p>O v\u00eddeo slot come\u00e7a a girar simultaneamente. Ele adiciona um multiplicador a um setor aleat\u00f3rio, seja um n\u00famero ou um jogo de b\u00f4nus. O multiplicador \u00e9 ativado se o setor e o multiplicador coincidirem horizontalmente ap\u00f3s o giro; caso contr\u00e1rio, a rodada prossegue sem um b\u00f4nus.<\/p>\n<p>O pr\u00f3ximo passo \u00e9 parar o tambor. O jogador cuja aposta estava correta vence.<\/p>\n<p>No canto inferior direito da tela do jogo, voc\u00ea pode ver o hist\u00f3rico de todos os setores que foram jogados. Voc\u00ea pode observar o jogo do Crazy Time sem fazer apostas e sem ler as regras, proporcionando uma oportunidade para entender melhor as caracter\u00edsticas dos jogos online. Como uma vers\u00e3o de demonstra\u00e7\u00e3o do jogo Crazy Time n\u00e3o est\u00e1 dispon\u00edvel, esta \u00e9 uma excelente maneira de desfrutar do jogo em vez de estudar suas regras.<\/p>\n<h2>Jogos B\u00f4nus no Ca\u00e7a-n\u00edqueis Crazy Time:<\/h2>\n<p>Os jogos b\u00f4nus no ca\u00e7a-n\u00edqueis Crazy Time adicionam um elemento emocionante \u00e0 jogabilidade. Aqui est\u00e1 uma descri\u00e7\u00e3o de cada um:<\/p>\n<h3>Cash Hunt<\/h3>\n<p>Cash Hunt \u00e9 um mini-jogo que consiste em um campo de 108 c\u00e9lulas com multiplicadores selecionados aleatoriamente. O jogador deve escolher uma c\u00e9lula dentro do tempo alocado, ap\u00f3s o qual um sinal soa, indicando o valor final do pr\u00eamio.<\/p>\n<h3>Pachinko<\/h3>\n<p>Pachinko apresenta uma tela com uma parede de v\u00e1rios pinos, com 16 valores representados na parte inferior como multiplicadores. O crupi\u00ea lan\u00e7a uma bola, determinando o pr\u00eamio final no processo. O valor m\u00e1ximo do multiplicador \u00e9 x10.000.<\/p>\n<h3>Coin Flip<\/h3>\n<p>Coin Flip se assemelha a um jogo de cara ou coroa. Dois c\u00edrculos, azul e vermelho, s\u00e3o exibidos na tela. Um multiplicador de vit\u00f3ria selecionado aleatoriamente \u00e9 exibido em cada c\u00edrculo. O crupi\u00ea lan\u00e7a uma ficha colorida, e o resultado \u00e9 determinado pelo lado em que ela aterrissa. A multiplica\u00e7\u00e3o m\u00e1xima que pode ser usada \u00e9 100.<\/p>\n<h3>Crazy Time<\/h3>\n<p>Quando o Crazy Time \u00e9 sorteado, o crupi\u00ea se move para outra sala com uma roda ainda maior. O jogador deve escolher uma das tr\u00eas marcas no topo do tambor e pegar os multiplicadores o maior n\u00famero poss\u00edvel de vezes. O mini-jogo Crazy Time tem um b\u00f4nus m\u00e1ximo de x20.000.<\/p>\n<p><strong>N\u00e3o se esque\u00e7a do v\u00eddeo slot &#8211; se um multiplicador tiver ca\u00eddo em um dos jogos b\u00f4nus antes, os ganhos aumentar\u00e3o dependendo da denomina\u00e7\u00e3o do jogo. O ca\u00e7a-n\u00edqueis online Crazy Time oferece a chance de ganhar pr\u00eamios tremendamente grandes.<\/strong><\/p>\n<h2>Informa\u00e7\u00f5es sobre o Crazy Time:<\/h2>\n<p>Aqui est\u00e3o alguns detalhes importantes sobre o jogo online Crazy Time que ser\u00e3o \u00fateis se voc\u00ea decidir tentar a sorte com apostas reais em um cassino online:<\/p>\n<h3>Potencial de Ganho:<\/h3>\n<p>O v\u00eddeo slot pode multiplicar seus ganhos em at\u00e9 x50 no m\u00e1ximo.<\/p>\n<p>A quantidade m\u00e1xima que pode ser multiplicada por aposta atinge x20.000 no jogo b\u00f4nus Crazy Time, que inclui recursos Double\/Triple.<\/p>\n<h3>Faixa de Aposta:<\/h3>\n<p>As apostas variam de 5 centavos a 50 d\u00f3lares, proporcionando aos jogadores flexibilidade na escolha do tamanho da aposta.<\/p>\n<h3>Potencial de Ganho:<\/h3>\n<p>Um jogador tem mais chances de ganhar at\u00e9 quinhentas vezes sua aposta, oferecendo a possibilidade de ganhos significativos.<\/p>\n<h3>Recursos do Jogo:<\/h3>\n<p>Crazy Time \u00e9 um cassino virtual com um crupi\u00ea ao vivo. O apresentador gira o tambor, e os jogadores fazem apostas em setores. Aqueles que acertam o setor vencem.<\/p>\n<p>Diversas estrat\u00e9gias podem ser aplicadas no jogo. Os ganhos podem aumentar significativamente se grandes multiplicadores ca\u00edrem no tambor.<\/p>\n<h2>Recursos Adicionais:<\/h2>\n<ul>\n<li>H\u00e1 um chat onde \u00e9 poss\u00edvel se comunicar com o crupi\u00ea e outros jogadores.<\/li>\n<li>Os ganhos no Crazy Time podem ser maiores do que em outros jogos ou ca\u00e7a-n\u00edqueis.<\/li>\n<li>Antes de cada giro, \u00e9 poss\u00edvel fazer uma aposta ou participar de um mini-jogo.<\/li>\n<li>Os jogadores podem apostar em cada setor para compensar os gastos com apostas.<\/li>\n<li>O jogo cria uma atmosfera \u00fanica gra\u00e7as ao seu estilo de cassino.<\/li>\n<li>O Crazy Time possui uma alta porcentagem de retorno ao jogador, de 95,08%.<\/li>\n<\/ul>\n","protected":false},"excerpt":{"rendered":"<p>Crazy Time n\u00e3o \u00e9 apenas um jogo online; \u00e9 um show de jogos completo e um jogo de azar popular com uma roda da fortuna, lembrando a conhecida roda girat\u00f3ria. Uma grande roda vertical com 54 setores gira sob a orienta\u00e7\u00e3o de um crupi\u00ea. A tarefa do jogador \u00e9 prever onde a roda vai parar [&hellip;]<\/p>\n","protected":false},"author":1,"featured_media":0,"parent":0,"menu_order":0,"comment_status":"closed","ping_status":"closed","template":"","meta":{"footnotes":""},"class_list":["post-5","page","type-page","status-publish","hentry"],"yoast_head":"<!-- This site is optimized with the Yoast SEO plugin v27.2 - https:\/\/yoast.com\/product\/yoast-seo-wordpress\/ -->\n<title>Crazy Time D\u00fcnyas\u0131na Dal\u0131n: Heyecan Verici Oyunlar ve Kazan\u00e7lar<\/title>\n<meta name=\"description\" content=\"Descubra o mundo emocionante do Crazy Time - um programa de jogos com b\u00f4nus exclusivos e muitas oportunidades emocionantes.\" \/>\n<meta name=\"robots\" content=\"index, follow, max-snippet:-1, max-image-preview:large, max-video-preview:-1\" \/>\n<link rel=\"canonical\" href=\"https:\/\/crazytimecasino.in\/pt\/\" \/>\n<meta property=\"og:locale\" content=\"pt_PT\" \/>\n<meta property=\"og:locale:alternate\" content=\"en_US\" \/>\n<meta property=\"og:locale:alternate\" content=\"ru_RU\" \/>\n<meta property=\"og:locale:alternate\" content=\"es_ES\" \/>\n<meta property=\"og:locale:alternate\" content=\"ro_RO\" \/>\n<meta property=\"og:locale:alternate\" content=\"sr_RS\" \/>\n<meta property=\"og:locale:alternate\" content=\"bg_BG\" \/>\n<meta property=\"og:locale:alternate\" content=\"hu_HU\" \/>\n<meta property=\"og:locale:alternate\" content=\"pl_PL\" \/>\n<meta property=\"og:locale:alternate\" content=\"el\" \/>\n<meta property=\"og:locale:alternate\" content=\"tr_TR\" \/>\n<meta property=\"og:type\" content=\"article\" \/>\n<meta property=\"og:title\" content=\"Crazy Time D\u00fcnyas\u0131na Dal\u0131n: Heyecan Verici Oyunlar ve Kazan\u00e7lar\" \/>\n<meta property=\"og:description\" content=\"Crazy Time&#039;\u0131n heyecan dolu d\u00fcnyas\u0131n\u0131 ke\u015ffedin - e\u015fsiz bonuslar ve bir\u00e7ok heyecan verici f\u0131rsatla dolu bir oyun g\u00f6sterisi.\" \/>\n<meta property=\"og:url\" content=\"https:\/\/crazytimecasino.in\/pt\/\" \/>\n<meta property=\"og:site_name\" content=\"Crazy Time\" \/>\n<meta property=\"article:modified_time\" content=\"2023-12-27T11:23:33+00:00\" \/>\n<meta name=\"twitter:card\" content=\"summary_large_image\" \/>\n<meta name=\"twitter:label1\" content=\"Tempo estimado de leitura\" \/>\n\t<meta name=\"twitter:data1\" content=\"35 minutos\" \/>\n<script type=\"application\/ld+json\" class=\"yoast-schema-graph\">{\"@context\":\"https:\/\/schema.org\",\"@graph\":[{\"@type\":\"WebPage\",\"@id\":\"https:\/\/crazytimecasino.in\/\",\"url\":\"https:\/\/crazytimecasino.in\/\",\"name\":\"Crazy Time D\u00fcnyas\u0131na Dal\u0131n: Heyecan Verici Oyunlar ve Kazan\u00e7lar\",\"isPartOf\":{\"@id\":\"https:\/\/crazytimecasino.in\/#website\"},\"datePublished\":\"2023-12-10T22:19:51+00:00\",\"dateModified\":\"2023-12-27T11:23:33+00:00\",\"description\":\"Crazy Time'\u0131n heyecan dolu d\u00fcnyas\u0131n\u0131 ke\u015ffedin - e\u015fsiz bonuslar ve bir\u00e7ok heyecan verici f\u0131rsatla dolu bir oyun g\u00f6sterisi.\",\"breadcrumb\":{\"@id\":\"https:\/\/crazytimecasino.in\/#breadcrumb\"},\"inLanguage\":\"pt-PT\",\"potentialAction\":[{\"@type\":\"ReadAction\",\"target\":[\"https:\/\/crazytimecasino.in\/\"]}]},{\"@type\":\"BreadcrumbList\",\"@id\":\"https:\/\/crazytimecasino.in\/#breadcrumb\",\"itemListElement\":[{\"@type\":\"ListItem\",\"position\":1,\"name\":\"Home\",\"item\":\"https:\/\/crazytimecasino.in\/\"},{\"@type\":\"ListItem\",\"position\":2,\"name\":\"Crazy Time: Heyecanl\u0131 Kumar Oyunlar\u0131na Giden Yolunuz\"}]},{\"@type\":\"WebSite\",\"@id\":\"https:\/\/crazytimecasino.in\/#website\",\"url\":\"https:\/\/crazytimecasino.in\/\",\"name\":\"Crazy Time\",\"description\":\"\",\"publisher\":{\"@id\":\"https:\/\/crazytimecasino.in\/#organization\"},\"potentialAction\":[{\"@type\":\"SearchAction\",\"target\":{\"@type\":\"EntryPoint\",\"urlTemplate\":\"https:\/\/crazytimecasino.in\/?s={search_term_string}\"},\"query-input\":{\"@type\":\"PropertyValueSpecification\",\"valueRequired\":true,\"valueName\":\"search_term_string\"}}],\"inLanguage\":\"pt-PT\"},{\"@type\":\"Organization\",\"@id\":\"https:\/\/crazytimecasino.in\/#organization\",\"name\":\"Crazy Time\",\"url\":\"https:\/\/crazytimecasino.in\/\",\"logo\":{\"@type\":\"ImageObject\",\"inLanguage\":\"pt-PT\",\"@id\":\"https:\/\/crazytimecasino.in\/#\/schema\/logo\/image\/\",\"url\":\"https:\/\/crazytimecasino.in\/wp-content\/uploads\/cropped-crazy-time-logo.webp\",\"contentUrl\":\"https:\/\/crazytimecasino.in\/wp-content\/uploads\/cropped-crazy-time-logo.webp\",\"width\":114,\"height\":88,\"caption\":\"Crazy Time\"},\"image\":{\"@id\":\"https:\/\/crazytimecasino.in\/#\/schema\/logo\/image\/\"}}]}<\/script>\n<!-- \/ Yoast SEO plugin. -->","yoast_head_json":{"title":"Crazy Time D\u00fcnyas\u0131na Dal\u0131n: Heyecan Verici Oyunlar ve Kazan\u00e7lar","description":"Descubra o mundo emocionante do Crazy Time - um programa de jogos com b\u00f4nus exclusivos e muitas oportunidades emocionantes.","robots":{"index":"index","follow":"follow","max-snippet":"max-snippet:-1","max-image-preview":"max-image-preview:large","max-video-preview":"max-video-preview:-1"},"canonical":"https:\/\/crazytimecasino.in\/pt\/","og_locale":"pt_PT","og_type":"article","og_title":"Crazy Time D\u00fcnyas\u0131na Dal\u0131n: Heyecan Verici Oyunlar ve Kazan\u00e7lar","og_description":"Crazy Time'\u0131n heyecan dolu d\u00fcnyas\u0131n\u0131 ke\u015ffedin - e\u015fsiz bonuslar ve bir\u00e7ok heyecan verici f\u0131rsatla dolu bir oyun g\u00f6sterisi.","og_url":"https:\/\/crazytimecasino.in\/pt\/","og_site_name":"Crazy Time","article_modified_time":"2023-12-27T11:23:33+00:00","twitter_card":"summary_large_image","twitter_misc":{"Tempo estimado de leitura":"35 minutos"},"schema":{"@context":"https:\/\/schema.org","@graph":[{"@type":"WebPage","@id":"https:\/\/crazytimecasino.in\/","url":"https:\/\/crazytimecasino.in\/","name":"Crazy Time D\u00fcnyas\u0131na Dal\u0131n: Heyecan Verici Oyunlar ve Kazan\u00e7lar","isPartOf":{"@id":"https:\/\/crazytimecasino.in\/#website"},"datePublished":"2023-12-10T22:19:51+00:00","dateModified":"2023-12-27T11:23:33+00:00","description":"Crazy Time'\u0131n heyecan dolu d\u00fcnyas\u0131n\u0131 ke\u015ffedin - e\u015fsiz bonuslar ve bir\u00e7ok heyecan verici f\u0131rsatla dolu bir oyun g\u00f6sterisi.","breadcrumb":{"@id":"https:\/\/crazytimecasino.in\/#breadcrumb"},"inLanguage":"pt-PT","potentialAction":[{"@type":"ReadAction","target":["https:\/\/crazytimecasino.in\/"]}]},{"@type":"BreadcrumbList","@id":"https:\/\/crazytimecasino.in\/#breadcrumb","itemListElement":[{"@type":"ListItem","position":1,"name":"Home","item":"https:\/\/crazytimecasino.in\/"},{"@type":"ListItem","position":2,"name":"Crazy Time: Heyecanl\u0131 Kumar Oyunlar\u0131na Giden Yolunuz"}]},{"@type":"WebSite","@id":"https:\/\/crazytimecasino.in\/#website","url":"https:\/\/crazytimecasino.in\/","name":"Crazy Time","description":"","publisher":{"@id":"https:\/\/crazytimecasino.in\/#organization"},"potentialAction":[{"@type":"SearchAction","target":{"@type":"EntryPoint","urlTemplate":"https:\/\/crazytimecasino.in\/?s={search_term_string}"},"query-input":{"@type":"PropertyValueSpecification","valueRequired":true,"valueName":"search_term_string"}}],"inLanguage":"pt-PT"},{"@type":"Organization","@id":"https:\/\/crazytimecasino.in\/#organization","name":"Crazy Time","url":"https:\/\/crazytimecasino.in\/","logo":{"@type":"ImageObject","inLanguage":"pt-PT","@id":"https:\/\/crazytimecasino.in\/#\/schema\/logo\/image\/","url":"https:\/\/crazytimecasino.in\/wp-content\/uploads\/cropped-crazy-time-logo.webp","contentUrl":"https:\/\/crazytimecasino.in\/wp-content\/uploads\/cropped-crazy-time-logo.webp","width":114,"height":88,"caption":"Crazy Time"},"image":{"@id":"https:\/\/crazytimecasino.in\/#\/schema\/logo\/image\/"}}]}},"_links":{"self":[{"href":"https:\/\/crazytimecasino.in\/pt\/wp-json\/wp\/v2\/pages\/5","targetHints":{"allow":["GET"]}}],"collection":[{"href":"https:\/\/crazytimecasino.in\/pt\/wp-json\/wp\/v2\/pages"}],"about":[{"href":"https:\/\/crazytimecasino.in\/pt\/wp-json\/wp\/v2\/types\/page"}],"author":[{"embeddable":true,"href":"https:\/\/crazytimecasino.in\/pt\/wp-json\/wp\/v2\/users\/1"}],"replies":[{"embeddable":true,"href":"https:\/\/crazytimecasino.in\/pt\/wp-json\/wp\/v2\/comments?post=5"}],"version-history":[{"count":32,"href":"https:\/\/crazytimecasino.in\/pt\/wp-json\/wp\/v2\/pages\/5\/revisions"}],"predecessor-version":[{"id":160,"href":"https:\/\/crazytimecasino.in\/pt\/wp-json\/wp\/v2\/pages\/5\/revisions\/160"}],"wp:attachment":[{"href":"https:\/\/crazytimecasino.in\/pt\/wp-json\/wp\/v2\/media?parent=5"}],"curies":[{"name":"wp","href":"https:\/\/api.w.org\/{rel}","templated":true}]}}