{"id":13,"date":"2023-12-10T23:36:07","date_gmt":"2023-12-10T23:36:07","guid":{"rendered":"https:\/\/crazytimecasino.in\/?page_id=13"},"modified":"2023-12-27T11:27:27","modified_gmt":"2023-12-27T11:27:27","slug":"reviews","status":"publish","type":"page","link":"https:\/\/crazytimecasino.in\/pt\/reviews\/","title":{"rendered":"Emo\u00e7\u00f5es dos Jogadores: Compartilhe sua Hist\u00f3ria no Mundo do Crazy Time"},"content":{"rendered":"<h3>Revis\u00e3o: Jogando Crazy Time em um Cassino Online<\/h3>\n<p>Um amigo me falou sobre a m\u00e1quina Crazy Time. J\u00e1 jogo v\u00e1rios jogos h\u00e1 muito tempo, mas esta foi minha primeira experi\u00eancia em um cassino online real. No in\u00edcio, n\u00e3o acreditei, mas h\u00e1 de fato um dealer real e um chat aqui. N\u00e3o fiz a maior parte do meu dinheiro imediatamente, mas arrisquei e apostei no Pachinko. No final, minha aposta trouxe incr\u00edveis 600 d\u00f3lares com apenas uma aposta de 5 d\u00f3lares. Eu recomendo a voc\u00eas, amigos.<\/p>\n<p>Arkadiy, 28 anos<\/p>\n<h3>Revis\u00e3o: Crazy Time Realmente Gera Dinheiro<\/h3>\n<p>Amigos estavam jogando em duplas na faculdade. Eu n\u00e3o acreditava muito em ganhar dinheiro, mas comecei a jogar tamb\u00e9m. Tentando apostar em tudo de uma vez, ganhei muito dinheiro. Eu sugiro que voc\u00eas tentem tamb\u00e9m.<\/p>\n<p>Nikolay, 18 anos<\/p>\n<h3>Revis\u00e3o: O Jogo Mais Eficaz para Ganhar Dinheiro &#8211; Crazy Time<\/h3>\n<p>Tentei Crazy Time s\u00f3 porque sempre quis visitar um cassino, mas n\u00e3o tive a oportunidade. O jogo tem dealers, e a capacidade de conversar com eles \u00e9 especialmente agrad\u00e1vel quando voc\u00ea est\u00e1 em casa com uma ta\u00e7a de vinho. Assim como em um cassino real! Mesmo com as apostas perdidas, eu estava ganhando de 20 a 30 d\u00f3lares. Para aqueles que querem ganhar dinheiro, Crazy Time ser\u00e1 a melhor op\u00e7\u00e3o, e eu recomendo mergulhar na atmosfera.<\/p>\n<p>Oleg, 44 anos<\/p>\n<h3>Revis\u00e3o: Estou Jogando Crazy Time H\u00e1 Dois Meses e At\u00e9 Agora Tudo Bem<\/h3>\n<p>Estou jogando Crazy Time h\u00e1 dois meses. Um amigo disse que no come\u00e7o ganhava e depois perdia. E quando ele aprendeu a jogar, tudo correu bem. O ganho m\u00e1ximo foi de 1500 d\u00f3lares em um caso. Eu recomendo a todos um tempo inesquec\u00edvel!<\/p>\n<p>Mikhail, 38 anos<\/p>\n<h3>Revis\u00e3o: Normalmente, Aposta em Todos os Campos em Crazy Time<\/h3>\n<p>Um colega jogava Crazy Time e me mostrou. Ouvi falar de Crazy Time pela primeira vez com ele. Gostei que voc\u00ea realmente pode ganhar muito. Posso aconselhar que, para ganhar, aposte em tudo. Dessa forma, eu ganhava consistentemente de 100 a 300 d\u00f3lares por dia sem esfor\u00e7o. Retirei meus ganhos, a velocidade de retirada \u00e9 excelente, tudo est\u00e1 bom. Eu recomendo a todos jogar Crazy Time.<\/p>\n<p>Andrey, 22 anos<\/p>\n<h3>Embora eu n\u00e3o goste muito de jogos de azar, eu gostei do Crazy Time.<\/h3>\n<p>Embora eu n\u00e3o goste muito de jogos de azar, Crazy Time me ajudou a relaxar e at\u00e9 aumentar minha renda ap\u00f3s o div\u00f3rcio. Sou grato ao meu sogro pelas recomenda\u00e7\u00f5es. No Crazy Time, h\u00e1 muitas maneiras de jogar, e cada um tem sua pr\u00f3pria estrat\u00e9gia. Eu ganhei 1200 d\u00f3lares em um m\u00eas gra\u00e7as \u00e0 minha estrat\u00e9gia de jogo.<\/p>\n<p>Victor, 34 anos<\/p>\n<h3>Revis\u00e3o: Crazy Time N\u00e3o \u00e9 Apenas Interessante, Mas Tamb\u00e9m Fascinante<\/h3>\n<p>Crazy Time n\u00e3o \u00e9 apenas fascinante, mas tamb\u00e9m muito interessante. Al\u00e9m disso, voc\u00ea pode ganhar bom dinheiro se pensar com a cabe\u00e7a. Eu ganho 40 d\u00f3lares para cada 10 d\u00f3lares.<\/p>\n<p>Alexander, 31 anos<\/p>\n<h3>Revis\u00e3o: Meu Segundo Sal\u00e1rio da M\u00e1quina Crazy Time<\/h3>\n<p>Meu colega me mostrou esta m\u00e1quina online. Ele jogou Crazy Time nos \u00faltimos tr\u00eas meses. Paguei meu empr\u00e9stimo de carro gra\u00e7as aos ganhos do Crazy Time. Se voc\u00ea desenvolver uma estrat\u00e9gia e segui-la, poder\u00e1 obter um segundo sal\u00e1rio em um m\u00eas.<\/p>\n<p>Maxim, 23 anos<\/p>\n<h3>Revis\u00e3o: Eu Tenho Esquemas Reais para Jogar Crazy Time<\/h3>\n<p>Geralmente, jogo com muita cautela porque n\u00e3o gosto de correr riscos e n\u00e3o acredito em todos esses ganhos. No entanto, um amigo sugeriu o jogo &#8220;Crazy Time&#8221;. No in\u00edcio, ele apenas fazia apostas, observava e depois procurava estrat\u00e9gias, e no final, come\u00e7ou a ganhar consistentemente. Embora eu n\u00e3o v\u00e1 criar uma estrat\u00e9gia, h\u00e1 planos que funcionam. No in\u00edcio, apostava 5 d\u00f3lares em cada aposta, mas agora aposto 10 d\u00f3lares, e ganho cerca de 6000 por m\u00eas.<\/p>\n<p>Alexander, 42 anos<\/p>\n<h3>Revis\u00e3o: M\u00e1quina Crazy Time &#8211; Altamente Recomendada<\/h3>\n<p>Um amigo recomendou o jogo Crazy Time. Agora jogo quase todos os dias. Ganhar com Crazy Time \u00e9 f\u00e1cil se voc\u00ea souber como fazer. E ent\u00e3o o dinheiro vir\u00e1 at\u00e9 voc\u00ea.<\/p>\n<p>Denis, 34 anos<\/p>\n<h3>Revis\u00e3o: Ganhar em Crazy Time \u00e9 F\u00e1cil<\/h3>\n<p>Um amigo recomendou. No in\u00edcio, pensei que era apenas uma maneira de perder dinheiro, mas depois me aconselharam a fazer apostas melhores, e o dinheiro come\u00e7ou a entrar. Eu recomendo Crazy Time porque \u00e9 f\u00e1cil, emocionante e interessante ganhar.<\/p>\n<p>Inna, 19 anos<\/p>\n<h3>Revis\u00e3o: Crazy Time &#8211; \u00c9 um Verdadeiro Cassino ao Vivo<\/h3>\n<p>Descobri recentemente o jogo Crazy Time. Eu estava procurando algo novo e interessante e encontrei um cassino online inteiramente interativo, onde voc\u00ea pode se comunicar com os dealers, conversar com outros jogadores e obter ganhos fabulosos. Estamos jogando juntos agora. Podemos nos orgulhar do crescimento do dep\u00f3sito, e decidi fazer um empr\u00e9stimo porque agora posso pagar com Crazy Time. Eu recomendo a todos porque todos os meus ganhos cobrem as despesas com apostas.<\/p>\n<p>Sergey, 24 anos<\/p>\n<h3>Revis\u00e3o: Gostei da Sensa\u00e7\u00e3o de Cassino no Crazy Time<\/h3>\n<p>No Crazy Time, gostei da sensa\u00e7\u00e3o de cassino, e fiquei surpreso com os ganhos. Fazer um lucro extra de 3000 a 5000 d\u00f3lares por m\u00eas sem fazer esfor\u00e7o \u00e9 muito bom. Eu recomendo a todos jogar Crazy Time.<\/p>\n<p>Victoria, 32 anos<\/p>\n<h3>Revis\u00e3o: Estou Tendo um Bom Lucro com a M\u00e1quina Crazy Time<\/h3>\n<p>Um amigo sugeriu Crazy Time e deu conselhos por um longo tempo. Tentei jogar e me envolvi. No in\u00edcio, os ganhos eram apenas iguais \u00e0s apostas, mas quando aprendi a jogar, comecei a ganhar dinheiro com Crazy Time. J\u00e1 retirei 4000 em meio ano. Eu recomendo Crazy Time para todos os jogadores de azar.<\/p>\n<p>Oleg, 29 anos<\/p>\n","protected":false},"excerpt":{"rendered":"<p>Revis\u00e3o: Jogando Crazy Time em um Cassino Online Um amigo me falou sobre a m\u00e1quina Crazy Time. J\u00e1 jogo v\u00e1rios jogos h\u00e1 muito tempo, mas esta foi minha primeira experi\u00eancia em um cassino online real. No in\u00edcio, n\u00e3o acreditei, mas h\u00e1 de fato um dealer real e um chat aqui. N\u00e3o fiz a maior parte [&hellip;]<\/p>\n","protected":false},"author":1,"featured_media":0,"parent":0,"menu_order":0,"comment_status":"closed","ping_status":"closed","template":"","meta":{"footnotes":""},"class_list":["post-13","page","type-page","status-publish","hentry"],"yoast_head":"<!-- This site is optimized with the Yoast SEO plugin v27.2 - https:\/\/yoast.com\/product\/yoast-seo-wordpress\/ -->\n<title>Ger\u00e7ek Oyuncu Hikayeleri: Crazy Time \u0130zlenimleri<\/title>\n<meta name=\"description\" content=\"Leia avalia\u00e7\u00f5es de jogadores, compartilhe suas pr\u00f3prias experi\u00eancias e descubra por que Crazy Time est\u00e1 conquistando os cora\u00e7\u00f5es de milh\u00f5es.\" \/>\n<meta name=\"robots\" content=\"index, follow, max-snippet:-1, max-image-preview:large, max-video-preview:-1\" \/>\n<link rel=\"canonical\" href=\"https:\/\/crazytimecasino.in\/pt\/reviews\/\" \/>\n<meta property=\"og:locale\" content=\"pt_PT\" \/>\n<meta property=\"og:locale:alternate\" content=\"en_US\" \/>\n<meta property=\"og:locale:alternate\" content=\"ru_RU\" \/>\n<meta property=\"og:locale:alternate\" content=\"es_ES\" \/>\n<meta property=\"og:locale:alternate\" content=\"ro_RO\" \/>\n<meta property=\"og:locale:alternate\" content=\"sr_RS\" \/>\n<meta property=\"og:locale:alternate\" content=\"bg_BG\" \/>\n<meta property=\"og:locale:alternate\" content=\"hu_HU\" \/>\n<meta property=\"og:locale:alternate\" content=\"pl_PL\" \/>\n<meta property=\"og:locale:alternate\" content=\"el\" \/>\n<meta property=\"og:locale:alternate\" content=\"tr_TR\" \/>\n<meta property=\"og:type\" content=\"article\" \/>\n<meta property=\"og:title\" content=\"Ger\u00e7ek Oyuncu Hikayeleri: Crazy Time \u0130zlenimleri\" \/>\n<meta property=\"og:description\" content=\"Oyuncu de\u011ferlendirmelerini okuyun, kendi deneyimlerinizi payla\u015f\u0131n ve Crazy Time&#039;\u0131n neden milyonlar\u0131n kalbini kazand\u0131\u011f\u0131n\u0131 ke\u015ffedin.\" \/>\n<meta property=\"og:url\" content=\"https:\/\/crazytimecasino.in\/pt\/reviews\/\" \/>\n<meta property=\"og:site_name\" content=\"Crazy Time\" \/>\n<meta property=\"article:modified_time\" content=\"2023-12-27T11:27:27+00:00\" \/>\n<meta name=\"twitter:card\" content=\"summary_large_image\" \/>\n<meta name=\"twitter:label1\" content=\"Tempo estimado de leitura\" \/>\n\t<meta name=\"twitter:data1\" content=\"32 minutos\" \/>\n<script type=\"application\/ld+json\" class=\"yoast-schema-graph\">{\"@context\":\"https:\/\/schema.org\",\"@graph\":[{\"@type\":\"WebPage\",\"@id\":\"https:\/\/crazytimecasino.in\/tr\/reviews\/\",\"url\":\"https:\/\/crazytimecasino.in\/tr\/reviews\/\",\"name\":\"Ger\u00e7ek Oyuncu Hikayeleri: Crazy Time \u0130zlenimleri\",\"isPartOf\":{\"@id\":\"https:\/\/crazytimecasino.in\/#website\"},\"datePublished\":\"2023-12-10T23:36:07+00:00\",\"dateModified\":\"2023-12-27T11:27:27+00:00\",\"description\":\"Oyuncu de\u011ferlendirmelerini okuyun, kendi deneyimlerinizi payla\u015f\u0131n ve Crazy Time'\u0131n neden milyonlar\u0131n kalbini kazand\u0131\u011f\u0131n\u0131 ke\u015ffedin.\",\"breadcrumb\":{\"@id\":\"https:\/\/crazytimecasino.in\/tr\/reviews\/#breadcrumb\"},\"inLanguage\":\"pt-PT\",\"potentialAction\":[{\"@type\":\"ReadAction\",\"target\":[\"https:\/\/crazytimecasino.in\/tr\/reviews\/\"]}]},{\"@type\":\"BreadcrumbList\",\"@id\":\"https:\/\/crazytimecasino.in\/tr\/reviews\/#breadcrumb\",\"itemListElement\":[{\"@type\":\"ListItem\",\"position\":1,\"name\":\"Home\",\"item\":\"https:\/\/crazytimecasino.in\/\"},{\"@type\":\"ListItem\",\"position\":2,\"name\":\"Oyuncu Duygular\u0131: Crazy Time D\u00fcnyas\u0131ndaki Hikayenizi Payla\u015f\u0131n!\"}]},{\"@type\":\"WebSite\",\"@id\":\"https:\/\/crazytimecasino.in\/#website\",\"url\":\"https:\/\/crazytimecasino.in\/\",\"name\":\"Crazy Time\",\"description\":\"\",\"publisher\":{\"@id\":\"https:\/\/crazytimecasino.in\/#organization\"},\"potentialAction\":[{\"@type\":\"SearchAction\",\"target\":{\"@type\":\"EntryPoint\",\"urlTemplate\":\"https:\/\/crazytimecasino.in\/?s={search_term_string}\"},\"query-input\":{\"@type\":\"PropertyValueSpecification\",\"valueRequired\":true,\"valueName\":\"search_term_string\"}}],\"inLanguage\":\"pt-PT\"},{\"@type\":\"Organization\",\"@id\":\"https:\/\/crazytimecasino.in\/#organization\",\"name\":\"Crazy Time\",\"url\":\"https:\/\/crazytimecasino.in\/\",\"logo\":{\"@type\":\"ImageObject\",\"inLanguage\":\"pt-PT\",\"@id\":\"https:\/\/crazytimecasino.in\/#\/schema\/logo\/image\/\",\"url\":\"https:\/\/crazytimecasino.in\/wp-content\/uploads\/cropped-crazy-time-logo.webp\",\"contentUrl\":\"https:\/\/crazytimecasino.in\/wp-content\/uploads\/cropped-crazy-time-logo.webp\",\"width\":114,\"height\":88,\"caption\":\"Crazy Time\"},\"image\":{\"@id\":\"https:\/\/crazytimecasino.in\/#\/schema\/logo\/image\/\"}}]}<\/script>\n<!-- \/ Yoast SEO plugin. -->","yoast_head_json":{"title":"Ger\u00e7ek Oyuncu Hikayeleri: Crazy Time \u0130zlenimleri","description":"Leia avalia\u00e7\u00f5es de jogadores, compartilhe suas pr\u00f3prias experi\u00eancias e descubra por que Crazy Time est\u00e1 conquistando os cora\u00e7\u00f5es de milh\u00f5es.","robots":{"index":"index","follow":"follow","max-snippet":"max-snippet:-1","max-image-preview":"max-image-preview:large","max-video-preview":"max-video-preview:-1"},"canonical":"https:\/\/crazytimecasino.in\/pt\/reviews\/","og_locale":"pt_PT","og_type":"article","og_title":"Ger\u00e7ek Oyuncu Hikayeleri: Crazy Time \u0130zlenimleri","og_description":"Oyuncu de\u011ferlendirmelerini okuyun, kendi deneyimlerinizi payla\u015f\u0131n ve Crazy Time'\u0131n neden milyonlar\u0131n kalbini kazand\u0131\u011f\u0131n\u0131 ke\u015ffedin.","og_url":"https:\/\/crazytimecasino.in\/pt\/reviews\/","og_site_name":"Crazy Time","article_modified_time":"2023-12-27T11:27:27+00:00","twitter_card":"summary_large_image","twitter_misc":{"Tempo estimado de leitura":"32 minutos"},"schema":{"@context":"https:\/\/schema.org","@graph":[{"@type":"WebPage","@id":"https:\/\/crazytimecasino.in\/tr\/reviews\/","url":"https:\/\/crazytimecasino.in\/tr\/reviews\/","name":"Ger\u00e7ek Oyuncu Hikayeleri: Crazy Time \u0130zlenimleri","isPartOf":{"@id":"https:\/\/crazytimecasino.in\/#website"},"datePublished":"2023-12-10T23:36:07+00:00","dateModified":"2023-12-27T11:27:27+00:00","description":"Oyuncu de\u011ferlendirmelerini okuyun, kendi deneyimlerinizi payla\u015f\u0131n ve Crazy Time'\u0131n neden milyonlar\u0131n kalbini kazand\u0131\u011f\u0131n\u0131 ke\u015ffedin.","breadcrumb":{"@id":"https:\/\/crazytimecasino.in\/tr\/reviews\/#breadcrumb"},"inLanguage":"pt-PT","potentialAction":[{"@type":"ReadAction","target":["https:\/\/crazytimecasino.in\/tr\/reviews\/"]}]},{"@type":"BreadcrumbList","@id":"https:\/\/crazytimecasino.in\/tr\/reviews\/#breadcrumb","itemListElement":[{"@type":"ListItem","position":1,"name":"Home","item":"https:\/\/crazytimecasino.in\/"},{"@type":"ListItem","position":2,"name":"Oyuncu Duygular\u0131: Crazy Time D\u00fcnyas\u0131ndaki Hikayenizi Payla\u015f\u0131n!"}]},{"@type":"WebSite","@id":"https:\/\/crazytimecasino.in\/#website","url":"https:\/\/crazytimecasino.in\/","name":"Crazy Time","description":"","publisher":{"@id":"https:\/\/crazytimecasino.in\/#organization"},"potentialAction":[{"@type":"SearchAction","target":{"@type":"EntryPoint","urlTemplate":"https:\/\/crazytimecasino.in\/?s={search_term_string}"},"query-input":{"@type":"PropertyValueSpecification","valueRequired":true,"valueName":"search_term_string"}}],"inLanguage":"pt-PT"},{"@type":"Organization","@id":"https:\/\/crazytimecasino.in\/#organization","name":"Crazy Time","url":"https:\/\/crazytimecasino.in\/","logo":{"@type":"ImageObject","inLanguage":"pt-PT","@id":"https:\/\/crazytimecasino.in\/#\/schema\/logo\/image\/","url":"https:\/\/crazytimecasino.in\/wp-content\/uploads\/cropped-crazy-time-logo.webp","contentUrl":"https:\/\/crazytimecasino.in\/wp-content\/uploads\/cropped-crazy-time-logo.webp","width":114,"height":88,"caption":"Crazy Time"},"image":{"@id":"https:\/\/crazytimecasino.in\/#\/schema\/logo\/image\/"}}]}},"_links":{"self":[{"href":"https:\/\/crazytimecasino.in\/pt\/wp-json\/wp\/v2\/pages\/13","targetHints":{"allow":["GET"]}}],"collection":[{"href":"https:\/\/crazytimecasino.in\/pt\/wp-json\/wp\/v2\/pages"}],"about":[{"href":"https:\/\/crazytimecasino.in\/pt\/wp-json\/wp\/v2\/types\/page"}],"author":[{"embeddable":true,"href":"https:\/\/crazytimecasino.in\/pt\/wp-json\/wp\/v2\/users\/1"}],"replies":[{"embeddable":true,"href":"https:\/\/crazytimecasino.in\/pt\/wp-json\/wp\/v2\/comments?post=13"}],"version-history":[{"count":25,"href":"https:\/\/crazytimecasino.in\/pt\/wp-json\/wp\/v2\/pages\/13\/revisions"}],"predecessor-version":[{"id":172,"href":"https:\/\/crazytimecasino.in\/pt\/wp-json\/wp\/v2\/pages\/13\/revisions\/172"}],"wp:attachment":[{"href":"https:\/\/crazytimecasino.in\/pt\/wp-json\/wp\/v2\/media?parent=13"}],"curies":[{"name":"wp","href":"https:\/\/api.w.org\/{rel}","templated":true}]}}