{"id":11,"date":"2023-12-10T23:08:12","date_gmt":"2023-12-10T23:08:12","guid":{"rendered":"https:\/\/crazytimecasino.in\/?page_id=11"},"modified":"2023-12-27T11:21:52","modified_gmt":"2023-12-27T11:21:52","slug":"faq","status":"publish","type":"page","link":"https:\/\/crazytimecasino.in\/pt\/faq\/","title":{"rendered":"Perguntas Frequentes sobre o Crazy Time: Explica\u00e7\u00f5es e Dicas"},"content":{"rendered":"<h3>Qual \u00e9 a aposta m\u00ednima no Crazy Time?<\/h3>\n<p>No Crazy Time, voc\u00ea pode fazer uma aposta m\u00ednima de 10 centavos e uma aposta m\u00e1xima de 1000 d\u00f3lares.<\/p>\n<h3>Existe um chat no jogo Crazy Time?<\/h3>\n<p>Sim, voc\u00ea pode se comunicar com o apresentador do jogo e outros jogadores. No entanto, por favor, siga as regras de dec\u00eancia no chat do Crazy Time.<\/p>\n<h3>Como \u00e9 a estat\u00edstica na interface do jogo?<\/h3>\n<p>A se\u00e7\u00e3o de estat\u00edsticas exibe os resultados dos ganhos dos \u00faltimos rounds do jogo.<\/p>\n<h3>O que significa o n\u00famero do jogo?<\/h3>\n<p>Cada rodada do Crazy Time tem seu pr\u00f3prio n\u00famero de jogo. Por exemplo, o n\u00famero #10 \u00e0s 21:10. Este n\u00famero indica o hor\u00e1rio e os minutos do jogo no Hor\u00e1rio M\u00e9dio de Greenwich. Use este n\u00famero de jogo se voc\u00ea quiser entrar em contato com o suporte ao cliente sobre uma rodada espec\u00edfica.<\/p>\n<h3>O que \u00e9 o modo multi-jogo no Crazy Time?<\/h3>\n<p>Voc\u00ea pode jogar simultaneamente em v\u00e1rias mesas em uma \u00fanica janela do navegador se n\u00e3o quiser parar em apenas uma.<\/p>\n<h3>Existe um modo de jogo autom\u00e1tico no Crazy Time?<\/h3>\n<p>Sim, o jogo autom\u00e1tico \u00e9 poss\u00edvel. O jogo autom\u00e1tico permite que voc\u00ea repita a aposta ou apostas selecionadas por um certo n\u00famero de rodadas do jogo depois de ter feito uma aposta. Coloque suas apostas na grade de apostas e clique no bot\u00e3o &#8220;Jogo autom\u00e1tico&#8221; para iniciar o jogo.<\/p>\n","protected":false},"excerpt":{"rendered":"<p>Qual \u00e9 a aposta m\u00ednima no Crazy Time? No Crazy Time, voc\u00ea pode fazer uma aposta m\u00ednima de 10 centavos e uma aposta m\u00e1xima de 1000 d\u00f3lares. Existe um chat no jogo Crazy Time? Sim, voc\u00ea pode se comunicar com o apresentador do jogo e outros jogadores. No entanto, por favor, siga as regras de [&hellip;]<\/p>\n","protected":false},"author":1,"featured_media":0,"parent":0,"menu_order":0,"comment_status":"closed","ping_status":"closed","template":"","meta":{"footnotes":""},"class_list":["post-11","page","type-page","status-publish","hentry"],"yoast_head":"<!-- This site is optimized with the Yoast SEO plugin v27.2 - https:\/\/yoast.com\/product\/yoast-seo-wordpress\/ -->\n<title>\u0427\u0435\u0441\u0442\u0430 \u043f\u0438\u0442\u0430\u045a\u0430 \u043e Crazy Time: \u041e\u0434\u0433\u043e\u0432\u043e\u0440\u0438 \u043d\u0430 \u0432\u0430\u0448\u0430 \u043f\u0438\u0442\u0430\u045a\u0430 \u043e \u0438\u0433\u0440\u0438<\/title>\n<meta name=\"description\" content=\"Encontrar respostas para todas as suas perguntas sobre Crazy Time \u00e9 f\u00e1cil. Explica\u00e7\u00f5es e dicas para um mergulho bem-sucedido no emocionante mundo do jogo.\" \/>\n<meta name=\"robots\" content=\"index, follow, max-snippet:-1, max-image-preview:large, max-video-preview:-1\" \/>\n<link rel=\"canonical\" href=\"https:\/\/crazytimecasino.in\/pt\/faq\/\" \/>\n<meta property=\"og:locale\" content=\"pt_PT\" \/>\n<meta property=\"og:locale:alternate\" content=\"en_US\" \/>\n<meta property=\"og:locale:alternate\" content=\"ru_RU\" \/>\n<meta property=\"og:locale:alternate\" content=\"es_ES\" \/>\n<meta property=\"og:locale:alternate\" content=\"ro_RO\" \/>\n<meta property=\"og:locale:alternate\" content=\"sr_RS\" \/>\n<meta property=\"og:locale:alternate\" content=\"bg_BG\" \/>\n<meta property=\"og:locale:alternate\" content=\"hu_HU\" \/>\n<meta property=\"og:locale:alternate\" content=\"pl_PL\" \/>\n<meta property=\"og:locale:alternate\" content=\"el\" \/>\n<meta property=\"og:locale:alternate\" content=\"tr_TR\" \/>\n<meta property=\"og:type\" content=\"article\" \/>\n<meta property=\"og:title\" content=\"\u0427\u0435\u0441\u0442\u0430 \u043f\u0438\u0442\u0430\u045a\u0430 \u043e Crazy Time: \u041e\u0434\u0433\u043e\u0432\u043e\u0440\u0438 \u043d\u0430 \u0432\u0430\u0448\u0430 \u043f\u0438\u0442\u0430\u045a\u0430 \u043e \u0438\u0433\u0440\u0438\" \/>\n<meta property=\"og:description\" content=\"\u041f\u0440\u0430\u0448\u0430\u045a\u0430 \u043e Crazy Time \u043b\u0430\u043a\u043e \u045b\u0435\u0442\u0435 \u043d\u0430\u045b\u0438 \u043e\u0434\u0433\u043e\u0432\u043e\u0440\u0435. \u041e\u0431\u0458\u0430\u0448\u045a\u0435\u045a\u0430 \u0438 \u0441\u0430\u0432\u0435\u0442\u0438 \u0437\u0430 \u0443\u0441\u043f\u0435\u0448\u043d\u043e \u0443\u043f\u0443\u0448\u0442\u0430\u045a\u0435 \u0443 \u0443\u0437\u0431\u0443\u0434\u0459\u0438\u0432\u0438 \u0441\u0432\u0435\u0442 \u0430\u0437\u0430\u0440\u0442\u043d\u0438\u0445 \u0438\u0433\u0430\u0440\u0430.\" \/>\n<meta property=\"og:url\" content=\"https:\/\/crazytimecasino.in\/pt\/faq\/\" \/>\n<meta property=\"og:site_name\" content=\"Crazy Time\" \/>\n<meta property=\"article:modified_time\" content=\"2023-12-27T11:21:52+00:00\" \/>\n<meta name=\"twitter:card\" content=\"summary_large_image\" \/>\n<meta name=\"twitter:label1\" content=\"Tempo estimado de leitura\" \/>\n\t<meta name=\"twitter:data1\" content=\"8 minutos\" \/>\n<script type=\"application\/ld+json\" class=\"yoast-schema-graph\">{\"@context\":\"https:\/\/schema.org\",\"@graph\":[{\"@type\":\"WebPage\",\"@id\":\"https:\/\/crazytimecasino.in\/sr\/faq\/\",\"url\":\"https:\/\/crazytimecasino.in\/sr\/faq\/\",\"name\":\"\u0427\u0435\u0441\u0442\u0430 \u043f\u0438\u0442\u0430\u045a\u0430 \u043e Crazy Time: \u041e\u0434\u0433\u043e\u0432\u043e\u0440\u0438 \u043d\u0430 \u0432\u0430\u0448\u0430 \u043f\u0438\u0442\u0430\u045a\u0430 \u043e \u0438\u0433\u0440\u0438\",\"isPartOf\":{\"@id\":\"https:\/\/crazytimecasino.in\/#website\"},\"datePublished\":\"2023-12-10T23:08:12+00:00\",\"dateModified\":\"2023-12-27T11:21:52+00:00\",\"description\":\"\u041f\u0440\u0430\u0448\u0430\u045a\u0430 \u043e Crazy Time \u043b\u0430\u043a\u043e \u045b\u0435\u0442\u0435 \u043d\u0430\u045b\u0438 \u043e\u0434\u0433\u043e\u0432\u043e\u0440\u0435. \u041e\u0431\u0458\u0430\u0448\u045a\u0435\u045a\u0430 \u0438 \u0441\u0430\u0432\u0435\u0442\u0438 \u0437\u0430 \u0443\u0441\u043f\u0435\u0448\u043d\u043e \u0443\u043f\u0443\u0448\u0442\u0430\u045a\u0435 \u0443 \u0443\u0437\u0431\u0443\u0434\u0459\u0438\u0432\u0438 \u0441\u0432\u0435\u0442 \u0430\u0437\u0430\u0440\u0442\u043d\u0438\u0445 \u0438\u0433\u0430\u0440\u0430.\",\"breadcrumb\":{\"@id\":\"https:\/\/crazytimecasino.in\/sr\/faq\/#breadcrumb\"},\"inLanguage\":\"pt-PT\",\"potentialAction\":[{\"@type\":\"ReadAction\",\"target\":[\"https:\/\/crazytimecasino.in\/sr\/faq\/\"]}]},{\"@type\":\"BreadcrumbList\",\"@id\":\"https:\/\/crazytimecasino.in\/sr\/faq\/#breadcrumb\",\"itemListElement\":[{\"@type\":\"ListItem\",\"position\":1,\"name\":\"Home\",\"item\":\"https:\/\/crazytimecasino.in\/\"},{\"@type\":\"ListItem\",\"position\":2,\"name\":\"\u041e\u0434\u0433\u043e\u0432\u043e\u0440\u0438 \u043d\u0430 \u0447\u0435\u0441\u0442\u043e \u043f\u043e\u0441\u0442\u0430\u0432\u0459\u0430\u043d\u0430 \u043f\u0438\u0442\u0430\u045a\u0430 \u043e Crazy Time: \u041f\u043e\u0458\u0430\u0448\u045a\u0435\u045a\u0430 \u0438 \u0421\u0430\u0432\u0435\u0442\u0438\"}]},{\"@type\":\"WebSite\",\"@id\":\"https:\/\/crazytimecasino.in\/#website\",\"url\":\"https:\/\/crazytimecasino.in\/\",\"name\":\"Crazy Time\",\"description\":\"\",\"publisher\":{\"@id\":\"https:\/\/crazytimecasino.in\/#organization\"},\"potentialAction\":[{\"@type\":\"SearchAction\",\"target\":{\"@type\":\"EntryPoint\",\"urlTemplate\":\"https:\/\/crazytimecasino.in\/?s={search_term_string}\"},\"query-input\":{\"@type\":\"PropertyValueSpecification\",\"valueRequired\":true,\"valueName\":\"search_term_string\"}}],\"inLanguage\":\"pt-PT\"},{\"@type\":\"Organization\",\"@id\":\"https:\/\/crazytimecasino.in\/#organization\",\"name\":\"Crazy Time\",\"url\":\"https:\/\/crazytimecasino.in\/\",\"logo\":{\"@type\":\"ImageObject\",\"inLanguage\":\"pt-PT\",\"@id\":\"https:\/\/crazytimecasino.in\/#\/schema\/logo\/image\/\",\"url\":\"https:\/\/crazytimecasino.in\/wp-content\/uploads\/cropped-crazy-time-logo.webp\",\"contentUrl\":\"https:\/\/crazytimecasino.in\/wp-content\/uploads\/cropped-crazy-time-logo.webp\",\"width\":114,\"height\":88,\"caption\":\"Crazy Time\"},\"image\":{\"@id\":\"https:\/\/crazytimecasino.in\/#\/schema\/logo\/image\/\"}}]}<\/script>\n<!-- \/ Yoast SEO plugin. -->","yoast_head_json":{"title":"\u0427\u0435\u0441\u0442\u0430 \u043f\u0438\u0442\u0430\u045a\u0430 \u043e Crazy Time: \u041e\u0434\u0433\u043e\u0432\u043e\u0440\u0438 \u043d\u0430 \u0432\u0430\u0448\u0430 \u043f\u0438\u0442\u0430\u045a\u0430 \u043e \u0438\u0433\u0440\u0438","description":"Encontrar respostas para todas as suas perguntas sobre Crazy Time \u00e9 f\u00e1cil. Explica\u00e7\u00f5es e dicas para um mergulho bem-sucedido no emocionante mundo do jogo.","robots":{"index":"index","follow":"follow","max-snippet":"max-snippet:-1","max-image-preview":"max-image-preview:large","max-video-preview":"max-video-preview:-1"},"canonical":"https:\/\/crazytimecasino.in\/pt\/faq\/","og_locale":"pt_PT","og_type":"article","og_title":"\u0427\u0435\u0441\u0442\u0430 \u043f\u0438\u0442\u0430\u045a\u0430 \u043e Crazy Time: \u041e\u0434\u0433\u043e\u0432\u043e\u0440\u0438 \u043d\u0430 \u0432\u0430\u0448\u0430 \u043f\u0438\u0442\u0430\u045a\u0430 \u043e \u0438\u0433\u0440\u0438","og_description":"\u041f\u0440\u0430\u0448\u0430\u045a\u0430 \u043e Crazy Time \u043b\u0430\u043a\u043e \u045b\u0435\u0442\u0435 \u043d\u0430\u045b\u0438 \u043e\u0434\u0433\u043e\u0432\u043e\u0440\u0435. \u041e\u0431\u0458\u0430\u0448\u045a\u0435\u045a\u0430 \u0438 \u0441\u0430\u0432\u0435\u0442\u0438 \u0437\u0430 \u0443\u0441\u043f\u0435\u0448\u043d\u043e \u0443\u043f\u0443\u0448\u0442\u0430\u045a\u0435 \u0443 \u0443\u0437\u0431\u0443\u0434\u0459\u0438\u0432\u0438 \u0441\u0432\u0435\u0442 \u0430\u0437\u0430\u0440\u0442\u043d\u0438\u0445 \u0438\u0433\u0430\u0440\u0430.","og_url":"https:\/\/crazytimecasino.in\/pt\/faq\/","og_site_name":"Crazy Time","article_modified_time":"2023-12-27T11:21:52+00:00","twitter_card":"summary_large_image","twitter_misc":{"Tempo estimado de leitura":"8 minutos"},"schema":{"@context":"https:\/\/schema.org","@graph":[{"@type":"WebPage","@id":"https:\/\/crazytimecasino.in\/sr\/faq\/","url":"https:\/\/crazytimecasino.in\/sr\/faq\/","name":"\u0427\u0435\u0441\u0442\u0430 \u043f\u0438\u0442\u0430\u045a\u0430 \u043e Crazy Time: \u041e\u0434\u0433\u043e\u0432\u043e\u0440\u0438 \u043d\u0430 \u0432\u0430\u0448\u0430 \u043f\u0438\u0442\u0430\u045a\u0430 \u043e \u0438\u0433\u0440\u0438","isPartOf":{"@id":"https:\/\/crazytimecasino.in\/#website"},"datePublished":"2023-12-10T23:08:12+00:00","dateModified":"2023-12-27T11:21:52+00:00","description":"\u041f\u0440\u0430\u0448\u0430\u045a\u0430 \u043e Crazy Time \u043b\u0430\u043a\u043e \u045b\u0435\u0442\u0435 \u043d\u0430\u045b\u0438 \u043e\u0434\u0433\u043e\u0432\u043e\u0440\u0435. \u041e\u0431\u0458\u0430\u0448\u045a\u0435\u045a\u0430 \u0438 \u0441\u0430\u0432\u0435\u0442\u0438 \u0437\u0430 \u0443\u0441\u043f\u0435\u0448\u043d\u043e \u0443\u043f\u0443\u0448\u0442\u0430\u045a\u0435 \u0443 \u0443\u0437\u0431\u0443\u0434\u0459\u0438\u0432\u0438 \u0441\u0432\u0435\u0442 \u0430\u0437\u0430\u0440\u0442\u043d\u0438\u0445 \u0438\u0433\u0430\u0440\u0430.","breadcrumb":{"@id":"https:\/\/crazytimecasino.in\/sr\/faq\/#breadcrumb"},"inLanguage":"pt-PT","potentialAction":[{"@type":"ReadAction","target":["https:\/\/crazytimecasino.in\/sr\/faq\/"]}]},{"@type":"BreadcrumbList","@id":"https:\/\/crazytimecasino.in\/sr\/faq\/#breadcrumb","itemListElement":[{"@type":"ListItem","position":1,"name":"Home","item":"https:\/\/crazytimecasino.in\/"},{"@type":"ListItem","position":2,"name":"\u041e\u0434\u0433\u043e\u0432\u043e\u0440\u0438 \u043d\u0430 \u0447\u0435\u0441\u0442\u043e \u043f\u043e\u0441\u0442\u0430\u0432\u0459\u0430\u043d\u0430 \u043f\u0438\u0442\u0430\u045a\u0430 \u043e Crazy Time: \u041f\u043e\u0458\u0430\u0448\u045a\u0435\u045a\u0430 \u0438 \u0421\u0430\u0432\u0435\u0442\u0438"}]},{"@type":"WebSite","@id":"https:\/\/crazytimecasino.in\/#website","url":"https:\/\/crazytimecasino.in\/","name":"Crazy Time","description":"","publisher":{"@id":"https:\/\/crazytimecasino.in\/#organization"},"potentialAction":[{"@type":"SearchAction","target":{"@type":"EntryPoint","urlTemplate":"https:\/\/crazytimecasino.in\/?s={search_term_string}"},"query-input":{"@type":"PropertyValueSpecification","valueRequired":true,"valueName":"search_term_string"}}],"inLanguage":"pt-PT"},{"@type":"Organization","@id":"https:\/\/crazytimecasino.in\/#organization","name":"Crazy Time","url":"https:\/\/crazytimecasino.in\/","logo":{"@type":"ImageObject","inLanguage":"pt-PT","@id":"https:\/\/crazytimecasino.in\/#\/schema\/logo\/image\/","url":"https:\/\/crazytimecasino.in\/wp-content\/uploads\/cropped-crazy-time-logo.webp","contentUrl":"https:\/\/crazytimecasino.in\/wp-content\/uploads\/cropped-crazy-time-logo.webp","width":114,"height":88,"caption":"Crazy Time"},"image":{"@id":"https:\/\/crazytimecasino.in\/#\/schema\/logo\/image\/"}}]}},"_links":{"self":[{"href":"https:\/\/crazytimecasino.in\/pt\/wp-json\/wp\/v2\/pages\/11","targetHints":{"allow":["GET"]}}],"collection":[{"href":"https:\/\/crazytimecasino.in\/pt\/wp-json\/wp\/v2\/pages"}],"about":[{"href":"https:\/\/crazytimecasino.in\/pt\/wp-json\/wp\/v2\/types\/page"}],"author":[{"embeddable":true,"href":"https:\/\/crazytimecasino.in\/pt\/wp-json\/wp\/v2\/users\/1"}],"replies":[{"embeddable":true,"href":"https:\/\/crazytimecasino.in\/pt\/wp-json\/wp\/v2\/comments?post=11"}],"version-history":[{"count":28,"href":"https:\/\/crazytimecasino.in\/pt\/wp-json\/wp\/v2\/pages\/11\/revisions"}],"predecessor-version":[{"id":156,"href":"https:\/\/crazytimecasino.in\/pt\/wp-json\/wp\/v2\/pages\/11\/revisions\/156"}],"wp:attachment":[{"href":"https:\/\/crazytimecasino.in\/pt\/wp-json\/wp\/v2\/media?parent=11"}],"curies":[{"name":"wp","href":"https:\/\/api.w.org\/{rel}","templated":true}]}}