{"id":9,"date":"2023-12-10T23:04:22","date_gmt":"2023-12-10T23:04:22","guid":{"rendered":"https:\/\/crazytimecasino.in\/?page_id=9"},"modified":"2023-12-27T11:24:44","modified_gmt":"2023-12-27T11:24:44","slug":"strategies","status":"publish","type":"page","link":"https:\/\/crazytimecasino.in\/pl\/strategies\/","title":{"rendered":"Opanowanie strategii Crazy Time: Zwi\u0119ksz swoje szanse na zwyci\u0119stwo"},"content":{"rendered":"<h2>Jak wygrywa\u0107 w grze Crazy Time, korzystaj\u0105c z efektywnych strategii i taktyk?<\/h2>\n<p>Prze\u015bled\u017amy strategie i taktyki, kt\u00f3re pomog\u0105 ci odnie\u015b\u0107 sukces w ekscytuj\u0105cej grze Crazy Time. Crazy Time w kasynach online to nie tylko rozrywka; tutaj stawiane s\u0105 prawdziwe pieni\u0105dze. Efektywna rozgrywka obejmuje stosowanie konkretnych strategii.<\/p>\n<p>Nale\u017cy pami\u0119ta\u0107, \u017ce w Crazy Time zawsze istnieje ryzyko utraty \u015brodk\u00f3w z powodu nieprawid\u0142owych zak\u0142ad\u00f3w. Dzieje si\u0119 tak, gdy gracze wybieraj\u0105 niew\u0142a\u015bciwe sektory. Czasami pokusa postawienia znacznych zak\u0142ad\u00f3w ro\u015bnie, a ty mo\u017cesz zdecydowa\u0107 si\u0119 na ryzyko, skupiaj\u0105c si\u0119 na sektorze Crazy Time. W takich momentach straty s\u0105 nieuniknione. Naszym celem jest dostarczenie ci strategii i taktyk, kt\u00f3re pomog\u0105 ci unika\u0107 emocjonalnych i finansowych pora\u017cek, zapewniaj\u0105c stabilny doch\u00f3d w Crazy Time.<\/p>\n<p>Wi\u0119c jak wygra\u0107? Jak osi\u0105gn\u0105\u0107 rzeczywiste wygrane, graj\u0105c w slot online Crazy Time? Mamy kilka podej\u015b\u0107, a wyb\u00f3r nale\u017cy do ciebie.<\/p>\n<p>Przypomnijmy, \u017ce w kasynie online Crazy Time korzystne jest stawianie zak\u0142ad\u00f3w na wielu obszarach. Ogranicza to ryzyko i zapewnia maksymalne potencjalne wygrane.<\/p>\n<h2>Strategia &#8222;Ostro\u017cno\u015b\u0107 &#8211; Droga do Sukcesu&#8221; w Crazy Time<\/h2>\n<p>To pierwsza opcja strategii, idealna dla tych, kt\u00f3rzy preferuj\u0105 spokojne podej\u015bcie bez niepotrzebnego stresu. G\u0142\u00f3wnym celem jest stopniowe zwi\u0119kszanie wygranych krok po kroku. Mo\u017ce nie zrobisz si\u0119 bogaty natychmiast, ale mo\u017cesz stopniowo zwi\u0119ksza\u0107 sw\u00f3j depozyt.<\/p>\n<p>Idea polega na zwi\u0119kszeniu prawdopodobie\u0144stwa trafienia w proste sektory x1, x2 i x5, poniewa\u017c ich \u0142\u0105czne prawdopodobie\u0144stwo przekracza 75%. Oznacza to, \u017ce istnieje szansa na odzyskanie minimalnego zak\u0142adu w dw\u00f3ch z trzech gier.<\/p>\n<p>Nast\u0119pnie na planszy pojawia si\u0119 mno\u017cnik sektora. Dzi\u0119ki temu mno\u017cnikowi mo\u017cesz wygra\u0107 znaczn\u0105 sum\u0119, znacz\u0105co zwi\u0119kszaj\u0105c sw\u00f3j stan konta. Na przyk\u0142ad postawienie zak\u0142adu o warto\u015bci 200 dolar\u00f3w na sektorze x2 prowadzi do zwi\u0119kszenia do x7 z mno\u017cnikiem sektora, daj\u0105c ostatecznie x14 do twojego zak\u0142adu.<\/p>\n<p>To doskona\u0142y wynik dla zak\u0142ad\u00f3w w kasynie online, zw\u0142aszcza w Crazy Time, gdzie zwyk\u0142y zak\u0142ad x2 mo\u017ce znacz\u0105co poprawi\u0107 tw\u00f3j stan konta.<\/p>\n<p>Mimo \u017ce ta strategia wymaga czasu i ostro\u017cno\u015bci, zapewnia ona maksymaln\u0105 przyjemno\u015b\u0107 z gry w Crazy Time przy minimalnym ryzyku.<\/p>\n<h2>Strategia &#8222;Ryzyko Uzasadnia Koszty&#8221; w Crazy Time<\/h2>\n<p>Celem tej strategii jest maksymalizacja wygranych w jak najwi\u0119kszej liczbie sektor\u00f3w.<\/p>\n<p>Zacznij od minimalnych zak\u0142ad\u00f3w na wszystkich naraz. Upewnij si\u0119, \u017ce tw\u00f3j bud\u017cet jest wystarczaj\u0105co du\u017cy, aby u\u017cywa\u0107 tej strategii w kasynie online. Warto zauwa\u017cy\u0107, \u017ce ma\u0142e wygrane zrekompensuj\u0105 potencjalne du\u017ce straty. Ta strategia ma na celu zwi\u0119kszenie liczby zak\u0142ad\u00f3w, zwi\u0119kszaj\u0105c szanse na uruchomienie gry bonusowej. Osi\u0105ga si\u0119 to, poniewa\u017c poziomy bonusowe mog\u0105 gromadzi\u0107 mno\u017cniki do x25000, rekompensuj\u0105c wszystkie inwestycje do tego poziomu. Szczerze m\u00f3wi\u0105c, jest to bardziej ryzykowna strategia ni\u017c poprzednia, ale potencjalne wygrane s\u0105 znacznie wy\u017csze.<\/p>\n<h2>Strategia &#8222;Szcz\u0119\u015bcie Sprzyja Odwa\u017cnym&#8221; w Crazy Time<\/h2>\n<p>Zwyci\u0119stwo w Crazy Time to trzeci udany spos\u00f3b. Zanurzaj\u0105c si\u0119 w \u015bwiat gry Crazy Time online, musisz podj\u0105\u0107 ryzyko i mie\u0107 nadziej\u0119, \u017ce szcz\u0119\u015bcie jest po twojej stronie. Je\u015bli jeste\u015b pewien swojego salda i nie boisz si\u0119 ryzyka, ta opcja jest dla ciebie.<\/p>\n<p>Postaw znaczne zak\u0142ady na gry bonusowe, nie wydaj\u0105c na ma\u0142e zak\u0142ady przed gr\u0105 du\u017cymi sumami. Zwi\u0119ksz sw\u00f3j zak\u0142ad kilkakrotnie. Ca\u0142y czas podchod\u017a do ulubionego sektora Crazy Time.<\/p>\n<p>Warto zauwa\u017cy\u0107, \u017ce w samej grze o sektorze Crazy Time masz mo\u017cliwo\u015b\u0107 wyboru jednego z trzech sygna\u0142\u00f3w, zwi\u0119kszaj\u0105c szanse na wygran\u0105 w oparciu o swoj\u0105 intuicj\u0119.<\/p>\n","protected":false},"excerpt":{"rendered":"<p>Jak wygrywa\u0107 w grze Crazy Time, korzystaj\u0105c z efektywnych strategii i taktyk? Prze\u015bled\u017amy strategie i taktyki, kt\u00f3re pomog\u0105 ci odnie\u015b\u0107 sukces w ekscytuj\u0105cej grze Crazy Time. Crazy Time w kasynach online to nie tylko rozrywka; tutaj stawiane s\u0105 prawdziwe pieni\u0105dze. Efektywna rozgrywka obejmuje stosowanie konkretnych strategii. Nale\u017cy pami\u0119ta\u0107, \u017ce w Crazy Time zawsze istnieje ryzyko [&hellip;]<\/p>\n","protected":false},"author":1,"featured_media":0,"parent":0,"menu_order":0,"comment_status":"closed","ping_status":"closed","template":"","meta":{"footnotes":""},"class_list":["post-9","page","type-page","status-publish","hentry"],"yoast_head":"<!-- This site is optimized with the Yoast SEO plugin v27.2 - https:\/\/yoast.com\/product\/yoast-seo-wordpress\/ -->\n<title>\u0422\u0430\u0458\u043d\u0435 \u0443\u0441\u043f\u0435\u0445\u0430: \u0415\u0444\u0438\u043a\u0430\u0441\u043d\u0435 \u0441\u0442\u0440\u0430\u0442\u0435\u0433\u0438\u0458\u0435 \u0437\u0430 \u0438\u0433\u0440\u0430\u045a\u0435 Crazy Time<\/title>\n<meta name=\"description\" content=\"Opanuj zawi\u0142o\u015bci strategii zwyci\u0119stwa w grze szansy, Crazy Time. Zwi\u0119ksz swoje szanse i delektuj si\u0119 znacz\u0105cymi wygranymi.\" \/>\n<meta name=\"robots\" content=\"index, follow, max-snippet:-1, max-image-preview:large, max-video-preview:-1\" \/>\n<link rel=\"canonical\" href=\"https:\/\/crazytimecasino.in\/pl\/strategies\/\" \/>\n<meta property=\"og:locale\" content=\"pl_PL\" \/>\n<meta property=\"og:locale:alternate\" content=\"en_US\" \/>\n<meta property=\"og:locale:alternate\" content=\"ru_RU\" \/>\n<meta property=\"og:locale:alternate\" content=\"pt_PT\" \/>\n<meta property=\"og:locale:alternate\" content=\"es_ES\" \/>\n<meta property=\"og:locale:alternate\" content=\"ro_RO\" \/>\n<meta property=\"og:locale:alternate\" content=\"sr_RS\" \/>\n<meta property=\"og:locale:alternate\" content=\"bg_BG\" \/>\n<meta property=\"og:locale:alternate\" content=\"hu_HU\" \/>\n<meta property=\"og:locale:alternate\" content=\"el\" \/>\n<meta property=\"og:locale:alternate\" content=\"tr_TR\" \/>\n<meta property=\"og:type\" content=\"article\" \/>\n<meta property=\"og:title\" content=\"\u0422\u0430\u0458\u043d\u0435 \u0443\u0441\u043f\u0435\u0445\u0430: \u0415\u0444\u0438\u043a\u0430\u0441\u043d\u0435 \u0441\u0442\u0440\u0430\u0442\u0435\u0433\u0438\u0458\u0435 \u0437\u0430 \u0438\u0433\u0440\u0430\u045a\u0435 Crazy Time\" \/>\n<meta property=\"og:description\" content=\"\u041e\u0432\u043b\u0430\u0434\u0430\u0458\u0442\u0435 \u0442\u0430\u0458\u043d\u0430\u043c\u0430 \u0441\u0442\u0440\u0430\u0442\u0435\u0433\u0438\u0458\u0430 \u0437\u0430 \u043f\u043e\u0431\u0435\u0434\u0443 \u0443 \u0430\u0437\u0430\u0440\u0442\u043d\u043e\u0458 \u0438\u0433\u0440\u0438, Crazy Time. \u041f\u043e\u0432\u0435\u045b\u0430\u0458\u0442\u0435 \u0441\u0432\u043e\u0458\u0435 \u0448\u0430\u043d\u0441\u0435 \u0438 \u0443\u0436\u0438\u0432\u0430\u0458\u0442\u0435 \u0443 \u0437\u043d\u0430\u0447\u0430\u0458\u043d\u0438\u043c \u0434\u043e\u0431\u0438\u0442\u0446\u0438\u043c\u0430.\" \/>\n<meta property=\"og:url\" content=\"https:\/\/crazytimecasino.in\/pl\/strategies\/\" \/>\n<meta property=\"og:site_name\" content=\"Crazy Time\" \/>\n<meta property=\"article:modified_time\" content=\"2023-12-27T11:24:44+00:00\" \/>\n<meta name=\"twitter:card\" content=\"summary_large_image\" \/>\n<meta name=\"twitter:label1\" content=\"Szacowany czas czytania\" \/>\n\t<meta name=\"twitter:data1\" content=\"24 minuty\" \/>\n<script type=\"application\/ld+json\" class=\"yoast-schema-graph\">{\"@context\":\"https:\/\/schema.org\",\"@graph\":[{\"@type\":\"WebPage\",\"@id\":\"https:\/\/crazytimecasino.in\/sr\/strategies\/\",\"url\":\"https:\/\/crazytimecasino.in\/sr\/strategies\/\",\"name\":\"\u0422\u0430\u0458\u043d\u0435 \u0443\u0441\u043f\u0435\u0445\u0430: \u0415\u0444\u0438\u043a\u0430\u0441\u043d\u0435 \u0441\u0442\u0440\u0430\u0442\u0435\u0433\u0438\u0458\u0435 \u0437\u0430 \u0438\u0433\u0440\u0430\u045a\u0435 Crazy Time\",\"isPartOf\":{\"@id\":\"https:\/\/crazytimecasino.in\/#website\"},\"datePublished\":\"2023-12-10T23:04:22+00:00\",\"dateModified\":\"2023-12-27T11:24:44+00:00\",\"description\":\"\u041e\u0432\u043b\u0430\u0434\u0430\u0458\u0442\u0435 \u0442\u0430\u0458\u043d\u0430\u043c\u0430 \u0441\u0442\u0440\u0430\u0442\u0435\u0433\u0438\u0458\u0430 \u0437\u0430 \u043f\u043e\u0431\u0435\u0434\u0443 \u0443 \u0430\u0437\u0430\u0440\u0442\u043d\u043e\u0458 \u0438\u0433\u0440\u0438, Crazy Time. \u041f\u043e\u0432\u0435\u045b\u0430\u0458\u0442\u0435 \u0441\u0432\u043e\u0458\u0435 \u0448\u0430\u043d\u0441\u0435 \u0438 \u0443\u0436\u0438\u0432\u0430\u0458\u0442\u0435 \u0443 \u0437\u043d\u0430\u0447\u0430\u0458\u043d\u0438\u043c \u0434\u043e\u0431\u0438\u0442\u0446\u0438\u043c\u0430.\",\"breadcrumb\":{\"@id\":\"https:\/\/crazytimecasino.in\/sr\/strategies\/#breadcrumb\"},\"inLanguage\":\"pl-PL\",\"potentialAction\":[{\"@type\":\"ReadAction\",\"target\":[\"https:\/\/crazytimecasino.in\/sr\/strategies\/\"]}]},{\"@type\":\"BreadcrumbList\",\"@id\":\"https:\/\/crazytimecasino.in\/sr\/strategies\/#breadcrumb\",\"itemListElement\":[{\"@type\":\"ListItem\",\"position\":1,\"name\":\"Home\",\"item\":\"https:\/\/crazytimecasino.in\/\"},{\"@type\":\"ListItem\",\"position\":2,\"name\":\"\u0423\u043f\u0440\u0430\u0432\u0459\u0430\u045a\u0435 \u0441\u0442\u0440\u0430\u0442\u0435\u0433\u0438\u0458\u0430\u043c\u0430 \u0443 Crazy Time: \u041f\u043e\u0432\u0435\u045b\u0430\u0458\u0442\u0435 \u0448\u0430\u043d\u0441\u0435 \u0437\u0430 \u043f\u043e\u0431\u0435\u0434\u0443\"}]},{\"@type\":\"WebSite\",\"@id\":\"https:\/\/crazytimecasino.in\/#website\",\"url\":\"https:\/\/crazytimecasino.in\/\",\"name\":\"Crazy Time\",\"description\":\"\",\"publisher\":{\"@id\":\"https:\/\/crazytimecasino.in\/#organization\"},\"potentialAction\":[{\"@type\":\"SearchAction\",\"target\":{\"@type\":\"EntryPoint\",\"urlTemplate\":\"https:\/\/crazytimecasino.in\/?s={search_term_string}\"},\"query-input\":{\"@type\":\"PropertyValueSpecification\",\"valueRequired\":true,\"valueName\":\"search_term_string\"}}],\"inLanguage\":\"pl-PL\"},{\"@type\":\"Organization\",\"@id\":\"https:\/\/crazytimecasino.in\/#organization\",\"name\":\"Crazy Time\",\"url\":\"https:\/\/crazytimecasino.in\/\",\"logo\":{\"@type\":\"ImageObject\",\"inLanguage\":\"pl-PL\",\"@id\":\"https:\/\/crazytimecasino.in\/#\/schema\/logo\/image\/\",\"url\":\"https:\/\/crazytimecasino.in\/wp-content\/uploads\/cropped-crazy-time-logo.webp\",\"contentUrl\":\"https:\/\/crazytimecasino.in\/wp-content\/uploads\/cropped-crazy-time-logo.webp\",\"width\":114,\"height\":88,\"caption\":\"Crazy Time\"},\"image\":{\"@id\":\"https:\/\/crazytimecasino.in\/#\/schema\/logo\/image\/\"}}]}<\/script>\n<!-- \/ Yoast SEO plugin. -->","yoast_head_json":{"title":"\u0422\u0430\u0458\u043d\u0435 \u0443\u0441\u043f\u0435\u0445\u0430: \u0415\u0444\u0438\u043a\u0430\u0441\u043d\u0435 \u0441\u0442\u0440\u0430\u0442\u0435\u0433\u0438\u0458\u0435 \u0437\u0430 \u0438\u0433\u0440\u0430\u045a\u0435 Crazy Time","description":"Opanuj zawi\u0142o\u015bci strategii zwyci\u0119stwa w grze szansy, Crazy Time. Zwi\u0119ksz swoje szanse i delektuj si\u0119 znacz\u0105cymi wygranymi.","robots":{"index":"index","follow":"follow","max-snippet":"max-snippet:-1","max-image-preview":"max-image-preview:large","max-video-preview":"max-video-preview:-1"},"canonical":"https:\/\/crazytimecasino.in\/pl\/strategies\/","og_locale":"pl_PL","og_type":"article","og_title":"\u0422\u0430\u0458\u043d\u0435 \u0443\u0441\u043f\u0435\u0445\u0430: \u0415\u0444\u0438\u043a\u0430\u0441\u043d\u0435 \u0441\u0442\u0440\u0430\u0442\u0435\u0433\u0438\u0458\u0435 \u0437\u0430 \u0438\u0433\u0440\u0430\u045a\u0435 Crazy Time","og_description":"\u041e\u0432\u043b\u0430\u0434\u0430\u0458\u0442\u0435 \u0442\u0430\u0458\u043d\u0430\u043c\u0430 \u0441\u0442\u0440\u0430\u0442\u0435\u0433\u0438\u0458\u0430 \u0437\u0430 \u043f\u043e\u0431\u0435\u0434\u0443 \u0443 \u0430\u0437\u0430\u0440\u0442\u043d\u043e\u0458 \u0438\u0433\u0440\u0438, Crazy Time. \u041f\u043e\u0432\u0435\u045b\u0430\u0458\u0442\u0435 \u0441\u0432\u043e\u0458\u0435 \u0448\u0430\u043d\u0441\u0435 \u0438 \u0443\u0436\u0438\u0432\u0430\u0458\u0442\u0435 \u0443 \u0437\u043d\u0430\u0447\u0430\u0458\u043d\u0438\u043c \u0434\u043e\u0431\u0438\u0442\u0446\u0438\u043c\u0430.","og_url":"https:\/\/crazytimecasino.in\/pl\/strategies\/","og_site_name":"Crazy Time","article_modified_time":"2023-12-27T11:24:44+00:00","twitter_card":"summary_large_image","twitter_misc":{"Szacowany czas czytania":"24 minuty"},"schema":{"@context":"https:\/\/schema.org","@graph":[{"@type":"WebPage","@id":"https:\/\/crazytimecasino.in\/sr\/strategies\/","url":"https:\/\/crazytimecasino.in\/sr\/strategies\/","name":"\u0422\u0430\u0458\u043d\u0435 \u0443\u0441\u043f\u0435\u0445\u0430: \u0415\u0444\u0438\u043a\u0430\u0441\u043d\u0435 \u0441\u0442\u0440\u0430\u0442\u0435\u0433\u0438\u0458\u0435 \u0437\u0430 \u0438\u0433\u0440\u0430\u045a\u0435 Crazy Time","isPartOf":{"@id":"https:\/\/crazytimecasino.in\/#website"},"datePublished":"2023-12-10T23:04:22+00:00","dateModified":"2023-12-27T11:24:44+00:00","description":"\u041e\u0432\u043b\u0430\u0434\u0430\u0458\u0442\u0435 \u0442\u0430\u0458\u043d\u0430\u043c\u0430 \u0441\u0442\u0440\u0430\u0442\u0435\u0433\u0438\u0458\u0430 \u0437\u0430 \u043f\u043e\u0431\u0435\u0434\u0443 \u0443 \u0430\u0437\u0430\u0440\u0442\u043d\u043e\u0458 \u0438\u0433\u0440\u0438, Crazy Time. \u041f\u043e\u0432\u0435\u045b\u0430\u0458\u0442\u0435 \u0441\u0432\u043e\u0458\u0435 \u0448\u0430\u043d\u0441\u0435 \u0438 \u0443\u0436\u0438\u0432\u0430\u0458\u0442\u0435 \u0443 \u0437\u043d\u0430\u0447\u0430\u0458\u043d\u0438\u043c \u0434\u043e\u0431\u0438\u0442\u0446\u0438\u043c\u0430.","breadcrumb":{"@id":"https:\/\/crazytimecasino.in\/sr\/strategies\/#breadcrumb"},"inLanguage":"pl-PL","potentialAction":[{"@type":"ReadAction","target":["https:\/\/crazytimecasino.in\/sr\/strategies\/"]}]},{"@type":"BreadcrumbList","@id":"https:\/\/crazytimecasino.in\/sr\/strategies\/#breadcrumb","itemListElement":[{"@type":"ListItem","position":1,"name":"Home","item":"https:\/\/crazytimecasino.in\/"},{"@type":"ListItem","position":2,"name":"\u0423\u043f\u0440\u0430\u0432\u0459\u0430\u045a\u0435 \u0441\u0442\u0440\u0430\u0442\u0435\u0433\u0438\u0458\u0430\u043c\u0430 \u0443 Crazy Time: \u041f\u043e\u0432\u0435\u045b\u0430\u0458\u0442\u0435 \u0448\u0430\u043d\u0441\u0435 \u0437\u0430 \u043f\u043e\u0431\u0435\u0434\u0443"}]},{"@type":"WebSite","@id":"https:\/\/crazytimecasino.in\/#website","url":"https:\/\/crazytimecasino.in\/","name":"Crazy Time","description":"","publisher":{"@id":"https:\/\/crazytimecasino.in\/#organization"},"potentialAction":[{"@type":"SearchAction","target":{"@type":"EntryPoint","urlTemplate":"https:\/\/crazytimecasino.in\/?s={search_term_string}"},"query-input":{"@type":"PropertyValueSpecification","valueRequired":true,"valueName":"search_term_string"}}],"inLanguage":"pl-PL"},{"@type":"Organization","@id":"https:\/\/crazytimecasino.in\/#organization","name":"Crazy Time","url":"https:\/\/crazytimecasino.in\/","logo":{"@type":"ImageObject","inLanguage":"pl-PL","@id":"https:\/\/crazytimecasino.in\/#\/schema\/logo\/image\/","url":"https:\/\/crazytimecasino.in\/wp-content\/uploads\/cropped-crazy-time-logo.webp","contentUrl":"https:\/\/crazytimecasino.in\/wp-content\/uploads\/cropped-crazy-time-logo.webp","width":114,"height":88,"caption":"Crazy Time"},"image":{"@id":"https:\/\/crazytimecasino.in\/#\/schema\/logo\/image\/"}}]}},"_links":{"self":[{"href":"https:\/\/crazytimecasino.in\/pl\/wp-json\/wp\/v2\/pages\/9","targetHints":{"allow":["GET"]}}],"collection":[{"href":"https:\/\/crazytimecasino.in\/pl\/wp-json\/wp\/v2\/pages"}],"about":[{"href":"https:\/\/crazytimecasino.in\/pl\/wp-json\/wp\/v2\/types\/page"}],"author":[{"embeddable":true,"href":"https:\/\/crazytimecasino.in\/pl\/wp-json\/wp\/v2\/users\/1"}],"replies":[{"embeddable":true,"href":"https:\/\/crazytimecasino.in\/pl\/wp-json\/wp\/v2\/comments?post=9"}],"version-history":[{"count":26,"href":"https:\/\/crazytimecasino.in\/pl\/wp-json\/wp\/v2\/pages\/9\/revisions"}],"predecessor-version":[{"id":164,"href":"https:\/\/crazytimecasino.in\/pl\/wp-json\/wp\/v2\/pages\/9\/revisions\/164"}],"wp:attachment":[{"href":"https:\/\/crazytimecasino.in\/pl\/wp-json\/wp\/v2\/media?parent=9"}],"curies":[{"name":"wp","href":"https:\/\/api.w.org\/{rel}","templated":true}]}}