{"id":5,"date":"2023-12-10T22:19:51","date_gmt":"2023-12-10T22:19:51","guid":{"rendered":"https:\/\/crazytimecasino.in\/?page_id=5"},"modified":"2023-12-27T11:23:33","modified_gmt":"2023-12-27T11:23:33","slug":"crazy-time","status":"publish","type":"page","link":"https:\/\/crazytimecasino.in\/pl\/","title":{"rendered":"Crazy Time: Twoja droga do ekscytuj\u0105cego hazardu"},"content":{"rendered":"<p>Crazy Time to nie tylko gra online; to ca\u0142e show i popularna gra hazardowa z ko\u0142em fortuny, przypominaj\u0105cym znane ko\u0142o do kr\u0119cenia. Du\u017ce pionowe ko\u0142o z 54 sektorami obraca si\u0119 pod kierunkiem krupiera. Zadaniem gracza jest przewidzenie, gdzie ko\u0142o zatrzyma si\u0119 na ko\u0144cu obrotu. Tutaj nie ma skomplikowanych algorytm\u00f3w stworzonych przez komputer. Tylko przypadkowo\u015b\u0107 i szcz\u0119\u015bcie!<\/p>\n<p>Gra Crazy Time to legendarna rozrywka hazardowa, kt\u00f3ra co roku znajduje si\u0119 na li\u015bcie najpopularniejszych slot\u00f3w w r\u00f3\u017cnych kasynach online, zdobywaj\u0105c serca milion\u00f3w graczy na ca\u0142ym \u015bwiecie.<\/p>\n<p>Dodatkowo, na g\u00f3rze znajduje si\u0119 automat do gry, daj\u0105cy szans\u0119 na otrzymywanie konkretnych bonus\u00f3w. W Crazy Time gr\u0119 prowadzi krupier, tworz\u0105c unikaln\u0105 atmosfer\u0119 prawdziwego kasyna.<\/p>\n<p>Slot Crazy Time wyr\u00f3\u017cnia si\u0119 r\u00f3\u017cnymi strefami bonusowymi, reprezentuj\u0105cymi oddzielne mini-gry z potencjalnie ogromnymi wygranymi.<\/p>\n<h2>Zasady gry w Crazy Time:<\/h2>\n<p>Ca\u0142y b\u0119ben jest podzielony na osiem grup.<\/p>\n<p>Te osiem grup reprezentuje mno\u017cniki wygranej (x1, x2, x5, x10), a pozosta\u0142e reprezentuj\u0105 mini-gry takie jak Cash Hunt, Pachinko, Coin Flip i Crazy Time.<\/p>\n<p>Stawki mo\u017cna miejscami postawi\u0107 na poszczeg\u00f3lne kom\u00f3rki, wszystkie kom\u00f3rki lub konkretne kom\u00f3rki. Kwota zak\u0142adu mo\u017ce by\u0107 osobno dostosowana dla ka\u017cdej kom\u00f3rki. Sekcje z regularnymi mno\u017cnikami, na przyk\u0142ad x1 &#8211; 21, x2 &#8211; 14, x5 &#8211; 7, x10 &#8211; 4, maj\u0105 wi\u0119ksze szanse na wyl\u0105dowanie.<\/p>\n<p>Na pocz\u0105tku gry krupier stawia zak\u0142ady, a b\u0119ben jest kr\u0119cony po tym, jak gracze postawili swoje zak\u0142ady.<\/p>\n<p>Automat do gry zaczyna jednocze\u015bnie si\u0119 kr\u0119ci\u0107. Dodaje on mno\u017cnik do jednego losowego sektora, czy to liczby, czy gry bonusowej. Mno\u017cnik jest aktywowany, je\u015bli sektor i mno\u017cnik pasuj\u0105 do siebie poziomo po obrocie; w przeciwnym razie runda przebiega bez bonusu.<\/p>\n<p>Kolejnym krokiem jest zatrzymanie b\u0119bna. Gracz, kt\u00f3rego zak\u0142ad by\u0142 poprawny, wygrywa.<\/p>\n<p>W prawym dolnym rogu ekranu gry mo\u017cesz zobaczy\u0107 histori\u0119 wszystkich sektor\u00f3w, kt\u00f3re by\u0142y grane. Mo\u017cesz obserwowa\u0107 gr\u0119 w Crazy Time, nie stawiaj\u0105c zak\u0142ad\u00f3w i nie czytaj\u0105c zasad, co daje mo\u017cliwo\u015b\u0107 lepszego zrozumienia cech gier online. Poniewa\u017c demo wersji gry Crazy Time nie ma, to doskona\u0142y spos\u00f3b na cieszenie si\u0119 gr\u0105 zamiast studiowa\u0107 jej zasady.<\/p>\n<h2>Gry bonusowe w slocie Crazy Time:<\/h2>\n<p>Gry bonusowe w slocie Crazy Time dodaj\u0105 ekscytuj\u0105cy element do rozgrywki. Oto opis ka\u017cdej z nich:<\/p>\n<h2>Cash Hunt<\/h2>\n<p>Cash Hunt to mini-gra sk\u0142adaj\u0105ca si\u0119 z pola 108 kom\u00f3rek z losowo wybranymi mno\u017cnikami. Gracz musi wybra\u0107 jedn\u0105 kom\u00f3rk\u0119 w wyznaczonym czasie, po czym rozlega si\u0119 sygna\u0142, wskazuj\u0105cy ko\u0144cow\u0105 kwot\u0119 wygranej.<\/p>\n<h2>Pachinko<\/h2>\n<p>Pachinko prezentuje ekran z \u015bcian\u0105 licznych kulek, z 16 warto\u015bciami reprezentowanymi na dole jako mno\u017cniki. Krupier wpuszcza kul\u0119, okre\u015blaj\u0105c ostateczn\u0105 wygran\u0105 w procesie. Maksymalna warto\u015b\u0107 mno\u017cnika to x10,000.<\/p>\n<h2>Coin Flip<\/h2>\n<p>Coin Flip przypomina gr\u0119 w rzut monet\u0105. Na ekranie wy\u015bwietlane s\u0105 dwa okr\u0119gi, niebieski i czerwony. W ka\u017cdym okr\u0119gu wy\u015bwietlany jest losowo wybrany mno\u017cnik wygranej. Krupier wpuszcza kolorowy \u017ceton, a wynik jest okre\u015blany przez stron\u0119, na kt\u00f3r\u0105 si\u0119 zatrzyma. Maksymalne mno\u017cenie, kt\u00f3re mo\u017cna u\u017cy\u0107, to 100.<\/p>\n<h2>Crazy Time<\/h2>\n<p>Gdy zostaje wyci\u0105gni\u0119te Crazy Time, krupier przenosi si\u0119 do innego pomieszczenia z jeszcze wi\u0119kszym ko\u0142em. Gracz musi wybra\u0107 jedno z trzech marker\u00f3w na g\u00f3rze b\u0119bna i z\u0142apa\u0107 mno\u017cniki tak wiele razy, jak to mo\u017cliwe. Mini-gra Crazy Time ma maksymalny bonus x20,000.<\/p>\n<p>Nie zapominaj o automacie do gry &#8211; je\u015bli wcze\u015bniej na jednej z gier bonusowych wyl\u0105dowa\u0142 mno\u017cnik, wygrane zwi\u0119ksz\u0105 si\u0119 w zale\u017cno\u015bci od nomina\u0142u gry. Online slot Crazy Time daje szans\u0119 na zdobycie ogromnych nagr\u00f3d.<\/p>\n<h2>Informacje na temat Crazy Time:<\/h2>\n<p>Oto kilka wa\u017cnych szczeg\u00f3\u0142\u00f3w na temat gry online Crazy Time, kt\u00f3re b\u0119d\u0105 przydatne, je\u015bli zdecydujesz si\u0119 spr\u00f3bowa\u0107 szcz\u0119\u015bcia prawdziwymi zak\u0142adami w kasynie online:<\/p>\n<h3>Potencja\u0142 Wygranej:<\/h3>\n<p>Automat do gry mo\u017ce pomno\u017cy\u0107 twoje wygrane do x50.<\/p>\n<p>Maksymalna kwota, kt\u00f3r\u0105 mo\u017cna pomno\u017cy\u0107 za zak\u0142ad, si\u0119ga x20,000 w grze bonusowej Crazy Time, obejmuj\u0105cej funkcje Double\/Triple.<\/p>\n<h3>Zakres Zak\u0142ad\u00f3w:<\/h3>\n<p>Zak\u0142ady wahaj\u0105 si\u0119 od 5 cent\u00f3w do 50 dolar\u00f3w, daj\u0105c graczom elastyczno\u015b\u0107 w wyborze wielko\u015bci zak\u0142adu.<\/p>\n<h3>Potencja\u0142 Wygranej:<\/h3>\n<p>Gracz najprawdopodobniej wygra\u0107 a\u017c do pi\u0119ciuset razy swojego zak\u0142adu, oferuj\u0105c potencja\u0142 na znaczne wygrane.<\/p>\n<h3>Cechy Gry:<\/h3>\n<p>Crazy Time to wirtualne kasyno z krupierem na \u017cywo. Gospodarz kr\u0119ci b\u0119bnem, a gracze stawiaj\u0105 zak\u0142ady na sektory. Ci, kt\u00f3rzy poprawnie zgadn\u0105 sektor, wygrywaj\u0105.<\/p>\n<p>W grze mo\u017cna zastosowa\u0107 r\u00f3\u017cne strategie. Wygrane mog\u0105 znacznie wzrosn\u0105\u0107, je\u015bli na b\u0119bnie wyl\u0105duj\u0105 du\u017ce mno\u017cniki.<\/p>\n<h3>Dodatkowe Funkcje:<\/h3>\n<ul>\n<li>Istnieje czat, w kt\u00f3rym mo\u017cna komunikowa\u0107 si\u0119 z krupierem i innymi graczami.<\/li>\n<li>Wygrane w Crazy Time mog\u0105 by\u0107 wi\u0119ksze ni\u017c w innych grach czy slotach.<\/li>\n<li>Przed ka\u017cdym obrotem mo\u017cna postawi\u0107 zak\u0142ad lub wzi\u0105\u0107 udzia\u0142 w mini-grze.<\/li>\n<li>Gracze mog\u0105 obstawia\u0107 ka\u017cdy sektor, aby zrekompensowa\u0107 wydatki na zak\u0142ady.<\/li>\n<li>Gra tworzy unikaln\u0105 atmosfer\u0119 dzi\u0119ki swojemu stylowi kasyna.<\/li>\n<li>Crazy Time ma wysoki procent zwrotu do gracza wynosz\u0105cy 95,08%.<\/li>\n<\/ul>\n","protected":false},"excerpt":{"rendered":"<p>Crazy Time to nie tylko gra online; to ca\u0142e show i popularna gra hazardowa z ko\u0142em fortuny, przypominaj\u0105cym znane ko\u0142o do kr\u0119cenia. Du\u017ce pionowe ko\u0142o z 54 sektorami obraca si\u0119 pod kierunkiem krupiera. Zadaniem gracza jest przewidzenie, gdzie ko\u0142o zatrzyma si\u0119 na ko\u0144cu obrotu. Tutaj nie ma skomplikowanych algorytm\u00f3w stworzonych przez komputer. Tylko przypadkowo\u015b\u0107 i [&hellip;]<\/p>\n","protected":false},"author":1,"featured_media":0,"parent":0,"menu_order":0,"comment_status":"closed","ping_status":"closed","template":"","meta":{"footnotes":""},"class_list":["post-5","page","type-page","status-publish","hentry"],"yoast_head":"<!-- This site is optimized with the Yoast SEO plugin v27.2 - https:\/\/yoast.com\/product\/yoast-seo-wordpress\/ -->\n<title>Crazy Time D\u00fcnyas\u0131na Dal\u0131n: Heyecan Verici Oyunlar ve Kazan\u00e7lar<\/title>\n<meta name=\"description\" content=\"Odkryj ekscytuj\u0105cy \u015bwiat Crazy Time - show gier z unikalnymi bonusami i mn\u00f3stwem ekscytuj\u0105cych mo\u017cliwo\u015bci.\" \/>\n<meta name=\"robots\" content=\"index, follow, max-snippet:-1, max-image-preview:large, max-video-preview:-1\" \/>\n<link rel=\"canonical\" href=\"https:\/\/crazytimecasino.in\/pl\/\" \/>\n<meta property=\"og:locale\" content=\"pl_PL\" \/>\n<meta property=\"og:locale:alternate\" content=\"en_US\" \/>\n<meta property=\"og:locale:alternate\" content=\"ru_RU\" \/>\n<meta property=\"og:locale:alternate\" content=\"pt_PT\" \/>\n<meta property=\"og:locale:alternate\" content=\"es_ES\" \/>\n<meta property=\"og:locale:alternate\" content=\"ro_RO\" \/>\n<meta property=\"og:locale:alternate\" content=\"sr_RS\" \/>\n<meta property=\"og:locale:alternate\" content=\"bg_BG\" \/>\n<meta property=\"og:locale:alternate\" content=\"hu_HU\" \/>\n<meta property=\"og:locale:alternate\" content=\"el\" \/>\n<meta property=\"og:locale:alternate\" content=\"tr_TR\" \/>\n<meta property=\"og:type\" content=\"article\" \/>\n<meta property=\"og:title\" content=\"Crazy Time D\u00fcnyas\u0131na Dal\u0131n: Heyecan Verici Oyunlar ve Kazan\u00e7lar\" \/>\n<meta property=\"og:description\" content=\"Crazy Time&#039;\u0131n heyecan dolu d\u00fcnyas\u0131n\u0131 ke\u015ffedin - e\u015fsiz bonuslar ve bir\u00e7ok heyecan verici f\u0131rsatla dolu bir oyun g\u00f6sterisi.\" \/>\n<meta property=\"og:url\" content=\"https:\/\/crazytimecasino.in\/pl\/\" \/>\n<meta property=\"og:site_name\" content=\"Crazy Time\" \/>\n<meta property=\"article:modified_time\" content=\"2023-12-27T11:23:33+00:00\" \/>\n<meta name=\"twitter:card\" content=\"summary_large_image\" \/>\n<meta name=\"twitter:label1\" content=\"Szacowany czas czytania\" \/>\n\t<meta name=\"twitter:data1\" content=\"35 minut\" \/>\n<script type=\"application\/ld+json\" class=\"yoast-schema-graph\">{\"@context\":\"https:\/\/schema.org\",\"@graph\":[{\"@type\":\"WebPage\",\"@id\":\"https:\/\/crazytimecasino.in\/\",\"url\":\"https:\/\/crazytimecasino.in\/\",\"name\":\"Crazy Time D\u00fcnyas\u0131na Dal\u0131n: Heyecan Verici Oyunlar ve Kazan\u00e7lar\",\"isPartOf\":{\"@id\":\"https:\/\/crazytimecasino.in\/#website\"},\"datePublished\":\"2023-12-10T22:19:51+00:00\",\"dateModified\":\"2023-12-27T11:23:33+00:00\",\"description\":\"Crazy Time'\u0131n heyecan dolu d\u00fcnyas\u0131n\u0131 ke\u015ffedin - e\u015fsiz bonuslar ve bir\u00e7ok heyecan verici f\u0131rsatla dolu bir oyun g\u00f6sterisi.\",\"breadcrumb\":{\"@id\":\"https:\/\/crazytimecasino.in\/#breadcrumb\"},\"inLanguage\":\"pl-PL\",\"potentialAction\":[{\"@type\":\"ReadAction\",\"target\":[\"https:\/\/crazytimecasino.in\/\"]}]},{\"@type\":\"BreadcrumbList\",\"@id\":\"https:\/\/crazytimecasino.in\/#breadcrumb\",\"itemListElement\":[{\"@type\":\"ListItem\",\"position\":1,\"name\":\"Home\",\"item\":\"https:\/\/crazytimecasino.in\/\"},{\"@type\":\"ListItem\",\"position\":2,\"name\":\"Crazy Time: Heyecanl\u0131 Kumar Oyunlar\u0131na Giden Yolunuz\"}]},{\"@type\":\"WebSite\",\"@id\":\"https:\/\/crazytimecasino.in\/#website\",\"url\":\"https:\/\/crazytimecasino.in\/\",\"name\":\"Crazy Time\",\"description\":\"\",\"publisher\":{\"@id\":\"https:\/\/crazytimecasino.in\/#organization\"},\"potentialAction\":[{\"@type\":\"SearchAction\",\"target\":{\"@type\":\"EntryPoint\",\"urlTemplate\":\"https:\/\/crazytimecasino.in\/?s={search_term_string}\"},\"query-input\":{\"@type\":\"PropertyValueSpecification\",\"valueRequired\":true,\"valueName\":\"search_term_string\"}}],\"inLanguage\":\"pl-PL\"},{\"@type\":\"Organization\",\"@id\":\"https:\/\/crazytimecasino.in\/#organization\",\"name\":\"Crazy Time\",\"url\":\"https:\/\/crazytimecasino.in\/\",\"logo\":{\"@type\":\"ImageObject\",\"inLanguage\":\"pl-PL\",\"@id\":\"https:\/\/crazytimecasino.in\/#\/schema\/logo\/image\/\",\"url\":\"https:\/\/crazytimecasino.in\/wp-content\/uploads\/cropped-crazy-time-logo.webp\",\"contentUrl\":\"https:\/\/crazytimecasino.in\/wp-content\/uploads\/cropped-crazy-time-logo.webp\",\"width\":114,\"height\":88,\"caption\":\"Crazy Time\"},\"image\":{\"@id\":\"https:\/\/crazytimecasino.in\/#\/schema\/logo\/image\/\"}}]}<\/script>\n<!-- \/ Yoast SEO plugin. -->","yoast_head_json":{"title":"Crazy Time D\u00fcnyas\u0131na Dal\u0131n: Heyecan Verici Oyunlar ve Kazan\u00e7lar","description":"Odkryj ekscytuj\u0105cy \u015bwiat Crazy Time - show gier z unikalnymi bonusami i mn\u00f3stwem ekscytuj\u0105cych mo\u017cliwo\u015bci.","robots":{"index":"index","follow":"follow","max-snippet":"max-snippet:-1","max-image-preview":"max-image-preview:large","max-video-preview":"max-video-preview:-1"},"canonical":"https:\/\/crazytimecasino.in\/pl\/","og_locale":"pl_PL","og_type":"article","og_title":"Crazy Time D\u00fcnyas\u0131na Dal\u0131n: Heyecan Verici Oyunlar ve Kazan\u00e7lar","og_description":"Crazy Time'\u0131n heyecan dolu d\u00fcnyas\u0131n\u0131 ke\u015ffedin - e\u015fsiz bonuslar ve bir\u00e7ok heyecan verici f\u0131rsatla dolu bir oyun g\u00f6sterisi.","og_url":"https:\/\/crazytimecasino.in\/pl\/","og_site_name":"Crazy Time","article_modified_time":"2023-12-27T11:23:33+00:00","twitter_card":"summary_large_image","twitter_misc":{"Szacowany czas czytania":"35 minut"},"schema":{"@context":"https:\/\/schema.org","@graph":[{"@type":"WebPage","@id":"https:\/\/crazytimecasino.in\/","url":"https:\/\/crazytimecasino.in\/","name":"Crazy Time D\u00fcnyas\u0131na Dal\u0131n: Heyecan Verici Oyunlar ve Kazan\u00e7lar","isPartOf":{"@id":"https:\/\/crazytimecasino.in\/#website"},"datePublished":"2023-12-10T22:19:51+00:00","dateModified":"2023-12-27T11:23:33+00:00","description":"Crazy Time'\u0131n heyecan dolu d\u00fcnyas\u0131n\u0131 ke\u015ffedin - e\u015fsiz bonuslar ve bir\u00e7ok heyecan verici f\u0131rsatla dolu bir oyun g\u00f6sterisi.","breadcrumb":{"@id":"https:\/\/crazytimecasino.in\/#breadcrumb"},"inLanguage":"pl-PL","potentialAction":[{"@type":"ReadAction","target":["https:\/\/crazytimecasino.in\/"]}]},{"@type":"BreadcrumbList","@id":"https:\/\/crazytimecasino.in\/#breadcrumb","itemListElement":[{"@type":"ListItem","position":1,"name":"Home","item":"https:\/\/crazytimecasino.in\/"},{"@type":"ListItem","position":2,"name":"Crazy Time: Heyecanl\u0131 Kumar Oyunlar\u0131na Giden Yolunuz"}]},{"@type":"WebSite","@id":"https:\/\/crazytimecasino.in\/#website","url":"https:\/\/crazytimecasino.in\/","name":"Crazy Time","description":"","publisher":{"@id":"https:\/\/crazytimecasino.in\/#organization"},"potentialAction":[{"@type":"SearchAction","target":{"@type":"EntryPoint","urlTemplate":"https:\/\/crazytimecasino.in\/?s={search_term_string}"},"query-input":{"@type":"PropertyValueSpecification","valueRequired":true,"valueName":"search_term_string"}}],"inLanguage":"pl-PL"},{"@type":"Organization","@id":"https:\/\/crazytimecasino.in\/#organization","name":"Crazy Time","url":"https:\/\/crazytimecasino.in\/","logo":{"@type":"ImageObject","inLanguage":"pl-PL","@id":"https:\/\/crazytimecasino.in\/#\/schema\/logo\/image\/","url":"https:\/\/crazytimecasino.in\/wp-content\/uploads\/cropped-crazy-time-logo.webp","contentUrl":"https:\/\/crazytimecasino.in\/wp-content\/uploads\/cropped-crazy-time-logo.webp","width":114,"height":88,"caption":"Crazy Time"},"image":{"@id":"https:\/\/crazytimecasino.in\/#\/schema\/logo\/image\/"}}]}},"_links":{"self":[{"href":"https:\/\/crazytimecasino.in\/pl\/wp-json\/wp\/v2\/pages\/5","targetHints":{"allow":["GET"]}}],"collection":[{"href":"https:\/\/crazytimecasino.in\/pl\/wp-json\/wp\/v2\/pages"}],"about":[{"href":"https:\/\/crazytimecasino.in\/pl\/wp-json\/wp\/v2\/types\/page"}],"author":[{"embeddable":true,"href":"https:\/\/crazytimecasino.in\/pl\/wp-json\/wp\/v2\/users\/1"}],"replies":[{"embeddable":true,"href":"https:\/\/crazytimecasino.in\/pl\/wp-json\/wp\/v2\/comments?post=5"}],"version-history":[{"count":32,"href":"https:\/\/crazytimecasino.in\/pl\/wp-json\/wp\/v2\/pages\/5\/revisions"}],"predecessor-version":[{"id":160,"href":"https:\/\/crazytimecasino.in\/pl\/wp-json\/wp\/v2\/pages\/5\/revisions\/160"}],"wp:attachment":[{"href":"https:\/\/crazytimecasino.in\/pl\/wp-json\/wp\/v2\/media?parent=5"}],"curies":[{"name":"wp","href":"https:\/\/api.w.org\/{rel}","templated":true}]}}