{"id":11,"date":"2023-12-10T23:08:12","date_gmt":"2023-12-10T23:08:12","guid":{"rendered":"https:\/\/crazytimecasino.in\/?page_id=11"},"modified":"2023-12-27T11:21:52","modified_gmt":"2023-12-27T11:21:52","slug":"faq","status":"publish","type":"page","link":"https:\/\/crazytimecasino.in\/pl\/faq\/","title":{"rendered":"Odpowiedzi na cz\u0119sto zadawane pytania dotycz\u0105ce Crazy Time: Wyja\u015bnienia i wskaz\u00f3wki"},"content":{"rendered":"<h3>Jaka jest minimalna stawka w grze Crazy Time?<\/h3>\n<p>W grze Crazy Time mo\u017cesz postawi\u0107 minimaln\u0105 stawk\u0119 od 10 cent\u00f3w do maksymalnie 1000 dolar\u00f3w.<\/p>\n<h3>Czy w grze Crazy Time jest czat?<\/h3>\n<p>Tak, mo\u017cesz komunikowa\u0107 si\u0119 z prowadz\u0105cym gr\u0119 i innymi graczami. Jednak prosz\u0119 przestrzega\u0107 zasad dobrego zachowania w czacie gry Crazy Time.<\/p>\n<h3>Jak wygl\u0105daj\u0105 statystyki w interfejsie gry?<\/h3>\n<p>Sekcja statystyk wy\u015bwietla wyniki wygranych z ostatnich rund gry.<\/p>\n<h3>Co oznacza numer gry?<\/h3>\n<p>Ka\u017cda runda Crazy Time ma sw\u00f3j w\u0142asny numer gry. Na przyk\u0142ad numer #10 o 21:10. Numer ten wskazuje czas i minut\u0119 gry w czasie \u015brodkowoeuropejskim. U\u017cyj tego numeru gry, je\u015bli chcesz skontaktowa\u0107 si\u0119 z obs\u0142ug\u0105 klienta w sprawie konkretnej rundy.<\/p>\n<h3>Co to jest tryb gry wielostolikowej w grze Crazy Time?<\/h3>\n<p>Mo\u017cesz gra\u0107 jednocze\u015bnie na kilku sto\u0142ach w jednym oknie przegl\u0105darki, je\u015bli nie chcesz ogranicza\u0107 si\u0119 do jednego sto\u0142u.<\/p>\n<h3>Czy w grze Crazy Time jest tryb automatycznej gry?<\/h3>\n<p>Tak, mo\u017cliwa jest automatyczna gra. Tryb automatycznej gry pozwala powt\u00f3rzy\u0107 wybran\u0105 stawk\u0119 lub zak\u0142ady przez okre\u015blon\u0105 liczb\u0119 rund gry po postawieniu zak\u0142adu. Postaw swoje zak\u0142ady na siatce zak\u0142ad\u00f3w i kliknij przycisk &#8222;Auto-play&#8221;, aby rozpocz\u0105\u0107 gr\u0119.<\/p>\n","protected":false},"excerpt":{"rendered":"<p>Jaka jest minimalna stawka w grze Crazy Time? W grze Crazy Time mo\u017cesz postawi\u0107 minimaln\u0105 stawk\u0119 od 10 cent\u00f3w do maksymalnie 1000 dolar\u00f3w. Czy w grze Crazy Time jest czat? Tak, mo\u017cesz komunikowa\u0107 si\u0119 z prowadz\u0105cym gr\u0119 i innymi graczami. Jednak prosz\u0119 przestrzega\u0107 zasad dobrego zachowania w czacie gry Crazy Time. Jak wygl\u0105daj\u0105 statystyki w [&hellip;]<\/p>\n","protected":false},"author":1,"featured_media":0,"parent":0,"menu_order":0,"comment_status":"closed","ping_status":"closed","template":"","meta":{"footnotes":""},"class_list":["post-11","page","type-page","status-publish","hentry"],"yoast_head":"<!-- This site is optimized with the Yoast SEO plugin v27.2 - https:\/\/yoast.com\/product\/yoast-seo-wordpress\/ -->\n<title>\u0427\u0435\u0441\u0442\u0430 \u043f\u0438\u0442\u0430\u045a\u0430 \u043e Crazy Time: \u041e\u0434\u0433\u043e\u0432\u043e\u0440\u0438 \u043d\u0430 \u0432\u0430\u0448\u0430 \u043f\u0438\u0442\u0430\u045a\u0430 \u043e \u0438\u0433\u0440\u0438<\/title>\n<meta name=\"description\" content=\"Znalezienie odpowiedzi na wszystkie pytania dotycz\u0105ce Crazy Time jest \u0142atwe. Wyja\u015bnienia i wskaz\u00f3wki dla udanego zanurzenia w ekscytuj\u0105cy \u015bwiat hazardu.\" \/>\n<meta name=\"robots\" content=\"index, follow, max-snippet:-1, max-image-preview:large, max-video-preview:-1\" \/>\n<link rel=\"canonical\" href=\"https:\/\/crazytimecasino.in\/pl\/faq\/\" \/>\n<meta property=\"og:locale\" content=\"pl_PL\" \/>\n<meta property=\"og:locale:alternate\" content=\"en_US\" \/>\n<meta property=\"og:locale:alternate\" content=\"ru_RU\" \/>\n<meta property=\"og:locale:alternate\" content=\"pt_PT\" \/>\n<meta property=\"og:locale:alternate\" content=\"es_ES\" \/>\n<meta property=\"og:locale:alternate\" content=\"ro_RO\" \/>\n<meta property=\"og:locale:alternate\" content=\"sr_RS\" \/>\n<meta property=\"og:locale:alternate\" content=\"bg_BG\" \/>\n<meta property=\"og:locale:alternate\" content=\"hu_HU\" \/>\n<meta property=\"og:locale:alternate\" content=\"el\" \/>\n<meta property=\"og:locale:alternate\" content=\"tr_TR\" \/>\n<meta property=\"og:type\" content=\"article\" \/>\n<meta property=\"og:title\" content=\"\u0427\u0435\u0441\u0442\u0430 \u043f\u0438\u0442\u0430\u045a\u0430 \u043e Crazy Time: \u041e\u0434\u0433\u043e\u0432\u043e\u0440\u0438 \u043d\u0430 \u0432\u0430\u0448\u0430 \u043f\u0438\u0442\u0430\u045a\u0430 \u043e \u0438\u0433\u0440\u0438\" \/>\n<meta property=\"og:description\" content=\"\u041f\u0440\u0430\u0448\u0430\u045a\u0430 \u043e Crazy Time \u043b\u0430\u043a\u043e \u045b\u0435\u0442\u0435 \u043d\u0430\u045b\u0438 \u043e\u0434\u0433\u043e\u0432\u043e\u0440\u0435. \u041e\u0431\u0458\u0430\u0448\u045a\u0435\u045a\u0430 \u0438 \u0441\u0430\u0432\u0435\u0442\u0438 \u0437\u0430 \u0443\u0441\u043f\u0435\u0448\u043d\u043e \u0443\u043f\u0443\u0448\u0442\u0430\u045a\u0435 \u0443 \u0443\u0437\u0431\u0443\u0434\u0459\u0438\u0432\u0438 \u0441\u0432\u0435\u0442 \u0430\u0437\u0430\u0440\u0442\u043d\u0438\u0445 \u0438\u0433\u0430\u0440\u0430.\" \/>\n<meta property=\"og:url\" content=\"https:\/\/crazytimecasino.in\/pl\/faq\/\" \/>\n<meta property=\"og:site_name\" content=\"Crazy Time\" \/>\n<meta property=\"article:modified_time\" content=\"2023-12-27T11:21:52+00:00\" \/>\n<meta name=\"twitter:card\" content=\"summary_large_image\" \/>\n<meta name=\"twitter:label1\" content=\"Szacowany czas czytania\" \/>\n\t<meta name=\"twitter:data1\" content=\"8 minut\" \/>\n<script type=\"application\/ld+json\" class=\"yoast-schema-graph\">{\"@context\":\"https:\/\/schema.org\",\"@graph\":[{\"@type\":\"WebPage\",\"@id\":\"https:\/\/crazytimecasino.in\/sr\/faq\/\",\"url\":\"https:\/\/crazytimecasino.in\/sr\/faq\/\",\"name\":\"\u0427\u0435\u0441\u0442\u0430 \u043f\u0438\u0442\u0430\u045a\u0430 \u043e Crazy Time: \u041e\u0434\u0433\u043e\u0432\u043e\u0440\u0438 \u043d\u0430 \u0432\u0430\u0448\u0430 \u043f\u0438\u0442\u0430\u045a\u0430 \u043e \u0438\u0433\u0440\u0438\",\"isPartOf\":{\"@id\":\"https:\/\/crazytimecasino.in\/#website\"},\"datePublished\":\"2023-12-10T23:08:12+00:00\",\"dateModified\":\"2023-12-27T11:21:52+00:00\",\"description\":\"\u041f\u0440\u0430\u0448\u0430\u045a\u0430 \u043e Crazy Time \u043b\u0430\u043a\u043e \u045b\u0435\u0442\u0435 \u043d\u0430\u045b\u0438 \u043e\u0434\u0433\u043e\u0432\u043e\u0440\u0435. \u041e\u0431\u0458\u0430\u0448\u045a\u0435\u045a\u0430 \u0438 \u0441\u0430\u0432\u0435\u0442\u0438 \u0437\u0430 \u0443\u0441\u043f\u0435\u0448\u043d\u043e \u0443\u043f\u0443\u0448\u0442\u0430\u045a\u0435 \u0443 \u0443\u0437\u0431\u0443\u0434\u0459\u0438\u0432\u0438 \u0441\u0432\u0435\u0442 \u0430\u0437\u0430\u0440\u0442\u043d\u0438\u0445 \u0438\u0433\u0430\u0440\u0430.\",\"breadcrumb\":{\"@id\":\"https:\/\/crazytimecasino.in\/sr\/faq\/#breadcrumb\"},\"inLanguage\":\"pl-PL\",\"potentialAction\":[{\"@type\":\"ReadAction\",\"target\":[\"https:\/\/crazytimecasino.in\/sr\/faq\/\"]}]},{\"@type\":\"BreadcrumbList\",\"@id\":\"https:\/\/crazytimecasino.in\/sr\/faq\/#breadcrumb\",\"itemListElement\":[{\"@type\":\"ListItem\",\"position\":1,\"name\":\"Home\",\"item\":\"https:\/\/crazytimecasino.in\/\"},{\"@type\":\"ListItem\",\"position\":2,\"name\":\"\u041e\u0434\u0433\u043e\u0432\u043e\u0440\u0438 \u043d\u0430 \u0447\u0435\u0441\u0442\u043e \u043f\u043e\u0441\u0442\u0430\u0432\u0459\u0430\u043d\u0430 \u043f\u0438\u0442\u0430\u045a\u0430 \u043e Crazy Time: \u041f\u043e\u0458\u0430\u0448\u045a\u0435\u045a\u0430 \u0438 \u0421\u0430\u0432\u0435\u0442\u0438\"}]},{\"@type\":\"WebSite\",\"@id\":\"https:\/\/crazytimecasino.in\/#website\",\"url\":\"https:\/\/crazytimecasino.in\/\",\"name\":\"Crazy Time\",\"description\":\"\",\"publisher\":{\"@id\":\"https:\/\/crazytimecasino.in\/#organization\"},\"potentialAction\":[{\"@type\":\"SearchAction\",\"target\":{\"@type\":\"EntryPoint\",\"urlTemplate\":\"https:\/\/crazytimecasino.in\/?s={search_term_string}\"},\"query-input\":{\"@type\":\"PropertyValueSpecification\",\"valueRequired\":true,\"valueName\":\"search_term_string\"}}],\"inLanguage\":\"pl-PL\"},{\"@type\":\"Organization\",\"@id\":\"https:\/\/crazytimecasino.in\/#organization\",\"name\":\"Crazy Time\",\"url\":\"https:\/\/crazytimecasino.in\/\",\"logo\":{\"@type\":\"ImageObject\",\"inLanguage\":\"pl-PL\",\"@id\":\"https:\/\/crazytimecasino.in\/#\/schema\/logo\/image\/\",\"url\":\"https:\/\/crazytimecasino.in\/wp-content\/uploads\/cropped-crazy-time-logo.webp\",\"contentUrl\":\"https:\/\/crazytimecasino.in\/wp-content\/uploads\/cropped-crazy-time-logo.webp\",\"width\":114,\"height\":88,\"caption\":\"Crazy Time\"},\"image\":{\"@id\":\"https:\/\/crazytimecasino.in\/#\/schema\/logo\/image\/\"}}]}<\/script>\n<!-- \/ Yoast SEO plugin. -->","yoast_head_json":{"title":"\u0427\u0435\u0441\u0442\u0430 \u043f\u0438\u0442\u0430\u045a\u0430 \u043e Crazy Time: \u041e\u0434\u0433\u043e\u0432\u043e\u0440\u0438 \u043d\u0430 \u0432\u0430\u0448\u0430 \u043f\u0438\u0442\u0430\u045a\u0430 \u043e \u0438\u0433\u0440\u0438","description":"Znalezienie odpowiedzi na wszystkie pytania dotycz\u0105ce Crazy Time jest \u0142atwe. Wyja\u015bnienia i wskaz\u00f3wki dla udanego zanurzenia w ekscytuj\u0105cy \u015bwiat hazardu.","robots":{"index":"index","follow":"follow","max-snippet":"max-snippet:-1","max-image-preview":"max-image-preview:large","max-video-preview":"max-video-preview:-1"},"canonical":"https:\/\/crazytimecasino.in\/pl\/faq\/","og_locale":"pl_PL","og_type":"article","og_title":"\u0427\u0435\u0441\u0442\u0430 \u043f\u0438\u0442\u0430\u045a\u0430 \u043e Crazy Time: \u041e\u0434\u0433\u043e\u0432\u043e\u0440\u0438 \u043d\u0430 \u0432\u0430\u0448\u0430 \u043f\u0438\u0442\u0430\u045a\u0430 \u043e \u0438\u0433\u0440\u0438","og_description":"\u041f\u0440\u0430\u0448\u0430\u045a\u0430 \u043e Crazy Time \u043b\u0430\u043a\u043e \u045b\u0435\u0442\u0435 \u043d\u0430\u045b\u0438 \u043e\u0434\u0433\u043e\u0432\u043e\u0440\u0435. \u041e\u0431\u0458\u0430\u0448\u045a\u0435\u045a\u0430 \u0438 \u0441\u0430\u0432\u0435\u0442\u0438 \u0437\u0430 \u0443\u0441\u043f\u0435\u0448\u043d\u043e \u0443\u043f\u0443\u0448\u0442\u0430\u045a\u0435 \u0443 \u0443\u0437\u0431\u0443\u0434\u0459\u0438\u0432\u0438 \u0441\u0432\u0435\u0442 \u0430\u0437\u0430\u0440\u0442\u043d\u0438\u0445 \u0438\u0433\u0430\u0440\u0430.","og_url":"https:\/\/crazytimecasino.in\/pl\/faq\/","og_site_name":"Crazy Time","article_modified_time":"2023-12-27T11:21:52+00:00","twitter_card":"summary_large_image","twitter_misc":{"Szacowany czas czytania":"8 minut"},"schema":{"@context":"https:\/\/schema.org","@graph":[{"@type":"WebPage","@id":"https:\/\/crazytimecasino.in\/sr\/faq\/","url":"https:\/\/crazytimecasino.in\/sr\/faq\/","name":"\u0427\u0435\u0441\u0442\u0430 \u043f\u0438\u0442\u0430\u045a\u0430 \u043e Crazy Time: \u041e\u0434\u0433\u043e\u0432\u043e\u0440\u0438 \u043d\u0430 \u0432\u0430\u0448\u0430 \u043f\u0438\u0442\u0430\u045a\u0430 \u043e \u0438\u0433\u0440\u0438","isPartOf":{"@id":"https:\/\/crazytimecasino.in\/#website"},"datePublished":"2023-12-10T23:08:12+00:00","dateModified":"2023-12-27T11:21:52+00:00","description":"\u041f\u0440\u0430\u0448\u0430\u045a\u0430 \u043e Crazy Time \u043b\u0430\u043a\u043e \u045b\u0435\u0442\u0435 \u043d\u0430\u045b\u0438 \u043e\u0434\u0433\u043e\u0432\u043e\u0440\u0435. \u041e\u0431\u0458\u0430\u0448\u045a\u0435\u045a\u0430 \u0438 \u0441\u0430\u0432\u0435\u0442\u0438 \u0437\u0430 \u0443\u0441\u043f\u0435\u0448\u043d\u043e \u0443\u043f\u0443\u0448\u0442\u0430\u045a\u0435 \u0443 \u0443\u0437\u0431\u0443\u0434\u0459\u0438\u0432\u0438 \u0441\u0432\u0435\u0442 \u0430\u0437\u0430\u0440\u0442\u043d\u0438\u0445 \u0438\u0433\u0430\u0440\u0430.","breadcrumb":{"@id":"https:\/\/crazytimecasino.in\/sr\/faq\/#breadcrumb"},"inLanguage":"pl-PL","potentialAction":[{"@type":"ReadAction","target":["https:\/\/crazytimecasino.in\/sr\/faq\/"]}]},{"@type":"BreadcrumbList","@id":"https:\/\/crazytimecasino.in\/sr\/faq\/#breadcrumb","itemListElement":[{"@type":"ListItem","position":1,"name":"Home","item":"https:\/\/crazytimecasino.in\/"},{"@type":"ListItem","position":2,"name":"\u041e\u0434\u0433\u043e\u0432\u043e\u0440\u0438 \u043d\u0430 \u0447\u0435\u0441\u0442\u043e \u043f\u043e\u0441\u0442\u0430\u0432\u0459\u0430\u043d\u0430 \u043f\u0438\u0442\u0430\u045a\u0430 \u043e Crazy Time: \u041f\u043e\u0458\u0430\u0448\u045a\u0435\u045a\u0430 \u0438 \u0421\u0430\u0432\u0435\u0442\u0438"}]},{"@type":"WebSite","@id":"https:\/\/crazytimecasino.in\/#website","url":"https:\/\/crazytimecasino.in\/","name":"Crazy Time","description":"","publisher":{"@id":"https:\/\/crazytimecasino.in\/#organization"},"potentialAction":[{"@type":"SearchAction","target":{"@type":"EntryPoint","urlTemplate":"https:\/\/crazytimecasino.in\/?s={search_term_string}"},"query-input":{"@type":"PropertyValueSpecification","valueRequired":true,"valueName":"search_term_string"}}],"inLanguage":"pl-PL"},{"@type":"Organization","@id":"https:\/\/crazytimecasino.in\/#organization","name":"Crazy Time","url":"https:\/\/crazytimecasino.in\/","logo":{"@type":"ImageObject","inLanguage":"pl-PL","@id":"https:\/\/crazytimecasino.in\/#\/schema\/logo\/image\/","url":"https:\/\/crazytimecasino.in\/wp-content\/uploads\/cropped-crazy-time-logo.webp","contentUrl":"https:\/\/crazytimecasino.in\/wp-content\/uploads\/cropped-crazy-time-logo.webp","width":114,"height":88,"caption":"Crazy Time"},"image":{"@id":"https:\/\/crazytimecasino.in\/#\/schema\/logo\/image\/"}}]}},"_links":{"self":[{"href":"https:\/\/crazytimecasino.in\/pl\/wp-json\/wp\/v2\/pages\/11","targetHints":{"allow":["GET"]}}],"collection":[{"href":"https:\/\/crazytimecasino.in\/pl\/wp-json\/wp\/v2\/pages"}],"about":[{"href":"https:\/\/crazytimecasino.in\/pl\/wp-json\/wp\/v2\/types\/page"}],"author":[{"embeddable":true,"href":"https:\/\/crazytimecasino.in\/pl\/wp-json\/wp\/v2\/users\/1"}],"replies":[{"embeddable":true,"href":"https:\/\/crazytimecasino.in\/pl\/wp-json\/wp\/v2\/comments?post=11"}],"version-history":[{"count":28,"href":"https:\/\/crazytimecasino.in\/pl\/wp-json\/wp\/v2\/pages\/11\/revisions"}],"predecessor-version":[{"id":156,"href":"https:\/\/crazytimecasino.in\/pl\/wp-json\/wp\/v2\/pages\/11\/revisions\/156"}],"wp:attachment":[{"href":"https:\/\/crazytimecasino.in\/pl\/wp-json\/wp\/v2\/media?parent=11"}],"curies":[{"name":"wp","href":"https:\/\/api.w.org\/{rel}","templated":true}]}}