{"id":9,"date":"2023-12-10T23:04:22","date_gmt":"2023-12-10T23:04:22","guid":{"rendered":"https:\/\/crazytimecasino.in\/?page_id=9"},"modified":"2023-12-27T11:24:44","modified_gmt":"2023-12-27T11:24:44","slug":"strategies","status":"publish","type":"page","link":"https:\/\/crazytimecasino.in\/hu\/strategies\/","title":{"rendered":"Crazy Time strat\u00e9gi\u00e1k elsaj\u00e1t\u00edt\u00e1sa: N\u00f6veld az es\u00e9lyeidet a gy\u0151zelemre"},"content":{"rendered":"<h2>Hogyan nyerj a Crazy Time j\u00e1t\u00e9kban hat\u00e9kony strat\u00e9gi\u00e1k \u00e9s taktik\u00e1k seg\u00edts\u00e9g\u00e9vel?<\/h2>\n<p>Ismerj\u00fck meg azokat a strat\u00e9gi\u00e1kat \u00e9s taktik\u00e1kat, amelyek seg\u00edtenek el\u00e9rni a sikert a Crazy Time izgalmas j\u00e1t\u00e9k\u00e1ban. A Crazy Time az online kaszin\u00f3kban nem csak sz\u00f3rakoz\u00e1s; itt val\u00f3di p\u00e9nzr\u0151l van sz\u00f3. A hat\u00e9kony j\u00e1t\u00e9k az adott strat\u00e9gi\u00e1k k\u00f6vet\u00e9s\u00e9vel j\u00e1r.<\/p>\n<p>Fontos megjegyezni, hogy a Crazy Time-ban mindig fenn\u00e1ll a kock\u00e1zat, hogy p\u00e9nzt vesz\u00edtenek a helytelen t\u00e9tek miatt. Ez akkor t\u00f6rt\u00e9nik, amikor a j\u00e1t\u00e9kosok rossz szektorokat v\u00e1lasztanak ki. N\u00e9ha n\u00f6vekszik a k\u00eds\u00e9rt\u00e9s, hogy jelent\u0151s t\u00e9teket tegyenek, \u00e9s esetleg kock\u00e1ztass\u00e1k meg a Crazy Time szektoraival. Ilyen pillanatokban a vesztes\u00e9gek elker\u00fclhetetlenek. C\u00e9lunk az, hogy olyan strat\u00e9gi\u00e1kat \u00e9s taktik\u00e1kat ny\u00fajtsunk, amelyek seg\u00edtenek elker\u00fclni az \u00e9rzelmi \u00e9s p\u00e9nz\u00fcgyi visszaes\u00e9seket, biztos\u00edtva egy stabil j\u00f6vedelmet a Crazy Time-ban.<\/p>\n<p>Sz\u00f3val, hogyan nyerj\u00fcnk? Hogyan \u00e9rj\u00fcnk el val\u00f3s nyerem\u00e9nyeket az online Crazy Time j\u00e1t\u00e9kban? N\u00e9h\u00e1ny megk\u00f6zel\u00edt\u00e9s\u00fcnk van, \u00e9s a v\u00e1laszt\u00e1s a ti\u00e9d.<\/p>\n<p>Hadd eml\u00e9keztess\u00fcnk r\u00e1, hogy az online kaszin\u00f3 Crazy Time-ban el\u0151ny\u00f6s t\u00f6bb ter\u00fcletre fogadni. Ez cs\u00f6kkenti a kock\u00e1zatokat \u00e9s biztos\u00edtja a maxim\u00e1lis potenci\u00e1lis nyerem\u00e9nyt.<\/p>\n<h2>Strat\u00e9gia &#8222;\u00d3vatoss\u00e1g &#8211; a siker \u00fatja&#8221; a Crazy Time-ban<\/h2>\n<p>Ez az els\u0151 strat\u00e9giai lehet\u0151s\u00e9g, t\u00f6k\u00e9letes azok sz\u00e1m\u00e1ra, akik nyugodt megk\u00f6zel\u00edt\u00e9st r\u00e9szes\u00edtenek el\u0151nyben felesleges stressz n\u00e9lk\u00fcl. A f\u0151 c\u00e9l egy fokozatos nyerem\u00e9ny n\u00f6vel\u00e9se l\u00e9p\u00e9sr\u0151l l\u00e9p\u00e9sre. Lehet, hogy nem leszel azonnal gazdag, de fokozatosan fel tudod \u00e9p\u00edteni a befizet\u00e9sedet.<\/p>\n<p>Az \u00f6tlet az, hogy n\u00f6veld az egyszer\u0171 szektorok (x1, x2 \u00e9s x5) tal\u00e1lat\u00e1nak val\u00f3sz\u00edn\u0171s\u00e9g\u00e9t, mivel azok kombin\u00e1lt val\u00f3sz\u00edn\u0171s\u00e9ge meghaladja a 75%-ot. Ez azt jelenti, hogy es\u00e9ly van arra, hogy a minimum t\u00e9tedet k\u00e9t-h\u00e1rom j\u00e1t\u00e9kban visszaszerezd.<\/p>\n<p>Ezut\u00e1n megjelenik a t\u00e1bl\u00e1n egy szektor szorz\u00f3. Ennek a szorz\u00f3nak k\u00f6sz\u00f6nhet\u0151en jelent\u0151s \u00f6sszeget nyerhetsz, jelent\u0151sen fokozva a j\u00e1t\u00e9kkiegyenl\u00edt\u00e9sedet. P\u00e9ld\u00e1ul egy 200 doll\u00e1ros t\u00e9ten elhelyezett t\u00e9t a x2 szektorban x7-re n\u00f6vekszik a szektor szorz\u00f3j\u00e1val, v\u00e9g\u00fcl x14-et adva a t\u00e9tedhez.<\/p>\n<p>Ez kiv\u00e1l\u00f3 eredm\u00e9ny a kaszin\u00f3ban tett t\u00e9tekhez, k\u00fcl\u00f6n\u00f6sen a Crazy Time-ban, ahol egy rendes x2 t\u00e9t jelent\u0151sen jav\u00edthatja a j\u00e1t\u00e9kkiegyenl\u00edt\u00e9sedet.<\/p>\n<p>Annak ellen\u00e9re, hogy id\u0151t \u00e9s \u00f3vatoss\u00e1got ig\u00e9nyel, ez a strat\u00e9gia biztos\u00edtja a maxim\u00e1lis \u00f6r\u00f6met a Crazy Time j\u00e1t\u00e9k\u00e1b\u00f3l minim\u00e1lis kock\u00e1zatok mellett.<\/p>\n<h2>Strat\u00e9gia &#8222;A kock\u00e1zat indokolja a k\u00f6lts\u00e9geket&#8221; a Crazy Time-ban<\/h2>\n<p>Ennek a strat\u00e9gi\u00e1nak a c\u00e9lja, hogy maximaliz\u00e1lja a nyerem\u00e9nyeket min\u00e9l t\u00f6bb szektorban.<\/p>\n<p>Kezdj\u00fck minim\u00e1lis t\u00e9tekkel az \u00f6sszesre egyszerre. Biztos\u00edtsd, hogy a p\u00e9nz\u00fcgyi tartal\u00e9kod el\u00e9g nagy ahhoz, hogy ezt a strat\u00e9gi\u00e1t alkalmazhasd az online kaszin\u00f3ban. \u00c9rdemes megjegyezni, hogy a kisebb nyerem\u00e9nyek ellens\u00falyozz\u00e1k a potenci\u00e1lis jelent\u0151s vesztes\u00e9geket. Ez a strat\u00e9gia arra t\u00f6rekszik, hogy n\u00f6velje a t\u00e9tek sz\u00e1m\u00e1t, n\u00f6velve a b\u00f3nuszj\u00e1t\u00e9k el\u0151id\u00e9z\u00e9s\u00e9nek es\u00e9ly\u00e9t. Ezt az\u00e9rt \u00e9rik el, mert a b\u00f3nuszszintek ak\u00e1r x25000-ig terjed\u0151 szorz\u00f3kat is felhalmozhatnak, kompenz\u00e1lva az \u00f6sszes befektet\u00e9st erre a szintre. \u0150szint\u00e9n sz\u00f3lva, ez kock\u00e1zatosabb strat\u00e9gia, mint az el\u0151z\u0151, de a potenci\u00e1lis nyerem\u00e9nyek sokkal magasabbak.<\/p>\n<h2>Strat\u00e9gia &#8222;A b\u00e1traknak a szerencse kedvez&#8221; a Crazy Time-ban<\/h2>\n<p>A Crazy Time-ban val\u00f3 nyer\u00e9s a harmadik sikeres m\u00f3dszer. Ha elmer\u00fcl a Crazy Time online vil\u00e1g\u00e1ban, kock\u00e1ztatnia kell, \u00e9s rem\u00e9lnie kell, hogy a szerencse az \u00d6n oldal\u00e1n \u00e1ll. Ha magabiztos a m\u00e9rleg\u00e9n, \u00e9s nem f\u00e9l kock\u00e1ztatni, ez az opci\u00f3 \u00d6nnek sz\u00f3l.<\/p>\n<p>Tegyen jelent\u0151s t\u00e9teket a b\u00f3nuszj\u00e1t\u00e9kokra, an\u00e9lk\u00fcl, hogy kis t\u00e9tekre k\u00f6lten\u00e9, miel\u0151tt nagy \u00f6sszegeket j\u00e1tszana. Szorozza meg a t\u00e9tj\u00e9t t\u00f6bbsz\u00f6r. K\u00f6zel\u00edtse meg folyamatosan a kedvenc Crazy Time szektort.<\/p>\n<p>Fontos megjegyezni, hogy mag\u00e1ban a Crazy Time szektor sorsol\u00e1s\u00e1ban lehet\u0151s\u00e9ge van arra, hogy v\u00e1lasszon az egyik h\u00e1rom jelz\u00e9s k\u00f6z\u00fcl, n\u00f6velve ezzel a nyer\u00e9si es\u00e9lyeit az intu\u00edci\u00f3j\u00e1ra t\u00e1maszkodva.<\/p>\n","protected":false},"excerpt":{"rendered":"<p>Hogyan nyerj a Crazy Time j\u00e1t\u00e9kban hat\u00e9kony strat\u00e9gi\u00e1k \u00e9s taktik\u00e1k seg\u00edts\u00e9g\u00e9vel? Ismerj\u00fck meg azokat a strat\u00e9gi\u00e1kat \u00e9s taktik\u00e1kat, amelyek seg\u00edtenek el\u00e9rni a sikert a Crazy Time izgalmas j\u00e1t\u00e9k\u00e1ban. A Crazy Time az online kaszin\u00f3kban nem csak sz\u00f3rakoz\u00e1s; itt val\u00f3di p\u00e9nzr\u0151l van sz\u00f3. A hat\u00e9kony j\u00e1t\u00e9k az adott strat\u00e9gi\u00e1k k\u00f6vet\u00e9s\u00e9vel j\u00e1r. Fontos megjegyezni, hogy a Crazy [&hellip;]<\/p>\n","protected":false},"author":1,"featured_media":0,"parent":0,"menu_order":0,"comment_status":"closed","ping_status":"closed","template":"","meta":{"footnotes":""},"class_list":["post-9","page","type-page","status-publish","hentry"],"yoast_head":"<!-- This site is optimized with the Yoast SEO plugin v27.2 - https:\/\/yoast.com\/product\/yoast-seo-wordpress\/ -->\n<title>\u0422\u0430\u0458\u043d\u0435 \u0443\u0441\u043f\u0435\u0445\u0430: \u0415\u0444\u0438\u043a\u0430\u0441\u043d\u0435 \u0441\u0442\u0440\u0430\u0442\u0435\u0433\u0438\u0458\u0435 \u0437\u0430 \u0438\u0433\u0440\u0430\u045a\u0435 Crazy Time<\/title>\n<meta name=\"description\" content=\"Ismerd meg a sikeres strat\u00e9gi\u00e1k finoms\u00e1gait a Crazy Time szerencsej\u00e1t\u00e9kban. N\u00f6veld az es\u00e9lyeidet, \u00e9s \u00e9lvezd a jelent\u0151s gy\u0151zelmeket.\" \/>\n<meta name=\"robots\" content=\"index, follow, max-snippet:-1, max-image-preview:large, max-video-preview:-1\" \/>\n<link rel=\"canonical\" href=\"https:\/\/crazytimecasino.in\/hu\/strategies\/\" \/>\n<meta property=\"og:locale\" content=\"hu_HU\" \/>\n<meta property=\"og:locale:alternate\" content=\"en_US\" \/>\n<meta property=\"og:locale:alternate\" content=\"ru_RU\" \/>\n<meta property=\"og:locale:alternate\" content=\"pt_PT\" \/>\n<meta property=\"og:locale:alternate\" content=\"es_ES\" \/>\n<meta property=\"og:locale:alternate\" content=\"ro_RO\" \/>\n<meta property=\"og:locale:alternate\" content=\"sr_RS\" \/>\n<meta property=\"og:locale:alternate\" content=\"bg_BG\" \/>\n<meta property=\"og:locale:alternate\" content=\"pl_PL\" \/>\n<meta property=\"og:locale:alternate\" content=\"el\" \/>\n<meta property=\"og:locale:alternate\" content=\"tr_TR\" \/>\n<meta property=\"og:type\" content=\"article\" \/>\n<meta property=\"og:title\" content=\"\u0422\u0430\u0458\u043d\u0435 \u0443\u0441\u043f\u0435\u0445\u0430: \u0415\u0444\u0438\u043a\u0430\u0441\u043d\u0435 \u0441\u0442\u0440\u0430\u0442\u0435\u0433\u0438\u0458\u0435 \u0437\u0430 \u0438\u0433\u0440\u0430\u045a\u0435 Crazy Time\" \/>\n<meta property=\"og:description\" content=\"\u041e\u0432\u043b\u0430\u0434\u0430\u0458\u0442\u0435 \u0442\u0430\u0458\u043d\u0430\u043c\u0430 \u0441\u0442\u0440\u0430\u0442\u0435\u0433\u0438\u0458\u0430 \u0437\u0430 \u043f\u043e\u0431\u0435\u0434\u0443 \u0443 \u0430\u0437\u0430\u0440\u0442\u043d\u043e\u0458 \u0438\u0433\u0440\u0438, Crazy Time. \u041f\u043e\u0432\u0435\u045b\u0430\u0458\u0442\u0435 \u0441\u0432\u043e\u0458\u0435 \u0448\u0430\u043d\u0441\u0435 \u0438 \u0443\u0436\u0438\u0432\u0430\u0458\u0442\u0435 \u0443 \u0437\u043d\u0430\u0447\u0430\u0458\u043d\u0438\u043c \u0434\u043e\u0431\u0438\u0442\u0446\u0438\u043c\u0430.\" \/>\n<meta property=\"og:url\" content=\"https:\/\/crazytimecasino.in\/hu\/strategies\/\" \/>\n<meta property=\"og:site_name\" content=\"Crazy Time\" \/>\n<meta property=\"article:modified_time\" content=\"2023-12-27T11:24:44+00:00\" \/>\n<meta name=\"twitter:card\" content=\"summary_large_image\" \/>\n<meta name=\"twitter:label1\" content=\"Becs\u00fclt olvas\u00e1si id\u0151\" \/>\n\t<meta name=\"twitter:data1\" content=\"24 perc\" \/>\n<script type=\"application\/ld+json\" class=\"yoast-schema-graph\">{\"@context\":\"https:\/\/schema.org\",\"@graph\":[{\"@type\":\"WebPage\",\"@id\":\"https:\/\/crazytimecasino.in\/sr\/strategies\/\",\"url\":\"https:\/\/crazytimecasino.in\/sr\/strategies\/\",\"name\":\"\u0422\u0430\u0458\u043d\u0435 \u0443\u0441\u043f\u0435\u0445\u0430: \u0415\u0444\u0438\u043a\u0430\u0441\u043d\u0435 \u0441\u0442\u0440\u0430\u0442\u0435\u0433\u0438\u0458\u0435 \u0437\u0430 \u0438\u0433\u0440\u0430\u045a\u0435 Crazy Time\",\"isPartOf\":{\"@id\":\"https:\/\/crazytimecasino.in\/#website\"},\"datePublished\":\"2023-12-10T23:04:22+00:00\",\"dateModified\":\"2023-12-27T11:24:44+00:00\",\"description\":\"\u041e\u0432\u043b\u0430\u0434\u0430\u0458\u0442\u0435 \u0442\u0430\u0458\u043d\u0430\u043c\u0430 \u0441\u0442\u0440\u0430\u0442\u0435\u0433\u0438\u0458\u0430 \u0437\u0430 \u043f\u043e\u0431\u0435\u0434\u0443 \u0443 \u0430\u0437\u0430\u0440\u0442\u043d\u043e\u0458 \u0438\u0433\u0440\u0438, Crazy Time. \u041f\u043e\u0432\u0435\u045b\u0430\u0458\u0442\u0435 \u0441\u0432\u043e\u0458\u0435 \u0448\u0430\u043d\u0441\u0435 \u0438 \u0443\u0436\u0438\u0432\u0430\u0458\u0442\u0435 \u0443 \u0437\u043d\u0430\u0447\u0430\u0458\u043d\u0438\u043c \u0434\u043e\u0431\u0438\u0442\u0446\u0438\u043c\u0430.\",\"breadcrumb\":{\"@id\":\"https:\/\/crazytimecasino.in\/sr\/strategies\/#breadcrumb\"},\"inLanguage\":\"hu-HU\",\"potentialAction\":[{\"@type\":\"ReadAction\",\"target\":[\"https:\/\/crazytimecasino.in\/sr\/strategies\/\"]}]},{\"@type\":\"BreadcrumbList\",\"@id\":\"https:\/\/crazytimecasino.in\/sr\/strategies\/#breadcrumb\",\"itemListElement\":[{\"@type\":\"ListItem\",\"position\":1,\"name\":\"Home\",\"item\":\"https:\/\/crazytimecasino.in\/\"},{\"@type\":\"ListItem\",\"position\":2,\"name\":\"\u0423\u043f\u0440\u0430\u0432\u0459\u0430\u045a\u0435 \u0441\u0442\u0440\u0430\u0442\u0435\u0433\u0438\u0458\u0430\u043c\u0430 \u0443 Crazy Time: \u041f\u043e\u0432\u0435\u045b\u0430\u0458\u0442\u0435 \u0448\u0430\u043d\u0441\u0435 \u0437\u0430 \u043f\u043e\u0431\u0435\u0434\u0443\"}]},{\"@type\":\"WebSite\",\"@id\":\"https:\/\/crazytimecasino.in\/#website\",\"url\":\"https:\/\/crazytimecasino.in\/\",\"name\":\"Crazy Time\",\"description\":\"\",\"publisher\":{\"@id\":\"https:\/\/crazytimecasino.in\/#organization\"},\"potentialAction\":[{\"@type\":\"SearchAction\",\"target\":{\"@type\":\"EntryPoint\",\"urlTemplate\":\"https:\/\/crazytimecasino.in\/?s={search_term_string}\"},\"query-input\":{\"@type\":\"PropertyValueSpecification\",\"valueRequired\":true,\"valueName\":\"search_term_string\"}}],\"inLanguage\":\"hu-HU\"},{\"@type\":\"Organization\",\"@id\":\"https:\/\/crazytimecasino.in\/#organization\",\"name\":\"Crazy Time\",\"url\":\"https:\/\/crazytimecasino.in\/\",\"logo\":{\"@type\":\"ImageObject\",\"inLanguage\":\"hu-HU\",\"@id\":\"https:\/\/crazytimecasino.in\/#\/schema\/logo\/image\/\",\"url\":\"https:\/\/crazytimecasino.in\/wp-content\/uploads\/cropped-crazy-time-logo.webp\",\"contentUrl\":\"https:\/\/crazytimecasino.in\/wp-content\/uploads\/cropped-crazy-time-logo.webp\",\"width\":114,\"height\":88,\"caption\":\"Crazy Time\"},\"image\":{\"@id\":\"https:\/\/crazytimecasino.in\/#\/schema\/logo\/image\/\"}}]}<\/script>\n<!-- \/ Yoast SEO plugin. -->","yoast_head_json":{"title":"\u0422\u0430\u0458\u043d\u0435 \u0443\u0441\u043f\u0435\u0445\u0430: \u0415\u0444\u0438\u043a\u0430\u0441\u043d\u0435 \u0441\u0442\u0440\u0430\u0442\u0435\u0433\u0438\u0458\u0435 \u0437\u0430 \u0438\u0433\u0440\u0430\u045a\u0435 Crazy Time","description":"Ismerd meg a sikeres strat\u00e9gi\u00e1k finoms\u00e1gait a Crazy Time szerencsej\u00e1t\u00e9kban. N\u00f6veld az es\u00e9lyeidet, \u00e9s \u00e9lvezd a jelent\u0151s gy\u0151zelmeket.","robots":{"index":"index","follow":"follow","max-snippet":"max-snippet:-1","max-image-preview":"max-image-preview:large","max-video-preview":"max-video-preview:-1"},"canonical":"https:\/\/crazytimecasino.in\/hu\/strategies\/","og_locale":"hu_HU","og_type":"article","og_title":"\u0422\u0430\u0458\u043d\u0435 \u0443\u0441\u043f\u0435\u0445\u0430: \u0415\u0444\u0438\u043a\u0430\u0441\u043d\u0435 \u0441\u0442\u0440\u0430\u0442\u0435\u0433\u0438\u0458\u0435 \u0437\u0430 \u0438\u0433\u0440\u0430\u045a\u0435 Crazy Time","og_description":"\u041e\u0432\u043b\u0430\u0434\u0430\u0458\u0442\u0435 \u0442\u0430\u0458\u043d\u0430\u043c\u0430 \u0441\u0442\u0440\u0430\u0442\u0435\u0433\u0438\u0458\u0430 \u0437\u0430 \u043f\u043e\u0431\u0435\u0434\u0443 \u0443 \u0430\u0437\u0430\u0440\u0442\u043d\u043e\u0458 \u0438\u0433\u0440\u0438, Crazy Time. \u041f\u043e\u0432\u0435\u045b\u0430\u0458\u0442\u0435 \u0441\u0432\u043e\u0458\u0435 \u0448\u0430\u043d\u0441\u0435 \u0438 \u0443\u0436\u0438\u0432\u0430\u0458\u0442\u0435 \u0443 \u0437\u043d\u0430\u0447\u0430\u0458\u043d\u0438\u043c \u0434\u043e\u0431\u0438\u0442\u0446\u0438\u043c\u0430.","og_url":"https:\/\/crazytimecasino.in\/hu\/strategies\/","og_site_name":"Crazy Time","article_modified_time":"2023-12-27T11:24:44+00:00","twitter_card":"summary_large_image","twitter_misc":{"Becs\u00fclt olvas\u00e1si id\u0151":"24 perc"},"schema":{"@context":"https:\/\/schema.org","@graph":[{"@type":"WebPage","@id":"https:\/\/crazytimecasino.in\/sr\/strategies\/","url":"https:\/\/crazytimecasino.in\/sr\/strategies\/","name":"\u0422\u0430\u0458\u043d\u0435 \u0443\u0441\u043f\u0435\u0445\u0430: \u0415\u0444\u0438\u043a\u0430\u0441\u043d\u0435 \u0441\u0442\u0440\u0430\u0442\u0435\u0433\u0438\u0458\u0435 \u0437\u0430 \u0438\u0433\u0440\u0430\u045a\u0435 Crazy Time","isPartOf":{"@id":"https:\/\/crazytimecasino.in\/#website"},"datePublished":"2023-12-10T23:04:22+00:00","dateModified":"2023-12-27T11:24:44+00:00","description":"\u041e\u0432\u043b\u0430\u0434\u0430\u0458\u0442\u0435 \u0442\u0430\u0458\u043d\u0430\u043c\u0430 \u0441\u0442\u0440\u0430\u0442\u0435\u0433\u0438\u0458\u0430 \u0437\u0430 \u043f\u043e\u0431\u0435\u0434\u0443 \u0443 \u0430\u0437\u0430\u0440\u0442\u043d\u043e\u0458 \u0438\u0433\u0440\u0438, Crazy Time. \u041f\u043e\u0432\u0435\u045b\u0430\u0458\u0442\u0435 \u0441\u0432\u043e\u0458\u0435 \u0448\u0430\u043d\u0441\u0435 \u0438 \u0443\u0436\u0438\u0432\u0430\u0458\u0442\u0435 \u0443 \u0437\u043d\u0430\u0447\u0430\u0458\u043d\u0438\u043c \u0434\u043e\u0431\u0438\u0442\u0446\u0438\u043c\u0430.","breadcrumb":{"@id":"https:\/\/crazytimecasino.in\/sr\/strategies\/#breadcrumb"},"inLanguage":"hu-HU","potentialAction":[{"@type":"ReadAction","target":["https:\/\/crazytimecasino.in\/sr\/strategies\/"]}]},{"@type":"BreadcrumbList","@id":"https:\/\/crazytimecasino.in\/sr\/strategies\/#breadcrumb","itemListElement":[{"@type":"ListItem","position":1,"name":"Home","item":"https:\/\/crazytimecasino.in\/"},{"@type":"ListItem","position":2,"name":"\u0423\u043f\u0440\u0430\u0432\u0459\u0430\u045a\u0435 \u0441\u0442\u0440\u0430\u0442\u0435\u0433\u0438\u0458\u0430\u043c\u0430 \u0443 Crazy Time: \u041f\u043e\u0432\u0435\u045b\u0430\u0458\u0442\u0435 \u0448\u0430\u043d\u0441\u0435 \u0437\u0430 \u043f\u043e\u0431\u0435\u0434\u0443"}]},{"@type":"WebSite","@id":"https:\/\/crazytimecasino.in\/#website","url":"https:\/\/crazytimecasino.in\/","name":"Crazy Time","description":"","publisher":{"@id":"https:\/\/crazytimecasino.in\/#organization"},"potentialAction":[{"@type":"SearchAction","target":{"@type":"EntryPoint","urlTemplate":"https:\/\/crazytimecasino.in\/?s={search_term_string}"},"query-input":{"@type":"PropertyValueSpecification","valueRequired":true,"valueName":"search_term_string"}}],"inLanguage":"hu-HU"},{"@type":"Organization","@id":"https:\/\/crazytimecasino.in\/#organization","name":"Crazy Time","url":"https:\/\/crazytimecasino.in\/","logo":{"@type":"ImageObject","inLanguage":"hu-HU","@id":"https:\/\/crazytimecasino.in\/#\/schema\/logo\/image\/","url":"https:\/\/crazytimecasino.in\/wp-content\/uploads\/cropped-crazy-time-logo.webp","contentUrl":"https:\/\/crazytimecasino.in\/wp-content\/uploads\/cropped-crazy-time-logo.webp","width":114,"height":88,"caption":"Crazy Time"},"image":{"@id":"https:\/\/crazytimecasino.in\/#\/schema\/logo\/image\/"}}]}},"_links":{"self":[{"href":"https:\/\/crazytimecasino.in\/hu\/wp-json\/wp\/v2\/pages\/9","targetHints":{"allow":["GET"]}}],"collection":[{"href":"https:\/\/crazytimecasino.in\/hu\/wp-json\/wp\/v2\/pages"}],"about":[{"href":"https:\/\/crazytimecasino.in\/hu\/wp-json\/wp\/v2\/types\/page"}],"author":[{"embeddable":true,"href":"https:\/\/crazytimecasino.in\/hu\/wp-json\/wp\/v2\/users\/1"}],"replies":[{"embeddable":true,"href":"https:\/\/crazytimecasino.in\/hu\/wp-json\/wp\/v2\/comments?post=9"}],"version-history":[{"count":26,"href":"https:\/\/crazytimecasino.in\/hu\/wp-json\/wp\/v2\/pages\/9\/revisions"}],"predecessor-version":[{"id":164,"href":"https:\/\/crazytimecasino.in\/hu\/wp-json\/wp\/v2\/pages\/9\/revisions\/164"}],"wp:attachment":[{"href":"https:\/\/crazytimecasino.in\/hu\/wp-json\/wp\/v2\/media?parent=9"}],"curies":[{"name":"wp","href":"https:\/\/api.w.org\/{rel}","templated":true}]}}