{"id":5,"date":"2023-12-10T22:19:51","date_gmt":"2023-12-10T22:19:51","guid":{"rendered":"https:\/\/crazytimecasino.in\/?page_id=5"},"modified":"2023-12-27T11:23:33","modified_gmt":"2023-12-27T11:23:33","slug":"crazy-time","status":"publish","type":"page","link":"https:\/\/crazytimecasino.in\/hu\/","title":{"rendered":"Crazy Time: Utad az izgalmas szerencsej\u00e1t\u00e9khoz"},"content":{"rendered":"<p>Crazy Time nem csak egy online j\u00e1t\u00e9k, hanem egy teljes j\u00e1t\u00e9kshow \u00e9s egy n\u00e9pszer\u0171 szerencsej\u00e1t\u00e9k, egy szerencseker\u00e9kkel, ami hasonl\u00edt a megszokott p\u00f6rget\u0151s ker\u00e9kre. Egy nagy f\u00fcgg\u0151leges ker\u00e9k 54 szektorral forog egy keresked\u0151 ir\u00e1ny\u00edt\u00e1s\u00e1val. A j\u00e1t\u00e9kos feladata megj\u00f3solni, hol fog meg\u00e1llni a ker\u00e9k a p\u00f6rget\u00e9s v\u00e9g\u00e9n. Itt nincsenek bonyolult sz\u00e1m\u00edt\u00f3g\u00e9p \u00e1ltal l\u00e9trehozott algoritmusok. Csak v\u00e9letlen \u00e9s szerencse!<\/p>\n<p>A Crazy Time j\u00e1t\u00e9k egy legend\u00e1s szerencsej\u00e1t\u00e9k sz\u00f3rakoz\u00e1s, ami \u00e9vente beker\u00fcl a legn\u00e9pszer\u0171bb nyer\u0151g\u00e9pek list\u00e1j\u00e1ra k\u00fcl\u00f6nb\u00f6z\u0151 online kaszin\u00f3kban, megragadva milli\u00f3k j\u00e1t\u00e9kos sz\u00edv\u00e9t vil\u00e1gszerte.<\/p>\n<p>Tov\u00e1bb\u00e1, van egy vide\u00f3 nyer\u0151g\u00e9p a tetej\u00e9n, ami lehet\u0151s\u00e9get ny\u00fajt konkr\u00e9t b\u00f3nuszok megszerz\u00e9s\u00e9re. A Crazy Time j\u00e1t\u00e9kot egy keresked\u0151 vezeti, l\u00e9trehozva egy val\u00f3di kaszin\u00f3 egyedi atmoszf\u00e9r\u00e1j\u00e1t.<\/p>\n<p>A Crazy Time nyer\u0151g\u00e9p k\u00fcl\u00f6nb\u00f6z\u0151 b\u00f3nusz z\u00f3n\u00e1kkal kiemelkedik, amelyek k\u00fcl\u00f6n\u00e1ll\u00f3 mini-j\u00e1t\u00e9kokat k\u00e9pviselnek potenci\u00e1lisan hatalmas nyerem\u00e9nyekkel.<\/p>\n<h2>A Crazy Time j\u00e1t\u00e9k szab\u00e1lyai:<\/h2>\n<p>Az eg\u00e9sz dob el van osztva nyolc csoportra.<\/p>\n<p>Ezek a nyolc csoport nyerem\u00e9nyszorz\u00f3kat k\u00e9pviselnek (x1, x2, x5, x10), a t\u00f6bbi pedig k\u00fcl\u00f6nf\u00e9le mini-j\u00e1t\u00e9kokat, mint p\u00e9ld\u00e1ul a Cash Hunt, a Pachinko, a Coin Flip \u00e9s a Crazy Time.<\/p>\n<p>T\u00e9tet lehet helyezni az egyes cell\u00e1kra, az \u00f6sszes cell\u00e1ra vagy a kiv\u00e1lasztottakra. A t\u00e9t \u00f6sszeg\u00e9t k\u00fcl\u00f6n-k\u00fcl\u00f6n lehet be\u00e1ll\u00edtani minden cell\u00e1hoz. A szok\u00e1sos szorz\u00f3kkal rendelkez\u0151 szektoroknak, p\u00e9ld\u00e1ul x1 &#8211; 21, x2 &#8211; 14, x5 &#8211; 7, x10 &#8211; 4, nagyobb az es\u00e9lye a lesz\u00e1ll\u00e1sra.<\/p>\n<p>A j\u00e1t\u00e9k elej\u00e9n a keresked\u0151 helyezi a t\u00e9teket, majd a j\u00e1t\u00e9kosok t\u00e9tjeiket helyezik el.<\/p>\n<p>A vide\u00f3 nyer\u0151g\u00e9p egyszerre kezd el p\u00f6r\u00f6gni. Egy v\u00e9letlenszer\u0171 szektorhoz ad egy szorz\u00f3t, legyen az sz\u00e1m vagy b\u00f3nuszj\u00e1t\u00e9k. A szorz\u00f3 akkor aktiv\u00e1l\u00f3dik, ha a szektor \u00e9s a szorz\u00f3 v\u00edzszintesen egyezik meg a p\u00f6rget\u00e9s ut\u00e1n; k\u00fcl\u00f6nben a k\u00f6r b\u00f3nusz n\u00e9lk\u00fcl folytat\u00f3dik.<br \/>\nA k\u00f6vetkez\u0151 l\u00e9p\u00e9s a dob meg\u00e1ll\u00edt\u00e1sa. Aki helyesen tippelte meg a t\u00e9tj\u00e9t, az nyer.<\/p>\n<p>A j\u00e1t\u00e9k k\u00e9perny\u0151j\u00e9nek jobb als\u00f3 sark\u00e1ban l\u00e1thatja az \u00f6sszes lej\u00e1tszott szektor t\u00f6rt\u00e9net\u00e9t. Megfigyelheti a Crazy Time j\u00e1t\u00e9kot t\u00e9tek n\u00e9lk\u00fcl \u00e9s a szab\u00e1lyok olvas\u00e1sa n\u00e9lk\u00fcl is, ami lehet\u0151s\u00e9get ny\u00fajt az online j\u00e1t\u00e9kok jellemz\u0151inek jobb meg\u00e9rt\u00e9s\u00e9re. Mivel a Crazy Time j\u00e1t\u00e9k dem\u00f3 verzi\u00f3ja nem el\u00e9rhet\u0151, ez kiv\u00e1l\u00f3 m\u00f3dja annak, hogy \u00e9lvezze a j\u00e1t\u00e9kot a szab\u00e1lyok tanulm\u00e1nyoz\u00e1sa n\u00e9lk\u00fcl.<\/p>\n<h2>B\u00f3nuszj\u00e1t\u00e9kok a Crazy Time nyer\u0151g\u00e9pben:<\/h2>\n<p>A Crazy Time nyer\u0151g\u00e9p b\u00f3nuszj\u00e1t\u00e9kok izgalmas elemet adnak a j\u00e1t\u00e9khoz. Itt van minden egyes r\u00e9szletes le\u00edr\u00e1sa:<\/p>\n<h2>Cash Hunt<\/h2>\n<p>A Cash Hunt egy mini-j\u00e1t\u00e9k, amely 108 cell\u00e1t tartalmaz v\u00e9letlenszer\u0171en kiv\u00e1lasztott szorz\u00f3kkal. A j\u00e1t\u00e9kosnak ki kell v\u00e1lasztania egy cell\u00e1t a kijel\u00f6lt id\u0151 alatt, majd egy jelz\u00e9s sz\u00f3l, jelezve a v\u00e9gs\u0151 nyerem\u00e9ny \u00f6sszeg\u00e9t.<\/p>\n<h2>Pachinko<\/h2>\n<p>A Pachinko egy olyan k\u00e9perny\u0151t mutat be, ahol egy falat l\u00e1thatunk sz\u00e1mtalan t\u0171vel, 16 \u00e9rt\u00e9ket reprezent\u00e1lva a szorz\u00f3k alj\u00e1n. A keresked\u0151 kil\u00f6vi a labd\u00e1t, meghat\u00e1rozva ezzel a v\u00e9gs\u0151 nyerem\u00e9nyt. A maxim\u00e1lis szorz\u00f3 \u00e9rt\u00e9ke x10,000.<\/p>\n<h2>Coin Flip<\/h2>\n<p>A Coin Flip egy p\u00e9nzfeldob\u00e1s j\u00e1t\u00e9kra hasonl\u00edt. K\u00e9t k\u00f6r, k\u00e9k \u00e9s piros, l\u00e1that\u00f3 a k\u00e9perny\u0151n. Minden k\u00f6rben egy v\u00e9letlenszer\u0171en kiv\u00e1lasztott nyerem\u00e9nyszorz\u00f3 van l\u00e1that\u00f3. A keresked\u0151 kil\u00f6vi a sz\u00ednes zsetont, \u00e9s az eredm\u00e9nyt azon az oldalon hat\u00e1rozz\u00e1k meg, amelyre lesz\u00e1ll. A maxim\u00e1lis szorz\u00e1s, amelyet haszn\u00e1lhatnak, 100.<\/p>\n<h2>Crazy Time<\/h2>\n<p>Amikor a Crazy Time kih\u00faz\u00f3dik, a keresked\u0151 egy m\u00e1sik szob\u00e1ba megy egy m\u00e9g nagyobb ker\u00e9kkel. A j\u00e1t\u00e9kosnak ki kell v\u00e1lasztania a dob tetej\u00e9n l\u00e9v\u0151 h\u00e1rom jelz\u0151 egyik\u00e9t, \u00e9s el kell kapnia a szorz\u00f3kat olyan sokszor, amennyiszer csak lehet. A Crazy Time mini-j\u00e1t\u00e9knak x20,000 a maxim\u00e1lis b\u00f3nusza.<\/p>\n<p><strong>Ne feledkezzen meg a vide\u00f3 nyer\u0151g\u00e9pr\u0151l &#8211; ha a szorz\u00f3 egyik b\u00f3nuszj\u00e1t\u00e9kra landolt kor\u00e1bban, a nyerem\u00e9nyek n\u00f6vekednek a j\u00e1t\u00e9k n\u00e9v\u00e9rt\u00e9k\u00e9t\u0151l f\u00fcgg\u0151en. Az online Crazy Time nyer\u0151g\u00e9p lehet\u0151s\u00e9get ny\u00fajt hatalmas nyerem\u00e9nyek el\u00e9r\u00e9s\u00e9re.<\/strong><\/p>\n<h2>Inform\u00e1ci\u00f3k a Crazy Time-r\u00f3l:<\/h2>\n<p>Itt vannak n\u00e9h\u00e1ny fontos r\u00e9szlet az online Crazy Time j\u00e1t\u00e9kr\u00f3l, amelyek hasznosak lehetnek, ha \u00fagy d\u00f6nt, hogy szerencs\u00e9t pr\u00f3b\u00e1l val\u00f3s t\u00e9tekkel egy online kaszin\u00f3ban:<\/p>\n<h3>Nyer\u00e9si potenci\u00e1l:<\/h3>\n<p>A vide\u00f3 nyer\u0151g\u00e9p a nyerem\u00e9ny\u00e9t legfeljebb x50-szeres\u00e9re szorozhatja meg.<\/p>\n<p>A t\u00e9t per t\u00e9t legnagyobb szorz\u00e1sa el\u00e9rheti a Crazy Time b\u00f3nuszj\u00e1t\u00e9kban x20,000-et, ami a Double\/Triple funkci\u00f3kat is mag\u00e1ban foglalja.<\/p>\n<h3>T\u00e9t tartom\u00e1ny:<\/h3>\n<p>A t\u00e9tek 5 centt\u0151l 50 doll\u00e1rig terjednek, lehet\u0151s\u00e9get biztos\u00edtva a j\u00e1t\u00e9kosoknak a t\u00e9tm\u00e9ret kiv\u00e1laszt\u00e1s\u00e1ra.<\/p>\n<h3>Nyer\u00e9si potenci\u00e1l:<\/h3>\n<p>A j\u00e1t\u00e9kos nagy val\u00f3sz\u00edn\u0171s\u00e9ggel legfeljebb \u00f6tsz\u00f6r\u00f6s\u00e9re nyerheti meg a t\u00e9tj\u00e9t, jelent\u0151s nyerem\u00e9nyek lehet\u0151s\u00e9g\u00e9t k\u00edn\u00e1lva.<\/p>\n<h3>J\u00e1t\u00e9k jellemz\u0151k:<\/h3>\n<p>A Crazy Time egy virtu\u00e1lis kaszin\u00f3 \u00e9l\u0151 keresked\u0151vel. A h\u00e1zigazda p\u00f6rgeti a dobot, \u00e9s a j\u00e1t\u00e9kosok t\u00e9tjeiket helyezik el a szektorokra. Azok, akik helyesen tal\u00e1lj\u00e1k el a szektort, nyernek.<\/p>\n<p>K\u00fcl\u00f6nf\u00e9le strat\u00e9gi\u00e1k alkalmazhat\u00f3k a j\u00e1t\u00e9kban. A nyerem\u00e9nyek jelent\u0151sen n\u00f6vekedhetnek, ha nagy szorz\u00f3k ker\u00fclnek a dob tetej\u00e9re.<\/p>\n<h3>Tov\u00e1bbi jellemz\u0151k:<\/h3>\n<ol>\n<li>Van egy cseveg\u0151, ahol kommunik\u00e1lhatsz a keresked\u0151vel \u00e9s m\u00e1s j\u00e1t\u00e9kosokkal.<\/li>\n<li>A Crazy Time nyerem\u00e9nyei nagyobbak lehetnek, mint m\u00e1s j\u00e1t\u00e9kokban vagy nyer\u0151g\u00e9pekben.<\/li>\n<li>Minden p\u00f6rget\u00e9s el\u0151tt t\u00e9thelyez\u00e9st vagy r\u00e9szv\u00e9telt vehetsz egy mini-j\u00e1t\u00e9kban.<\/li>\n<li>A j\u00e1t\u00e9kosok minden szektorra fogadhatnak, hogy kiegyenl\u00edts\u00e9k a t\u00e9t k\u00f6lts\u00e9geit.<\/li>\n<li>A j\u00e1t\u00e9k egyedi hangulatot teremt kaszin\u00f3 st\u00edlus\u00e1val.<\/li>\n<li>A Crazy Time-nek magas a visszat\u00e9r\u00e9si j\u00e1t\u00e9kosok ar\u00e1nya, 95.08%.<\/li>\n<\/ol>\n","protected":false},"excerpt":{"rendered":"<p>Crazy Time nem csak egy online j\u00e1t\u00e9k, hanem egy teljes j\u00e1t\u00e9kshow \u00e9s egy n\u00e9pszer\u0171 szerencsej\u00e1t\u00e9k, egy szerencseker\u00e9kkel, ami hasonl\u00edt a megszokott p\u00f6rget\u0151s ker\u00e9kre. Egy nagy f\u00fcgg\u0151leges ker\u00e9k 54 szektorral forog egy keresked\u0151 ir\u00e1ny\u00edt\u00e1s\u00e1val. A j\u00e1t\u00e9kos feladata megj\u00f3solni, hol fog meg\u00e1llni a ker\u00e9k a p\u00f6rget\u00e9s v\u00e9g\u00e9n. Itt nincsenek bonyolult sz\u00e1m\u00edt\u00f3g\u00e9p \u00e1ltal l\u00e9trehozott algoritmusok. Csak v\u00e9letlen \u00e9s [&hellip;]<\/p>\n","protected":false},"author":1,"featured_media":0,"parent":0,"menu_order":0,"comment_status":"closed","ping_status":"closed","template":"","meta":{"footnotes":""},"class_list":["post-5","page","type-page","status-publish","hentry"],"yoast_head":"<!-- This site is optimized with the Yoast SEO plugin v27.2 - https:\/\/yoast.com\/product\/yoast-seo-wordpress\/ -->\n<title>Crazy Time D\u00fcnyas\u0131na Dal\u0131n: Heyecan Verici Oyunlar ve Kazan\u00e7lar<\/title>\n<meta name=\"description\" content=\"Fedezd fel a Crazy Time izgalmas vil\u00e1g\u00e1t - egy j\u00e1t\u00e9kshow-t egyedi b\u00f3nuszokkal \u00e9s rengeteg izgalmas lehet\u0151s\u00e9ggel.\" \/>\n<meta name=\"robots\" content=\"index, follow, max-snippet:-1, max-image-preview:large, max-video-preview:-1\" \/>\n<link rel=\"canonical\" href=\"https:\/\/crazytimecasino.in\/hu\/\" \/>\n<meta property=\"og:locale\" content=\"hu_HU\" \/>\n<meta property=\"og:locale:alternate\" content=\"en_US\" \/>\n<meta property=\"og:locale:alternate\" content=\"ru_RU\" \/>\n<meta property=\"og:locale:alternate\" content=\"pt_PT\" \/>\n<meta property=\"og:locale:alternate\" content=\"es_ES\" \/>\n<meta property=\"og:locale:alternate\" content=\"ro_RO\" \/>\n<meta property=\"og:locale:alternate\" content=\"sr_RS\" \/>\n<meta property=\"og:locale:alternate\" content=\"bg_BG\" \/>\n<meta property=\"og:locale:alternate\" content=\"pl_PL\" \/>\n<meta property=\"og:locale:alternate\" content=\"el\" \/>\n<meta property=\"og:locale:alternate\" content=\"tr_TR\" \/>\n<meta property=\"og:type\" content=\"article\" \/>\n<meta property=\"og:title\" content=\"Crazy Time D\u00fcnyas\u0131na Dal\u0131n: Heyecan Verici Oyunlar ve Kazan\u00e7lar\" \/>\n<meta property=\"og:description\" content=\"Crazy Time&#039;\u0131n heyecan dolu d\u00fcnyas\u0131n\u0131 ke\u015ffedin - e\u015fsiz bonuslar ve bir\u00e7ok heyecan verici f\u0131rsatla dolu bir oyun g\u00f6sterisi.\" \/>\n<meta property=\"og:url\" content=\"https:\/\/crazytimecasino.in\/hu\/\" \/>\n<meta property=\"og:site_name\" content=\"Crazy Time\" \/>\n<meta property=\"article:modified_time\" content=\"2023-12-27T11:23:33+00:00\" \/>\n<meta name=\"twitter:card\" content=\"summary_large_image\" \/>\n<meta name=\"twitter:label1\" content=\"Becs\u00fclt olvas\u00e1si id\u0151\" \/>\n\t<meta name=\"twitter:data1\" content=\"35 perc\" \/>\n<script type=\"application\/ld+json\" class=\"yoast-schema-graph\">{\"@context\":\"https:\/\/schema.org\",\"@graph\":[{\"@type\":\"WebPage\",\"@id\":\"https:\/\/crazytimecasino.in\/\",\"url\":\"https:\/\/crazytimecasino.in\/\",\"name\":\"Crazy Time D\u00fcnyas\u0131na Dal\u0131n: Heyecan Verici Oyunlar ve Kazan\u00e7lar\",\"isPartOf\":{\"@id\":\"https:\/\/crazytimecasino.in\/#website\"},\"datePublished\":\"2023-12-10T22:19:51+00:00\",\"dateModified\":\"2023-12-27T11:23:33+00:00\",\"description\":\"Crazy Time'\u0131n heyecan dolu d\u00fcnyas\u0131n\u0131 ke\u015ffedin - e\u015fsiz bonuslar ve bir\u00e7ok heyecan verici f\u0131rsatla dolu bir oyun g\u00f6sterisi.\",\"breadcrumb\":{\"@id\":\"https:\/\/crazytimecasino.in\/#breadcrumb\"},\"inLanguage\":\"hu-HU\",\"potentialAction\":[{\"@type\":\"ReadAction\",\"target\":[\"https:\/\/crazytimecasino.in\/\"]}]},{\"@type\":\"BreadcrumbList\",\"@id\":\"https:\/\/crazytimecasino.in\/#breadcrumb\",\"itemListElement\":[{\"@type\":\"ListItem\",\"position\":1,\"name\":\"Home\",\"item\":\"https:\/\/crazytimecasino.in\/\"},{\"@type\":\"ListItem\",\"position\":2,\"name\":\"Crazy Time: Heyecanl\u0131 Kumar Oyunlar\u0131na Giden Yolunuz\"}]},{\"@type\":\"WebSite\",\"@id\":\"https:\/\/crazytimecasino.in\/#website\",\"url\":\"https:\/\/crazytimecasino.in\/\",\"name\":\"Crazy Time\",\"description\":\"\",\"publisher\":{\"@id\":\"https:\/\/crazytimecasino.in\/#organization\"},\"potentialAction\":[{\"@type\":\"SearchAction\",\"target\":{\"@type\":\"EntryPoint\",\"urlTemplate\":\"https:\/\/crazytimecasino.in\/?s={search_term_string}\"},\"query-input\":{\"@type\":\"PropertyValueSpecification\",\"valueRequired\":true,\"valueName\":\"search_term_string\"}}],\"inLanguage\":\"hu-HU\"},{\"@type\":\"Organization\",\"@id\":\"https:\/\/crazytimecasino.in\/#organization\",\"name\":\"Crazy Time\",\"url\":\"https:\/\/crazytimecasino.in\/\",\"logo\":{\"@type\":\"ImageObject\",\"inLanguage\":\"hu-HU\",\"@id\":\"https:\/\/crazytimecasino.in\/#\/schema\/logo\/image\/\",\"url\":\"https:\/\/crazytimecasino.in\/wp-content\/uploads\/cropped-crazy-time-logo.webp\",\"contentUrl\":\"https:\/\/crazytimecasino.in\/wp-content\/uploads\/cropped-crazy-time-logo.webp\",\"width\":114,\"height\":88,\"caption\":\"Crazy Time\"},\"image\":{\"@id\":\"https:\/\/crazytimecasino.in\/#\/schema\/logo\/image\/\"}}]}<\/script>\n<!-- \/ Yoast SEO plugin. -->","yoast_head_json":{"title":"Crazy Time D\u00fcnyas\u0131na Dal\u0131n: Heyecan Verici Oyunlar ve Kazan\u00e7lar","description":"Fedezd fel a Crazy Time izgalmas vil\u00e1g\u00e1t - egy j\u00e1t\u00e9kshow-t egyedi b\u00f3nuszokkal \u00e9s rengeteg izgalmas lehet\u0151s\u00e9ggel.","robots":{"index":"index","follow":"follow","max-snippet":"max-snippet:-1","max-image-preview":"max-image-preview:large","max-video-preview":"max-video-preview:-1"},"canonical":"https:\/\/crazytimecasino.in\/hu\/","og_locale":"hu_HU","og_type":"article","og_title":"Crazy Time D\u00fcnyas\u0131na Dal\u0131n: Heyecan Verici Oyunlar ve Kazan\u00e7lar","og_description":"Crazy Time'\u0131n heyecan dolu d\u00fcnyas\u0131n\u0131 ke\u015ffedin - e\u015fsiz bonuslar ve bir\u00e7ok heyecan verici f\u0131rsatla dolu bir oyun g\u00f6sterisi.","og_url":"https:\/\/crazytimecasino.in\/hu\/","og_site_name":"Crazy Time","article_modified_time":"2023-12-27T11:23:33+00:00","twitter_card":"summary_large_image","twitter_misc":{"Becs\u00fclt olvas\u00e1si id\u0151":"35 perc"},"schema":{"@context":"https:\/\/schema.org","@graph":[{"@type":"WebPage","@id":"https:\/\/crazytimecasino.in\/","url":"https:\/\/crazytimecasino.in\/","name":"Crazy Time D\u00fcnyas\u0131na Dal\u0131n: Heyecan Verici Oyunlar ve Kazan\u00e7lar","isPartOf":{"@id":"https:\/\/crazytimecasino.in\/#website"},"datePublished":"2023-12-10T22:19:51+00:00","dateModified":"2023-12-27T11:23:33+00:00","description":"Crazy Time'\u0131n heyecan dolu d\u00fcnyas\u0131n\u0131 ke\u015ffedin - e\u015fsiz bonuslar ve bir\u00e7ok heyecan verici f\u0131rsatla dolu bir oyun g\u00f6sterisi.","breadcrumb":{"@id":"https:\/\/crazytimecasino.in\/#breadcrumb"},"inLanguage":"hu-HU","potentialAction":[{"@type":"ReadAction","target":["https:\/\/crazytimecasino.in\/"]}]},{"@type":"BreadcrumbList","@id":"https:\/\/crazytimecasino.in\/#breadcrumb","itemListElement":[{"@type":"ListItem","position":1,"name":"Home","item":"https:\/\/crazytimecasino.in\/"},{"@type":"ListItem","position":2,"name":"Crazy Time: Heyecanl\u0131 Kumar Oyunlar\u0131na Giden Yolunuz"}]},{"@type":"WebSite","@id":"https:\/\/crazytimecasino.in\/#website","url":"https:\/\/crazytimecasino.in\/","name":"Crazy Time","description":"","publisher":{"@id":"https:\/\/crazytimecasino.in\/#organization"},"potentialAction":[{"@type":"SearchAction","target":{"@type":"EntryPoint","urlTemplate":"https:\/\/crazytimecasino.in\/?s={search_term_string}"},"query-input":{"@type":"PropertyValueSpecification","valueRequired":true,"valueName":"search_term_string"}}],"inLanguage":"hu-HU"},{"@type":"Organization","@id":"https:\/\/crazytimecasino.in\/#organization","name":"Crazy Time","url":"https:\/\/crazytimecasino.in\/","logo":{"@type":"ImageObject","inLanguage":"hu-HU","@id":"https:\/\/crazytimecasino.in\/#\/schema\/logo\/image\/","url":"https:\/\/crazytimecasino.in\/wp-content\/uploads\/cropped-crazy-time-logo.webp","contentUrl":"https:\/\/crazytimecasino.in\/wp-content\/uploads\/cropped-crazy-time-logo.webp","width":114,"height":88,"caption":"Crazy Time"},"image":{"@id":"https:\/\/crazytimecasino.in\/#\/schema\/logo\/image\/"}}]}},"_links":{"self":[{"href":"https:\/\/crazytimecasino.in\/hu\/wp-json\/wp\/v2\/pages\/5","targetHints":{"allow":["GET"]}}],"collection":[{"href":"https:\/\/crazytimecasino.in\/hu\/wp-json\/wp\/v2\/pages"}],"about":[{"href":"https:\/\/crazytimecasino.in\/hu\/wp-json\/wp\/v2\/types\/page"}],"author":[{"embeddable":true,"href":"https:\/\/crazytimecasino.in\/hu\/wp-json\/wp\/v2\/users\/1"}],"replies":[{"embeddable":true,"href":"https:\/\/crazytimecasino.in\/hu\/wp-json\/wp\/v2\/comments?post=5"}],"version-history":[{"count":32,"href":"https:\/\/crazytimecasino.in\/hu\/wp-json\/wp\/v2\/pages\/5\/revisions"}],"predecessor-version":[{"id":160,"href":"https:\/\/crazytimecasino.in\/hu\/wp-json\/wp\/v2\/pages\/5\/revisions\/160"}],"wp:attachment":[{"href":"https:\/\/crazytimecasino.in\/hu\/wp-json\/wp\/v2\/media?parent=5"}],"curies":[{"name":"wp","href":"https:\/\/api.w.org\/{rel}","templated":true}]}}