{"id":28,"date":"2023-12-14T23:23:57","date_gmt":"2023-12-14T23:23:57","guid":{"rendered":"https:\/\/crazytimecasino.in\/?page_id=28"},"modified":"2023-12-27T11:25:55","modified_gmt":"2023-12-27T11:25:55","slug":"play-crazy-time-online","status":"publish","type":"page","link":"https:\/\/crazytimecasino.in\/hu\/play-crazy-time-online\/","title":{"rendered":"J\u00e1tsszon az online kaszin\u00f3ban \u00e9s mer\u00fclj\u00f6n el az sz\u00f3rakoz\u00e1s \u00e9s lehet\u0151s\u00e9gek vil\u00e1g\u00e1ban!"},"content":{"rendered":"<p>Az online kaszin\u00f3k a modern sz\u00f3rakoztat\u00e1s vil\u00e1g\u00e1ban val\u00f3di k\u00f6zpontt\u00e1 v\u00e1ltak mindazok sz\u00e1m\u00e1ra, akik izgalmas \u00e9lm\u00e9nyeket \u00e9s val\u00f3s lehet\u0151s\u00e9geket keresnek a nyer\u00e9sre. Az egyik legizgalmasabb \u00e9s legn\u00e9pszer\u0171bb lehet\u0151s\u00e9g az online kaszin\u00f3j\u00e1t\u00e9k, a Crazy Time. Ebben a cikkben elmondjuk, mi\u00e9rt \u00e9rdemes regisztr\u00e1lni egy online kaszin\u00f3ban, hogyan j\u00e1tszhatod ingyenesen a Crazy Time-ot, \u00e9s milyen l\u00e9p\u00e9seket kell tenned a regisztr\u00e1ci\u00f3hoz, a befizet\u00e9shez \u00e9s a p\u00e9nzfelv\u00e9telhez.<\/p>\n<h2>Mi\u00e9rt \u00e9rdemes regisztr\u00e1lni egy online kaszin\u00f3ban?<\/h2>\n<p><strong>Sz\u00f3rakoz\u00e1s \u00e9s adrenalinfokoz\u00e1s:<\/strong> Az online kaszin\u00f3ban magadba mer\u00fclhetsz a kalandok \u00e9s az adrenalinteli \u00e9lm\u00e9nyek izgalmas vil\u00e1g\u00e1ba. Ez az ide\u00e1lis hely azoknak, akik \u00faj \u00e9rz\u00e9sekre \u00e9s izgalmakra v\u00e1gynak.<\/p>\n<p><strong>Sz\u00e9les j\u00e1t\u00e9kv\u00e1laszt\u00e9k:<\/strong> Az online kaszin\u00f3k hozz\u00e1f\u00e9r\u00e9st biztos\u00edtanak egy sz\u00e9les j\u00e1t\u00e9kk\u00edn\u00e1lathoz, a hagyom\u00e1nyos nyer\u0151g\u00e9pekt\u0151l az izgalmas asztali j\u00e1t\u00e9kokig. V\u00e1laszthatsz olyan j\u00e1t\u00e9kokat, amelyek megfelelnek az \u00edzl\u00e9sednek \u00e9s preferenci\u00e1idnak.<\/p>\n<p><strong>Lehet\u0151s\u00e9g val\u00f3di p\u00e9nznyerem\u00e9nyekre:<\/strong> Az online kaszin\u00f3k egyed\u00fcl\u00e1ll\u00f3 lehet\u0151s\u00e9get k\u00edn\u00e1lnak val\u00f3di p\u00e9nznyerem\u00e9nyekre, \u00e9s a Crazy Time j\u00e1t\u00e9k kiv\u00e1l\u00f3 v\u00e1laszt\u00e1s azoknak, akik jelent\u0151s nyerem\u00e9nyekre v\u00e1gynak.<\/p>\n<h2>Crazy Time ingyenes j\u00e1t\u00e9k<\/h2>\n<h3>Mi\u00e9rt \u00e9ppen a Crazy Time?<\/h3>\n<p>A Crazy Time nemcsak egy nyer\u0151g\u00e9p; ez egy teljes show egy \u00e9l\u0151 h\u00e1zigazda, interakt\u00edv elemek \u00e9s izgalmas pillanatok r\u00e9szv\u00e9tel\u00e9vel. Meg\u00e9lheted egy val\u00f3di kaszin\u00f3 hangulat\u00e1t an\u00e9lk\u00fcl, hogy elhagyn\u00e1d otthonodat.<\/p>\n<p>Ingyenes j\u00e1t\u00e9km\u00f3d: Sok online kaszin\u00f3 lehet\u0151s\u00e9get k\u00edn\u00e1l arra, hogy a Crazy Time-ot teljesen ingyenesen kipr\u00f3b\u00e1ld dem\u00f3 m\u00f3dban. Ez egy kiv\u00e1l\u00f3 lehet\u0151s\u00e9g a j\u00e1t\u00e9k megismer\u00e9s\u00e9re, miel\u0151tt val\u00f3di t\u00e9tekre tenne be.<\/p>\n<h2>Regisztr\u00e1ci\u00f3 \u00e9s befizet\u00e9s<\/h2>\n<ol>\n<li>l\u00e9p\u00e9s: Regisztr\u00e1ci\u00f3 a weboldalon: Kezdd el azzal, hogy regisztr\u00e1lsz a v\u00e1lasztott online kaszin\u00f3 weboldal\u00e1n. T\u00f6lts ki egy egyszer\u0171 regisztr\u00e1ci\u00f3s \u0171rlapot, megadva a sz\u00fcks\u00e9ges inform\u00e1ci\u00f3kat.<\/li>\n<li>l\u00e9p\u00e9s: Sz\u00e1mla meger\u0151s\u00edt\u00e9se: A regisztr\u00e1ci\u00f3t k\u00f6vet\u0151en er\u0151s\u00edtsd meg a sz\u00e1ml\u00e1dat a regisztr\u00e1lt e-mail c\u00edmeden kapott lev\u00e9lben tal\u00e1lhat\u00f3 linkre kattintva.<\/li>\n<li>l\u00e9p\u00e9s: Befizet\u00e9s elv\u00e9gz\u00e9se: A sz\u00e1ml\u00e1d meger\u0151s\u00edt\u00e9se ut\u00e1n l\u00e1togass el a &#8222;Kassza&#8221; r\u00e9szlegre, \u00e9s v\u00e1lassz egy k\u00e9nyelmes m\u00f3dszert a p\u00e9nz befizet\u00e9s\u00e9hez. Az online kaszin\u00f3k \u00e1ltal\u00e1ban k\u00fcl\u00f6nb\u00f6z\u0151 lehet\u0151s\u00e9geket k\u00edn\u00e1lnak, a hitelk\u00e1rty\u00e1kt\u00f3l az elektronikus p\u00e9nzt\u00e1rc\u00e1kig.<\/li>\n<\/ol>\n<h2>P\u00e9nzfelv\u00e9teli m\u00f3d<\/h2>\n<p>Egy sikeres j\u00e1t\u00e9k \u00e9s nyerem\u00e9ny ut\u00e1n val\u00f3sz\u00edn\u0171leg szeretn\u00e9d kivenni a j\u00f3l meg\u00e9rdemelt p\u00e9nzed. \u00cdme, hogyan teheted meg:<\/p>\n<ul>\n<li><strong>Kiv\u00e1lasztani a p\u00e9nzfelv\u00e9teli m\u00f3dot:<\/strong> L\u00e1togass el a &#8222;Kassza&#8221; r\u00e9szlegbe, \u00e9s v\u00e1laszd ki a &#8222;P\u00e9nzfelv\u00e9tel&#8221; lehet\u0151s\u00e9get. Itt kiv\u00e1laszthatod azt a m\u00f3dszert, amely megfelel neked.<\/li>\n<li><strong>Azonos\u00edt\u00e1s meger\u0151s\u00edt\u00e9se:<\/strong> Az online kaszin\u00f3k sz\u00e1m\u00e1ra a biztons\u00e1g els\u0151dleges szempont. Az els\u0151 p\u00e9nzfelv\u00e9tel el\u0151tt esetleg dokumentumokat kell beny\u00fajtanod az azonos\u00edt\u00e1s meger\u0151s\u00edt\u00e9s\u00e9hez.<\/li>\n<li><strong>V\u00e1rakoz\u00e1s a utal\u00e1sra:<\/strong> Az utal\u00e1si k\u00e9r\u00e9sed meger\u0151s\u00edt\u00e9se ut\u00e1n v\u00e1rj arra, hogy a p\u00e9nz \u00e1tker\u00fclj\u00f6n a sz\u00e1ml\u00e1dra. Az \u00e1tutal\u00e1si id\u0151 v\u00e1ltozhat a v\u00e1lasztott m\u00f3dt\u00f3l f\u00fcgg\u0151en.<\/li>\n<\/ul>\n<h2>K\u00f6vetkeztet\u00e9s<\/h2>\n<p>Az online kaszin\u00f3ban val\u00f3 j\u00e1t\u00e9k izgalmas \u00e9lm\u00e9ny, amely nemcsak sz\u00f3rakoz\u00e1st, hanem val\u00f3s nyerem\u00e9nyeket is hozhat neked. Az online kaszin\u00f3ba val\u00f3 regisztr\u00e1ci\u00f3 \u00e9s a Crazy Time j\u00e1t\u00e9k kiv\u00e1l\u00f3 m\u00f3dja annak, hogy elmer\u00fclj a szerencse vil\u00e1g\u00e1ban. K\u00f6vesd tan\u00e1csainkat a regisztr\u00e1ci\u00f3val, a j\u00e1t\u00e9kkal \u00e9s a p\u00e9nzfelv\u00e9tellel kapcsolatban, \u00e9s a szerencse mindig veled legyen!<\/p>\n","protected":false},"excerpt":{"rendered":"<p>Az online kaszin\u00f3k a modern sz\u00f3rakoztat\u00e1s vil\u00e1g\u00e1ban val\u00f3di k\u00f6zpontt\u00e1 v\u00e1ltak mindazok sz\u00e1m\u00e1ra, akik izgalmas \u00e9lm\u00e9nyeket \u00e9s val\u00f3s lehet\u0151s\u00e9geket keresnek a nyer\u00e9sre. Az egyik legizgalmasabb \u00e9s legn\u00e9pszer\u0171bb lehet\u0151s\u00e9g az online kaszin\u00f3j\u00e1t\u00e9k, a Crazy Time. Ebben a cikkben elmondjuk, mi\u00e9rt \u00e9rdemes regisztr\u00e1lni egy online kaszin\u00f3ban, hogyan j\u00e1tszhatod ingyenesen a Crazy Time-ot, \u00e9s milyen l\u00e9p\u00e9seket kell tenned a [&hellip;]<\/p>\n","protected":false},"author":1,"featured_media":0,"parent":0,"menu_order":0,"comment_status":"closed","ping_status":"closed","template":"","meta":{"footnotes":""},"class_list":["post-28","page","type-page","status-publish","hentry"],"yoast_head":"<!-- This site is optimized with the Yoast SEO plugin v27.2 - https:\/\/yoast.com\/product\/yoast-seo-wordpress\/ -->\n<title>\u041d\u0430\u0447\u043d\u0438\u0442\u0435 \u0438\u0433\u0440\u0430\u0442\u044c \u0432 Crazy Time: \u0412\u0430\u0448 \u043f\u0443\u0442\u044c \u043a \u0430\u0437\u0430\u0440\u0442\u043d\u043e\u043c\u0443 \u0432\u0435\u0441\u0435\u043b\u044c\u044e<\/title>\n<meta name=\"description\" content=\"Regisztr\u00e1lj, hajts v\u00e9gre egy befizet\u00e9st, \u00e9s mer\u00fclj el a sz\u00f3rakoztat\u00f3 j\u00e1t\u00e9kok vil\u00e1g\u00e1ban a Crazy Time-ban, ahol jelent\u0151s nyerem\u00e9nyekre is sz\u00e1m\u00edthatsz.\" \/>\n<meta name=\"robots\" content=\"index, follow, max-snippet:-1, max-image-preview:large, max-video-preview:-1\" \/>\n<link rel=\"canonical\" href=\"https:\/\/crazytimecasino.in\/hu\/play-crazy-time-online\/\" \/>\n<meta property=\"og:locale\" content=\"hu_HU\" \/>\n<meta property=\"og:locale:alternate\" content=\"en_US\" \/>\n<meta property=\"og:locale:alternate\" content=\"ru_RU\" \/>\n<meta property=\"og:locale:alternate\" content=\"pt_PT\" \/>\n<meta property=\"og:locale:alternate\" content=\"es_ES\" \/>\n<meta property=\"og:locale:alternate\" content=\"ro_RO\" \/>\n<meta property=\"og:locale:alternate\" content=\"sr_RS\" \/>\n<meta property=\"og:locale:alternate\" content=\"bg_BG\" \/>\n<meta property=\"og:locale:alternate\" content=\"pl_PL\" \/>\n<meta property=\"og:locale:alternate\" content=\"el\" \/>\n<meta property=\"og:locale:alternate\" content=\"tr_TR\" \/>\n<meta property=\"og:type\" content=\"article\" \/>\n<meta property=\"og:title\" content=\"\u041d\u0430\u0447\u043d\u0438\u0442\u0435 \u0438\u0433\u0440\u0430\u0442\u044c \u0432 Crazy Time: \u0412\u0430\u0448 \u043f\u0443\u0442\u044c \u043a \u0430\u0437\u0430\u0440\u0442\u043d\u043e\u043c\u0443 \u0432\u0435\u0441\u0435\u043b\u044c\u044e\" \/>\n<meta property=\"og:description\" content=\"\u0417\u0430\u0440\u0435\u0433\u0438\u0441\u0442\u0440\u0438\u0440\u0443\u0439\u0442\u0435\u0441\u044c, \u0432\u043d\u0435\u0441\u0438\u0442\u0435 \u0434\u0435\u043f\u043e\u0437\u0438\u0442 \u0438 \u043e\u043a\u0443\u043d\u0438\u0442\u0435\u0441\u044c \u0432 \u043c\u0438\u0440 \u0443\u0432\u043b\u0435\u043a\u0430\u0442\u0435\u043b\u044c\u043d\u044b\u0445 \u0438\u0433\u0440 \u0441 \u0432\u043e\u0437\u043c\u043e\u0436\u043d\u043e\u0441\u0442\u044c\u044e \u043a\u0440\u0443\u043f\u043d\u044b\u0445 \u0432\u044b\u0438\u0433\u0440\u044b\u0448\u0435\u0439 \u0432 Crazy Time.\" \/>\n<meta property=\"og:url\" content=\"https:\/\/crazytimecasino.in\/hu\/play-crazy-time-online\/\" \/>\n<meta property=\"og:site_name\" content=\"Crazy Time\" \/>\n<meta property=\"article:modified_time\" content=\"2023-12-27T11:25:55+00:00\" \/>\n<meta name=\"twitter:card\" content=\"summary_large_image\" \/>\n<meta name=\"twitter:label1\" content=\"Becs\u00fclt olvas\u00e1si id\u0151\" \/>\n\t<meta name=\"twitter:data1\" content=\"20 perc\" \/>\n<script type=\"application\/ld+json\" class=\"yoast-schema-graph\">{\"@context\":\"https:\/\/schema.org\",\"@graph\":[{\"@type\":\"WebPage\",\"@id\":\"https:\/\/crazytimecasino.in\/play-crazy-time-online\/\",\"url\":\"https:\/\/crazytimecasino.in\/play-crazy-time-online\/\",\"name\":\"\u041d\u0430\u0447\u043d\u0438\u0442\u0435 \u0438\u0433\u0440\u0430\u0442\u044c \u0432 Crazy Time: \u0412\u0430\u0448 \u043f\u0443\u0442\u044c \u043a \u0430\u0437\u0430\u0440\u0442\u043d\u043e\u043c\u0443 \u0432\u0435\u0441\u0435\u043b\u044c\u044e\",\"isPartOf\":{\"@id\":\"https:\/\/crazytimecasino.in\/#website\"},\"datePublished\":\"2023-12-14T23:23:57+00:00\",\"dateModified\":\"2023-12-27T11:25:55+00:00\",\"description\":\"\u0417\u0430\u0440\u0435\u0433\u0438\u0441\u0442\u0440\u0438\u0440\u0443\u0439\u0442\u0435\u0441\u044c, \u0432\u043d\u0435\u0441\u0438\u0442\u0435 \u0434\u0435\u043f\u043e\u0437\u0438\u0442 \u0438 \u043e\u043a\u0443\u043d\u0438\u0442\u0435\u0441\u044c \u0432 \u043c\u0438\u0440 \u0443\u0432\u043b\u0435\u043a\u0430\u0442\u0435\u043b\u044c\u043d\u044b\u0445 \u0438\u0433\u0440 \u0441 \u0432\u043e\u0437\u043c\u043e\u0436\u043d\u043e\u0441\u0442\u044c\u044e \u043a\u0440\u0443\u043f\u043d\u044b\u0445 \u0432\u044b\u0438\u0433\u0440\u044b\u0448\u0435\u0439 \u0432 Crazy Time.\",\"breadcrumb\":{\"@id\":\"https:\/\/crazytimecasino.in\/play-crazy-time-online\/#breadcrumb\"},\"inLanguage\":\"hu-HU\",\"potentialAction\":[{\"@type\":\"ReadAction\",\"target\":[\"https:\/\/crazytimecasino.in\/play-crazy-time-online\/\"]}]},{\"@type\":\"BreadcrumbList\",\"@id\":\"https:\/\/crazytimecasino.in\/play-crazy-time-online\/#breadcrumb\",\"itemListElement\":[{\"@type\":\"ListItem\",\"position\":1,\"name\":\"Home\",\"item\":\"https:\/\/crazytimecasino.in\/\"},{\"@type\":\"ListItem\",\"position\":2,\"name\":\"\u0418\u0433\u0440\u0430\u0439 \u0432 \u043e\u043d\u043b\u0430\u0439\u043d \u043a\u0430\u0437\u0438\u043d\u043e \u0438 \u043f\u043e\u0433\u0440\u0443\u0437\u0438\u0441\u044c \u0432 \u043c\u0438\u0440 \u0440\u0430\u0437\u0432\u043b\u0435\u0447\u0435\u043d\u0438\u0439 \u0438 \u0432\u043e\u0437\u043c\u043e\u0436\u043d\u043e\u0441\u0442\u0435\u0439!\"}]},{\"@type\":\"WebSite\",\"@id\":\"https:\/\/crazytimecasino.in\/#website\",\"url\":\"https:\/\/crazytimecasino.in\/\",\"name\":\"Crazy Time\",\"description\":\"\",\"publisher\":{\"@id\":\"https:\/\/crazytimecasino.in\/#organization\"},\"potentialAction\":[{\"@type\":\"SearchAction\",\"target\":{\"@type\":\"EntryPoint\",\"urlTemplate\":\"https:\/\/crazytimecasino.in\/?s={search_term_string}\"},\"query-input\":{\"@type\":\"PropertyValueSpecification\",\"valueRequired\":true,\"valueName\":\"search_term_string\"}}],\"inLanguage\":\"hu-HU\"},{\"@type\":\"Organization\",\"@id\":\"https:\/\/crazytimecasino.in\/#organization\",\"name\":\"Crazy Time\",\"url\":\"https:\/\/crazytimecasino.in\/\",\"logo\":{\"@type\":\"ImageObject\",\"inLanguage\":\"hu-HU\",\"@id\":\"https:\/\/crazytimecasino.in\/#\/schema\/logo\/image\/\",\"url\":\"https:\/\/crazytimecasino.in\/wp-content\/uploads\/cropped-crazy-time-logo.webp\",\"contentUrl\":\"https:\/\/crazytimecasino.in\/wp-content\/uploads\/cropped-crazy-time-logo.webp\",\"width\":114,\"height\":88,\"caption\":\"Crazy Time\"},\"image\":{\"@id\":\"https:\/\/crazytimecasino.in\/#\/schema\/logo\/image\/\"}}]}<\/script>\n<!-- \/ Yoast SEO plugin. -->","yoast_head_json":{"title":"\u041d\u0430\u0447\u043d\u0438\u0442\u0435 \u0438\u0433\u0440\u0430\u0442\u044c \u0432 Crazy Time: \u0412\u0430\u0448 \u043f\u0443\u0442\u044c \u043a \u0430\u0437\u0430\u0440\u0442\u043d\u043e\u043c\u0443 \u0432\u0435\u0441\u0435\u043b\u044c\u044e","description":"Regisztr\u00e1lj, hajts v\u00e9gre egy befizet\u00e9st, \u00e9s mer\u00fclj el a sz\u00f3rakoztat\u00f3 j\u00e1t\u00e9kok vil\u00e1g\u00e1ban a Crazy Time-ban, ahol jelent\u0151s nyerem\u00e9nyekre is sz\u00e1m\u00edthatsz.","robots":{"index":"index","follow":"follow","max-snippet":"max-snippet:-1","max-image-preview":"max-image-preview:large","max-video-preview":"max-video-preview:-1"},"canonical":"https:\/\/crazytimecasino.in\/hu\/play-crazy-time-online\/","og_locale":"hu_HU","og_type":"article","og_title":"\u041d\u0430\u0447\u043d\u0438\u0442\u0435 \u0438\u0433\u0440\u0430\u0442\u044c \u0432 Crazy Time: \u0412\u0430\u0448 \u043f\u0443\u0442\u044c \u043a \u0430\u0437\u0430\u0440\u0442\u043d\u043e\u043c\u0443 \u0432\u0435\u0441\u0435\u043b\u044c\u044e","og_description":"\u0417\u0430\u0440\u0435\u0433\u0438\u0441\u0442\u0440\u0438\u0440\u0443\u0439\u0442\u0435\u0441\u044c, \u0432\u043d\u0435\u0441\u0438\u0442\u0435 \u0434\u0435\u043f\u043e\u0437\u0438\u0442 \u0438 \u043e\u043a\u0443\u043d\u0438\u0442\u0435\u0441\u044c \u0432 \u043c\u0438\u0440 \u0443\u0432\u043b\u0435\u043a\u0430\u0442\u0435\u043b\u044c\u043d\u044b\u0445 \u0438\u0433\u0440 \u0441 \u0432\u043e\u0437\u043c\u043e\u0436\u043d\u043e\u0441\u0442\u044c\u044e \u043a\u0440\u0443\u043f\u043d\u044b\u0445 \u0432\u044b\u0438\u0433\u0440\u044b\u0448\u0435\u0439 \u0432 Crazy Time.","og_url":"https:\/\/crazytimecasino.in\/hu\/play-crazy-time-online\/","og_site_name":"Crazy Time","article_modified_time":"2023-12-27T11:25:55+00:00","twitter_card":"summary_large_image","twitter_misc":{"Becs\u00fclt olvas\u00e1si id\u0151":"20 perc"},"schema":{"@context":"https:\/\/schema.org","@graph":[{"@type":"WebPage","@id":"https:\/\/crazytimecasino.in\/play-crazy-time-online\/","url":"https:\/\/crazytimecasino.in\/play-crazy-time-online\/","name":"\u041d\u0430\u0447\u043d\u0438\u0442\u0435 \u0438\u0433\u0440\u0430\u0442\u044c \u0432 Crazy Time: \u0412\u0430\u0448 \u043f\u0443\u0442\u044c \u043a \u0430\u0437\u0430\u0440\u0442\u043d\u043e\u043c\u0443 \u0432\u0435\u0441\u0435\u043b\u044c\u044e","isPartOf":{"@id":"https:\/\/crazytimecasino.in\/#website"},"datePublished":"2023-12-14T23:23:57+00:00","dateModified":"2023-12-27T11:25:55+00:00","description":"\u0417\u0430\u0440\u0435\u0433\u0438\u0441\u0442\u0440\u0438\u0440\u0443\u0439\u0442\u0435\u0441\u044c, \u0432\u043d\u0435\u0441\u0438\u0442\u0435 \u0434\u0435\u043f\u043e\u0437\u0438\u0442 \u0438 \u043e\u043a\u0443\u043d\u0438\u0442\u0435\u0441\u044c \u0432 \u043c\u0438\u0440 \u0443\u0432\u043b\u0435\u043a\u0430\u0442\u0435\u043b\u044c\u043d\u044b\u0445 \u0438\u0433\u0440 \u0441 \u0432\u043e\u0437\u043c\u043e\u0436\u043d\u043e\u0441\u0442\u044c\u044e \u043a\u0440\u0443\u043f\u043d\u044b\u0445 \u0432\u044b\u0438\u0433\u0440\u044b\u0448\u0435\u0439 \u0432 Crazy Time.","breadcrumb":{"@id":"https:\/\/crazytimecasino.in\/play-crazy-time-online\/#breadcrumb"},"inLanguage":"hu-HU","potentialAction":[{"@type":"ReadAction","target":["https:\/\/crazytimecasino.in\/play-crazy-time-online\/"]}]},{"@type":"BreadcrumbList","@id":"https:\/\/crazytimecasino.in\/play-crazy-time-online\/#breadcrumb","itemListElement":[{"@type":"ListItem","position":1,"name":"Home","item":"https:\/\/crazytimecasino.in\/"},{"@type":"ListItem","position":2,"name":"\u0418\u0433\u0440\u0430\u0439 \u0432 \u043e\u043d\u043b\u0430\u0439\u043d \u043a\u0430\u0437\u0438\u043d\u043e \u0438 \u043f\u043e\u0433\u0440\u0443\u0437\u0438\u0441\u044c \u0432 \u043c\u0438\u0440 \u0440\u0430\u0437\u0432\u043b\u0435\u0447\u0435\u043d\u0438\u0439 \u0438 \u0432\u043e\u0437\u043c\u043e\u0436\u043d\u043e\u0441\u0442\u0435\u0439!"}]},{"@type":"WebSite","@id":"https:\/\/crazytimecasino.in\/#website","url":"https:\/\/crazytimecasino.in\/","name":"Crazy Time","description":"","publisher":{"@id":"https:\/\/crazytimecasino.in\/#organization"},"potentialAction":[{"@type":"SearchAction","target":{"@type":"EntryPoint","urlTemplate":"https:\/\/crazytimecasino.in\/?s={search_term_string}"},"query-input":{"@type":"PropertyValueSpecification","valueRequired":true,"valueName":"search_term_string"}}],"inLanguage":"hu-HU"},{"@type":"Organization","@id":"https:\/\/crazytimecasino.in\/#organization","name":"Crazy Time","url":"https:\/\/crazytimecasino.in\/","logo":{"@type":"ImageObject","inLanguage":"hu-HU","@id":"https:\/\/crazytimecasino.in\/#\/schema\/logo\/image\/","url":"https:\/\/crazytimecasino.in\/wp-content\/uploads\/cropped-crazy-time-logo.webp","contentUrl":"https:\/\/crazytimecasino.in\/wp-content\/uploads\/cropped-crazy-time-logo.webp","width":114,"height":88,"caption":"Crazy Time"},"image":{"@id":"https:\/\/crazytimecasino.in\/#\/schema\/logo\/image\/"}}]}},"_links":{"self":[{"href":"https:\/\/crazytimecasino.in\/hu\/wp-json\/wp\/v2\/pages\/28","targetHints":{"allow":["GET"]}}],"collection":[{"href":"https:\/\/crazytimecasino.in\/hu\/wp-json\/wp\/v2\/pages"}],"about":[{"href":"https:\/\/crazytimecasino.in\/hu\/wp-json\/wp\/v2\/types\/page"}],"author":[{"embeddable":true,"href":"https:\/\/crazytimecasino.in\/hu\/wp-json\/wp\/v2\/users\/1"}],"replies":[{"embeddable":true,"href":"https:\/\/crazytimecasino.in\/hu\/wp-json\/wp\/v2\/comments?post=28"}],"version-history":[{"count":28,"href":"https:\/\/crazytimecasino.in\/hu\/wp-json\/wp\/v2\/pages\/28\/revisions"}],"predecessor-version":[{"id":168,"href":"https:\/\/crazytimecasino.in\/hu\/wp-json\/wp\/v2\/pages\/28\/revisions\/168"}],"wp:attachment":[{"href":"https:\/\/crazytimecasino.in\/hu\/wp-json\/wp\/v2\/media?parent=28"}],"curies":[{"name":"wp","href":"https:\/\/api.w.org\/{rel}","templated":true}]}}