{"id":11,"date":"2023-12-10T23:08:12","date_gmt":"2023-12-10T23:08:12","guid":{"rendered":"https:\/\/crazytimecasino.in\/?page_id=11"},"modified":"2023-12-27T11:21:52","modified_gmt":"2023-12-27T11:21:52","slug":"faq","status":"publish","type":"page","link":"https:\/\/crazytimecasino.in\/hu\/faq\/","title":{"rendered":"V\u00e1laszok a Crazy Time gyakran ism\u00e9telt k\u00e9rd\u00e9seire: Magyar\u00e1zatok \u00e9s tippek"},"content":{"rendered":"<h3>Mi a minim\u00e1lis t\u00e9t a Crazy Time-ban?<\/h3>\n<p>A Crazy Time-ban lehet minimum 10 centes t\u00e9tet \u00e9s maximum 1000 doll\u00e1ros t\u00e9tet elhelyezni.<\/p>\n<h3>Van chat a Crazy Time j\u00e1t\u00e9kban?<\/h3>\n<p>Igen, lehet kommunik\u00e1lni a j\u00e1t\u00e9kvezet\u0151vel \u00e9s m\u00e1s j\u00e1t\u00e9kosokkal. Mindazon\u00e1ltal k\u00e9rj\u00fck, tartsa be az illemszab\u00e1lyokat a Crazy Time chatj\u00e9ben.<\/p>\n<h3>Hogyan n\u00e9z ki a statisztika a j\u00e1t\u00e9k fel\u00fclet\u00e9n?<\/h3>\n<p>A statisztika r\u00e9sz mutatja a legut\u00f3bbi j\u00e1t\u00e9kok eredm\u00e9nyeit.<\/p>\n<h3>Mit jelent a j\u00e1t\u00e9ksz\u00e1m?<\/h3>\n<p>Minden Crazy Time k\u00f6rnek saj\u00e1t j\u00e1t\u00e9ksz\u00e1ma van. P\u00e9ld\u00e1ul a #10 a 21:10-kor. Ez a sz\u00e1m jelzi a j\u00e1t\u00e9k id\u0151pontj\u00e1t \u00e9s perc\u00e9t a Greenwicht Mean Time szerint. Haszn\u00e1lja ezt a j\u00e1t\u00e9ksz\u00e1mot, ha kapcsolatba k\u00edv\u00e1n l\u00e9pni az \u00fcgyf\u00e9lszolg\u00e1lattal egy adott k\u00f6rrel kapcsolatban.<\/p>\n<h3>Mi az &#8222;egyidej\u0171 j\u00e1t\u00e9k&#8221; m\u00f3d a Crazy Time-ban?<\/h3>\n<p>Lehet\u0151s\u00e9g van t\u00f6bb asztalon is egyszerre j\u00e1tszani egyetlen b\u00f6ng\u00e9sz\u0151ablakban, ha nem akar meg\u00e1llni csak egyn\u00e9l.<\/p>\n<h3>Van automatikus j\u00e1t\u00e9m\u00f3d a Crazy Time-ban?<\/h3>\n<p>Igen, lehets\u00e9ges az automatikus j\u00e1t\u00e9k. Az automatikus j\u00e1t\u00e9k lehet\u0151v\u00e9 teszi, hogy ism\u00e9telje meg a kiv\u00e1lasztott t\u00e9tet vagy t\u00e9teket bizonyos j\u00e1t\u00e9kmenetek sz\u00e1m\u00e1ra, miut\u00e1n m\u00e1r t\u00e9tet helyezett el. Helyezze el a t\u00e9teit a t\u00e9talapon, majd kattintson az &#8222;Auto-play&#8221; gombra a j\u00e1t\u00e9k ind\u00edt\u00e1s\u00e1hoz.<\/p>\n","protected":false},"excerpt":{"rendered":"<p>Mi a minim\u00e1lis t\u00e9t a Crazy Time-ban? A Crazy Time-ban lehet minimum 10 centes t\u00e9tet \u00e9s maximum 1000 doll\u00e1ros t\u00e9tet elhelyezni. Van chat a Crazy Time j\u00e1t\u00e9kban? Igen, lehet kommunik\u00e1lni a j\u00e1t\u00e9kvezet\u0151vel \u00e9s m\u00e1s j\u00e1t\u00e9kosokkal. Mindazon\u00e1ltal k\u00e9rj\u00fck, tartsa be az illemszab\u00e1lyokat a Crazy Time chatj\u00e9ben. Hogyan n\u00e9z ki a statisztika a j\u00e1t\u00e9k fel\u00fclet\u00e9n? A statisztika [&hellip;]<\/p>\n","protected":false},"author":1,"featured_media":0,"parent":0,"menu_order":0,"comment_status":"closed","ping_status":"closed","template":"","meta":{"footnotes":""},"class_list":["post-11","page","type-page","status-publish","hentry"],"yoast_head":"<!-- This site is optimized with the Yoast SEO plugin v27.2 - https:\/\/yoast.com\/product\/yoast-seo-wordpress\/ -->\n<title>\u0427\u0435\u0441\u0442\u0430 \u043f\u0438\u0442\u0430\u045a\u0430 \u043e Crazy Time: \u041e\u0434\u0433\u043e\u0432\u043e\u0440\u0438 \u043d\u0430 \u0432\u0430\u0448\u0430 \u043f\u0438\u0442\u0430\u045a\u0430 \u043e \u0438\u0433\u0440\u0438<\/title>\n<meta name=\"description\" content=\"Az \u00f6sszes Crazy Time k\u00e9rd\u00e9sedre v\u00e1laszt tal\u00e1lni k\u00f6nny\u0171. Magyar\u00e1zatok \u00e9s tippek a sikeres mer\u00fcl\u00e9shez a szerencsej\u00e1t\u00e9k izgalmas vil\u00e1g\u00e1ba.\" \/>\n<meta name=\"robots\" content=\"index, follow, max-snippet:-1, max-image-preview:large, max-video-preview:-1\" \/>\n<link rel=\"canonical\" href=\"https:\/\/crazytimecasino.in\/hu\/faq\/\" \/>\n<meta property=\"og:locale\" content=\"hu_HU\" \/>\n<meta property=\"og:locale:alternate\" content=\"en_US\" \/>\n<meta property=\"og:locale:alternate\" content=\"ru_RU\" \/>\n<meta property=\"og:locale:alternate\" content=\"pt_PT\" \/>\n<meta property=\"og:locale:alternate\" content=\"es_ES\" \/>\n<meta property=\"og:locale:alternate\" content=\"ro_RO\" \/>\n<meta property=\"og:locale:alternate\" content=\"sr_RS\" \/>\n<meta property=\"og:locale:alternate\" content=\"bg_BG\" \/>\n<meta property=\"og:locale:alternate\" content=\"pl_PL\" \/>\n<meta property=\"og:locale:alternate\" content=\"el\" \/>\n<meta property=\"og:locale:alternate\" content=\"tr_TR\" \/>\n<meta property=\"og:type\" content=\"article\" \/>\n<meta property=\"og:title\" content=\"\u0427\u0435\u0441\u0442\u0430 \u043f\u0438\u0442\u0430\u045a\u0430 \u043e Crazy Time: \u041e\u0434\u0433\u043e\u0432\u043e\u0440\u0438 \u043d\u0430 \u0432\u0430\u0448\u0430 \u043f\u0438\u0442\u0430\u045a\u0430 \u043e \u0438\u0433\u0440\u0438\" \/>\n<meta property=\"og:description\" content=\"\u041f\u0440\u0430\u0448\u0430\u045a\u0430 \u043e Crazy Time \u043b\u0430\u043a\u043e \u045b\u0435\u0442\u0435 \u043d\u0430\u045b\u0438 \u043e\u0434\u0433\u043e\u0432\u043e\u0440\u0435. \u041e\u0431\u0458\u0430\u0448\u045a\u0435\u045a\u0430 \u0438 \u0441\u0430\u0432\u0435\u0442\u0438 \u0437\u0430 \u0443\u0441\u043f\u0435\u0448\u043d\u043e \u0443\u043f\u0443\u0448\u0442\u0430\u045a\u0435 \u0443 \u0443\u0437\u0431\u0443\u0434\u0459\u0438\u0432\u0438 \u0441\u0432\u0435\u0442 \u0430\u0437\u0430\u0440\u0442\u043d\u0438\u0445 \u0438\u0433\u0430\u0440\u0430.\" \/>\n<meta property=\"og:url\" content=\"https:\/\/crazytimecasino.in\/hu\/faq\/\" \/>\n<meta property=\"og:site_name\" content=\"Crazy Time\" \/>\n<meta property=\"article:modified_time\" content=\"2023-12-27T11:21:52+00:00\" \/>\n<meta name=\"twitter:card\" content=\"summary_large_image\" \/>\n<meta name=\"twitter:label1\" content=\"Becs\u00fclt olvas\u00e1si id\u0151\" \/>\n\t<meta name=\"twitter:data1\" content=\"8 perc\" \/>\n<script type=\"application\/ld+json\" class=\"yoast-schema-graph\">{\"@context\":\"https:\/\/schema.org\",\"@graph\":[{\"@type\":\"WebPage\",\"@id\":\"https:\/\/crazytimecasino.in\/sr\/faq\/\",\"url\":\"https:\/\/crazytimecasino.in\/sr\/faq\/\",\"name\":\"\u0427\u0435\u0441\u0442\u0430 \u043f\u0438\u0442\u0430\u045a\u0430 \u043e Crazy Time: \u041e\u0434\u0433\u043e\u0432\u043e\u0440\u0438 \u043d\u0430 \u0432\u0430\u0448\u0430 \u043f\u0438\u0442\u0430\u045a\u0430 \u043e \u0438\u0433\u0440\u0438\",\"isPartOf\":{\"@id\":\"https:\/\/crazytimecasino.in\/#website\"},\"datePublished\":\"2023-12-10T23:08:12+00:00\",\"dateModified\":\"2023-12-27T11:21:52+00:00\",\"description\":\"\u041f\u0440\u0430\u0448\u0430\u045a\u0430 \u043e Crazy Time \u043b\u0430\u043a\u043e \u045b\u0435\u0442\u0435 \u043d\u0430\u045b\u0438 \u043e\u0434\u0433\u043e\u0432\u043e\u0440\u0435. \u041e\u0431\u0458\u0430\u0448\u045a\u0435\u045a\u0430 \u0438 \u0441\u0430\u0432\u0435\u0442\u0438 \u0437\u0430 \u0443\u0441\u043f\u0435\u0448\u043d\u043e \u0443\u043f\u0443\u0448\u0442\u0430\u045a\u0435 \u0443 \u0443\u0437\u0431\u0443\u0434\u0459\u0438\u0432\u0438 \u0441\u0432\u0435\u0442 \u0430\u0437\u0430\u0440\u0442\u043d\u0438\u0445 \u0438\u0433\u0430\u0440\u0430.\",\"breadcrumb\":{\"@id\":\"https:\/\/crazytimecasino.in\/sr\/faq\/#breadcrumb\"},\"inLanguage\":\"hu-HU\",\"potentialAction\":[{\"@type\":\"ReadAction\",\"target\":[\"https:\/\/crazytimecasino.in\/sr\/faq\/\"]}]},{\"@type\":\"BreadcrumbList\",\"@id\":\"https:\/\/crazytimecasino.in\/sr\/faq\/#breadcrumb\",\"itemListElement\":[{\"@type\":\"ListItem\",\"position\":1,\"name\":\"Home\",\"item\":\"https:\/\/crazytimecasino.in\/\"},{\"@type\":\"ListItem\",\"position\":2,\"name\":\"\u041e\u0434\u0433\u043e\u0432\u043e\u0440\u0438 \u043d\u0430 \u0447\u0435\u0441\u0442\u043e \u043f\u043e\u0441\u0442\u0430\u0432\u0459\u0430\u043d\u0430 \u043f\u0438\u0442\u0430\u045a\u0430 \u043e Crazy Time: \u041f\u043e\u0458\u0430\u0448\u045a\u0435\u045a\u0430 \u0438 \u0421\u0430\u0432\u0435\u0442\u0438\"}]},{\"@type\":\"WebSite\",\"@id\":\"https:\/\/crazytimecasino.in\/#website\",\"url\":\"https:\/\/crazytimecasino.in\/\",\"name\":\"Crazy Time\",\"description\":\"\",\"publisher\":{\"@id\":\"https:\/\/crazytimecasino.in\/#organization\"},\"potentialAction\":[{\"@type\":\"SearchAction\",\"target\":{\"@type\":\"EntryPoint\",\"urlTemplate\":\"https:\/\/crazytimecasino.in\/?s={search_term_string}\"},\"query-input\":{\"@type\":\"PropertyValueSpecification\",\"valueRequired\":true,\"valueName\":\"search_term_string\"}}],\"inLanguage\":\"hu-HU\"},{\"@type\":\"Organization\",\"@id\":\"https:\/\/crazytimecasino.in\/#organization\",\"name\":\"Crazy Time\",\"url\":\"https:\/\/crazytimecasino.in\/\",\"logo\":{\"@type\":\"ImageObject\",\"inLanguage\":\"hu-HU\",\"@id\":\"https:\/\/crazytimecasino.in\/#\/schema\/logo\/image\/\",\"url\":\"https:\/\/crazytimecasino.in\/wp-content\/uploads\/cropped-crazy-time-logo.webp\",\"contentUrl\":\"https:\/\/crazytimecasino.in\/wp-content\/uploads\/cropped-crazy-time-logo.webp\",\"width\":114,\"height\":88,\"caption\":\"Crazy Time\"},\"image\":{\"@id\":\"https:\/\/crazytimecasino.in\/#\/schema\/logo\/image\/\"}}]}<\/script>\n<!-- \/ Yoast SEO plugin. -->","yoast_head_json":{"title":"\u0427\u0435\u0441\u0442\u0430 \u043f\u0438\u0442\u0430\u045a\u0430 \u043e Crazy Time: \u041e\u0434\u0433\u043e\u0432\u043e\u0440\u0438 \u043d\u0430 \u0432\u0430\u0448\u0430 \u043f\u0438\u0442\u0430\u045a\u0430 \u043e \u0438\u0433\u0440\u0438","description":"Az \u00f6sszes Crazy Time k\u00e9rd\u00e9sedre v\u00e1laszt tal\u00e1lni k\u00f6nny\u0171. Magyar\u00e1zatok \u00e9s tippek a sikeres mer\u00fcl\u00e9shez a szerencsej\u00e1t\u00e9k izgalmas vil\u00e1g\u00e1ba.","robots":{"index":"index","follow":"follow","max-snippet":"max-snippet:-1","max-image-preview":"max-image-preview:large","max-video-preview":"max-video-preview:-1"},"canonical":"https:\/\/crazytimecasino.in\/hu\/faq\/","og_locale":"hu_HU","og_type":"article","og_title":"\u0427\u0435\u0441\u0442\u0430 \u043f\u0438\u0442\u0430\u045a\u0430 \u043e Crazy Time: \u041e\u0434\u0433\u043e\u0432\u043e\u0440\u0438 \u043d\u0430 \u0432\u0430\u0448\u0430 \u043f\u0438\u0442\u0430\u045a\u0430 \u043e \u0438\u0433\u0440\u0438","og_description":"\u041f\u0440\u0430\u0448\u0430\u045a\u0430 \u043e Crazy Time \u043b\u0430\u043a\u043e \u045b\u0435\u0442\u0435 \u043d\u0430\u045b\u0438 \u043e\u0434\u0433\u043e\u0432\u043e\u0440\u0435. \u041e\u0431\u0458\u0430\u0448\u045a\u0435\u045a\u0430 \u0438 \u0441\u0430\u0432\u0435\u0442\u0438 \u0437\u0430 \u0443\u0441\u043f\u0435\u0448\u043d\u043e \u0443\u043f\u0443\u0448\u0442\u0430\u045a\u0435 \u0443 \u0443\u0437\u0431\u0443\u0434\u0459\u0438\u0432\u0438 \u0441\u0432\u0435\u0442 \u0430\u0437\u0430\u0440\u0442\u043d\u0438\u0445 \u0438\u0433\u0430\u0440\u0430.","og_url":"https:\/\/crazytimecasino.in\/hu\/faq\/","og_site_name":"Crazy Time","article_modified_time":"2023-12-27T11:21:52+00:00","twitter_card":"summary_large_image","twitter_misc":{"Becs\u00fclt olvas\u00e1si id\u0151":"8 perc"},"schema":{"@context":"https:\/\/schema.org","@graph":[{"@type":"WebPage","@id":"https:\/\/crazytimecasino.in\/sr\/faq\/","url":"https:\/\/crazytimecasino.in\/sr\/faq\/","name":"\u0427\u0435\u0441\u0442\u0430 \u043f\u0438\u0442\u0430\u045a\u0430 \u043e Crazy Time: \u041e\u0434\u0433\u043e\u0432\u043e\u0440\u0438 \u043d\u0430 \u0432\u0430\u0448\u0430 \u043f\u0438\u0442\u0430\u045a\u0430 \u043e \u0438\u0433\u0440\u0438","isPartOf":{"@id":"https:\/\/crazytimecasino.in\/#website"},"datePublished":"2023-12-10T23:08:12+00:00","dateModified":"2023-12-27T11:21:52+00:00","description":"\u041f\u0440\u0430\u0448\u0430\u045a\u0430 \u043e Crazy Time \u043b\u0430\u043a\u043e \u045b\u0435\u0442\u0435 \u043d\u0430\u045b\u0438 \u043e\u0434\u0433\u043e\u0432\u043e\u0440\u0435. \u041e\u0431\u0458\u0430\u0448\u045a\u0435\u045a\u0430 \u0438 \u0441\u0430\u0432\u0435\u0442\u0438 \u0437\u0430 \u0443\u0441\u043f\u0435\u0448\u043d\u043e \u0443\u043f\u0443\u0448\u0442\u0430\u045a\u0435 \u0443 \u0443\u0437\u0431\u0443\u0434\u0459\u0438\u0432\u0438 \u0441\u0432\u0435\u0442 \u0430\u0437\u0430\u0440\u0442\u043d\u0438\u0445 \u0438\u0433\u0430\u0440\u0430.","breadcrumb":{"@id":"https:\/\/crazytimecasino.in\/sr\/faq\/#breadcrumb"},"inLanguage":"hu-HU","potentialAction":[{"@type":"ReadAction","target":["https:\/\/crazytimecasino.in\/sr\/faq\/"]}]},{"@type":"BreadcrumbList","@id":"https:\/\/crazytimecasino.in\/sr\/faq\/#breadcrumb","itemListElement":[{"@type":"ListItem","position":1,"name":"Home","item":"https:\/\/crazytimecasino.in\/"},{"@type":"ListItem","position":2,"name":"\u041e\u0434\u0433\u043e\u0432\u043e\u0440\u0438 \u043d\u0430 \u0447\u0435\u0441\u0442\u043e \u043f\u043e\u0441\u0442\u0430\u0432\u0459\u0430\u043d\u0430 \u043f\u0438\u0442\u0430\u045a\u0430 \u043e Crazy Time: \u041f\u043e\u0458\u0430\u0448\u045a\u0435\u045a\u0430 \u0438 \u0421\u0430\u0432\u0435\u0442\u0438"}]},{"@type":"WebSite","@id":"https:\/\/crazytimecasino.in\/#website","url":"https:\/\/crazytimecasino.in\/","name":"Crazy Time","description":"","publisher":{"@id":"https:\/\/crazytimecasino.in\/#organization"},"potentialAction":[{"@type":"SearchAction","target":{"@type":"EntryPoint","urlTemplate":"https:\/\/crazytimecasino.in\/?s={search_term_string}"},"query-input":{"@type":"PropertyValueSpecification","valueRequired":true,"valueName":"search_term_string"}}],"inLanguage":"hu-HU"},{"@type":"Organization","@id":"https:\/\/crazytimecasino.in\/#organization","name":"Crazy Time","url":"https:\/\/crazytimecasino.in\/","logo":{"@type":"ImageObject","inLanguage":"hu-HU","@id":"https:\/\/crazytimecasino.in\/#\/schema\/logo\/image\/","url":"https:\/\/crazytimecasino.in\/wp-content\/uploads\/cropped-crazy-time-logo.webp","contentUrl":"https:\/\/crazytimecasino.in\/wp-content\/uploads\/cropped-crazy-time-logo.webp","width":114,"height":88,"caption":"Crazy Time"},"image":{"@id":"https:\/\/crazytimecasino.in\/#\/schema\/logo\/image\/"}}]}},"_links":{"self":[{"href":"https:\/\/crazytimecasino.in\/hu\/wp-json\/wp\/v2\/pages\/11","targetHints":{"allow":["GET"]}}],"collection":[{"href":"https:\/\/crazytimecasino.in\/hu\/wp-json\/wp\/v2\/pages"}],"about":[{"href":"https:\/\/crazytimecasino.in\/hu\/wp-json\/wp\/v2\/types\/page"}],"author":[{"embeddable":true,"href":"https:\/\/crazytimecasino.in\/hu\/wp-json\/wp\/v2\/users\/1"}],"replies":[{"embeddable":true,"href":"https:\/\/crazytimecasino.in\/hu\/wp-json\/wp\/v2\/comments?post=11"}],"version-history":[{"count":28,"href":"https:\/\/crazytimecasino.in\/hu\/wp-json\/wp\/v2\/pages\/11\/revisions"}],"predecessor-version":[{"id":156,"href":"https:\/\/crazytimecasino.in\/hu\/wp-json\/wp\/v2\/pages\/11\/revisions\/156"}],"wp:attachment":[{"href":"https:\/\/crazytimecasino.in\/hu\/wp-json\/wp\/v2\/media?parent=11"}],"curies":[{"name":"wp","href":"https:\/\/api.w.org\/{rel}","templated":true}]}}