{"id":9,"date":"2023-12-10T23:04:22","date_gmt":"2023-12-10T23:04:22","guid":{"rendered":"https:\/\/crazytimecasino.in\/?page_id=9"},"modified":"2023-12-27T11:24:44","modified_gmt":"2023-12-27T11:24:44","slug":"strategies","status":"publish","type":"page","link":"https:\/\/crazytimecasino.in\/es\/strategies\/","title":{"rendered":"Estrategias de Crazy Time: Aumenta tus Posibilidades de Victoria"},"content":{"rendered":"<h2>C\u00f3mo Ganar en Crazy Time Utilizando Estrategias y T\u00e1cticas Efectivas<\/h2>\n<p>Exploraremos estrategias y t\u00e1cticas que te ayudar\u00e1n a alcanzar el \u00e9xito en el emocionante juego de Crazy Time. Crazy Time en casinos en l\u00ednea no es solo entretenimiento; aqu\u00ed est\u00e1 en juego dinero real. Una jugabilidad efectiva implica seguir estrategias espec\u00edficas.<\/p>\n<p>Es crucial recordar que en Crazy Time siempre hay un riesgo de perder fondos debido a apuestas incorrectas. Esto sucede cuando los jugadores eligen los sectores equivocados. A veces, la tentaci\u00f3n de hacer apuestas sustanciales aumenta, y podr\u00edas decidir arriesgarte, centr\u00e1ndote en el sector de Crazy Time. En tales momentos, las p\u00e9rdidas son inevitables. Nuestro objetivo es proporcionarte estrategias y t\u00e1cticas que te ayudar\u00e1n a evitar contratiempos emocionales y financieros, asegurando un ingreso estable en Crazy Time.<\/p>\n<p>Entonces, \u00bfc\u00f3mo ganas? \u00bfC\u00f3mo logras ganancias reales jugando al tragamonedas en l\u00ednea Crazy Time? Tenemos algunos enfoques, y la elecci\u00f3n es tuya.<\/p>\n<p>Recordemos que en el casino en l\u00ednea Crazy Time es ventajoso realizar apuestas en varias \u00e1reas. Esto reduce los riesgos y asegura ganancias potenciales m\u00e1ximas.<\/p>\n<h2>Estrategia \u00abPrecauci\u00f3n &#8211; el Camino hacia el \u00c9xito\u00bb en Crazy Time<\/h2>\n<p>Esta es la primera opci\u00f3n de estrategia, perfecta para aquellos que prefieren un enfoque tranquilo sin estr\u00e9s innecesario. El objetivo principal es aumentar gradualmente las ganancias paso a paso. Es posible que no te enriquezcas instant\u00e1neamente, pero puedes construir tu dep\u00f3sito de manera constante.<\/p>\n<p>La idea es aumentar la probabilidad de caer en sectores simples x1, x2 y x5, ya que su probabilidad combinada supera el 75%. Esto significa que hay una posibilidad de recuperar la apuesta m\u00ednima en dos de cada tres juegos.<\/p>\n<p>Despu\u00e9s de eso, aparece un multiplicador de sector en el tablero. Gracias a este multiplicador, puedes ganar una suma significativa, aumentando significativamente tu saldo de juego. Por ejemplo, hacer una apuesta de $200 en el sector x2 resulta en un aumento a x7 con el multiplicador de sector, dando, en \u00faltima instancia, x14 a tu apuesta.<\/p>\n<p>Este es un excelente resultado para las apuestas en un casino en l\u00ednea, especialmente en Crazy Time, donde una apuesta regular x2 puede mejorar significativamente tu saldo de juego.<\/p>\n<p>A pesar de requerir tiempo y precauci\u00f3n, esta estrategia asegura el m\u00e1ximo disfrute al jugar a Crazy Time con riesgos m\u00ednimos.<\/p>\n<h2>Estrategia \u00abEl Riesgo Justifica los Costos\u00bb en Crazy Time<\/h2>\n<p>El objetivo de esta estrategia es maximizar las ganancias en tantos sectores como sea posible.<\/p>\n<p>Comienza con apuestas m\u00ednimas en todos a la vez. Aseg\u00farate de que tu bankroll sea lo suficientemente grande para usar esta estrategia en el casino en l\u00ednea. Vale la pena se\u00f1alar que las peque\u00f1as ganancias compensar\u00e1n posibles p\u00e9rdidas significativas. Esta estrategia busca aumentar el n\u00famero de apuestas, aumentando las posibilidades de activar un juego de bonificaci\u00f3n. Esto se logra porque los niveles de bonificaci\u00f3n pueden acumular multiplicadores de hasta x25000, compensando todas las inversiones hasta ese nivel. Francamente, esta es una estrategia m\u00e1s arriesgada que la anterior, pero las ganancias potenciales son significativamente mayores.<\/p>\n<h2>Estrategia \u00abLa Fortuna Favorece a los Valientes\u00bb en Crazy Time<\/h2>\n<p>Ganar en Crazy Time es el tercer m\u00e9todo exitoso. Al sumergirte en el mundo de Crazy Time en l\u00ednea, debes correr riesgos y esperar que la suerte est\u00e9 de tu lado. Si tienes confianza en tu saldo y no temes correr riesgos, esta opci\u00f3n es para ti.<\/p>\n<p>Haz apuestas significativas en juegos de bonificaci\u00f3n sin gastar en apuestas peque\u00f1as antes de jugar sumas grandes. Aumenta tu apuesta varias veces. Ac\u00e9rcate continuamente al sector favorito de Crazy Time.<\/p>\n<p>Es digno de destacar que en el sorteo del sector Crazy Time en s\u00ed, tienes la oportunidad de elegir uno de tres se\u00f1ales, aumentando tus posibilidades de ganar seg\u00fan tu intuici\u00f3n.<\/p>\n","protected":false},"excerpt":{"rendered":"<p>C\u00f3mo Ganar en Crazy Time Utilizando Estrategias y T\u00e1cticas Efectivas Exploraremos estrategias y t\u00e1cticas que te ayudar\u00e1n a alcanzar el \u00e9xito en el emocionante juego de Crazy Time. Crazy Time en casinos en l\u00ednea no es solo entretenimiento; aqu\u00ed est\u00e1 en juego dinero real. Una jugabilidad efectiva implica seguir estrategias espec\u00edficas. Es crucial recordar que [&hellip;]<\/p>\n","protected":false},"author":1,"featured_media":0,"parent":0,"menu_order":0,"comment_status":"closed","ping_status":"closed","template":"","meta":{"footnotes":""},"class_list":["post-9","page","type-page","status-publish","hentry"],"yoast_head":"<!-- This site is optimized with the Yoast SEO plugin v27.2 - https:\/\/yoast.com\/product\/yoast-seo-wordpress\/ -->\n<title>\u0422\u0430\u0458\u043d\u0435 \u0443\u0441\u043f\u0435\u0445\u0430: \u0415\u0444\u0438\u043a\u0430\u0441\u043d\u0435 \u0441\u0442\u0440\u0430\u0442\u0435\u0433\u0438\u0458\u0435 \u0437\u0430 \u0438\u0433\u0440\u0430\u045a\u0435 Crazy Time<\/title>\n<meta name=\"description\" content=\"Domina las complejidades de las estrategias para la victoria en el juego de azar, Crazy Time. Aumenta tus probabilidades y disfruta de ganancias significativas.\" \/>\n<meta name=\"robots\" content=\"index, follow, max-snippet:-1, max-image-preview:large, max-video-preview:-1\" \/>\n<link rel=\"canonical\" href=\"https:\/\/crazytimecasino.in\/es\/strategies\/\" \/>\n<meta property=\"og:locale\" content=\"es_ES\" \/>\n<meta property=\"og:locale:alternate\" content=\"en_US\" \/>\n<meta property=\"og:locale:alternate\" content=\"ru_RU\" \/>\n<meta property=\"og:locale:alternate\" content=\"pt_PT\" \/>\n<meta property=\"og:locale:alternate\" content=\"ro_RO\" \/>\n<meta property=\"og:locale:alternate\" content=\"sr_RS\" \/>\n<meta property=\"og:locale:alternate\" content=\"bg_BG\" \/>\n<meta property=\"og:locale:alternate\" content=\"hu_HU\" \/>\n<meta property=\"og:locale:alternate\" content=\"pl_PL\" \/>\n<meta property=\"og:locale:alternate\" content=\"el\" \/>\n<meta property=\"og:locale:alternate\" content=\"tr_TR\" \/>\n<meta property=\"og:type\" content=\"article\" \/>\n<meta property=\"og:title\" content=\"\u0422\u0430\u0458\u043d\u0435 \u0443\u0441\u043f\u0435\u0445\u0430: \u0415\u0444\u0438\u043a\u0430\u0441\u043d\u0435 \u0441\u0442\u0440\u0430\u0442\u0435\u0433\u0438\u0458\u0435 \u0437\u0430 \u0438\u0433\u0440\u0430\u045a\u0435 Crazy Time\" \/>\n<meta property=\"og:description\" content=\"\u041e\u0432\u043b\u0430\u0434\u0430\u0458\u0442\u0435 \u0442\u0430\u0458\u043d\u0430\u043c\u0430 \u0441\u0442\u0440\u0430\u0442\u0435\u0433\u0438\u0458\u0430 \u0437\u0430 \u043f\u043e\u0431\u0435\u0434\u0443 \u0443 \u0430\u0437\u0430\u0440\u0442\u043d\u043e\u0458 \u0438\u0433\u0440\u0438, Crazy Time. \u041f\u043e\u0432\u0435\u045b\u0430\u0458\u0442\u0435 \u0441\u0432\u043e\u0458\u0435 \u0448\u0430\u043d\u0441\u0435 \u0438 \u0443\u0436\u0438\u0432\u0430\u0458\u0442\u0435 \u0443 \u0437\u043d\u0430\u0447\u0430\u0458\u043d\u0438\u043c \u0434\u043e\u0431\u0438\u0442\u0446\u0438\u043c\u0430.\" \/>\n<meta property=\"og:url\" content=\"https:\/\/crazytimecasino.in\/es\/strategies\/\" \/>\n<meta property=\"og:site_name\" content=\"Crazy Time\" \/>\n<meta property=\"article:modified_time\" content=\"2023-12-27T11:24:44+00:00\" \/>\n<meta name=\"twitter:card\" content=\"summary_large_image\" \/>\n<meta name=\"twitter:label1\" content=\"Tiempo de lectura\" \/>\n\t<meta name=\"twitter:data1\" content=\"24 minutos\" \/>\n<script type=\"application\/ld+json\" class=\"yoast-schema-graph\">{\"@context\":\"https:\/\/schema.org\",\"@graph\":[{\"@type\":\"WebPage\",\"@id\":\"https:\/\/crazytimecasino.in\/sr\/strategies\/\",\"url\":\"https:\/\/crazytimecasino.in\/sr\/strategies\/\",\"name\":\"\u0422\u0430\u0458\u043d\u0435 \u0443\u0441\u043f\u0435\u0445\u0430: \u0415\u0444\u0438\u043a\u0430\u0441\u043d\u0435 \u0441\u0442\u0440\u0430\u0442\u0435\u0433\u0438\u0458\u0435 \u0437\u0430 \u0438\u0433\u0440\u0430\u045a\u0435 Crazy Time\",\"isPartOf\":{\"@id\":\"https:\/\/crazytimecasino.in\/#website\"},\"datePublished\":\"2023-12-10T23:04:22+00:00\",\"dateModified\":\"2023-12-27T11:24:44+00:00\",\"description\":\"\u041e\u0432\u043b\u0430\u0434\u0430\u0458\u0442\u0435 \u0442\u0430\u0458\u043d\u0430\u043c\u0430 \u0441\u0442\u0440\u0430\u0442\u0435\u0433\u0438\u0458\u0430 \u0437\u0430 \u043f\u043e\u0431\u0435\u0434\u0443 \u0443 \u0430\u0437\u0430\u0440\u0442\u043d\u043e\u0458 \u0438\u0433\u0440\u0438, Crazy Time. \u041f\u043e\u0432\u0435\u045b\u0430\u0458\u0442\u0435 \u0441\u0432\u043e\u0458\u0435 \u0448\u0430\u043d\u0441\u0435 \u0438 \u0443\u0436\u0438\u0432\u0430\u0458\u0442\u0435 \u0443 \u0437\u043d\u0430\u0447\u0430\u0458\u043d\u0438\u043c \u0434\u043e\u0431\u0438\u0442\u0446\u0438\u043c\u0430.\",\"breadcrumb\":{\"@id\":\"https:\/\/crazytimecasino.in\/sr\/strategies\/#breadcrumb\"},\"inLanguage\":\"es-ES\",\"potentialAction\":[{\"@type\":\"ReadAction\",\"target\":[\"https:\/\/crazytimecasino.in\/sr\/strategies\/\"]}]},{\"@type\":\"BreadcrumbList\",\"@id\":\"https:\/\/crazytimecasino.in\/sr\/strategies\/#breadcrumb\",\"itemListElement\":[{\"@type\":\"ListItem\",\"position\":1,\"name\":\"Home\",\"item\":\"https:\/\/crazytimecasino.in\/\"},{\"@type\":\"ListItem\",\"position\":2,\"name\":\"\u0423\u043f\u0440\u0430\u0432\u0459\u0430\u045a\u0435 \u0441\u0442\u0440\u0430\u0442\u0435\u0433\u0438\u0458\u0430\u043c\u0430 \u0443 Crazy Time: \u041f\u043e\u0432\u0435\u045b\u0430\u0458\u0442\u0435 \u0448\u0430\u043d\u0441\u0435 \u0437\u0430 \u043f\u043e\u0431\u0435\u0434\u0443\"}]},{\"@type\":\"WebSite\",\"@id\":\"https:\/\/crazytimecasino.in\/#website\",\"url\":\"https:\/\/crazytimecasino.in\/\",\"name\":\"Crazy Time\",\"description\":\"\",\"publisher\":{\"@id\":\"https:\/\/crazytimecasino.in\/#organization\"},\"potentialAction\":[{\"@type\":\"SearchAction\",\"target\":{\"@type\":\"EntryPoint\",\"urlTemplate\":\"https:\/\/crazytimecasino.in\/?s={search_term_string}\"},\"query-input\":{\"@type\":\"PropertyValueSpecification\",\"valueRequired\":true,\"valueName\":\"search_term_string\"}}],\"inLanguage\":\"es-ES\"},{\"@type\":\"Organization\",\"@id\":\"https:\/\/crazytimecasino.in\/#organization\",\"name\":\"Crazy Time\",\"url\":\"https:\/\/crazytimecasino.in\/\",\"logo\":{\"@type\":\"ImageObject\",\"inLanguage\":\"es-ES\",\"@id\":\"https:\/\/crazytimecasino.in\/#\/schema\/logo\/image\/\",\"url\":\"https:\/\/crazytimecasino.in\/wp-content\/uploads\/cropped-crazy-time-logo.webp\",\"contentUrl\":\"https:\/\/crazytimecasino.in\/wp-content\/uploads\/cropped-crazy-time-logo.webp\",\"width\":114,\"height\":88,\"caption\":\"Crazy Time\"},\"image\":{\"@id\":\"https:\/\/crazytimecasino.in\/#\/schema\/logo\/image\/\"}}]}<\/script>\n<!-- \/ Yoast SEO plugin. -->","yoast_head_json":{"title":"\u0422\u0430\u0458\u043d\u0435 \u0443\u0441\u043f\u0435\u0445\u0430: \u0415\u0444\u0438\u043a\u0430\u0441\u043d\u0435 \u0441\u0442\u0440\u0430\u0442\u0435\u0433\u0438\u0458\u0435 \u0437\u0430 \u0438\u0433\u0440\u0430\u045a\u0435 Crazy Time","description":"Domina las complejidades de las estrategias para la victoria en el juego de azar, Crazy Time. Aumenta tus probabilidades y disfruta de ganancias significativas.","robots":{"index":"index","follow":"follow","max-snippet":"max-snippet:-1","max-image-preview":"max-image-preview:large","max-video-preview":"max-video-preview:-1"},"canonical":"https:\/\/crazytimecasino.in\/es\/strategies\/","og_locale":"es_ES","og_type":"article","og_title":"\u0422\u0430\u0458\u043d\u0435 \u0443\u0441\u043f\u0435\u0445\u0430: \u0415\u0444\u0438\u043a\u0430\u0441\u043d\u0435 \u0441\u0442\u0440\u0430\u0442\u0435\u0433\u0438\u0458\u0435 \u0437\u0430 \u0438\u0433\u0440\u0430\u045a\u0435 Crazy Time","og_description":"\u041e\u0432\u043b\u0430\u0434\u0430\u0458\u0442\u0435 \u0442\u0430\u0458\u043d\u0430\u043c\u0430 \u0441\u0442\u0440\u0430\u0442\u0435\u0433\u0438\u0458\u0430 \u0437\u0430 \u043f\u043e\u0431\u0435\u0434\u0443 \u0443 \u0430\u0437\u0430\u0440\u0442\u043d\u043e\u0458 \u0438\u0433\u0440\u0438, Crazy Time. \u041f\u043e\u0432\u0435\u045b\u0430\u0458\u0442\u0435 \u0441\u0432\u043e\u0458\u0435 \u0448\u0430\u043d\u0441\u0435 \u0438 \u0443\u0436\u0438\u0432\u0430\u0458\u0442\u0435 \u0443 \u0437\u043d\u0430\u0447\u0430\u0458\u043d\u0438\u043c \u0434\u043e\u0431\u0438\u0442\u0446\u0438\u043c\u0430.","og_url":"https:\/\/crazytimecasino.in\/es\/strategies\/","og_site_name":"Crazy Time","article_modified_time":"2023-12-27T11:24:44+00:00","twitter_card":"summary_large_image","twitter_misc":{"Tiempo de lectura":"24 minutos"},"schema":{"@context":"https:\/\/schema.org","@graph":[{"@type":"WebPage","@id":"https:\/\/crazytimecasino.in\/sr\/strategies\/","url":"https:\/\/crazytimecasino.in\/sr\/strategies\/","name":"\u0422\u0430\u0458\u043d\u0435 \u0443\u0441\u043f\u0435\u0445\u0430: \u0415\u0444\u0438\u043a\u0430\u0441\u043d\u0435 \u0441\u0442\u0440\u0430\u0442\u0435\u0433\u0438\u0458\u0435 \u0437\u0430 \u0438\u0433\u0440\u0430\u045a\u0435 Crazy Time","isPartOf":{"@id":"https:\/\/crazytimecasino.in\/#website"},"datePublished":"2023-12-10T23:04:22+00:00","dateModified":"2023-12-27T11:24:44+00:00","description":"\u041e\u0432\u043b\u0430\u0434\u0430\u0458\u0442\u0435 \u0442\u0430\u0458\u043d\u0430\u043c\u0430 \u0441\u0442\u0440\u0430\u0442\u0435\u0433\u0438\u0458\u0430 \u0437\u0430 \u043f\u043e\u0431\u0435\u0434\u0443 \u0443 \u0430\u0437\u0430\u0440\u0442\u043d\u043e\u0458 \u0438\u0433\u0440\u0438, Crazy Time. \u041f\u043e\u0432\u0435\u045b\u0430\u0458\u0442\u0435 \u0441\u0432\u043e\u0458\u0435 \u0448\u0430\u043d\u0441\u0435 \u0438 \u0443\u0436\u0438\u0432\u0430\u0458\u0442\u0435 \u0443 \u0437\u043d\u0430\u0447\u0430\u0458\u043d\u0438\u043c \u0434\u043e\u0431\u0438\u0442\u0446\u0438\u043c\u0430.","breadcrumb":{"@id":"https:\/\/crazytimecasino.in\/sr\/strategies\/#breadcrumb"},"inLanguage":"es-ES","potentialAction":[{"@type":"ReadAction","target":["https:\/\/crazytimecasino.in\/sr\/strategies\/"]}]},{"@type":"BreadcrumbList","@id":"https:\/\/crazytimecasino.in\/sr\/strategies\/#breadcrumb","itemListElement":[{"@type":"ListItem","position":1,"name":"Home","item":"https:\/\/crazytimecasino.in\/"},{"@type":"ListItem","position":2,"name":"\u0423\u043f\u0440\u0430\u0432\u0459\u0430\u045a\u0435 \u0441\u0442\u0440\u0430\u0442\u0435\u0433\u0438\u0458\u0430\u043c\u0430 \u0443 Crazy Time: \u041f\u043e\u0432\u0435\u045b\u0430\u0458\u0442\u0435 \u0448\u0430\u043d\u0441\u0435 \u0437\u0430 \u043f\u043e\u0431\u0435\u0434\u0443"}]},{"@type":"WebSite","@id":"https:\/\/crazytimecasino.in\/#website","url":"https:\/\/crazytimecasino.in\/","name":"Crazy Time","description":"","publisher":{"@id":"https:\/\/crazytimecasino.in\/#organization"},"potentialAction":[{"@type":"SearchAction","target":{"@type":"EntryPoint","urlTemplate":"https:\/\/crazytimecasino.in\/?s={search_term_string}"},"query-input":{"@type":"PropertyValueSpecification","valueRequired":true,"valueName":"search_term_string"}}],"inLanguage":"es-ES"},{"@type":"Organization","@id":"https:\/\/crazytimecasino.in\/#organization","name":"Crazy Time","url":"https:\/\/crazytimecasino.in\/","logo":{"@type":"ImageObject","inLanguage":"es-ES","@id":"https:\/\/crazytimecasino.in\/#\/schema\/logo\/image\/","url":"https:\/\/crazytimecasino.in\/wp-content\/uploads\/cropped-crazy-time-logo.webp","contentUrl":"https:\/\/crazytimecasino.in\/wp-content\/uploads\/cropped-crazy-time-logo.webp","width":114,"height":88,"caption":"Crazy Time"},"image":{"@id":"https:\/\/crazytimecasino.in\/#\/schema\/logo\/image\/"}}]}},"_links":{"self":[{"href":"https:\/\/crazytimecasino.in\/es\/wp-json\/wp\/v2\/pages\/9","targetHints":{"allow":["GET"]}}],"collection":[{"href":"https:\/\/crazytimecasino.in\/es\/wp-json\/wp\/v2\/pages"}],"about":[{"href":"https:\/\/crazytimecasino.in\/es\/wp-json\/wp\/v2\/types\/page"}],"author":[{"embeddable":true,"href":"https:\/\/crazytimecasino.in\/es\/wp-json\/wp\/v2\/users\/1"}],"replies":[{"embeddable":true,"href":"https:\/\/crazytimecasino.in\/es\/wp-json\/wp\/v2\/comments?post=9"}],"version-history":[{"count":26,"href":"https:\/\/crazytimecasino.in\/es\/wp-json\/wp\/v2\/pages\/9\/revisions"}],"predecessor-version":[{"id":164,"href":"https:\/\/crazytimecasino.in\/es\/wp-json\/wp\/v2\/pages\/9\/revisions\/164"}],"wp:attachment":[{"href":"https:\/\/crazytimecasino.in\/es\/wp-json\/wp\/v2\/media?parent=9"}],"curies":[{"name":"wp","href":"https:\/\/api.w.org\/{rel}","templated":true}]}}