{"id":5,"date":"2023-12-10T22:19:51","date_gmt":"2023-12-10T22:19:51","guid":{"rendered":"https:\/\/crazytimecasino.in\/?page_id=5"},"modified":"2023-12-27T11:23:33","modified_gmt":"2023-12-27T11:23:33","slug":"crazy-time","status":"publish","type":"page","link":"https:\/\/crazytimecasino.in\/es\/","title":{"rendered":"Crazy Time: Tu Camino hacia el Juego Emocionante"},"content":{"rendered":"<p>Crazy Time no es solo un juego en l\u00ednea; es todo un espect\u00e1culo de juegos y un juego de azar popular con una rueda de la fortuna, que se asemeja a la familiar ruleta giratoria. Una gran rueda vertical con 54 sectores gira bajo la gu\u00eda de un crupier. La tarea del jugador es predecir d\u00f3nde se detendr\u00e1 la rueda al final del giro. Aqu\u00ed no hay algoritmos complejos creados por computadoras. \u00a1Solo azar y suerte!<\/p>\n<p>El juego Crazy Time es un entretenimiento legendario de apuestas, que siempre figura en la lista de las tragamonedas m\u00e1s populares en varios casinos en l\u00ednea, cautivando los corazones de millones de jugadores en todo el mundo.<\/p>\n<p>Adem\u00e1s, hay un tragamonedas de video en la parte superior, que brinda la oportunidad de recibir bonificaciones espec\u00edficas. En Crazy Time, el juego es conducido por un crupier, creando una atm\u00f3sfera \u00fanica de un casino real.<\/p>\n<p>El tragamonedas Crazy Time se destaca con diversas zonas de bonificaci\u00f3n, que representan mini-juegos separados con ganancias potencialmente enormes.<\/p>\n<h2>Reglas del Juego Crazy Time:<\/h2>\n<p>Todo el tambor se divide en ocho grupos.<\/p>\n<p>Estos ocho grupos representan multiplicadores de victoria (x1, x2, x5, x10), y el resto representan mini-juegos como Cash Hunt, Pachinko, Coin Flip y Crazy Time.<\/p>\n<p>Las apuestas se pueden realizar en c\u00e9lulas individuales, en todas las c\u00e9lulas o en c\u00e9lulas espec\u00edficas. El monto de la apuesta se puede ajustar por separado para cada c\u00e9lula. Los sectores con multiplicadores regulares, por ejemplo, x1 &#8211; 21, x2 &#8211; 14, x5 &#8211; 7, x10 &#8211; 4, tienen una mayor probabilidad de aterrizaje.<\/p>\n<p>Al comienzo del juego, el crupier realiza las apuestas, y el tambor gira despu\u00e9s de que los jugadores hayan realizado sus apuestas.<\/p>\n<p>El tragamonedas de video comienza a girar simult\u00e1neamente. Agrega un multiplicador a un sector aleatorio, ya sea un n\u00famero o un juego de bonificaci\u00f3n. El multiplicador se activa si el sector y el multiplicador coinciden horizontalmente despu\u00e9s del giro; de lo contrario, la ronda contin\u00faa sin un bono.<\/p>\n<p>El siguiente paso es detener el tambor. El jugador cuya apuesta fue correcta gana.<\/p>\n<p>En la esquina inferior derecha de la pantalla del juego, puedes ver el historial de todos los sectores que se han jugado. Puedes observar el juego de Crazy Time sin realizar apuestas y sin leer las reglas, lo que brinda la oportunidad de entender mejor las caracter\u00edsticas de los juegos en l\u00ednea. Dado que no hay una versi\u00f3n de demostraci\u00f3n del juego Crazy Time disponible, esta es una excelente manera de disfrutar del juego en lugar de estudiar sus reglas.<\/p>\n<h2>Juegos de Bonificaci\u00f3n en el Tragamonedas Crazy Time:<\/h2>\n<p>Los juegos de bonificaci\u00f3n en el tragamonedas Crazy Time a\u00f1aden un elemento emocionante a la jugabilidad. Aqu\u00ed tienes una descripci\u00f3n de cada uno:<\/p>\n<h3>Cash Hunt<\/h3>\n<p>Cash Hunt es un mini-juego que consiste en un campo de 108 celdas con multiplicadores seleccionados al azar. El jugador debe elegir una celda dentro del tiempo asignado, despu\u00e9s de lo cual suena una se\u00f1al, indicando la cantidad final del premio.<\/p>\n<h3>Pachinko<\/h3>\n<p>Pachinko presenta una pantalla con una pared de numerosos pernos, con 16 valores representados en la parte inferior como multiplicadores. El crupier lanza una bola, determinando la ganancia final en el proceso. El valor m\u00e1ximo del multiplicador es x10,000.<\/p>\n<h3>Coin Flip<\/h3>\n<p>Coin Flip se asemeja a un juego de lanzar la moneda. Se muestran dos c\u00edrculos, azul y rojo, en la pantalla. Un multiplicador de victoria seleccionado al azar se muestra en cada c\u00edrculo. El crupier lanza una ficha de color, y el resultado se determina por el lado en el que aterriza. La multiplicaci\u00f3n m\u00e1xima que se puede usar es 100.<\/p>\n<h3>Crazy Time<\/h3>\n<p>Cuando se sortea Crazy Time, el crupier se traslada a otra sala con una rueda a\u00fan m\u00e1s grande. El jugador debe elegir una de las tres marcas en la parte superior del tambor y atrapar los multiplicadores tantas veces como sea posible. El mini-juego Crazy Time tiene un bono m\u00e1ximo de x20,000.<\/p>\n<p><strong>No olvides el tragamonedas de video: si un multiplicador ha ca\u00eddo en uno de los juegos de bonificaci\u00f3n antes, las ganancias aumentar\u00e1n seg\u00fan la denominaci\u00f3n del juego. El tragamonedas en l\u00ednea Crazy Time brinda la oportunidad de ganar premios tremendamente grandes.<\/strong><\/p>\n<h2>Informaci\u00f3n sobre Crazy Time:<\/h2>\n<p>Aqu\u00ed tienes algunos detalles importantes sobre el juego en l\u00ednea Crazy Time que ser\u00e1n \u00fatiles si decides probar tu suerte con apuestas reales en un casino en l\u00ednea:<\/p>\n<h3>Potencial de Ganancias:<\/h3>\n<p>El tragamonedas de video puede multiplicar tus ganancias hasta x50 como m\u00e1ximo.<\/p>\n<p>La cantidad m\u00e1xima que se puede multiplicar por apuesta alcanza x20,000 en el juego de bonificaci\u00f3n Crazy Time, que incluye funciones Double\/Triple.<\/p>\n<h3>Rango de Apuestas:<\/h3>\n<p>Las apuestas van desde 5 centavos hasta 50 d\u00f3lares, brindando a los jugadores flexibilidad para elegir el tama\u00f1o de su apuesta.<\/p>\n<h3>Potencial de Ganancias:<\/h3>\n<p>Es m\u00e1s probable que un jugador gane hasta quinientas veces su apuesta, ofreciendo la posibilidad de ganancias significativas.<\/p>\n<h2>Caracter\u00edsticas del Juego:<\/h2>\n<p>Crazy Time es un casino virtual con un crupier en vivo. El anfitri\u00f3n hace girar el tambor, y los jugadores realizan apuestas en sectores. Quienes adivinan correctamente el sector ganan.<\/p>\n<p>Se pueden aplicar diversas estrategias en el juego. Las ganancias pueden aumentar significativamente si aterrizan grandes multiplicadores en el tambor.<\/p>\n<h2>Caracter\u00edsticas Adicionales:<\/h2>\n<ul>\n<li>Hay un chat donde puedes comunicarte con el crupier y otros jugadores.<\/li>\n<li>Las ganancias en Crazy Time pueden ser mayores que en otros juegos o tragamonedas.<\/li>\n<li>Antes de cada giro, puedes realizar una apuesta o participar en un mini-juego.<\/li>\n<li>Los jugadores pueden apostar en cada sector para compensar los gastos en apuestas.<\/li>\n<li>El juego crea una atm\u00f3sfera \u00fanica gracias a su estilo de casino.<\/li>\n<li>Crazy Time tiene un alto porcentaje de retorno al jugador, del 95.08%.<\/li>\n<\/ul>\n","protected":false},"excerpt":{"rendered":"<p>Crazy Time no es solo un juego en l\u00ednea; es todo un espect\u00e1culo de juegos y un juego de azar popular con una rueda de la fortuna, que se asemeja a la familiar ruleta giratoria. Una gran rueda vertical con 54 sectores gira bajo la gu\u00eda de un crupier. La tarea del jugador es predecir [&hellip;]<\/p>\n","protected":false},"author":1,"featured_media":0,"parent":0,"menu_order":0,"comment_status":"closed","ping_status":"closed","template":"","meta":{"footnotes":""},"class_list":["post-5","page","type-page","status-publish","hentry"],"yoast_head":"<!-- This site is optimized with the Yoast SEO plugin v27.2 - https:\/\/yoast.com\/product\/yoast-seo-wordpress\/ -->\n<title>Crazy Time D\u00fcnyas\u0131na Dal\u0131n: Heyecan Verici Oyunlar ve Kazan\u00e7lar<\/title>\n<meta name=\"description\" content=\"Descubre el emocionante mundo de Crazy Time, un programa de juegos con bonos \u00fanicos y muchas oportunidades emocionantes.\" \/>\n<meta name=\"robots\" content=\"index, follow, max-snippet:-1, max-image-preview:large, max-video-preview:-1\" \/>\n<link rel=\"canonical\" href=\"https:\/\/crazytimecasino.in\/es\/\" \/>\n<meta property=\"og:locale\" content=\"es_ES\" \/>\n<meta property=\"og:locale:alternate\" content=\"en_US\" \/>\n<meta property=\"og:locale:alternate\" content=\"ru_RU\" \/>\n<meta property=\"og:locale:alternate\" content=\"pt_PT\" \/>\n<meta property=\"og:locale:alternate\" content=\"ro_RO\" \/>\n<meta property=\"og:locale:alternate\" content=\"sr_RS\" \/>\n<meta property=\"og:locale:alternate\" content=\"bg_BG\" \/>\n<meta property=\"og:locale:alternate\" content=\"hu_HU\" \/>\n<meta property=\"og:locale:alternate\" content=\"pl_PL\" \/>\n<meta property=\"og:locale:alternate\" content=\"el\" \/>\n<meta property=\"og:locale:alternate\" content=\"tr_TR\" \/>\n<meta property=\"og:type\" content=\"article\" \/>\n<meta property=\"og:title\" content=\"Crazy Time D\u00fcnyas\u0131na Dal\u0131n: Heyecan Verici Oyunlar ve Kazan\u00e7lar\" \/>\n<meta property=\"og:description\" content=\"Crazy Time&#039;\u0131n heyecan dolu d\u00fcnyas\u0131n\u0131 ke\u015ffedin - e\u015fsiz bonuslar ve bir\u00e7ok heyecan verici f\u0131rsatla dolu bir oyun g\u00f6sterisi.\" \/>\n<meta property=\"og:url\" content=\"https:\/\/crazytimecasino.in\/es\/\" \/>\n<meta property=\"og:site_name\" content=\"Crazy Time\" \/>\n<meta property=\"article:modified_time\" content=\"2023-12-27T11:23:33+00:00\" \/>\n<meta name=\"twitter:card\" content=\"summary_large_image\" \/>\n<meta name=\"twitter:label1\" content=\"Tiempo de lectura\" \/>\n\t<meta name=\"twitter:data1\" content=\"35 minutos\" \/>\n<script type=\"application\/ld+json\" class=\"yoast-schema-graph\">{\"@context\":\"https:\/\/schema.org\",\"@graph\":[{\"@type\":\"WebPage\",\"@id\":\"https:\/\/crazytimecasino.in\/\",\"url\":\"https:\/\/crazytimecasino.in\/\",\"name\":\"Crazy Time D\u00fcnyas\u0131na Dal\u0131n: Heyecan Verici Oyunlar ve Kazan\u00e7lar\",\"isPartOf\":{\"@id\":\"https:\/\/crazytimecasino.in\/#website\"},\"datePublished\":\"2023-12-10T22:19:51+00:00\",\"dateModified\":\"2023-12-27T11:23:33+00:00\",\"description\":\"Crazy Time'\u0131n heyecan dolu d\u00fcnyas\u0131n\u0131 ke\u015ffedin - e\u015fsiz bonuslar ve bir\u00e7ok heyecan verici f\u0131rsatla dolu bir oyun g\u00f6sterisi.\",\"breadcrumb\":{\"@id\":\"https:\/\/crazytimecasino.in\/#breadcrumb\"},\"inLanguage\":\"es-ES\",\"potentialAction\":[{\"@type\":\"ReadAction\",\"target\":[\"https:\/\/crazytimecasino.in\/\"]}]},{\"@type\":\"BreadcrumbList\",\"@id\":\"https:\/\/crazytimecasino.in\/#breadcrumb\",\"itemListElement\":[{\"@type\":\"ListItem\",\"position\":1,\"name\":\"Home\",\"item\":\"https:\/\/crazytimecasino.in\/\"},{\"@type\":\"ListItem\",\"position\":2,\"name\":\"Crazy Time: Heyecanl\u0131 Kumar Oyunlar\u0131na Giden Yolunuz\"}]},{\"@type\":\"WebSite\",\"@id\":\"https:\/\/crazytimecasino.in\/#website\",\"url\":\"https:\/\/crazytimecasino.in\/\",\"name\":\"Crazy Time\",\"description\":\"\",\"publisher\":{\"@id\":\"https:\/\/crazytimecasino.in\/#organization\"},\"potentialAction\":[{\"@type\":\"SearchAction\",\"target\":{\"@type\":\"EntryPoint\",\"urlTemplate\":\"https:\/\/crazytimecasino.in\/?s={search_term_string}\"},\"query-input\":{\"@type\":\"PropertyValueSpecification\",\"valueRequired\":true,\"valueName\":\"search_term_string\"}}],\"inLanguage\":\"es-ES\"},{\"@type\":\"Organization\",\"@id\":\"https:\/\/crazytimecasino.in\/#organization\",\"name\":\"Crazy Time\",\"url\":\"https:\/\/crazytimecasino.in\/\",\"logo\":{\"@type\":\"ImageObject\",\"inLanguage\":\"es-ES\",\"@id\":\"https:\/\/crazytimecasino.in\/#\/schema\/logo\/image\/\",\"url\":\"https:\/\/crazytimecasino.in\/wp-content\/uploads\/cropped-crazy-time-logo.webp\",\"contentUrl\":\"https:\/\/crazytimecasino.in\/wp-content\/uploads\/cropped-crazy-time-logo.webp\",\"width\":114,\"height\":88,\"caption\":\"Crazy Time\"},\"image\":{\"@id\":\"https:\/\/crazytimecasino.in\/#\/schema\/logo\/image\/\"}}]}<\/script>\n<!-- \/ Yoast SEO plugin. -->","yoast_head_json":{"title":"Crazy Time D\u00fcnyas\u0131na Dal\u0131n: Heyecan Verici Oyunlar ve Kazan\u00e7lar","description":"Descubre el emocionante mundo de Crazy Time, un programa de juegos con bonos \u00fanicos y muchas oportunidades emocionantes.","robots":{"index":"index","follow":"follow","max-snippet":"max-snippet:-1","max-image-preview":"max-image-preview:large","max-video-preview":"max-video-preview:-1"},"canonical":"https:\/\/crazytimecasino.in\/es\/","og_locale":"es_ES","og_type":"article","og_title":"Crazy Time D\u00fcnyas\u0131na Dal\u0131n: Heyecan Verici Oyunlar ve Kazan\u00e7lar","og_description":"Crazy Time'\u0131n heyecan dolu d\u00fcnyas\u0131n\u0131 ke\u015ffedin - e\u015fsiz bonuslar ve bir\u00e7ok heyecan verici f\u0131rsatla dolu bir oyun g\u00f6sterisi.","og_url":"https:\/\/crazytimecasino.in\/es\/","og_site_name":"Crazy Time","article_modified_time":"2023-12-27T11:23:33+00:00","twitter_card":"summary_large_image","twitter_misc":{"Tiempo de lectura":"35 minutos"},"schema":{"@context":"https:\/\/schema.org","@graph":[{"@type":"WebPage","@id":"https:\/\/crazytimecasino.in\/","url":"https:\/\/crazytimecasino.in\/","name":"Crazy Time D\u00fcnyas\u0131na Dal\u0131n: Heyecan Verici Oyunlar ve Kazan\u00e7lar","isPartOf":{"@id":"https:\/\/crazytimecasino.in\/#website"},"datePublished":"2023-12-10T22:19:51+00:00","dateModified":"2023-12-27T11:23:33+00:00","description":"Crazy Time'\u0131n heyecan dolu d\u00fcnyas\u0131n\u0131 ke\u015ffedin - e\u015fsiz bonuslar ve bir\u00e7ok heyecan verici f\u0131rsatla dolu bir oyun g\u00f6sterisi.","breadcrumb":{"@id":"https:\/\/crazytimecasino.in\/#breadcrumb"},"inLanguage":"es-ES","potentialAction":[{"@type":"ReadAction","target":["https:\/\/crazytimecasino.in\/"]}]},{"@type":"BreadcrumbList","@id":"https:\/\/crazytimecasino.in\/#breadcrumb","itemListElement":[{"@type":"ListItem","position":1,"name":"Home","item":"https:\/\/crazytimecasino.in\/"},{"@type":"ListItem","position":2,"name":"Crazy Time: Heyecanl\u0131 Kumar Oyunlar\u0131na Giden Yolunuz"}]},{"@type":"WebSite","@id":"https:\/\/crazytimecasino.in\/#website","url":"https:\/\/crazytimecasino.in\/","name":"Crazy Time","description":"","publisher":{"@id":"https:\/\/crazytimecasino.in\/#organization"},"potentialAction":[{"@type":"SearchAction","target":{"@type":"EntryPoint","urlTemplate":"https:\/\/crazytimecasino.in\/?s={search_term_string}"},"query-input":{"@type":"PropertyValueSpecification","valueRequired":true,"valueName":"search_term_string"}}],"inLanguage":"es-ES"},{"@type":"Organization","@id":"https:\/\/crazytimecasino.in\/#organization","name":"Crazy Time","url":"https:\/\/crazytimecasino.in\/","logo":{"@type":"ImageObject","inLanguage":"es-ES","@id":"https:\/\/crazytimecasino.in\/#\/schema\/logo\/image\/","url":"https:\/\/crazytimecasino.in\/wp-content\/uploads\/cropped-crazy-time-logo.webp","contentUrl":"https:\/\/crazytimecasino.in\/wp-content\/uploads\/cropped-crazy-time-logo.webp","width":114,"height":88,"caption":"Crazy Time"},"image":{"@id":"https:\/\/crazytimecasino.in\/#\/schema\/logo\/image\/"}}]}},"_links":{"self":[{"href":"https:\/\/crazytimecasino.in\/es\/wp-json\/wp\/v2\/pages\/5","targetHints":{"allow":["GET"]}}],"collection":[{"href":"https:\/\/crazytimecasino.in\/es\/wp-json\/wp\/v2\/pages"}],"about":[{"href":"https:\/\/crazytimecasino.in\/es\/wp-json\/wp\/v2\/types\/page"}],"author":[{"embeddable":true,"href":"https:\/\/crazytimecasino.in\/es\/wp-json\/wp\/v2\/users\/1"}],"replies":[{"embeddable":true,"href":"https:\/\/crazytimecasino.in\/es\/wp-json\/wp\/v2\/comments?post=5"}],"version-history":[{"count":32,"href":"https:\/\/crazytimecasino.in\/es\/wp-json\/wp\/v2\/pages\/5\/revisions"}],"predecessor-version":[{"id":160,"href":"https:\/\/crazytimecasino.in\/es\/wp-json\/wp\/v2\/pages\/5\/revisions\/160"}],"wp:attachment":[{"href":"https:\/\/crazytimecasino.in\/es\/wp-json\/wp\/v2\/media?parent=5"}],"curies":[{"name":"wp","href":"https:\/\/api.w.org\/{rel}","templated":true}]}}